{"id":2805,"date":"2025-02-15T10:26:10","date_gmt":"2025-02-15T09:26:10","guid":{"rendered":"https:\/\/www.hsu-hh.de\/hisost\/?page_id=2805"},"modified":"2025-02-15T11:16:13","modified_gmt":"2025-02-15T10:16:13","slug":"hajo-raupach-m-a-vita","status":"publish","type":"page","link":"https:\/\/www.hsu-hh.de\/hisost\/mitarbeiter\/hajo-raupach\/hajo-raupach-m-a-vita\/","title":{"rendered":"Hajo Raupach, M.A. \u2013 Vita"},"content":{"rendered":"<script type=\"application\/ld+json\">[{\"@context\": \"https:\/\/www.schema.org\",\"@type\": \"Person\",\"name\": \"Hajo Raupach\",\"worksFor\": [{\t\"@type\": \"Organization\",\t\"name\": \"Helmut-Schmidt-Universit\u00e4t, Geb\u00e4ude H1, Holstenhofweg 85\",\t\"url\": \"https:\/\/www.hsu-hh.de\"\t, \"department\": {\"@type\": \"Organization\",\t\t\t\t\t\"name\": \"Geschichte Ost- und Ostmitteleuropas\",\t\t\t\t\t\"location\": {\t\t\t\t\t\t\"@type\": \"PostalAddress\",\t\t\t\t\t\t\"addressLocality\": \"\",        \t\t\t\t\"postalCode\": \"Sprechstunde\",        \t\t\t\t\"streetAddress\": \" , 22043 Hamburg\"\t\t\t\t\t}},\t\"location\": {\t\t\"@type\": \"PostalAddress\",    \t\"addressLocality\": \"\",    \t\"postalCode\": \"22008\",    \t\"postOfficeBoxNumber\": \"700822\"\t}   }],\"image\": \"https:\/\/www.hsu-hh.de\/hisost\/wp-content\/uploads\/sites\/832\/2021\/01\/Foto_HR1-e1610475272108-150x150.jpg\",\"telephone\": \"\",\"faxNumber\": \"\",\"email\": \"hajo.raupach@hsu-hh.de\"}]<\/script><div class=\"clearfix\"><\/div><div class=\"ansprechparter-container \" style=\"margin-top:1em; \"><div class=\"row ansprechpartner-item ansprechparter-header\" ><div class=\"col-xs-8 col-lg-12\" style=\"margin-bottom: 30px;\"><h3 class=\"ansprechparter-headline\">Hajo Raupach<\/h3><\/div><\/div><div class=\"col-md-4 col-lg-3 col-xs-4 ansprechpartner-item floatright img-circle center-block\" style=\"margin-bottom: 30px;\"><div class=\"img-responsive-wrapper\"><img decoding=\"async\" src=\"https:\/\/www.hsu-hh.de\/hisost\/wp-content\/uploads\/sites\/832\/2021\/01\/Foto_HR1-e1610475272108-150x150.jpg\" alt=\"Profilbild\" class=\"img-circle img-responsive center-block\" \/><\/div><\/div><div class=\"col-md-12 col-lg-3 col-xs-12 ansprechpartner-item kontakt floatright\" style=\"margin-bottom: 30px; \"><div class=\"row\"><div class=\"col-xs-12 col-sm-6 col-lg-12\"><div class=\"row\"><div class=\"col-xs-4 col-lg-4 row-text bold\" >Raum:<\/div><div class=\" row-text\">2321<\/div><\/div><\/div><div class=\"col-xs-12 col-sm-6 col-lg-12\"><div class=\"row\"><div class=\"col-xs-4 col-lg-4 row-text bold\">E-Mail:<\/div><div class=\"row-text\" style=\"overflow:hidden; word-break: break-word\"><a href=\"mailto:hajo.raupach@hsu-hh.de\" rel=\"nofollow\">hajo.raupach@hsu-hh.de<\/a><\/div><\/div><\/div><\/div><\/div><div class=\"col-md-6 col-lg-3 col-xs-12 ansprechpartner-item anschrift floatright\" ><div class=\"row-headline\">Besucheranschrift<\/div><div class=\"dataBesucheranschrift\" style=\"\"><div class=\"row-text\">Helmut-Schmidt-Universit\u00e4t<\/div><div class=\"row-text\">Geb\u00e4ude H1<\/div><div class=\"row-text\">Holstenhofweg 85<\/div><div class=\"row-text\">22043 Hamburg<\/div><div class=\"row-text\"><\/div><div class=\"row-text\">Sprechstunde dienstags um 15 Uhr. Um eine kurze Anmeldung via Teams wird gebeten.<\/div><\/div><\/div><div class=\"col-md-6 col-lg-3 col-xs-12 ansprechpartner-item anschrift floatright\"><div class=\"row-headline\">Postanschrift<\/div><div class=\"dataPostanschrift\" style=\"\"><div class=\"row-text\">Helmut-Schmidt-Universit\u00e4t<\/div><div class=\"row-text\">Fakult\u00e4t GeiSo<\/div><div class=\"row-text\">Geschichte Ost- und Ostmitteleuropas<\/div><div class=\"row-text\">Postfach 70 08 22<\/div><div class=\"row-text\">22008 Hamburg<\/div><\/div><\/div><\/div><div class=\"clearfix\"><\/div>\n\n\n<div style=\"height:50px\" aria-hidden=\"true\" class=\"wp-block-spacer\"><\/div>\n\n\n\n<h1 class=\"wp-block-heading\">Vita<\/h1>\n\n\n\n<ul class=\"wp-block-list\">\n<li>seit 01\/2021 Wissenschaftlicher Mitarbeiter an der Professur f\u00fcr Geschichte Osteuropas und Ostmitteleuropas der Helmut-Schmidt-Universit\u00e4t Hamburg; Promotionsprojekt \u201eDie numerischen Partisanen. Wirtschaftliche Experimente und das Scheitern der sowjetischen Planwirtschaft\u201c<\/li>\n\n\n\n<li>2019-2020: Studium der Internationalen Beziehungen an der MGIMO Moskau<\/li>\n\n\n\n<li>2017-2020: Masterstudium der Geschichtswissenschaften an der Humboldt-Universit\u00e4t zu Berlin. Thema der Abschlussarbeit (M. A.): M\u00f6rtellos und leicht gebaut. Die Akademie f\u00fcr Architektur und der Bau der Chru\u0161\u010devka\u201c<\/li>\n\n\n\n<li>2017-2020: studentische Hilfskraft am Lehrstuhl f\u00fcr die Geschichte Osteuropas an der Humboldt-Universit\u00e4t zu Berlin<\/li>\n\n\n\n<li>2016-2017: Dozent im Rahmen des Projekttutoriums \u201eDie Gesellschaft denken mit Foucault\u201c an der Humboldt-Universit\u00e4t zu Berlin<\/li>\n\n\n\n<li>2016-2017: studentische Hilfskraft in der Forschungskoordination des Leibniz-Zentrums Moderner Orient (ZMO)<\/li>\n\n\n\n<li>2013-2017: Bachelorstudium der Geschichtswissenschaften und Sozialwissenschaften (B. A.) an der Humboldt-Universit\u00e4t zu Berlin<\/li>\n<\/ul>\n\n\n\n<div style=\"height:279px\" aria-hidden=\"true\" class=\"wp-block-spacer\"><\/div>\n","protected":false},"excerpt":{"rendered":"<p>Vita<\/p>\n","protected":false},"author":3843,"featured_media":0,"parent":517,"menu_order":0,"comment_status":"closed","ping_status":"closed","template":"","meta":{"footnotes":""},"categories":[4],"tags":[],"class_list":["post-2805","page","type-page","status-publish","hentry","category-forschung"],"_links":{"self":[{"href":"https:\/\/www.hsu-hh.de\/hisost\/wp-json\/wp\/v2\/pages\/2805","targetHints":{"allow":["GET"]}}],"collection":[{"href":"https:\/\/www.hsu-hh.de\/hisost\/wp-json\/wp\/v2\/pages"}],"about":[{"href":"https:\/\/www.hsu-hh.de\/hisost\/wp-json\/wp\/v2\/types\/page"}],"author":[{"embeddable":true,"href":"https:\/\/www.hsu-hh.de\/hisost\/wp-json\/wp\/v2\/users\/3843"}],"replies":[{"embeddable":true,"href":"https:\/\/www.hsu-hh.de\/hisost\/wp-json\/wp\/v2\/comments?post=2805"}],"version-history":[{"count":4,"href":"https:\/\/www.hsu-hh.de\/hisost\/wp-json\/wp\/v2\/pages\/2805\/revisions"}],"predecessor-version":[{"id":2825,"href":"https:\/\/www.hsu-hh.de\/hisost\/wp-json\/wp\/v2\/pages\/2805\/revisions\/2825"}],"up":[{"embeddable":true,"href":"https:\/\/www.hsu-hh.de\/hisost\/wp-json\/wp\/v2\/pages\/517"}],"wp:attachment":[{"href":"https:\/\/www.hsu-hh.de\/hisost\/wp-json\/wp\/v2\/media?parent=2805"}],"wp:term":[{"taxonomy":"category","embeddable":true,"href":"https:\/\/www.hsu-hh.de\/hisost\/wp-json\/wp\/v2\/categories?post=2805"},{"taxonomy":"post_tag","embeddable":true,"href":"https:\/\/www.hsu-hh.de\/hisost\/wp-json\/wp\/v2\/tags?post=2805"}],"curies":[{"name":"wp","href":"https:\/\/api.w.org\/{rel}","templated":true}]}}