{"id":2506,"date":"2024-08-18T16:08:25","date_gmt":"2024-08-18T14:08:25","guid":{"rendered":"https:\/\/www.hsu-hh.de\/hisost\/?page_id=2506"},"modified":"2024-08-18T16:08:28","modified_gmt":"2024-08-18T14:08:28","slug":"caroline-breitfelder-m-ed","status":"publish","type":"page","link":"https:\/\/www.hsu-hh.de\/hisost\/en\/caroline-breitfelder-m-ed\/","title":{"rendered":"Caroline Breitfelder, M.Ed."},"content":{"rendered":"<div class=\"clearfix\"><\/div>\n<div class=\"ansprechparter-container\">\n<div class=\"row ansprechpartner-item ansprechparter-header\">\n<div class=\"col-xs-8 col-lg-12\" style=\"margin-bottom: 30px\">\n<h3 class=\"ansprechparter-headline\">Caroline Breitfelder<\/h3>\n<\/div>\n<div class=\"col-md-4 col-lg-3 col-xs-4 ansprechpartner-item floatright img-circle center-block\" style=\"margin-bottom: 30px\">\n<div class=\"img-responsive-wrapper\"><img decoding=\"async\" class=\"img-circle img-responsive center-block\" src=\"\/wp-content\/themes\/hsu\/img\/dummy\/dummy_ansprechpartner.png\" alt=\"\" \/><\/div>\n<\/div>\n<div class=\"col-md-12 col-lg-3 col-xs-12 ansprechpartner-item kontakt floatright\" style=\"margin-bottom: 30px\">\n<div class=\"row\">\n<div class=\"col-xs-12 col-sm-6 col-lg-12\">\n<div class=\"row\">\n<div class=\"col-xs-12 col-md-12 row-text bold\">E-Mail:<\/div>\n<p>caroline.breitfelder@hsu-hh.de<\/p><\/div>\n<\/div>\n<\/div>\n<\/div>\n<div class=\"col-md-6 col-lg-3 col-xs-12 ansprechpartner-item anschrift floatright\">\n<div class=\"row-headline\">Besucheranschrift<\/div>\n<div class=\"row-text\">Helmut-Schmidt-Universit\u00e4t<\/div>\n<div class=\"row-text\">Geb\u00e4ude H1<\/div>\n<div class=\"row-text\">Holstenhofweg 85<\/div>\n<div class=\"row-text\">22043 Hamburg<\/div>\n<\/div>\n<div class=\"col-md-6 col-lg-3 col-xs-12 ansprechpartner-item anschrift floatright\">\n<div class=\"row-headline\">Postanschrift<\/div>\n<div class=\"row-text\">Helmut-Schmidt-Universit\u00e4t<br \/>\nFakult\u00e4t f\u00fcr Geiso<br \/>\nGeschichte Ost- und Ostmitteleuropas<br \/>\nPostfach 70 08 22<br \/>\n22008 Hamburg<\/div>\n<\/div>\n<\/div>\n<\/div>\n<h3>Vita<\/h3>\n<ul>\n<li>Seit 2023 Vertreterin des Mittelbaus im Fakult\u00e4tsrat der Helmut-Schmidt-Universit\u00e4t Hamburg<\/li>\n<li>Seit 05\/2021 Wissenschaftliche Mitarbeiterin an der Professur f\u00fcr Geschichte Osteuropas und Ostmitteleuropas der Helmut-Schmidt-Universit\u00e4t Hamburg<\/li>\n<li>2018-2021 Masterstudium an der Albert-Ludwigs-Universit\u00e4t in Freiburg mit dem Abschluss Master of Education. Thema der Masterarbeit am Lehrstuhl f\u00fcr Osteurop\u00e4ische Geschichte: \u201eDer Neue Mensch bei Larisa Rejsner\u201c<\/li>\n<li>2017-2018 Bachelorstudium an der Universit\u00e4t Konstanz mit dem Abschluss Bachelor of Education in Germanistik und Geschichte<\/li>\n<li>2013-2016 Bachelorstudium an der Universit\u00e4t Konstanz mit dem Abschluss Bachelor of Arts in Germanistik und Geschichte<\/li>\n<\/ul>\n<h3>Current Research<\/h3>\n<ul>\n<li>Entdeckung einer neuen Welt: Die Reisen der Larisa Rejsner<\/li>\n<li>Memoiren, Meinung, Macht: Auslandskorrespondenten. Paul Scheffer<\/li>\n<li>Promotionsprojekt an der Professur f\u00fcr Geschichte Osteuropas und Ostmitteleuropas der Helmut-Schmidt-Universit\u00e4t Hamburg<\/li>\n<li>Dreimonatige Archiv- und Forschungsreise in England und den USA; F\u00f6rderungsprogramm des DAAD (Sommer 2023)\n<\/li>\n<\/ul>\n<h3>Forschungsschwerpunkt<\/h3>\n<ul>\n<li>Auslandskorrespondent:innen, Journalismusgeschichte<\/li>\n<li>Der \u201eNeue Mensch\u201c in der fr\u00fchen Sowjetunion<\/li>\n<li>Reportage und Journalismus in der Sowjetunion und in Deutschland Anfang des 20. Jhs.<\/li>\n<li>Politische Utopien im fr\u00fchen 20. Jh.<\/li>\n<li>Das goldene Zeitalter der Auslandskorrespondent:innen \u2013 Paul Scheffer in der Sowjetunion, in Deutschland und den USA\n<\/li>\n<\/ul>\n<h3>Lehre<\/h3>\n<p><strong>PROSEMINARE:<\/strong><\/p>\n<p>Von Pushkin bis Ulizkaja. Einf\u00fchrung in die russische und sowjetische Literatur (Wintertrimester 2023)<\/p>\n<p>Zwischen den Fronten. Auslandskorrespondent:innen im 20. Jahrhundert (Herbsttrimester 2023)<\/p>\n<p><strong>BLOCKSEMINARE:<\/strong><\/p>\n<p>Osteuropa: R\u00e4ume, Geschichte Kulturen (Helmut-Schmidt-Universit\u00e4t, Fr\u00fchjahrstrimester 2021)<\/p>\n<p><strong>\u00dcBUNGEN:<\/strong><\/p>\n<p>Der Neue Mensch in der Sowjetunion, (Helmut-Schmidt-Universit\u00e4t, Herbsttrimester 2021)<\/p>\n<p>Writing in times of crisis. The journalists Larissa Reissner and Paul Scheffer in Germany and in the Soviet Union in the 1920s (Helmut-Schmidt-Universit\u00e4t, Herbsttrimester 2022)<\/p>\n<h3>Vortr\u00e4ge\u00a0 und Veranstaltungen<\/h3>\n<ul>\n<li>&#8222;Larisa Rejsner&#8220;, 19.5.2021, <abbr title=\"Helmut Schmidt Universit\u00e4t\">HSU<\/abbr>-internes Kolloquium Geschichte<br \/>\nVorstellung des Dissertationsprojekts, 1.6.2022, im Rahmen des Gemeinsamen Studientags der Professuren f\u00fcr West- und Osteurop\u00e4ische Geschichte an<br \/>\nder Helmut-Schmidt-Universit\u00e4t (<abbr title=\"Helmut Schmidt Universit\u00e4t\">HSU<\/abbr>)<\/li>\n<li>&#8222;Medien, Meinung, Macht. Auslandskorrespondenten und Journalistinnen um Paul Scheffer&#8220;, 12.7.2022, im Rahmen des Studientags an der Heinrich Heine Universit\u00e4t D\u00fcsseldorf<\/li>\n<li>&#8222;Schreiben in der Krise. Der Journalist Paul Scheffer&#8220;, 1.12.2022, f\u00fcr das Leibniz-Institut f\u00fcr Geschichte und Kultur des \u00f6stlichen Europa (GWZO) in Leipzig<\/li>\n<li>Vortrag im und Organisation des Workshops &#8222;Auslandskorrespondent:innen und Journalismus&#8220; an der <abbr title=\"Helmut Schmidt Universit\u00e4t\">HSU<\/abbr>, 16\/17.3.2023<\/li>\n<li>&#8222;Ort: Moskau. Die Rolle(n) des Paul Scheffer&#8220;, 18.4.2023, im Rahmen des Kolloquiums f\u00fcr Osteurop\u00e4ische Geschichte an der Universit\u00e4t Freiburg<\/li>\n<li>&#8222;Media, Opinion, Power: Paul Scheffer&#8220;, 26.4.2023, im Rahmen des Workshops &#8222;Actors, Lives, and Networks: Biographies in the Global Circulation of Knowledge&#8220; der Queen Mary University of London<\/li>\n<li>Vortrag im Panel &#8222;Nachrichten aus der ,anderen&#8216; Welt: Auslandskorrespondent:innen in der Zwischenkriegszeit und im Kalten Krieg, 1922-1991&#8220;, 20.9.2023, im Rahmen des Historikertags in Leipzig\n<\/li>\n<\/ul>\n<h3>Ver\u00f6ffentlichungen<\/h3>\n<p>Caroline Breitfelder: K\u00e4mpferin f\u00fcr die Weltrevolution. Larisa Rejsner \u00fcber den Hamburger Aufstand 1923, in: Zeitschrift f\u00fcr Geschichtswissenschaft 71 (2023) 9, S. 719\u2013737.<\/p>\n","protected":false},"excerpt":{"rendered":"<p>Caroline Breitfelder E-Mail: caroline.breitfelder@hsu-hh.de Besucheranschrift Helmut-Schmidt-Universit\u00e4t Geb\u00e4ude H1 Holstenhofweg 85 22043 Hamburg Postanschrift Helmut-Schmidt-Universit\u00e4t Fakult\u00e4t f\u00fcr Geiso Geschichte Ost- und Ostmitteleuropas Postfach 70 08 22 22008 Hamburg Vita Seit 2023 [&hellip;]<\/p>\n","protected":false},"author":3843,"featured_media":0,"parent":0,"menu_order":0,"comment_status":"closed","ping_status":"closed","template":"","meta":{"footnotes":""},"categories":[9],"tags":[],"class_list":["post-2506","page","type-page","status-publish","hentry","category-team-en"],"_links":{"self":[{"href":"https:\/\/www.hsu-hh.de\/hisost\/wp-json\/wp\/v2\/pages\/2506","targetHints":{"allow":["GET"]}}],"collection":[{"href":"https:\/\/www.hsu-hh.de\/hisost\/wp-json\/wp\/v2\/pages"}],"about":[{"href":"https:\/\/www.hsu-hh.de\/hisost\/wp-json\/wp\/v2\/types\/page"}],"author":[{"embeddable":true,"href":"https:\/\/www.hsu-hh.de\/hisost\/wp-json\/wp\/v2\/users\/3843"}],"replies":[{"embeddable":true,"href":"https:\/\/www.hsu-hh.de\/hisost\/wp-json\/wp\/v2\/comments?post=2506"}],"version-history":[{"count":2,"href":"https:\/\/www.hsu-hh.de\/hisost\/wp-json\/wp\/v2\/pages\/2506\/revisions"}],"predecessor-version":[{"id":2509,"href":"https:\/\/www.hsu-hh.de\/hisost\/wp-json\/wp\/v2\/pages\/2506\/revisions\/2509"}],"wp:attachment":[{"href":"https:\/\/www.hsu-hh.de\/hisost\/wp-json\/wp\/v2\/media?parent=2506"}],"wp:term":[{"taxonomy":"category","embeddable":true,"href":"https:\/\/www.hsu-hh.de\/hisost\/wp-json\/wp\/v2\/categories?post=2506"},{"taxonomy":"post_tag","embeddable":true,"href":"https:\/\/www.hsu-hh.de\/hisost\/wp-json\/wp\/v2\/tags?post=2506"}],"curies":[{"name":"wp","href":"https:\/\/api.w.org\/{rel}","templated":true}]}}