{"id":2496,"date":"2024-06-24T11:52:34","date_gmt":"2024-06-24T09:52:34","guid":{"rendered":"https:\/\/www.hsu-hh.de\/hisost\/?page_id=2496"},"modified":"2024-06-24T11:55:02","modified_gmt":"2024-06-24T09:55:02","slug":"robert-langer","status":"publish","type":"page","link":"https:\/\/www.hsu-hh.de\/hisost\/robert-langer\/","title":{"rendered":"Robert Langner, M. Litt. (University of Glasgow) M.A."},"content":{"rendered":"\n<p><\/p>\n\n\n\n<p><strong>Vita \u2013 Robert Samuel Langner <\/strong><\/p>\n\n\n\n<ul class=\"wp-block-list\">\n<li>Seit 12\/2021: Doktorand an der Fakult\u00e4t f\u00fcr Geistes- und<br>Sozialwissenschaften der Helmut-Schmidt-Universit\u00e4t\/Universit\u00e4t der<br>Bundeswehr Hamburg bei &nbsp;bei <abbr title=\"Professor\">Prof.<\/abbr> em. <abbr title=\"Doktor\">Dr.<\/abbr> phil. Rudolf A. Mark;<br>Promotionsprojekt: Dimensionen des Kulturkriegs. Verlust polnischer<br>Baudenkm\u00e4ler im Zweiten Weltkrieg.<\/li>\n<\/ul>\n\n\n\n<ul class=\"wp-block-list\">\n<li>2024: Forschungsstipendium am Deutschen Historischen Institut Warschau <\/li>\n\n\n\n<li>2018-2019: Masterstudium der Geschichte (M.A.) an der Helmut-Schmidt-Universit\u00e4t\/Universit\u00e4t der Bundeswehr Hamburg<\/li>\n\n\n\n<li>2018-2019: Masterstudium der War Studies (M.Litt.) an der University of Glasgow<\/li>\n\n\n\n<li>2016-2017: Studentische Hilfskraft am Lehrstuhl f\u00fcr Mittelalterliche Geschichte<\/li>\n\n\n\n<li>2015-2017: Bachelorstudium der Geschichte (B.A.) an der Helmut-Schmidt-Universit\u00e4t\/Universit\u00e4t der Bundeswehr Hamburg<\/li>\n<\/ul>\n\n\n\n<p><\/p>\n\n\n\n<p class=\"has-medium-font-size\"><strong>Aktuelle Forschungsprojekte<\/strong><\/p>\n\n\n\n<p>Promotionsprojekt:<br>Dimensionen des Kulturkriegs. Verlust polnischer Baudenkm\u00e4ler im<br>Zweiten Weltkrieg.<\/p>\n\n\n\n<p><\/p>\n\n\n\n<p class=\"has-medium-font-size\"><strong>Ver\u00f6ffentlichungen<\/strong><\/p>\n\n\n\n<ul class=\"wp-block-list\">\n<li>Langner, Robert Samuel: Das Torpedoboot T66 und seine<br>Identifizierung &#8212; eine unterwasserarch\u00e4ologische und<br>milit\u00e4rhistorische Nachbereitung von 2015, in:<br>Skyllis. Zeitschrift f\u00fcr maritime und limnische Arch\u00e4ologie und<br>Kulturgeschichte 19 (2019) Heft 1-2, S. 62-68.<\/li>\n\n\n\n<li>Langner, Robert Samuel: Kriegsdenkm\u00e4ler und Erinnerungskultur in<br>Deutschland &#8211; die gesellschaftliche Rezeption milit\u00e4rischer Konflikte<br>zwischen Kaiserreich und Bundesrepublik, in: Arch&amp;Denk News<br>Online-Magazin (2020), S. 5-11.<\/li>\n\n\n\n<li>Langner, Robert Samuel: Ober Ost &#8211; Zwischen antij\u00fcdischer<br>Besatzungspolitik und allt\u00e4glichem Antisemitismus, in:<br>Carl-Schirren-Gesellschaft (<abbr title=\"Herausgeber\">Hrsg.<\/abbr>): Digitale Hochschulschriften zum<br>Baltikum <abbr title=\"Band\">Bd.<\/abbr> 5 (2020).<\/li>\n<\/ul>\n","protected":false},"excerpt":{"rendered":"<p>Vita \u2013 Robert Samuel Langner Aktuelle Forschungsprojekte Promotionsprojekt:Dimensionen des Kulturkriegs. Verlust polnischer Baudenkm\u00e4ler imZweiten Weltkrieg. Ver\u00f6ffentlichungen<\/p>\n","protected":false},"author":3843,"featured_media":0,"parent":0,"menu_order":0,"comment_status":"closed","ping_status":"closed","template":"","meta":{"footnotes":""},"categories":[8],"tags":[],"class_list":["post-2496","page","type-page","status-publish","hentry","category-team"],"_links":{"self":[{"href":"https:\/\/www.hsu-hh.de\/hisost\/wp-json\/wp\/v2\/pages\/2496","targetHints":{"allow":["GET"]}}],"collection":[{"href":"https:\/\/www.hsu-hh.de\/hisost\/wp-json\/wp\/v2\/pages"}],"about":[{"href":"https:\/\/www.hsu-hh.de\/hisost\/wp-json\/wp\/v2\/types\/page"}],"author":[{"embeddable":true,"href":"https:\/\/www.hsu-hh.de\/hisost\/wp-json\/wp\/v2\/users\/3843"}],"replies":[{"embeddable":true,"href":"https:\/\/www.hsu-hh.de\/hisost\/wp-json\/wp\/v2\/comments?post=2496"}],"version-history":[{"count":2,"href":"https:\/\/www.hsu-hh.de\/hisost\/wp-json\/wp\/v2\/pages\/2496\/revisions"}],"predecessor-version":[{"id":2502,"href":"https:\/\/www.hsu-hh.de\/hisost\/wp-json\/wp\/v2\/pages\/2496\/revisions\/2502"}],"wp:attachment":[{"href":"https:\/\/www.hsu-hh.de\/hisost\/wp-json\/wp\/v2\/media?parent=2496"}],"wp:term":[{"taxonomy":"category","embeddable":true,"href":"https:\/\/www.hsu-hh.de\/hisost\/wp-json\/wp\/v2\/categories?post=2496"},{"taxonomy":"post_tag","embeddable":true,"href":"https:\/\/www.hsu-hh.de\/hisost\/wp-json\/wp\/v2\/tags?post=2496"}],"curies":[{"name":"wp","href":"https:\/\/api.w.org\/{rel}","templated":true}]}}