{"id":2300,"date":"2024-02-06T15:28:56","date_gmt":"2024-02-06T14:28:56","guid":{"rendered":"https:\/\/www.hsu-hh.de\/hisost\/?page_id=2300"},"modified":"2026-01-18T15:17:43","modified_gmt":"2026-01-18T14:17:43","slug":"julia-hofmann","status":"publish","type":"page","link":"https:\/\/www.hsu-hh.de\/hisost\/julia-hofmann\/","title":{"rendered":"Julia Hofmann, M.A."},"content":{"rendered":"<h2>Vita &#8211; Julia Maria J\u00fclide Hofmann<\/h2>\n<ul>\n<li>Seit 12\/23 Doktorandin an der Professur f\u00fcr Geschichte Osteuropas und Ostmitteleuropas der Helmut-Schmidt-Universit\u00e4t Hamburg; Promotionsprojekt\u00a0<em>&#8222;Alle Wege f\u00fchren nach Moskau&#8220;.\u00a0<\/em><em>Deutsche Russland-Konstrukte. Erwartungen, Entt\u00e4uschungen, Zukunftsaussichten im deutsch-russischen Verh\u00e4ltnis von 1990-2022.\u00a0<\/em><\/li>\n<li>2021-2023: Masterstudium an der Staatlichen Universit\u00e4t Moskau und an dem Moskauer Staatlichen Institut f\u00fcr Internationale Beziehungen (MGIMO)<\/li>\n<li>2018: Auslandssemester an der Staatlichen Universit\u00e4t Ivanovo (russische Sprache und Geschichte)<\/li>\n<li>2016-2020: Bachelorstudium European Studies (B.A.) an der Universit\u00e4t Passau; Schwerpunkt Ostmitteleuropa<\/li>\n<\/ul>\n<h2>Aktuelle Forschungsprojekte<\/h2>\n\n\n<p>Promotionsprojekt: <br><em>&#8222;Alle Wege f\u00fchren nach Moskau&#8220;. Deutsche Russland-Konstrukte. Erwartungen, Entt\u00e4uschungen, Zukunftsaussichten im deutsch-russischen Verh\u00e4ltnis von 1990-2022.<\/em><\/p>\n\n\n\n<p><\/p>\n\n\n\n<h2 class=\"wp-block-heading\">Ver\u00f6ffentlichungen<\/h2>\n\n\n\n<p><\/p>\n\n\n\n<p>Hofmann, Julia Maria J\u00fclide (2025) \u00bbTagungsbericht:\u00a0<em>Ger\u00fcstet f\u00fcr den Krieg? Milit\u00e4rische und zivile Sicherheitsvorsorge in der Bundesrepublik Deutschland und der NATO in den 1980er Jahren<\/em>\u00ab, in: H-Soz-Kult,\u00a0<a href=\"https:\/\/www.hsozkult.de\/conferencereport\/id\/fdkn-159102\" rel='nofollow'>https:\/\/www.hsozkult.de\/conferencereport\/id\/fdkn-159102<\/a>.<\/p>\n\n\n\n<p>Hofmann, Julia Maria J\u00fclide (2024) \u00bb\u203aPentabonn\u2039. Das Bundesministerium der Verteidigung in der Geschichte westdeutscher Staatlichkeit\u00ab: Workshop des Zentrums f\u00fcr Milit\u00e4rgeschichte und Sozialwissenschaften (ZMSBw), Potsdam, 21.\/22. M\u00e4rz 2024. Militaergeschichtliche Zeitschrift, Vol. 83 (Issue 2), pp. 519-522.\u00a0<a href=\"https:\/\/doi.org\/10.1515\/mgzs-2024-0068\" rel='nofollow'>https:\/\/doi.org\/10.1515\/mgzs-2024-0068<\/a><\/p>\n","protected":false},"excerpt":{"rendered":"<p>Vita &#8211; Julia Maria J\u00fclide Hofmann Seit 12\/23 Doktorandin an der Professur f\u00fcr Geschichte Osteuropas und Ostmitteleuropas der Helmut-Schmidt-Universit\u00e4t Hamburg; Promotionsprojekt\u00a0&#8222;Alle Wege f\u00fchren nach Moskau&#8220;.\u00a0Deutsche Russland-Konstrukte. Erwartungen, Entt\u00e4uschungen, Zukunftsaussichten im [&hellip;]<\/p>\n","protected":false},"author":3843,"featured_media":0,"parent":0,"menu_order":0,"comment_status":"closed","ping_status":"closed","template":"","meta":{"footnotes":""},"categories":[4],"tags":[],"class_list":["post-2300","page","type-page","status-publish","hentry","category-forschung"],"_links":{"self":[{"href":"https:\/\/www.hsu-hh.de\/hisost\/wp-json\/wp\/v2\/pages\/2300","targetHints":{"allow":["GET"]}}],"collection":[{"href":"https:\/\/www.hsu-hh.de\/hisost\/wp-json\/wp\/v2\/pages"}],"about":[{"href":"https:\/\/www.hsu-hh.de\/hisost\/wp-json\/wp\/v2\/types\/page"}],"author":[{"embeddable":true,"href":"https:\/\/www.hsu-hh.de\/hisost\/wp-json\/wp\/v2\/users\/3843"}],"replies":[{"embeddable":true,"href":"https:\/\/www.hsu-hh.de\/hisost\/wp-json\/wp\/v2\/comments?post=2300"}],"version-history":[{"count":3,"href":"https:\/\/www.hsu-hh.de\/hisost\/wp-json\/wp\/v2\/pages\/2300\/revisions"}],"predecessor-version":[{"id":3238,"href":"https:\/\/www.hsu-hh.de\/hisost\/wp-json\/wp\/v2\/pages\/2300\/revisions\/3238"}],"wp:attachment":[{"href":"https:\/\/www.hsu-hh.de\/hisost\/wp-json\/wp\/v2\/media?parent=2300"}],"wp:term":[{"taxonomy":"category","embeddable":true,"href":"https:\/\/www.hsu-hh.de\/hisost\/wp-json\/wp\/v2\/categories?post=2300"},{"taxonomy":"post_tag","embeddable":true,"href":"https:\/\/www.hsu-hh.de\/hisost\/wp-json\/wp\/v2\/tags?post=2300"}],"curies":[{"name":"wp","href":"https:\/\/api.w.org\/{rel}","templated":true}]}}