{"id":188,"date":"2020-01-09T14:56:20","date_gmt":"2020-01-09T13:56:20","guid":{"rendered":"https:\/\/www.hsu-hh.de\/hisost\/?page_id=188"},"modified":"2023-03-14T17:18:41","modified_gmt":"2023-03-14T16:18:41","slug":"halyna-roshchyna","status":"publish","type":"page","link":"https:\/\/www.hsu-hh.de\/hisost\/halyna-roshchyna\/","title":{"rendered":"Halyna Roshchyna, M.A."},"content":{"rendered":"<div>\n<div>\n<div>\n<div>\n<div>\n<div>\n<div class=\"ansprechparter-container\">\n<div class=\"row ansprechpartner-item ansprechparter-header\">\n<div class=\"col-xs-8 col-lg-12\" style=\"margin-bottom: 30px\">\n<h3 class=\"ansprechparter-headline\">\u00a0<\/h3>\n<div class=\"mobile-small\">Halyna Roshchyna, M.A.<\/div>\n<\/div>\n<div class=\"col-md-4 col-lg-3 col-xs-4 ansprechpartner-item floatright img-circle center-block\" style=\"margin-bottom: 30px\">\n<div class=\"img-responsive-wrapper\"><img loading=\"lazy\" decoding=\"async\" class=\"alignnone size-thumbnail wp-image-429\" src=\"https:\/\/www.hsu-hh.de\/hisost\/wp-content\/uploads\/sites\/832\/2020\/11\/Gala-150x150.jpg\" alt=\"Profilbild Gala\" width=\"150\" height=\"150\" data-credit=\"Gala\" srcset=\"https:\/\/www.hsu-hh.de\/hisost\/wp-content\/uploads\/sites\/832\/2020\/11\/Gala-150x150.jpg 150w, https:\/\/www.hsu-hh.de\/hisost\/wp-content\/uploads\/sites\/832\/2020\/11\/Gala-100x100.jpg 100w\" sizes=\"auto, (max-width: 150px) 100vw, 150px\" \/><\/div>\n<\/div>\n<div class=\"col-md-12 col-lg-3 col-xs-12 ansprechpartner-item kontakt floatright\" style=\"margin-bottom: 30px\">\n<div class=\"row\">\n<div class=\"col-xs-12 col-sm-6 col-lg-12\">\n<div class=\"row\">\n<div class=\"col-xs-12 col-lg-4 row-text bold\">Raum:<\/div>\n<div class=\"col-xs-12 col-lg-8 row-text\">2324<\/div>\n<div>\u00a0<\/div>\n<\/div>\n<\/div>\n<div class=\"col-xs-12 col-sm-6 col-lg-12\">\n<div class=\"row\">\n<div class=\"col-xs-12 col-lg-4 row-text bold\">Telefon:<\/div>\n<div class=\"col-xs-12 col-lg-8 row-text\">+49 40 6541-2625<\/div>\n<div>\u00a0<\/div>\n<\/div>\n<\/div>\n<div class=\"col-xs-12 col-sm-6 col-lg-12\">\n<div class=\"row\">\n<div class=\"col-xs-12 col-md-12 row-text bold\">E-Mail:<\/div>\n<div class=\"col-xs-12 col-md-12 row-text\"><a href=\"mailto:roshchyh@hsu-hh.de\" rel='nofollow'>roshchyh@hsu-hh.de<\/a><\/div>\n<\/div>\n<\/div>\n<\/div>\n<\/div>\n<div class=\"col-md-6 col-lg-3 col-xs-12 ansprechpartner-item anschrift floatright\">\n<div class=\"row-headline\">Besucheranschrift<\/div>\n<p>Helmut-Schmidt-Universit\u00e4t<br \/>Holstenhofweg 85<br \/>Ge\u00e4ude H1<br \/>22043 Hamburg<br \/><strong>Sprechstunde<\/strong>:<br \/>Montags 14-16 Uhr<br \/>(via MS Teams)<\/p>\n<\/div>\n<div class=\"col-md-6 col-lg-3 col-xs-12 ansprechpartner-item anschrift floatright\">\n<div class=\"row-headline\">Postanschrift<\/div>\n<p>Helmut-Schmidt-Universit\u00e4t<br \/>Fakult\u00e4t <abbr title=\"Geistes- und Sozialwissenschaften\">GeiSo<\/abbr><br \/>Geschichte Ost- und Ostmitteleuropas<br \/>Postfach 70 08 22<br \/>22008 Hamburg<\/p>\n<\/div>\n<\/div>\n<\/div>\n<div class=\"clearfix\">\u00a0<\/div>\n<p>\u00a0<\/p>\n<\/div>\n<\/div>\n<\/div>\n<\/div>\n<\/div>\n<\/div>\n<div>\n<div>\n<div>\n<div>\n<div>\n<div>\n<div>\n<div>\n<p><br \/><h3>Forschungsschwerpunkte<\/h3><\/p>\n<ul>\n<li>Geschichte Ost- und Ostmitteleuropas im 19. und 20. Jahrhundert mit Schwerpunkt Polen, Russland, Sowjetunion und Ukraine<\/li>\n<li>Vergleichende Imperiumsforschung mit dem Schwerpunkt Habsburger Monarchie und Russisches Zarenreich<\/li>\n<li>Gewaltforschung: Sicherheits- und Konfliktgeschichte, Terrorismus<\/li>\n<li>Nationalismus und\u00a0 Nationsbildungsprozesse<\/li>\n<li>Politische Kulte, Erinnerungskulturen und Geschichtspolitik<\/li>\n<li>Familienforschung,\u00a0 Kinder- und Jugendgeschichte<\/li>\n<li>Frauen- und Geschlechtergeschichte<\/li>\n<li>Visual History: Filme, Bilder und Fotografien als historische Quellen<\/li>\n<li>Public History<\/li>\n<\/ul>\n<p><br \/><h3>Aktuelle Forschungsprojekte<\/h3><\/p>\n<p>Promotionsprojekt:<\/p>\n<p>Nationalistische Kinder- und Jugendbewegungen in der Zwischenkriegszeit. Das Ph\u00e4nomen der ukrainische Pfadfinderorganisation \u201ePlast\u201c.<br \/><br \/><h3>Lehrveranstaltungen<\/h3><\/p>\n<ul>\n<li>Herbsttrimester 2019 \/ Der Erste Weltkrieg und seine Folgen f\u00fcr Osteuropa\/ Proseminar<\/li>\n<li>Wintertrimester 2020\/ Jugendbewegung in Ost- und Westeuropa im 20. Jahrhundert: Entstehung, Verbreitung, Bedeutung und Vergleich \/ \u00dcbung<\/li>\n<li>Fr\u00fchjahrstrimester 2020\/ Ideologie und Unterhaltung. Sowjetischer Film\/ ISA-Kurs<\/li>\n<li>Herbsttrimester 2020\/ Widerstand und Opposition in der Sowjetunion (1922-1991)\/ Proseminar und Prop\u00e4deutikum<\/li>\n<li>Fr\u00fchjahrstrimester 2021\/ Familie und Kindheit in der Sowjetunion\/ \u00dcbung<\/li>\n<li>Wintertrimester 2022\/ GULag &#8211; ein Staat im Staat\/ Proseminar<\/li>\n<li>Herbsttrimester 2022\/ Unter der Lupe \u2013 Personen der ukrainischen Geschichte\/ Proseminar<\/li>\n<li>Wintertrimester 2023\/ Das rote Imperium. Ideologie, Dissidenz und Propaganda im sowjetischen Film<\/li>\n<\/ul>\n<p><br \/><h3>Vortr\u00e4ge<\/h3><\/p>\n<ul>\n<li>Am 7.02.2023 im Kolloquium der Abteilung f\u00fcr osteurop\u00e4ischen Geschichte an der Christian-Albrechts-Universit\u00e4t zu Kiel &#8211; &#8222;Die Pfadfinderorganisation Plast &#8211; Schule der ukrainischen Nation?\u201c\u00a0https:\/\/www.histsem.uni-kiel.de\/de\/das-institut-1\/abteilungen\/osteuropaeische-geschichte\/materialen\/kolloquium-1<\/li>\n<li>Am 31.01.2023 im Historisches Seminar an der Universit\u00e4t Heidelberg &#8211; \u201eKultur und Krieg: Zerst\u00f6rung und Rettung ukrainischer Archive und Museen nach dem russischen Angriff\u201c https:\/\/www.uni-heidelberg.de\/de\/newsroom\/vortrag-kultur-und-krieg-in-der-ukraine<\/li>\n<li>Am 21.12.2022 Ringvorlesung Osteuropastudien WiSe 2022\/23 an der Universit\u00e4t Hamburg \u201eUkrainische (E)migration(en) im 20. Jahrhundert und die Entstehung ukrainischer Diaspora\u201c. https:\/\/www.slm.uni-hamburg.de\/osteuropastudien\/ueber-osteuropastudien\/aktuelles\/2022-12-21-rvl-migration-wise2022-23-roshchyna.html<\/li>\n<li>Am 1.09.2022 im Rahmen des Workshops \u201eTourismus und Auss\u00f6hnung in Europa\u201c an der Nordost-Institut (IKGN e.V.) an der Universit\u00e4t Hamburg &#8211; \u201eDie Entdeckung der Berge. Tourismus in den ukrainischen Karpaten in der Zwischenkriegs- und Nachkriegszeit.&#8220; https:\/\/www.hsu-hh.de\/hisost\/workshop-tourismus-und-aussoehnung-in-europa\/<\/li>\n<li>Am 15.06.2022 im Kolloquium: \u201eNeuere Forschungen zur Geschichte\u201c vom Fachbereich Geschichtswissenschaft an der Helmut-Schmidt-Universit\u00e4t \u201eUkrainische Pfadfinderorganisation Plast (1911-1939). Geschichtskonstruktion und Nationsbildung in der Ukraine\u201c <\/li>\n<li>10.05.2022 Symposium zu Ehren Rudolf Marks an der Helmut-Schmidt-Universit\u00e4t &#8211; \u201eWolhynien und Symon Petljura in der Revolutionszeit\u201c <\/li>\n<\/ul>\n<p><\/p>\n<p><\/p>\n<\/div>\n<\/div>\n<\/div>\n<\/div>\n<\/div>\n<\/div>\n<\/div>\n<\/div>\n\n","protected":false},"excerpt":{"rendered":"<p>\u00a0 Halyna Roshchyna, M.A. Raum: 2324 \u00a0 Telefon: +49 40 6541-2625 \u00a0 E-Mail: roshchyh@hsu-hh.de Besucheranschrift Helmut-Schmidt-Universit\u00e4tHolstenhofweg 85Ge\u00e4ude H122043 HamburgSprechstunde:Montags 14-16 Uhr(via MS Teams) Postanschrift Helmut-Schmidt-Universit\u00e4tFakult\u00e4t GeiSoGeschichte Ost- und OstmitteleuropasPostfach 70 [&hellip;]<\/p>\n","protected":false},"author":1711,"featured_media":0,"parent":0,"menu_order":0,"comment_status":"closed","ping_status":"closed","template":"","meta":{"footnotes":""},"categories":[8],"tags":[],"class_list":["post-188","page","type-page","status-publish","hentry","category-team"],"_links":{"self":[{"href":"https:\/\/www.hsu-hh.de\/hisost\/wp-json\/wp\/v2\/pages\/188","targetHints":{"allow":["GET"]}}],"collection":[{"href":"https:\/\/www.hsu-hh.de\/hisost\/wp-json\/wp\/v2\/pages"}],"about":[{"href":"https:\/\/www.hsu-hh.de\/hisost\/wp-json\/wp\/v2\/types\/page"}],"author":[{"embeddable":true,"href":"https:\/\/www.hsu-hh.de\/hisost\/wp-json\/wp\/v2\/users\/1711"}],"replies":[{"embeddable":true,"href":"https:\/\/www.hsu-hh.de\/hisost\/wp-json\/wp\/v2\/comments?post=188"}],"version-history":[{"count":35,"href":"https:\/\/www.hsu-hh.de\/hisost\/wp-json\/wp\/v2\/pages\/188\/revisions"}],"predecessor-version":[{"id":1914,"href":"https:\/\/www.hsu-hh.de\/hisost\/wp-json\/wp\/v2\/pages\/188\/revisions\/1914"}],"wp:attachment":[{"href":"https:\/\/www.hsu-hh.de\/hisost\/wp-json\/wp\/v2\/media?parent=188"}],"wp:term":[{"taxonomy":"category","embeddable":true,"href":"https:\/\/www.hsu-hh.de\/hisost\/wp-json\/wp\/v2\/categories?post=188"},{"taxonomy":"post_tag","embeddable":true,"href":"https:\/\/www.hsu-hh.de\/hisost\/wp-json\/wp\/v2\/tags?post=188"}],"curies":[{"name":"wp","href":"https:\/\/api.w.org\/{rel}","templated":true}]}}