{"id":1860,"date":"2023-02-28T17:26:22","date_gmt":"2023-02-28T16:26:22","guid":{"rendered":"https:\/\/www.hsu-hh.de\/hisost\/?page_id=1860"},"modified":"2023-08-26T09:10:50","modified_gmt":"2023-08-26T07:10:50","slug":"workshop-auslandskorrespondentinnen-journalismus","status":"publish","type":"page","link":"https:\/\/www.hsu-hh.de\/hisost\/workshop-auslandskorrespondentinnen-journalismus\/","title":{"rendered":"Panel: Nachrichten aus der \u201eanderen\u201c Welt: Auslandskorrespondent:innen in der Zwischenkriegszeit und im Kalten Krieg, 1922-1991"},"content":{"rendered":"\n<p><a href=\"https:\/\/www.historikertag.de\/Leipzig2023\/programm\/sektionen\/nachrichten-aus-der-anderen-welt-auslandskorrespondentinnen-in-der-zwischenkriegszeit-und-im-kalten-krieg-1922-1991\/\" rel='nofollow'>Panel auf dem Historikertag in Leipzig am 20. September 2023 (13:00-15:30 Uhr), veranstaltet von <abbr title=\"Professor\">Prof.<\/abbr> <abbr title=\"Doktor\">Dr.<\/abbr> J\u00f6rn Happel und <abbr title=\"Privatdozent\">PD<\/abbr> <abbr title=\"Doktor\">Dr.<\/abbr> Kirsten B\u00f6nker<\/a><\/p>\n\n\n\n<p><\/p>\n\n\n<p><!--more-->Jan-Hinnerk Antons (<abbr title=\"Helmut Schmidt Universit\u00e4t\">HSU<\/abbr>): Moderation<\/p>\n<p>Caroline Breitfelder (<abbr title=\"Helmut Schmidt Universit\u00e4t\">HSU<\/abbr>): Memoiren, Meinungen, Macht: Auslandskorrespondent:innen. Paul Scheffer<\/p>\n<p>J\u00f6rn Happel (<abbr title=\"Helmut Schmidt Universit\u00e4t\">HSU<\/abbr>): Den Osten inszenieren. Fotoberichte aus der Sowjetunion der 1930er Jahre<\/p>\n<p>Sune Bechmann Pedersen (Stockholm): \u201e\u00dcbertreib das Ganze doch nicht, wir sind hier doch nicht im Krieg\u201c<\/p>\n<p>Kirsten B\u00f6nker (K\u00f6ln): Br\u00fcckenbauer:innen und Informationskrieger:innen: Journalistische Deutungsk\u00e4mpfe im Kalten Krieg<\/p>","protected":false},"excerpt":{"rendered":"<p>Panel auf dem Historikertag in Leipzig am 20. September 2023 (13:00-15:30 Uhr), veranstaltet von Prof. Dr. J\u00f6rn Happel und PD Dr. Kirsten B\u00f6nker<\/p>\n","protected":false},"author":2548,"featured_media":1853,"parent":0,"menu_order":0,"comment_status":"closed","ping_status":"closed","template":"","meta":{"footnotes":""},"categories":[4,29,35],"tags":[],"class_list":["post-1860","page","type-page","status-publish","has-post-thumbnail","hentry","category-forschung","category-nachrichtenslider","category-startseite"],"_links":{"self":[{"href":"https:\/\/www.hsu-hh.de\/hisost\/wp-json\/wp\/v2\/pages\/1860","targetHints":{"allow":["GET"]}}],"collection":[{"href":"https:\/\/www.hsu-hh.de\/hisost\/wp-json\/wp\/v2\/pages"}],"about":[{"href":"https:\/\/www.hsu-hh.de\/hisost\/wp-json\/wp\/v2\/types\/page"}],"author":[{"embeddable":true,"href":"https:\/\/www.hsu-hh.de\/hisost\/wp-json\/wp\/v2\/users\/2548"}],"replies":[{"embeddable":true,"href":"https:\/\/www.hsu-hh.de\/hisost\/wp-json\/wp\/v2\/comments?post=1860"}],"version-history":[{"count":11,"href":"https:\/\/www.hsu-hh.de\/hisost\/wp-json\/wp\/v2\/pages\/1860\/revisions"}],"predecessor-version":[{"id":2076,"href":"https:\/\/www.hsu-hh.de\/hisost\/wp-json\/wp\/v2\/pages\/1860\/revisions\/2076"}],"wp:featuredmedia":[{"embeddable":true,"href":"https:\/\/www.hsu-hh.de\/hisost\/wp-json\/wp\/v2\/media\/1853"}],"wp:attachment":[{"href":"https:\/\/www.hsu-hh.de\/hisost\/wp-json\/wp\/v2\/media?parent=1860"}],"wp:term":[{"taxonomy":"category","embeddable":true,"href":"https:\/\/www.hsu-hh.de\/hisost\/wp-json\/wp\/v2\/categories?post=1860"},{"taxonomy":"post_tag","embeddable":true,"href":"https:\/\/www.hsu-hh.de\/hisost\/wp-json\/wp\/v2\/tags?post=1860"}],"curies":[{"name":"wp","href":"https:\/\/api.w.org\/{rel}","templated":true}]}}