{"id":177,"date":"2020-01-09T14:23:21","date_gmt":"2020-01-09T13:23:21","guid":{"rendered":"https:\/\/www.hsu-hh.de\/hisost\/?page_id=177"},"modified":"2021-01-07T11:39:52","modified_gmt":"2021-01-07T10:39:52","slug":"prof-dr-rudolf-a-mark","status":"publish","type":"page","link":"https:\/\/www.hsu-hh.de\/hisost\/mitarbeiter\/prof-dr-rudolf-a-mark\/","title":{"rendered":"Prof. em. Dr. Rudolf A. Mark"},"content":{"rendered":"<div>\n<div class=\"clearfix\"><\/div>\n<div class=\"ansprechparter-container\">\n<div class=\"row ansprechpartner-item ansprechparter-header\">\n<div class=\"col-xs-8 col-lg-12\">\n<h3 class=\"ansprechparter-headline\">Prof. em. <abbr title=\"Doktor\">Dr.<\/abbr> Rudolf A. Mark<\/h3>\n<\/div>\n<div class=\"col-md-4 col-lg-3 col-xs-4 ansprechpartner-item floatright img-circle center-block\">\n<div class=\"img-responsive-wrapper\"><img loading=\"lazy\" decoding=\"async\" class=\"img-circle img-responsive center-block alignnone wp-image-169 size-thumbnail\" src=\"https:\/\/www.hsu-hh.de\/hisost\/wp-content\/uploads\/sites\/832\/2020\/01\/Mark-website-quadr-e1578574497609-150x150.jpg\" alt=\"Professor Mark\" width=\"150\" height=\"150\" data-credit=\"Fotostelle HSU\" srcset=\"https:\/\/www.hsu-hh.de\/hisost\/wp-content\/uploads\/sites\/832\/2020\/01\/Mark-website-quadr-e1578574497609-150x150.jpg 150w, https:\/\/www.hsu-hh.de\/hisost\/wp-content\/uploads\/sites\/832\/2020\/01\/Mark-website-quadr-e1578574497609-100x100.jpg 100w\" sizes=\"auto, (max-width: 150px) 100vw, 150px\" \/><\/div>\n<\/div>\n<div class=\"col-md-12 col-lg-3 col-xs-12 ansprechpartner-item kontakt floatright\">\n<div class=\"row\">\n<div class=\"col-xs-12 col-sm-6 col-lg-12\">\n<div class=\"row\">\n<div class=\"col-xs-12 col-lg-4 row-text bold\">Raum:<\/div>\n<div class=\"col-xs-12 col-lg-8 row-text\">2321<\/div>\n<\/div>\n<\/div>\n<div class=\"col-xs-12 col-sm-6 col-lg-12\">\n<div class=\"row\">\n<div class=\"col-xs-12 col-lg-4 row-text bold\">Telefon:<\/div>\n<div class=\"col-xs-12 col-lg-8 row-text\"><\/div>\n<\/div>\n<\/div>\n<div class=\"col-xs-12 col-sm-6 col-lg-12\">\n<div class=\"row\">\n<div class=\"col-xs-12 col-lg-8 row-text\"><\/div>\n<\/div>\n<\/div>\n<div class=\"col-xs-12 col-sm-6 col-lg-12\">\n<div class=\"row\">\n<div class=\"col-xs-12 col-md-12 row-text bold\">E-Mail:<\/div>\n<div class=\"col-xs-12 col-md-12 row-text\"><a href=\"mailto:muster@hsu-hh.de\" rel='nofollow'>mark@hsu-hh.de<\/a><\/div>\n<\/div>\n<\/div>\n<\/div>\n<\/div>\n<div class=\"col-md-6 col-lg-3 col-xs-12 ansprechpartner-item anschrift floatright\">\n<div class=\"row-headline\">Besucheranschrift<\/div>\n<div class=\"row-text\">Helmut-Schmidt-Universit\u00e4t<\/div>\n<div class=\"row-text\">Geb\u00e4ude H1<\/div>\n<div class=\"row-text\">Holstenhofweg 85<\/div>\n<div class=\"row-text\">22043 Hamburg<\/div>\n<\/div>\n<div class=\"col-md-6 col-lg-3 col-xs-12 ansprechpartner-item anschrift floatright\">\n<div class=\"row-headline\">Postanschrift<\/div>\n<div class=\"row-text\">Helmut-Schmidt-Universit\u00e4t<\/div>\n<div class=\"row-text\">Fakult\u00e4t <abbr title=\"Geistes- und Sozialwissenschaften\">GeiSo<\/abbr><\/div>\n<div class=\"row-text\">Osteurop\u00e4ische Geschichte<\/div>\n<div class=\"row-text\">Postfach 70 08 22<\/div>\n<div class=\"row-text\">22008 Hamburg<\/div>\n<\/div>\n<\/div>\n<\/div>\n<div class=\"clearfix\"><\/div>\n<h3>Vita<\/h3>\n<ul>\n<li>Studium: Russisch, Polnisch, Serbokroatisch, Soziologie und Wirtschaft am Auslands- und Dolmetscher-Institut in Germersheim<\/li>\n<li>Studium: Osteurop\u00e4ische Geschichte, Slavistik, Ethnologie in Mainz<\/li>\n<li>Gastdozent an der Harvard Universit\u00e4t Cambridge, Mass.<\/li>\n<li>Wiss. Mitarbeiter des J.-G. Herder-Instituts in Marburg<\/li>\n<li>Wiss. Mitarbeiter der Ost-Akademie in L\u00fcneburg<\/li>\n<li>Mitglied der KSZE\/ OSZE-Mission in Moldova<\/li>\n<li>Independent expert f\u00fcr Nationalit\u00e4tenfragen des Europarats<\/li>\n<li>Wiss. Mitarbeiter der Univ. L\u00fcneburg<\/li>\n<li>Lehrstuhlvertreter an der <abbr title=\"Helmut-Schmidt-Universit\u00e4t\">HSU<\/abbr><\/li>\n<\/ul>\n<h3>Forschungsschwerpunkte<\/h3>\n<ul>\n<li>Geschichte des Russischen Reiches<\/li>\n<li>Geschichte der Ukraine und Wei\u00dfrusslands<\/li>\n<li>V\u00f6lker und Nationalit\u00e4ten der Sowjetunion<\/li>\n<li>Geschichte Zentralasiens<\/li>\n<li>Geschichte und Theorie der internationalen Beziehungen<\/li>\n<li>Deutsche Orientpolitik 1871-1918<\/li>\n<\/ul>\n<h3>Publikationen<\/h3>\n<p class=\"Text\"><b>Monographien und Sammelb\u00e4nde:<\/b><\/p>\n<ul>\n<li><i>Symon Petljura und die UNR. Vom Sturz des Hetmans Skoropads\u00b4kyj bis zum Exil in Polen<\/i>, in: Forschungen zur osteurop\u00e4ischen Geschichte, <abbr title=\"Band\">Bd.<\/abbr> 40. Berlin 1988. (Dissertation)<\/li>\n<li>(Zusammen mit K. B\u00f6hme) <i>Perestrojka in Theorie und Praxis. Dokumente zur aktuellen Diskussion aus der Sowjetunion<\/i>. Wiesbaden 1988 (=Schriftenreihe der Hessischen Landeszentrale f\u00fcr politische Bildung, <abbr title=\"Band\">Bd.<\/abbr>1).<\/li>\n<li><i>Die V\u00f6lker der Sowjetunion. Ein Lexikon<\/i>. Opladen 1989.<\/li>\n<li><i>Die V\u00f6lker der ehemaligen Sowjetunion. Ein Lexikon<\/i>. 2. erweiterte <abbr title=\"Auflage\">Aufl.<\/abbr> Opladen 1992.<\/li>\n<li><i>Galizien unter \u00f6sterreichischer Herrschaft. Verwaltung &#8211; Kirche &#8211; Bev\u00f6lkerung<\/i>. Marburg 1994 (=Historische und Landeskundliche Ostmitteleuropa-Studien 13).<\/li>\n<li>(Zusammen mit G. Simon <abbr title=\"unter anderem\">u.a.<\/abbr>) <i>Vernichtung durch Hunger. Der Holodomor in der Ukraine und der UdSSR.<\/i> Berlin 2004 (=Osteuropa 12\/2004)<\/li>\n<li><i>Im Schatten des \u201eGreat Game\u201c. Deutsche \u201eWeltpolitik\u201c und russischer Imperialismus in Zentralasien 1871-1914. <\/i>Paderborn [u. a.]<i> <\/i>2012.<\/li>\n<li><i>Krieg an fernen Fronten. Die Deutschen in Zentralasien und am Hindukusch 1914-1924. <\/i>Paderborn [u. a.] 2013.<\/li>\n<li>Imperial Science im Zarenreich. Die Rolle deutscher und russl\u00e4ndischer Gelehrter bei der Expansion Russlands nach Zentralasien seit Peter I. (Online-Publikationen des Nordost-Instituts\/Forschungsbeitr\u00e4ge), L\u00fcneburg 2015, URL: <span class=\"link-external\"><a class=\"external-link\" title=\"www.ikgn.de\/online-publikationen\/mark_imperial science im zarenreich.htm\" href=\"http:\/\/www.ikgn.de\/online-publikationen\/mark_imperial science im zarenreich.htm\" target=\"_blank\" rel=\"noopener noreferrer\">www.ikgn.de\/online-publikationen\/mark_imperial science im zarenreich.htm<\/a><\/span>.<\/li>\n<\/ul>\n<p class=\"Text\"><b>\u00a0<\/b><\/p>\n<p class=\"Text\"><b>Neueste Aufs\u00e4tze und Beitr\u00e4ge:<\/b><\/p>\n<ul>\n<li>Mit Schwert und Feder. Russland und die Eroberung Mittelasiens, in: Osteuropa, 62 (2012) 3, S. 79-104.<\/li>\n<li>Der rote Sturm auf Buchara: Frunzes \u201aTurkfront\u2019 und die Eroberung des Emirats 1920, in: Milit\u00e4rgeschichte, H. 4 (2012), S. 14-17.<\/li>\n<li>Ist die UdSSR an ihren Nationalit\u00e4tenkonflikten gescheitert?, in: Malek, Martin\/ Schor-Tschudowskaja, Anna (<abbr title=\"Herausgeber\">Hrsg.<\/abbr>): Der Zerfall der Sowjetunion. Ursachen \u2013 Begleiterscheinungen \u2013 Hintergr\u00fcnde. Baden-Baden 2013, S. 269-286.<\/li>\n<li>Die Deportation der Krimtataren, in: Deportationen in Stalins Sowjetunion. Das Schicksal der Russlanddeutschen und anderer Nationalit\u00e4ten. Wissenschaftlich verantwortlich O. Luchterhandt. L\u00fcneburg 2013 (=Nordost-Archiv, XXI, 2012), S. 204-225.<\/li>\n<li>Das Russische Reich und die UNR: Die Ukrainische Frage 1914-1918, in: Loyalit\u00e4t, Legitimit\u00e4t, Legalit\u00e4t. Zerfalls-, Separations- und Souver\u00e4nit\u00e4tsprozesse in Ostmittel- und Osteuropa 1914-1921. Hrg. von Alfred Eisfeld u. Konrad Maier +. Wiesbaden 2014 (=Ver\u00f6ffentlichungen des Nordost-Instituts <abbr title=\"Band\">Bd.<\/abbr> 17), S. 194-209.<\/li>\n<li>Zwischen Orient und Okzident: Die Seidenstra\u00dfe, in: Ost-West. Europ\u00e4ische Perspektiven, 15 (2014) 3, S. 230-239.<\/li>\n<li>Le Parti communiste en Bi\u00e9lorussie entre conformisme et lutte pour la survie politique, in: Communisme 2014. En Europe L\u2019\u00e9ternel retour des communiste 1989-2014. Sous la direction de St\u00e9phane Courtoise et Patrick Moreau. Paris 2014, S. 391-430<\/li>\n<li>Russen und Ukrainer: Beobachtungen und Anmerkungen, in: aktuelle ostinformationen 1\/2 (2016). S. 29-38.<\/li>\n<li>Die russisch-afghanischen Beziehungen bis zum Beginn des 20. Jahrhunderts, in: Penter, Tanja, Meier, Esther (Hg.): Sovietnam. Die UdSSR in Afghanistan 1979-1989. Paderborn 2017, S.27-53.<\/li>\n<li>Von hohen und h\u00f6chsten Gipfeln: Der Pik Lenin, in: Ost-West. Europ\u00e4ische Perspektiven, 18 (2017) 1, S.8-15.<\/li>\n<li>Historische Faktoren der Putin&#8217;schen Ukrainepolitik: Wahrnehmumgen und Fragen, in: Staack, Michael (Hg.): Der Ukraine-Konflikt. Russland und die europ\u00e4ische Sicherheitsordnung. Opladen\/ Berlin\/ Toronto 2017 (=Schriftenreihe des Wissenschaftlichen Forums f\u00fcr Internationale Sicherheit e.V. WIFIS), S. 121-135<\/li>\n<li>Oktoberrevolution und B\u00fcrgerkrieg in Russland 1917-1921, in: Milit\u00e4rgeschichte (2017) 3, S. 4-9.<\/li>\n<li>Economic Activities in a Colonial Periphery: German Trade and German Enterprises in Russian Turkestan 1890-1914, in: Revue Fran\u00e7aise D\u2019Histoire \u00c9conomique (2017) I-II, S. 104-118.<\/li>\n<li>Am Schnittpunkt von Europa und Asien: Das Kaspische Meer, in: Ost-West. Europ\u00e4ische Perspektiven, 20 (2019) 1, S. 52-59.<\/li>\n<li>Die Galizische Hofkanzlei, in: Verwaltungsgeschichte der Habsburgermonarchie in der Fr\u00fchen Neuzeit, <abbr title=\"Band\">Bd.<\/abbr> 1: Hof und Dynastie, Kaiser und Reich, Zentralverwaltungen, Kriegswesen und landesf\u00fcrstliches Finanzwesen, Teilband 1. Hochedlinger, Michael\/ Mat\u2019a, Petr\/ Winkelbauer, Thomas (Hg.). Wien 2019, S. 586-589.<\/li>\n<\/ul>\n<p>Hier finden Sie das vollst\u00e4ndige Publikationsverzeichnis.<\/p>\n<div class=\"col-xs-12 downloads-item\">\n<div class=\"row border-line\">\n<div class=\"thumbnail-area\"><img decoding=\"async\" class=\"download-image\" src=\"\/wp-content\/themes\/hsu\/img\/dummy\/downloads_dummy.png\" alt=\"\" \/><\/div>\n<div class=\"text-area\"><span class=\"download-text\">Publikationsverzeichnis Rudolf A. Mark<\/span><\/div>\n<div class=\"download-area\"><a class=\"download-link\" href=\"https:\/\/www.hsu-hh.de\/hisost\/wp-content\/uploads\/sites\/832\/2020\/01\/PUBMARK-2020.pdf\"><span class=\"download-name\">pdf laden<\/span><span class=\"donwload-icon\"><img decoding=\"async\" class=\"download-icon\" src=\"\/wp-content\/themes\/hsu\/img\/icons\/download_icon.png\" alt=\"download icon\" \/><\/span><span class=\"download-size\">224 KB<\/span><\/a><\/div>\n<\/div>\n<\/div>\n<h3>Vortr\u00e4ge<\/h3>\n<ul>\n<li>Russland 2017 &#8211; Quo vadis?, Bad Bevensen<br \/>\nForeign Investement in a Colonial Periphery: German Trade and German Enterprises in Russian Turkistan 1890-1914, Paris<\/li>\n<li>Deutschland im Kr\u00e4ftefeld des Great Game, 1871-1914, Bonn<\/li>\n<li>Historische Faktoren der Putinschen Ukrainepolitik, Gie\u00dfen\/ Heidelberg\/ Wien<\/li>\n<li>Machtsicherung durch Terror: Die Deportation der Krimtataren, kaukasischer und anderer V\u00f6lker unter Stalin, Bad Nauheim<\/li>\n<li>Ukrainer und Polen, Leipzig<\/li>\n<li>Grundlagen und Handlungsoptionen der russischen Au\u00dfenpolitik unter Putin, Frankfurt a. M.<\/li>\n<li>Lenin\u2019s and the Bolsheviks\u2019 Concept of National Self-Determination, Vilnius<\/li>\n<li>Das Russische Reich und die UNR: Die Ukrainische Frage 1914-1918, G\u00f6ttingen<\/li>\n<li>Mit Schwert und Feder: Russland und die Eroberung Mittelasiens seit Peter I., Berlin<\/li>\n<li>Historische Grundlagen der russischen Au\u00dfenpolitik, Hamburg<\/li>\n<li>Putin und das Unionsprojekt Russland \u2013 Belarus\u2019, Wien<\/li>\n<li>Russische Au\u00dfenpolitik unter Putin und Medvedev, Berlin<\/li>\n<li>Germany and Russian Turkestan, 1871-1918, Mailand<\/li>\n<li>Revolution und Nationsbildung: Die UNR, Wien<\/li>\n<li>Russland seit der Perestrojka, Loccum<\/li>\n<li>Ideja i forma gra\u017edanskogo ob\u0161\u010destva, Ekaterinburg<\/li>\n<\/ul>\n<\/div>\n","protected":false},"excerpt":{"rendered":"<p>Prof. em. Dr. Rudolf A. Mark Raum: 2321 Telefon: E-Mail: mark@hsu-hh.de Besucheranschrift Helmut-Schmidt-Universit\u00e4t Geb\u00e4ude H1 Holstenhofweg 85 22043 Hamburg Postanschrift Helmut-Schmidt-Universit\u00e4t Fakult\u00e4t GeiSo Osteurop\u00e4ische Geschichte Postfach 70 08 22 22008 [&hellip;]<\/p>\n","protected":false},"author":1711,"featured_media":0,"parent":106,"menu_order":0,"comment_status":"closed","ping_status":"closed","template":"","meta":{"footnotes":""},"categories":[8],"tags":[],"class_list":["post-177","page","type-page","status-publish","hentry","category-team"],"_links":{"self":[{"href":"https:\/\/www.hsu-hh.de\/hisost\/wp-json\/wp\/v2\/pages\/177","targetHints":{"allow":["GET"]}}],"collection":[{"href":"https:\/\/www.hsu-hh.de\/hisost\/wp-json\/wp\/v2\/pages"}],"about":[{"href":"https:\/\/www.hsu-hh.de\/hisost\/wp-json\/wp\/v2\/types\/page"}],"author":[{"embeddable":true,"href":"https:\/\/www.hsu-hh.de\/hisost\/wp-json\/wp\/v2\/users\/1711"}],"replies":[{"embeddable":true,"href":"https:\/\/www.hsu-hh.de\/hisost\/wp-json\/wp\/v2\/comments?post=177"}],"version-history":[{"count":6,"href":"https:\/\/www.hsu-hh.de\/hisost\/wp-json\/wp\/v2\/pages\/177\/revisions"}],"predecessor-version":[{"id":476,"href":"https:\/\/www.hsu-hh.de\/hisost\/wp-json\/wp\/v2\/pages\/177\/revisions\/476"}],"up":[{"embeddable":true,"href":"https:\/\/www.hsu-hh.de\/hisost\/wp-json\/wp\/v2\/pages\/106"}],"wp:attachment":[{"href":"https:\/\/www.hsu-hh.de\/hisost\/wp-json\/wp\/v2\/media?parent=177"}],"wp:term":[{"taxonomy":"category","embeddable":true,"href":"https:\/\/www.hsu-hh.de\/hisost\/wp-json\/wp\/v2\/categories?post=177"},{"taxonomy":"post_tag","embeddable":true,"href":"https:\/\/www.hsu-hh.de\/hisost\/wp-json\/wp\/v2\/tags?post=177"}],"curies":[{"name":"wp","href":"https:\/\/api.w.org\/{rel}","templated":true}]}}