{"id":1676,"date":"2022-11-11T19:40:34","date_gmt":"2022-11-11T18:40:34","guid":{"rendered":"https:\/\/www.hsu-hh.de\/hisost\/?page_id=1676"},"modified":"2022-11-11T20:46:31","modified_gmt":"2022-11-11T19:46:31","slug":"buchvorstellung-von-melanie-hussinger-russlands-letzte-adressen-gesellschaftliches-erinnern-an-die-opfer-des-stalinismus","status":"publish","type":"page","link":"https:\/\/www.hsu-hh.de\/hisost\/buchvorstellung-von-melanie-hussinger-russlands-letzte-adressen-gesellschaftliches-erinnern-an-die-opfer-des-stalinismus\/","title":{"rendered":"Neuerscheinung von Melanie Hussinger: Russlands Letzte Adressen. Gesellschaftliches Erinnern an die Opfer des Stalinismus"},"content":{"rendered":"<p>Postkartengro\u00dfe Edelstahlt\u00e4felchen fallen aufmerksamen Passantinnen und Passanten russischer Gro\u00df- und Kleinst\u00e4dte seit 2014 ins Auge. Gewidmet sind die Erinnerungszeichen an den Hausfassaden jenen Menschen, die im Zuge der sowjetischen Repressionen aus ihren Wohnungen verschleppt wurden. Ihre Namen bringt das partizipative Gedenkprojekt Poslednij Adres (dt. Letzte Adresse) mit den Tafeln zur\u00fcck zu den vormaligen Wohnadressen. Dieses Buch verortet Poslednij Adres als neue und innovative Form des zivilgesellschaftlichen Gedenkens innerhalb der russischen Erinnerungslandschaft und geht dabei von verschiedenen Perspektiven aus der Frage nach, welche Bedeutung dem Projekt f\u00fcr das Erinnern an den staatlichen Terror der Sowjetunion in Russland beigemessen werden kann.<\/p>\n\n<div class=\"wp-block-image\">\n<figure class=\"aligncenter size-large is-resized\"><img loading=\"lazy\" decoding=\"async\" src=\"https:\/\/www.hsu-hh.de\/hisost\/wp-content\/uploads\/sites\/832\/2022\/11\/COver-Melanie-727x1024.jpg\" data-credit=\"Peter Lang Verlag\" alt=\"Cover\" class=\"wp-image-1677\" width=\"419\" height=\"590\" srcset=\"https:\/\/www.hsu-hh.de\/hisost\/wp-content\/uploads\/sites\/832\/2022\/11\/COver-Melanie-727x1024.jpg 727w, https:\/\/www.hsu-hh.de\/hisost\/wp-content\/uploads\/sites\/832\/2022\/11\/COver-Melanie-213x300.jpg 213w, https:\/\/www.hsu-hh.de\/hisost\/wp-content\/uploads\/sites\/832\/2022\/11\/COver-Melanie-768x1081.jpg 768w, https:\/\/www.hsu-hh.de\/hisost\/wp-content\/uploads\/sites\/832\/2022\/11\/COver-Melanie-1091x1536.jpg 1091w, https:\/\/www.hsu-hh.de\/hisost\/wp-content\/uploads\/sites\/832\/2022\/11\/COver-Melanie-1455x2048.jpg 1455w, https:\/\/www.hsu-hh.de\/hisost\/wp-content\/uploads\/sites\/832\/2022\/11\/COver-Melanie-1100x1548.jpg 1100w, https:\/\/www.hsu-hh.de\/hisost\/wp-content\/uploads\/sites\/832\/2022\/11\/COver-Melanie-scaled.jpg 1819w\" sizes=\"auto, (max-width: 419px) 100vw, 419px\" \/><\/figure>\n<\/div>\n\n<p style=\"text-align: center\"><a href=\"https:\/\/www.peterlang.com\/document\/1288870\" rel='nofollow'>Zur Homepage des Peter Lang Verlages.<\/a><\/p>","protected":false},"excerpt":{"rendered":"<p>Postkartengro\u00dfe Edelstahlt\u00e4felchen fallen aufmerksamen Passantinnen und Passanten russischer Gro\u00df- und Kleinst\u00e4dte seit 2014 ins Auge. Gewidmet sind die Erinnerungszeichen an den Hausfassaden jenen Menschen, die im Zuge der sowjetischen Repressionen [&hellip;]<\/p>\n","protected":false},"author":2548,"featured_media":1683,"parent":0,"menu_order":0,"comment_status":"closed","ping_status":"closed","template":"","meta":{"footnotes":""},"categories":[4,29],"tags":[],"class_list":["post-1676","page","type-page","status-publish","has-post-thumbnail","hentry","category-forschung","category-nachrichtenslider"],"_links":{"self":[{"href":"https:\/\/www.hsu-hh.de\/hisost\/wp-json\/wp\/v2\/pages\/1676","targetHints":{"allow":["GET"]}}],"collection":[{"href":"https:\/\/www.hsu-hh.de\/hisost\/wp-json\/wp\/v2\/pages"}],"about":[{"href":"https:\/\/www.hsu-hh.de\/hisost\/wp-json\/wp\/v2\/types\/page"}],"author":[{"embeddable":true,"href":"https:\/\/www.hsu-hh.de\/hisost\/wp-json\/wp\/v2\/users\/2548"}],"replies":[{"embeddable":true,"href":"https:\/\/www.hsu-hh.de\/hisost\/wp-json\/wp\/v2\/comments?post=1676"}],"version-history":[{"count":4,"href":"https:\/\/www.hsu-hh.de\/hisost\/wp-json\/wp\/v2\/pages\/1676\/revisions"}],"predecessor-version":[{"id":1689,"href":"https:\/\/www.hsu-hh.de\/hisost\/wp-json\/wp\/v2\/pages\/1676\/revisions\/1689"}],"wp:featuredmedia":[{"embeddable":true,"href":"https:\/\/www.hsu-hh.de\/hisost\/wp-json\/wp\/v2\/media\/1683"}],"wp:attachment":[{"href":"https:\/\/www.hsu-hh.de\/hisost\/wp-json\/wp\/v2\/media?parent=1676"}],"wp:term":[{"taxonomy":"category","embeddable":true,"href":"https:\/\/www.hsu-hh.de\/hisost\/wp-json\/wp\/v2\/categories?post=1676"},{"taxonomy":"post_tag","embeddable":true,"href":"https:\/\/www.hsu-hh.de\/hisost\/wp-json\/wp\/v2\/tags?post=1676"}],"curies":[{"name":"wp","href":"https:\/\/api.w.org\/{rel}","templated":true}]}}