{"id":1669,"date":"2022-11-11T03:59:59","date_gmt":"2022-11-11T02:59:59","guid":{"rendered":"https:\/\/www.hsu-hh.de\/hisost\/?page_id=1669"},"modified":"2022-11-11T04:00:00","modified_gmt":"2022-11-11T03:00:00","slug":"osteuropastudien-an-der-universitaet-hamburg","status":"publish","type":"page","link":"https:\/\/www.hsu-hh.de\/hisost\/osteuropastudien-an-der-universitaet-hamburg\/","title":{"rendered":"Osteuropastudien an der Universit\u00e4t Hamburg"},"content":{"rendered":"\n<p><\/p>\n\n\n<div class=\"clearfix\">\n<p><strong>Gemeinsamer Masterstudiengang Osteuropastudien<\/strong><\/p>\n<p>Im Vorfeld der EU-Osterweiterung wurde im Wintersemester 1997\/1998 der Nebenfachstudiengang Osteuropastudien eingef\u00fchrt, mittlerweile Masterstudiengang. Der Studiengang ist interdisziplin\u00e4r konzipiert und vermittelt Kenntnisse \u00fcber die rechtlichen, wirtschaftlichen, sozialen, geographischen, sprachlich-kulturellen und geschichtlichen Gegebenheiten Osteuropas. An der Helmut-Schmidt-Universit\u00e4t bieten die Fachbereiche Wirtschafts- und Organisationswissenschaften, P\u00e4dagogik und Geschichte Lehrveranstaltungen f\u00fcr die Studierenden der Osteuropastudien an.<\/p>\n<p>Neben der Universit\u00e4t Hamburg und der Helmut-Schmidt-Universit\u00e4t sind das Hamburger-Weltwirtschafts-Archiv und das Institut f\u00fcr Friedens- und Sicherheitspolitik an der Universit\u00e4t Hamburg am Lehrprogramm beteiligt. Studierende\u00a0 der <abbr title=\"Helmut Schmidt Universit\u00e4t\">HSU<\/abbr> k\u00f6nnen an Veranstaltungen der Universit\u00e4t Hamburg, des Hamburger-Weltwirtschafts-Archivs und des Instituts f\u00fcr Friedens- und Sicherheitspolitik teilnehmen. Das aktuelle Vorlesungsverzeichnis k\u00f6nnen Sie auf der <a href=\"https:\/\/www.slm.uni-hamburg.de\/osteuropastudien\/ueber-osteuropastudien.html\" rel='nofollow'>Homepage<\/a> des Nebenfachstudiengangs Osteuropastudien einsehen.<\/p>\n<\/div>","protected":false},"excerpt":{"rendered":"<p>Gemeinsamer Masterstudiengang Osteuropastudien Im Vorfeld der EU-Osterweiterung wurde im Wintersemester 1997\/1998 der Nebenfachstudiengang Osteuropastudien eingef\u00fchrt, mittlerweile Masterstudiengang. Der Studiengang ist interdisziplin\u00e4r konzipiert und vermittelt Kenntnisse \u00fcber die rechtlichen, wirtschaftlichen, sozialen, [&hellip;]<\/p>\n","protected":false},"author":2548,"featured_media":0,"parent":0,"menu_order":0,"comment_status":"closed","ping_status":"closed","template":"","meta":{"footnotes":""},"categories":[4],"tags":[],"class_list":["post-1669","page","type-page","status-publish","hentry","category-forschung"],"_links":{"self":[{"href":"https:\/\/www.hsu-hh.de\/hisost\/wp-json\/wp\/v2\/pages\/1669","targetHints":{"allow":["GET"]}}],"collection":[{"href":"https:\/\/www.hsu-hh.de\/hisost\/wp-json\/wp\/v2\/pages"}],"about":[{"href":"https:\/\/www.hsu-hh.de\/hisost\/wp-json\/wp\/v2\/types\/page"}],"author":[{"embeddable":true,"href":"https:\/\/www.hsu-hh.de\/hisost\/wp-json\/wp\/v2\/users\/2548"}],"replies":[{"embeddable":true,"href":"https:\/\/www.hsu-hh.de\/hisost\/wp-json\/wp\/v2\/comments?post=1669"}],"version-history":[{"count":3,"href":"https:\/\/www.hsu-hh.de\/hisost\/wp-json\/wp\/v2\/pages\/1669\/revisions"}],"predecessor-version":[{"id":1673,"href":"https:\/\/www.hsu-hh.de\/hisost\/wp-json\/wp\/v2\/pages\/1669\/revisions\/1673"}],"wp:attachment":[{"href":"https:\/\/www.hsu-hh.de\/hisost\/wp-json\/wp\/v2\/media?parent=1669"}],"wp:term":[{"taxonomy":"category","embeddable":true,"href":"https:\/\/www.hsu-hh.de\/hisost\/wp-json\/wp\/v2\/categories?post=1669"},{"taxonomy":"post_tag","embeddable":true,"href":"https:\/\/www.hsu-hh.de\/hisost\/wp-json\/wp\/v2\/tags?post=1669"}],"curies":[{"name":"wp","href":"https:\/\/api.w.org\/{rel}","templated":true}]}}