{"id":1649,"date":"2022-11-11T03:29:53","date_gmt":"2022-11-11T02:29:53","guid":{"rendered":"https:\/\/www.hsu-hh.de\/hisost\/?page_id=1649"},"modified":"2022-12-12T15:51:50","modified_gmt":"2022-12-12T14:51:50","slug":"vortraege","status":"publish","type":"page","link":"https:\/\/www.hsu-hh.de\/hisost\/vortraege\/","title":{"rendered":"Vortr\u00e4ge"},"content":{"rendered":"<p><strong>Bevorstehende Vortr\u00e4ge:<\/strong><\/p>\n<p>Carolin Breitfelder:<\/p>\n<ul>\n<li>1. Dezember 2022 EEGA-Kolloquium der Leibniz Universit\u00e4t Leipzig: &#8222;Schreiben in der Krise. Der Journalist Paul Scheffer.&#8220;<\/li>\n<\/ul>\n<p><strong>Vergangene Vortr\u00e4ge:<\/strong><\/p>\n<p>Tagungsbericht zum Workshop: Tourismus und Auss\u00f6hnung in Europa vom 01.-02.09.2022<strong><br \/>\n<\/strong><\/p>\n<div><a href=\"https:\/\/www.hsu-hh.de\/hisost\/wp-content\/uploads\/sites\/832\/2022\/10\/Tagungsbericht.pdf\">PDF-Download<\/a><\/div>\n<div><\/div>\n<div><\/div>\n<p>Putins Geschichte(n). Die Ukraine und Russland in historisch-aktuellen Bez\u00fcgen, vom 03.02.2022<strong><br \/>\n<\/strong><\/p>\n<p>Eine Videoaufzeichnung der Veranstaltung finden sie <a href=\"https:\/\/www.youtube.com\/watch?v=haccrddlEFw&amp;ab_channel=Helmut-Schmidt-Universit%C3%A4t\" rel='nofollow'>hier<\/a>.<\/p>\n<hr \/>\n","protected":false},"excerpt":{"rendered":"<p>Bevorstehende Vortr\u00e4ge: Carolin Breitfelder: 1. Dezember 2022 EEGA-Kolloquium der Leibniz Universit\u00e4t Leipzig: &#8222;Schreiben in der Krise. Der Journalist Paul Scheffer.&#8220; Vergangene Vortr\u00e4ge: Tagungsbericht zum Workshop: Tourismus und Auss\u00f6hnung in Europa [&hellip;]<\/p>\n","protected":false},"author":2548,"featured_media":0,"parent":0,"menu_order":0,"comment_status":"closed","ping_status":"closed","template":"","meta":{"footnotes":""},"categories":[4],"tags":[],"class_list":["post-1649","page","type-page","status-publish","hentry","category-forschung"],"_links":{"self":[{"href":"https:\/\/www.hsu-hh.de\/hisost\/wp-json\/wp\/v2\/pages\/1649","targetHints":{"allow":["GET"]}}],"collection":[{"href":"https:\/\/www.hsu-hh.de\/hisost\/wp-json\/wp\/v2\/pages"}],"about":[{"href":"https:\/\/www.hsu-hh.de\/hisost\/wp-json\/wp\/v2\/types\/page"}],"author":[{"embeddable":true,"href":"https:\/\/www.hsu-hh.de\/hisost\/wp-json\/wp\/v2\/users\/2548"}],"replies":[{"embeddable":true,"href":"https:\/\/www.hsu-hh.de\/hisost\/wp-json\/wp\/v2\/comments?post=1649"}],"version-history":[{"count":13,"href":"https:\/\/www.hsu-hh.de\/hisost\/wp-json\/wp\/v2\/pages\/1649\/revisions"}],"predecessor-version":[{"id":1824,"href":"https:\/\/www.hsu-hh.de\/hisost\/wp-json\/wp\/v2\/pages\/1649\/revisions\/1824"}],"wp:attachment":[{"href":"https:\/\/www.hsu-hh.de\/hisost\/wp-json\/wp\/v2\/media?parent=1649"}],"wp:term":[{"taxonomy":"category","embeddable":true,"href":"https:\/\/www.hsu-hh.de\/hisost\/wp-json\/wp\/v2\/categories?post=1649"},{"taxonomy":"post_tag","embeddable":true,"href":"https:\/\/www.hsu-hh.de\/hisost\/wp-json\/wp\/v2\/tags?post=1649"}],"curies":[{"name":"wp","href":"https:\/\/api.w.org\/{rel}","templated":true}]}}