{"id":1626,"date":"2022-11-10T14:42:45","date_gmt":"2022-11-10T13:42:45","guid":{"rendered":"https:\/\/www.hsu-hh.de\/hisost\/?page_id=1626"},"modified":"2022-11-11T03:37:48","modified_gmt":"2022-11-11T02:37:48","slug":"aktuelle-veroeffentlichungen-und-vortraege","status":"publish","type":"page","link":"https:\/\/www.hsu-hh.de\/hisost\/aktuelle-veroeffentlichungen-und-vortraege\/","title":{"rendered":"Ver\u00f6ffentlichungen"},"content":{"rendered":"\n<p><\/p>\n\n\n<p><strong><a href=\"https:\/\/www.hsu-hh.de\/hisost\/mitarbeiter\/jan-hinnerk-antons\/\"><abbr title=\"Doktor\">Dr.<\/abbr> Jan-Hinnerk Antons<\/a><\/strong><\/p>\n<ul>\n<li>Open Ship und Sperrgebiete. Zum ambivalenten Verh\u00e4ltnis von Milit\u00e4r und Tourismus in beiden deutschen Nachkriegsstaaten, in: J\u00f6rg Echternkamp und Christoph N\u00fcbel (Hg.): Deutsche Milit\u00e4rgeschichte in Europa 1945-1990. Repr\u00e4sentationen, Organisation und Tradition von Streitkr\u00e4ften in Demokratie und Diktatur, Berlin 2022 (=Deutsch-deutsche Milit\u00e4rgeschichte 4), S. 175-198.<\/li>\n<\/ul>\n<hr>","protected":false},"excerpt":{"rendered":"<p>Dr. Jan-Hinnerk Antons Open Ship und Sperrgebiete. Zum ambivalenten Verh\u00e4ltnis von Milit\u00e4r und Tourismus in beiden deutschen Nachkriegsstaaten, in: J\u00f6rg Echternkamp und Christoph N\u00fcbel (Hg.): Deutsche Milit\u00e4rgeschichte in Europa 1945-1990. [&hellip;]<\/p>\n","protected":false},"author":2548,"featured_media":0,"parent":0,"menu_order":0,"comment_status":"closed","ping_status":"closed","template":"","meta":{"footnotes":""},"categories":[4],"tags":[],"class_list":["post-1626","page","type-page","status-publish","hentry","category-forschung"],"_links":{"self":[{"href":"https:\/\/www.hsu-hh.de\/hisost\/wp-json\/wp\/v2\/pages\/1626","targetHints":{"allow":["GET"]}}],"collection":[{"href":"https:\/\/www.hsu-hh.de\/hisost\/wp-json\/wp\/v2\/pages"}],"about":[{"href":"https:\/\/www.hsu-hh.de\/hisost\/wp-json\/wp\/v2\/types\/page"}],"author":[{"embeddable":true,"href":"https:\/\/www.hsu-hh.de\/hisost\/wp-json\/wp\/v2\/users\/2548"}],"replies":[{"embeddable":true,"href":"https:\/\/www.hsu-hh.de\/hisost\/wp-json\/wp\/v2\/comments?post=1626"}],"version-history":[{"count":4,"href":"https:\/\/www.hsu-hh.de\/hisost\/wp-json\/wp\/v2\/pages\/1626\/revisions"}],"predecessor-version":[{"id":1657,"href":"https:\/\/www.hsu-hh.de\/hisost\/wp-json\/wp\/v2\/pages\/1626\/revisions\/1657"}],"wp:attachment":[{"href":"https:\/\/www.hsu-hh.de\/hisost\/wp-json\/wp\/v2\/media?parent=1626"}],"wp:term":[{"taxonomy":"category","embeddable":true,"href":"https:\/\/www.hsu-hh.de\/hisost\/wp-json\/wp\/v2\/categories?post=1626"},{"taxonomy":"post_tag","embeddable":true,"href":"https:\/\/www.hsu-hh.de\/hisost\/wp-json\/wp\/v2\/tags?post=1626"}],"curies":[{"name":"wp","href":"https:\/\/api.w.org\/{rel}","templated":true}]}}