{"id":116,"date":"2018-01-17T14:07:04","date_gmt":"2018-01-17T13:07:04","guid":{"rendered":"https:\/\/www.hsu-hh.de\/vorlage\/?page_id=116"},"modified":"2023-02-21T20:26:54","modified_gmt":"2023-02-21T19:26:54","slug":"lehre","status":"publish","type":"page","link":"https:\/\/www.hsu-hh.de\/hisost\/lehre\/","title":{"rendered":"Lehrveranstaltungen"},"content":{"rendered":"<div>\n<div>\n<div>\n<h3>Die Lehrveranstaltungen der Professur f\u00fcr Geschichte\u00a0 Osteuropas und Ostmitteleuropas<\/h3>\n<h3>im Wintertrimester 2023:<\/h3>\n<p>\u00a0<\/p>\n<p><\/p>\n<p><h3>Prof. J\u00f6rn Happel<\/h3><br \/><strong>Vorlesung: <\/strong>Neue Staaten &#8211; Neue Menschen? Die Zwischenkriegszeit in Osteuropa.<\/p>\n<p><br \/><h3>Melanie Hussinger<\/h3><\/p>\n<p><strong>\u00dcbung:<\/strong> &#8222;F\u00fcr eure und unsere Freiheit.&#8220; Protest und Dissens in der Sowjetunion<\/p>\n<p><br \/><h3>Andreas Hilger<\/h3><\/p>\n<p><strong>Seminar:<\/strong> Von der UdSSR zur Russischen F\u00f6rderation &#8211; Moskaus Internationale Beziehung vom Kalten Krieg bis zum 21. Jahrhundert<\/p>\n<p><br \/><h3>Caroline Breitfelder<\/h3><br \/><strong>Proseminar:<\/strong> Von Pushkin bis Ulizkaja. Einf\u00fchrung in die russische und sowjetische Literatur<\/p>\n<p><br \/><h3>Jan-Hinnerk Antons<\/h3><\/p>\n<p><strong>Seminar: <\/strong>Reiseweltmeister! Tourismus und Gesellschaft in BRD und DDR<br \/><\/p>\n<p><\/p>\n<p>Hier finden Sie weitere Veranstaltungen des gemeinsamen <a href=\"https:\/\/www.hsu-hh.de\/hisost\/lehre\/osteuropastudien-an-der-uni-hamburg\/\">Masterstudienganges Osteuropastudien<\/a> der Universit\u00e4t Hamburg.<\/p>\n<p>\u00a0<\/p>\n<div class=\"col-xs-12 downloads-item\">\n<div class=\"row pub-block\">\n<div class=\"img-area download-image\" style=\"max-width: 100px;overflow: hidden\"><img decoding=\"async\" class=\"download-image\" src=\"\/wp-content\/themes\/hsu\/img\/dummy\/downloads_dummy.png\" alt=\"\" \/><\/div>\n<div class=\"content-area\">\n<p><a href=\"https:\/\/www.hsu-hh.de\/hisost\/wp-content\/uploads\/sites\/832\/2020\/10\/Leitfaden-zum-Verfassen-einer-Hausarbeit.pdf\">Leitfaden zum Verfassen einer Hausarbeit<\/a><\/p>\n<\/div>\n<\/div>\n<\/div>\n<\/div>\n<\/div>\n<\/div>\n\n\n<div class=\"wp-block-hsu-downloadblock\"><div class=\"thumbnail-area\"><img decoding=\"async\" src=\"\/wp-content\/themes\/hsu\/img\/dummy\/downloads_dummy.png\" alt=\"Download Symbol-Icon\" \/><\/div><div class=\"text-area\"><strong>Kolloquiumplan f\u00fcr das Herbsttrimster 2022<\/strong><\/div><div class=\"download-area\"><a class=\"download-link\" href=\"https:\/\/www.hsu-hh.de\/hisost\/wp-content\/uploads\/sites\/832\/2022\/09\/Kolloquium-HT22.pdf\"><span class=\"download-name\">pdf laden<\/span><span class=\"download-icon\"><img decoding=\"async\" class=\"download-icon\" alt=\"download icon\" src=\"\/wp-content\/themes\/hsu\/img\/icons\/download_icon.png\" \/><\/span><span class=\"download-size\">237 kB<\/span><\/a><\/div><\/div>\n","protected":false},"excerpt":{"rendered":"<p>Die Lehrveranstaltungen der Professur f\u00fcr Geschichte\u00a0 Osteuropas und Ostmitteleuropas im Wintertrimester 2023: \u00a0 Prof. J\u00f6rn Happel Vorlesung: Neue Staaten &#8211; Neue Menschen? Die Zwischenkriegszeit in Osteuropa. Melanie Hussinger \u00dcbung: &#8222;F\u00fcr [&hellip;]<\/p>\n","protected":false},"author":26,"featured_media":0,"parent":0,"menu_order":0,"comment_status":"closed","ping_status":"closed","template":"","meta":{"footnotes":""},"categories":[6],"tags":[],"class_list":["post-116","page","type-page","status-publish","hentry","category-lehre"],"_links":{"self":[{"href":"https:\/\/www.hsu-hh.de\/hisost\/wp-json\/wp\/v2\/pages\/116","targetHints":{"allow":["GET"]}}],"collection":[{"href":"https:\/\/www.hsu-hh.de\/hisost\/wp-json\/wp\/v2\/pages"}],"about":[{"href":"https:\/\/www.hsu-hh.de\/hisost\/wp-json\/wp\/v2\/types\/page"}],"author":[{"embeddable":true,"href":"https:\/\/www.hsu-hh.de\/hisost\/wp-json\/wp\/v2\/users\/26"}],"replies":[{"embeddable":true,"href":"https:\/\/www.hsu-hh.de\/hisost\/wp-json\/wp\/v2\/comments?post=116"}],"version-history":[{"count":49,"href":"https:\/\/www.hsu-hh.de\/hisost\/wp-json\/wp\/v2\/pages\/116\/revisions"}],"predecessor-version":[{"id":1796,"href":"https:\/\/www.hsu-hh.de\/hisost\/wp-json\/wp\/v2\/pages\/116\/revisions\/1796"}],"wp:attachment":[{"href":"https:\/\/www.hsu-hh.de\/hisost\/wp-json\/wp\/v2\/media?parent=116"}],"wp:term":[{"taxonomy":"category","embeddable":true,"href":"https:\/\/www.hsu-hh.de\/hisost\/wp-json\/wp\/v2\/categories?post=116"},{"taxonomy":"post_tag","embeddable":true,"href":"https:\/\/www.hsu-hh.de\/hisost\/wp-json\/wp\/v2\/tags?post=116"}],"curies":[{"name":"wp","href":"https:\/\/api.w.org\/{rel}","templated":true}]}}