{"id":869,"date":"2024-10-17T18:47:18","date_gmt":"2024-10-17T16:47:18","guid":{"rendered":"https:\/\/www.hsu-hh.de\/hisfnz\/?page_id=869"},"modified":"2025-01-22T11:55:54","modified_gmt":"2025-01-22T10:55:54","slug":"leonhardt","status":"publish","type":"page","link":"https:\/\/www.hsu-hh.de\/hisfnz\/mitarbeiter\/leonhardt\/","title":{"rendered":"Christoph Leonhardt, M.A."},"content":{"rendered":"<div class=\"clearfix\"><\/div>\n<div class=\"ansprechparter-container\">\n<div class=\"row ansprechpartner-item ansprechparter-header\">\n<div class=\"col-xs-8 col-lg-12\">\n<h3 class=\"ansprechparter-headline\"><\/h3>\n<\/div>\n<div class=\"col-md-4 col-lg-3 col-xs-4 ansprechpartner-item floatright img-circle center-block\">\n<div class=\"img-responsive-wrapper\"><img loading=\"lazy\" decoding=\"async\" class=\"img-circle img-responsive center-block  alignnone wp-image-870 size-thumbnail\" src=\"https:\/\/www.hsu-hh.de\/hisfnz\/wp-content\/uploads\/sites\/835\/2024\/10\/Leonhardt-150x150.jpg\" alt=\"\" width=\"150\" height=\"150\" data-credit=\"M. Stiebing\" \/><\/div>\n<\/div>\n<div class=\"col-md-12 col-lg-3 col-xs-12 ansprechpartner-item kontakt floatright\">\n<div class=\"row\">\n<div class=\"col-xs-12 col-sm-6 col-lg-12\">\n<div class=\"row\">\n<div class=\"col-xs-12 col-lg-4 row-text bold\">Raum:<\/div>\n<div class=\"col-xs-12 col-lg-8 row-text\">2332<\/div>\n<\/div>\n<\/div>\n<div class=\"col-xs-12 col-sm-6 col-lg-12\">\n<div class=\"row\">\n<div class=\"col-xs-12 col-lg-4 row-text bold\">Telefon:<\/div>\n<div class=\"col-xs-12 col-lg-8 row-text\">(040) 6541-3422<\/div>\n<\/div>\n<\/div>\n<div class=\"col-xs-12 col-sm-6 col-lg-12\">\n<div class=\"row\">\n<div class=\"col-xs-12 col-md-12 row-text bold\">E-Mail: <a href=\"mailto:leonharc@hsu-hh.de\" target=\"_blank\" rel=\"noopener\">leonharc@hsu-hh.de<\/a><\/div>\n<\/div>\n<\/div>\n<\/div>\n<\/div>\n<div class=\"col-md-6 col-lg-3 col-xs-12 ansprechpartner-item anschrift floatright\">\n<div class=\"row-headline\">Besucheranschrift<\/div>\n<p>Helmut-Schmidt-Universit\u00e4t<br \/>\nGeb\u00e4ude H1<br \/>\nHolstenhofweg 85<br \/>\n22043 Hamburg<\/p>\n<p><strong>Sprechstunde<br \/>\n<\/strong>nach Vereinbarung<\/p>\n<\/div>\n<div class=\"col-md-6 col-lg-3 col-xs-12 ansprechpartner-item anschrift floatright\">\n<div class=\"row-headline\">Postanschrift<\/div>\n<p>Helmut-Schmidt-Universit\u00e4t<br \/>\nFakult\u00e4t f\u00fcr Geistes- und Sozialwissenschaften<br \/>\nProfessur f\u00fcr Geschichte der Fr\u00fchen Neuzeit<br \/>\nPostfach 70 08 22<\/p>\n<\/div>\n<\/div>\n<\/div>\n<div class=\"clearfix\"><\/div>\n<h3>Curriculum Vitae<\/h3>\n<p>2000 in Rostock geboren<\/p>\n<h3>Wissenschaftlicher Werdegang<\/h3>\n<p>seit 2024<br \/>\nWissenschaftlicher Mitarbeiter an der Professur f\u00fcr Geschichte der Fr\u00fchen Neuzeit, Helmut-Schmidt-Universit\u00e4t\/Universit\u00e4t der Bundeswehr Hamburg<\/p>\n<p>2022-2024<br \/>\nMasterstudium der Mittleren und Neueren Geschichte an der Universit\u00e4t Leipzig und der Universit\u00e0 degli Studi di Milano<br \/>\nMasterarbeit: Kriegsunternehmertum in der Fr\u00fchen Neuzeit Eine biographische Spurensuche zu Peter Ernst II. von Mansfeld<\/p>\n<p>2019-2022<br \/>\nBachelorstudium der Geschichtswissenschaften an der Universit\u00e4t Leipzig und der Friedrich-Schiller-Universit\u00e4t Jena<br \/>\nBachelorarbeit: Frieden Schlie\u00dfen im Zeitalter der Kabinettskriege: Utrecht 1713 im Kontext<\/p>\n<h3>Forschungsschwerpunkte<\/h3>\n<ul>\n<li>Sozial- und Wirtschaftsgeschichte des Sp\u00e4ten Mittelalters und der Fr\u00fchen Neuzeit<\/li>\n<li>Regional- und Landesgeschichte,<\/li>\n<li>Milit\u00e4rgeschichte<\/li>\n<li>Unternehmensgeschichte<\/li>\n<\/ul>\n<h3>Aktuelle Forschungsprojekte<\/h3>\n<p>Kriegsunternehmertum in der Fr\u00fchen Neuzeit: Unternehmerische Handlungsfelder in Europ\u00e4ischer Perspektive (Promotionsprojekt, Universit\u00e4t Leipzig)<\/p>\n","protected":false},"excerpt":{"rendered":"<p>Raum: 2332 Telefon: (040) 6541-3422 E-Mail: leonharc@hsu-hh.de Besucheranschrift Helmut-Schmidt-Universit\u00e4t Geb\u00e4ude H1 Holstenhofweg 85 22043 Hamburg Sprechstunde nach Vereinbarung Postanschrift Helmut-Schmidt-Universit\u00e4t Fakult\u00e4t f\u00fcr Geistes- und Sozialwissenschaften Professur f\u00fcr Geschichte der Fr\u00fchen [&hellip;]<\/p>\n","protected":false},"author":147,"featured_media":0,"parent":106,"menu_order":0,"comment_status":"closed","ping_status":"closed","template":"","meta":{"footnotes":""},"categories":[8],"tags":[],"class_list":["post-869","page","type-page","status-publish","hentry","category-team"],"_links":{"self":[{"href":"https:\/\/www.hsu-hh.de\/hisfnz\/wp-json\/wp\/v2\/pages\/869","targetHints":{"allow":["GET"]}}],"collection":[{"href":"https:\/\/www.hsu-hh.de\/hisfnz\/wp-json\/wp\/v2\/pages"}],"about":[{"href":"https:\/\/www.hsu-hh.de\/hisfnz\/wp-json\/wp\/v2\/types\/page"}],"author":[{"embeddable":true,"href":"https:\/\/www.hsu-hh.de\/hisfnz\/wp-json\/wp\/v2\/users\/147"}],"replies":[{"embeddable":true,"href":"https:\/\/www.hsu-hh.de\/hisfnz\/wp-json\/wp\/v2\/comments?post=869"}],"version-history":[{"count":6,"href":"https:\/\/www.hsu-hh.de\/hisfnz\/wp-json\/wp\/v2\/pages\/869\/revisions"}],"predecessor-version":[{"id":894,"href":"https:\/\/www.hsu-hh.de\/hisfnz\/wp-json\/wp\/v2\/pages\/869\/revisions\/894"}],"up":[{"embeddable":true,"href":"https:\/\/www.hsu-hh.de\/hisfnz\/wp-json\/wp\/v2\/pages\/106"}],"wp:attachment":[{"href":"https:\/\/www.hsu-hh.de\/hisfnz\/wp-json\/wp\/v2\/media?parent=869"}],"wp:term":[{"taxonomy":"category","embeddable":true,"href":"https:\/\/www.hsu-hh.de\/hisfnz\/wp-json\/wp\/v2\/categories?post=869"},{"taxonomy":"post_tag","embeddable":true,"href":"https:\/\/www.hsu-hh.de\/hisfnz\/wp-json\/wp\/v2\/tags?post=869"}],"curies":[{"name":"wp","href":"https:\/\/api.w.org\/{rel}","templated":true}]}}