{"id":73,"date":"2017-07-03T15:52:08","date_gmt":"2017-07-03T13:52:08","guid":{"rendered":"https:\/\/www.hsu-hh.de\/vorlage\/?page_id=73"},"modified":"2023-10-26T16:08:30","modified_gmt":"2023-10-26T14:08:30","slug":"startseite","status":"publish","type":"page","link":"https:\/\/www.hsu-hh.de\/hisfnz\/","title":{"rendered":"Professur f\u00fcr Geschichte der Fr\u00fchen Neuzeit"},"content":{"rendered":"\n<h2 class=\"wp-block-heading\"><a href=\"https:\/\/www.hsu-hh.de\/hisfnz\/mitarbeiter\/nowosadtko\/\"><abbr title=\"Professor\">Prof.<\/abbr> <abbr title=\"Doktor\">Dr.<\/abbr> Jutta Nowosadtko<\/a><\/h2>\n\n\n\n<p>Die Professur vertritt in Forschung und Lehre die europ\u00e4ische Geschichte mit besonderem Augenmerk auf dem Alten Reich vom sp\u00e4ten 15. bis zum beginnenden 19. Jahrhundert. Im Mittelpunkt des wissenschaftlichen Interesses stehen dabei sozial- und wirtschaftsgeschichtliche sowie kulturgeschichtliche Fragen.<\/p>\n\n\n\n<p>In der Forschung besch\u00e4ftigt sich die Professur schwerpunktm\u00e4\u00dfig mit dem Verh\u00e4ltnis von Milit\u00e4r und Gesellschaft. Weitere Projekte befassen sich mit der Medizin- und Wissenschaftsgeschichte, der Kommunikations- und Mediengeschichte sowie der Banken- und Handelsgeschichte.<\/p>\n\n\n<div class=\"wp-block-image is-style-rounded\">\n<figure class=\"aligncenter size-large is-resized\"><a href=\"https:\/\/www.hsu-hh.de\/hisfnz\/wp-content\/uploads\/sites\/835\/2023\/10\/gruppe2-scaled.jpg\"><img loading=\"lazy\" decoding=\"async\" src=\"https:\/\/www.hsu-hh.de\/hisfnz\/wp-content\/uploads\/sites\/835\/2023\/10\/gruppe2-1024x720.jpg\" data-credit=\"S. Fr\u00f6hlich\" alt=\"\" class=\"wp-image-794\" style=\"width:767px;height:539px\" width=\"767\" height=\"539\" srcset=\"https:\/\/www.hsu-hh.de\/hisfnz\/wp-content\/uploads\/sites\/835\/2023\/10\/gruppe2-1024x720.jpg 1024w, https:\/\/www.hsu-hh.de\/hisfnz\/wp-content\/uploads\/sites\/835\/2023\/10\/gruppe2-300x211.jpg 300w, https:\/\/www.hsu-hh.de\/hisfnz\/wp-content\/uploads\/sites\/835\/2023\/10\/gruppe2-768x540.jpg 768w, https:\/\/www.hsu-hh.de\/hisfnz\/wp-content\/uploads\/sites\/835\/2023\/10\/gruppe2-1536x1079.jpg 1536w, https:\/\/www.hsu-hh.de\/hisfnz\/wp-content\/uploads\/sites\/835\/2023\/10\/gruppe2-2048x1439.jpg 2048w, https:\/\/www.hsu-hh.de\/hisfnz\/wp-content\/uploads\/sites\/835\/2023\/10\/gruppe2-1100x773.jpg 1100w\" sizes=\"auto, (max-width: 767px) 100vw, 767px\" \/><\/a><figcaption class=\"wp-element-caption\"><em>v. l.: Professorin <abbr title=\"Doktor\">Dr.<\/abbr> Jutta Nowosadtko, <abbr title=\"Doktor\">Dr.<\/abbr> Lars Leisner, <abbr title=\"Doktor\">Dr.<\/abbr> Philip Steiner, Soldatische Hilfskraft Kim Christian Jenike, Soldatische Hilfskraft Kamil Muratov, <abbr title=\"Doktor\">Dr.<\/abbr> des. Sabrina Fr\u00f6hlich und Soldatische Hilfskraft Paul Bergmannn.  <\/em><br><em>Es fehlt: Soldatische Hilfskraft Jeffrey Kosberg.<\/em><\/figcaption><\/figure>\n<\/div>\n\n\n<p>Allgemeine Anfragen an: <a href=\"mailto:fnz@hsu-hh.de\" target=\"_blank\" rel=\"noreferrer noopener\">fnz@hsu-hh.de<\/a><\/p>\n","protected":false},"excerpt":{"rendered":"<p>Prof. Dr. Jutta Nowosadtko Die Professur vertritt in Forschung und Lehre die europ\u00e4ische Geschichte mit besonderem Augenmerk auf dem Alten Reich vom sp\u00e4ten 15. bis zum beginnenden 19. Jahrhundert. Im [&hellip;]<\/p>\n","protected":false},"author":26,"featured_media":0,"parent":0,"menu_order":0,"comment_status":"closed","ping_status":"closed","template":"","meta":{"footnotes":""},"categories":[35],"tags":[],"class_list":["post-73","page","type-page","status-publish","hentry","category-startseite"],"_links":{"self":[{"href":"https:\/\/www.hsu-hh.de\/hisfnz\/wp-json\/wp\/v2\/pages\/73","targetHints":{"allow":["GET"]}}],"collection":[{"href":"https:\/\/www.hsu-hh.de\/hisfnz\/wp-json\/wp\/v2\/pages"}],"about":[{"href":"https:\/\/www.hsu-hh.de\/hisfnz\/wp-json\/wp\/v2\/types\/page"}],"author":[{"embeddable":true,"href":"https:\/\/www.hsu-hh.de\/hisfnz\/wp-json\/wp\/v2\/users\/26"}],"replies":[{"embeddable":true,"href":"https:\/\/www.hsu-hh.de\/hisfnz\/wp-json\/wp\/v2\/comments?post=73"}],"version-history":[{"count":10,"href":"https:\/\/www.hsu-hh.de\/hisfnz\/wp-json\/wp\/v2\/pages\/73\/revisions"}],"predecessor-version":[{"id":814,"href":"https:\/\/www.hsu-hh.de\/hisfnz\/wp-json\/wp\/v2\/pages\/73\/revisions\/814"}],"wp:attachment":[{"href":"https:\/\/www.hsu-hh.de\/hisfnz\/wp-json\/wp\/v2\/media?parent=73"}],"wp:term":[{"taxonomy":"category","embeddable":true,"href":"https:\/\/www.hsu-hh.de\/hisfnz\/wp-json\/wp\/v2\/categories?post=73"},{"taxonomy":"post_tag","embeddable":true,"href":"https:\/\/www.hsu-hh.de\/hisfnz\/wp-json\/wp\/v2\/tags?post=73"}],"curies":[{"name":"wp","href":"https:\/\/api.w.org\/{rel}","templated":true}]}}