{"id":699,"date":"2023-01-23T12:58:20","date_gmt":"2023-01-23T11:58:20","guid":{"rendered":"https:\/\/www.hsu-hh.de\/hisfnz\/?page_id=699"},"modified":"2024-06-05T09:35:42","modified_gmt":"2024-06-05T07:35:42","slug":"leisner","status":"publish","type":"page","link":"https:\/\/www.hsu-hh.de\/hisfnz\/mitarbeiter\/leisner\/","title":{"rendered":"Dr. Lars-Dieter Leisner"},"content":{"rendered":"<div class=\"ansprechparter-container\">\n<div class=\"row ansprechpartner-item ansprechparter-header\">\n<div class=\"col-xs-8 col-lg-12\">\n<h3 class=\"ansprechparter-headline\"><\/h3>\n<\/div>\n<div class=\"col-md-4 col-lg-3 col-xs-4 ansprechpartner-item floatright img-circle center-block\">\n<div class=\"img-responsive-wrapper\"><img loading=\"lazy\" decoding=\"async\" class=\"img-circle img-responsive center-block  alignnone wp-image-790 size-thumbnail\" src=\"https:\/\/www.hsu-hh.de\/hisfnz\/wp-content\/uploads\/sites\/835\/2023\/10\/Lars-Leisner-2-scaled-e1698328443150-150x150.jpg\" alt=\"\" width=\"150\" height=\"150\" data-credit=\"M. Stiebing\" srcset=\"https:\/\/www.hsu-hh.de\/hisfnz\/wp-content\/uploads\/sites\/835\/2023\/10\/Lars-Leisner-2-scaled-e1698328443150-150x150.jpg 150w, https:\/\/www.hsu-hh.de\/hisfnz\/wp-content\/uploads\/sites\/835\/2023\/10\/Lars-Leisner-2-scaled-e1698328443150-100x100.jpg 100w\" sizes=\"auto, (max-width: 150px) 100vw, 150px\" \/><\/div>\n<\/div>\n<div class=\"col-md-12 col-lg-3 col-xs-12 ansprechpartner-item kontakt floatright\">\n<div class=\"row\">\n<div class=\"col-xs-12 col-sm-6 col-lg-12\">\n<div class=\"row\">\n<div class=\"col-xs-12 col-lg-4 row-text bold\">Raum<\/div>\n<div class=\"col-xs-12 col-lg-8 row-text\">2011<\/div>\n<\/div>\n<\/div>\n<div class=\"col-xs-12 col-sm-6 col-lg-12\">\n<div class=\"row\">\n<div class=\"col-xs-12 col-lg-4 row-text bold\">Telefon<\/div>\n<div class=\"col-xs-12 col-lg-8 row-text\">(040) 6541-3367<\/div>\n<\/div>\n<\/div>\n<div class=\"col-xs-12 col-sm-6 col-lg-12\">\n<div class=\"row\">\n<div class=\"col-xs-12 col-md-12 row-text bold\">E-Mail<\/div>\n<div class=\"col-xs-12 col-md-12 row-text\"><a href=\"mailto:leisnerl@hsu-hh.de\" target=\"_blank\" rel=\"noopener\">leisnerl@hsu-hh.de<\/a><\/div>\n<\/div>\n<\/div>\n<\/div>\n<\/div>\n<div class=\"col-md-6 col-lg-3 col-xs-12 ansprechpartner-item anschrift floatright\">\n<div class=\"row-headline\">Besucheranschrift<\/div>\n<p>Helmut-Schmidt-Universit\u00e4t<br \/>\nGeb\u00e4ude H1<br \/>\nHolstenhofweg 85<br \/>\n22043 Hamburg<\/p>\n<p><strong>\u00a0<\/strong><\/p>\n<\/div>\n<div class=\"col-md-6 col-lg-3 col-xs-12 ansprechpartner-item anschrift floatright\">\n<div class=\"row-headline\">Postanschrift<\/div>\n<p>Helmut-Schmidt-Universit\u00e4t<br \/>\nFakult\u00e4t f\u00fcr Wirtschafts- und Sozialwissenschaften<br \/>\nPostfach 70 08 22<\/p>\n<\/div>\n<\/div>\n<\/div>\n<div class=\"clearfix\"><\/div>\n<h3>Curriculum Vitae<\/h3>\n<p>1985 in Bremerhaven (Deutschland) geboren<\/p>\n<h3>Wissenschaftlicher Werdegang<\/h3>\n<p>seit 2021<br \/>\nWissenschaftlicher Mitarbeiter (Postdoc) an der Professur f\u00fcr Geschichte der Fr\u00fchen Neuzeit, Helmut-Schmidt-Universit\u00e4t\/Universit\u00e4t der Bundeswehr Hamburg (<abbr title=\"Professor\">Prof.<\/abbr> <abbr title=\"Doktor\">Dr.<\/abbr> Jutta Nowosadtko)<\/p>\n<p>2015-2021<br \/>\nDoktorat der Geschichte an der Universit\u00e4t Wien, Dissertation zur Geschlechtergeschichte der vormodernen Diplomatie: \u201eDas Ehepaar als Arbeitspaar. Geschlechterrollen zwischen Hofgesellschaft und Staatsgesch\u00e4ften\u201c (Betreuerin: <abbr title=\"Professor\">Prof.<\/abbr> <abbr title=\"Doktor\">Dr.<\/abbr> Dorothea Nolde)<\/p>\n<p>2014-2015<br \/>\nWissenschaftlicher Mitarbeiter am Deutschen Schifffahrtsmuseum Bremerhaven (Werkvertrag)<\/p>\n<p>2010-2014<br \/>\nMasterstudium der Geschichte an der Universit\u00e4t Bremen, Masterarbeit im Rahmen eines Forschungsprojekts zur \u201eEnteignung und Entsch\u00e4digung der Juden in Bremen\u201c<\/p>\n<p>2007-2010<br \/>\nBachelorstudium der Geschichte (Hauptfach) und der Gender Studies (Nebenfach) an der Universit\u00e4t Bremen und der Universit\u00e4t Oldenburg<\/p>\n<h3>Stipendien<\/h3>\n<p>2019<br \/>\nPhD-Fellowship des Leibnitz-Instituts f\u00fcr Europ\u00e4ische Geschichte, Mainz<\/p>\n<p>2015-2018<br \/>\nPromotionsstipendium der Konrad-Adenauer-Stiftung<\/p>\n<p>2009-2014<br \/>\nStipendium der Studienstiftung des deutschen Volkes<\/p>\n<h3>Gremient\u00e4tigkeiten und Funktionen<\/h3>\n<p>seit 2023<br \/>\nSprecher des MittelbauKonvents des wissenschaftlichen Mittelbaus der Helmut-Schmidt-Universit\u00e4t, Hamburg<\/p>\n<p>seit 2023<br \/>\nstellvertr. Mittelbauvertreter (<abbr title=\"Geistes- und Sozialwissenschaften\">GeiSo<\/abbr>) im Senatsausschuss zur F\u00f6rderung von Chanchengleichheit der Helmut-Schmidt-Universit\u00e4t, Hamburg<\/p>\n<p>seit 2023<br \/>\nMittelbauvertreter (Fakult\u00e4t <abbr title=\"Geistes- und Sozialwissenschaften\">GeiSo<\/abbr>) im Akademischen Senat der Helmut-Schmidt-Universit\u00e4t, Hamburg<\/p>\n<p>2021-2022<br \/>\nMittelbauvertreter (Fakult\u00e4t <abbr title=\"Geistes- und Sozialwissenschaften\">GeiSo<\/abbr>) im Senatsausschuss f\u00fcr Forschung und wissenschaftlichen Nachwuchs der Helmut-Schmidt-Universit\u00e4t, Hamburg<\/p>\n<p>2016-2017<br \/>\nSprecher der Hochschulgruppe Wien der Konrad-Adenauer-Stiftung<\/p>\n<p>2010-2014<br \/>\nStipendiatensprecher der Hochschulgruppe Bremen-Oldenburg der Studienstiftung des deutschen Volkes<\/p>\n<h3>Mitgliedschaften<\/h3>\n<p>Verband der Historiker und Historikerinnen Deutschlands e.V. (VDH)<\/p>\n<p>Institut f\u00fcr die Erforschung der Fr\u00fchen Neuzeit, Wien (IEFN)<\/p>\n<h3>Forschungsschwerpunkte<\/h3>\n<ul>\n<li>Milit\u00e4rgeschichte des Alten Reiches<\/li>\n<li>J\u00fcdische Geschichte<\/li>\n<li>Wirtschaftsgeschichte<\/li>\n<li>Verwaltungsgeschichte<\/li>\n<li>Geschichte der Diplomatie und Au\u00dfenbeziehungen<\/li>\n<li>Geschlechtergeschichte<\/li>\n<\/ul>\n<h3>Publikationen<\/h3>\n<h3>Aufs\u00e4tze<\/h3>\n<p>(2018) Morbus Diplomaticus. Der kranke K\u00f6rper im Spiegel diplomatischer Selbstzeugnisse des sp\u00e4ten 17. Jahrhunderts, in: Fr\u00fchneuzeit-Info 29 (2018), S. 88-97.<\/p>\n<p>(2014) \u201aRecht im Unrecht\u2018. Die Behandlung des konnossementsverbrieften Umzugsguts in Bremen vor und nach 1945, in: Balcar, Jaromir (Hg.): Raub von Amts wegen. Zur Rolle von Verwaltung, Wirtschaft und \u00d6ffentlichkeit bei der Enteignung und Entsch\u00e4digung der Juden in Bremen, Bremen 2014, S. 211-272.<\/p>\n<p>(2014) Von Entrechteten zu Berechtigten? Die Restitution des Juden in Bremen entzogenen Umzugsguts aus der Perspektive der Opfer, in: Osterloh, J\u00f6rg, Wixforth, Harald (Hg.): Unternehmer und NS-Verbrechen. Wirtschaftseliten im \u201aDritten Reich\u2018 und der Bundesrepublik Deutschland, Frankfurt a. M., New York 2014, S. 87-107.<\/p>\n<h3>Rezensionen<\/h3>\n<p>(2015) Corina Bastian: Verhandeln in Briefen. Frauen in der h\u00f6fischen Diplomatie des fr\u00fchen 18. Jahrhunderts (Externa. Geschichte der Au\u00dfenbeziehungen in neuen Perspektiven, 4), K\u00f6ln u. a. 2013, in: Werkstatt Geschichte 71 (2015), S. 131-133.<\/p>\n","protected":false},"excerpt":{"rendered":"<p>Raum 2011 Telefon (040) 6541-3367 E-Mail leisnerl@hsu-hh.de Besucheranschrift Helmut-Schmidt-Universit\u00e4t Geb\u00e4ude H1 Holstenhofweg 85 22043 Hamburg \u00a0 Postanschrift Helmut-Schmidt-Universit\u00e4t Fakult\u00e4t f\u00fcr Wirtschafts- und Sozialwissenschaften Postfach 70 08 22 Curriculum Vitae 1985 [&hellip;]<\/p>\n","protected":false},"author":147,"featured_media":0,"parent":106,"menu_order":0,"comment_status":"closed","ping_status":"closed","template":"","meta":{"footnotes":""},"categories":[4],"tags":[],"class_list":["post-699","page","type-page","status-publish","hentry","category-forschung"],"_links":{"self":[{"href":"https:\/\/www.hsu-hh.de\/hisfnz\/wp-json\/wp\/v2\/pages\/699","targetHints":{"allow":["GET"]}}],"collection":[{"href":"https:\/\/www.hsu-hh.de\/hisfnz\/wp-json\/wp\/v2\/pages"}],"about":[{"href":"https:\/\/www.hsu-hh.de\/hisfnz\/wp-json\/wp\/v2\/types\/page"}],"author":[{"embeddable":true,"href":"https:\/\/www.hsu-hh.de\/hisfnz\/wp-json\/wp\/v2\/users\/147"}],"replies":[{"embeddable":true,"href":"https:\/\/www.hsu-hh.de\/hisfnz\/wp-json\/wp\/v2\/comments?post=699"}],"version-history":[{"count":20,"href":"https:\/\/www.hsu-hh.de\/hisfnz\/wp-json\/wp\/v2\/pages\/699\/revisions"}],"predecessor-version":[{"id":839,"href":"https:\/\/www.hsu-hh.de\/hisfnz\/wp-json\/wp\/v2\/pages\/699\/revisions\/839"}],"up":[{"embeddable":true,"href":"https:\/\/www.hsu-hh.de\/hisfnz\/wp-json\/wp\/v2\/pages\/106"}],"wp:attachment":[{"href":"https:\/\/www.hsu-hh.de\/hisfnz\/wp-json\/wp\/v2\/media?parent=699"}],"wp:term":[{"taxonomy":"category","embeddable":true,"href":"https:\/\/www.hsu-hh.de\/hisfnz\/wp-json\/wp\/v2\/categories?post=699"},{"taxonomy":"post_tag","embeddable":true,"href":"https:\/\/www.hsu-hh.de\/hisfnz\/wp-json\/wp\/v2\/tags?post=699"}],"curies":[{"name":"wp","href":"https:\/\/api.w.org\/{rel}","templated":true}]}}