{"id":631,"date":"2021-09-02T12:24:58","date_gmt":"2021-09-02T10:24:58","guid":{"rendered":"https:\/\/www.hsu-hh.de\/hisfnz\/?page_id=631"},"modified":"2025-01-22T12:00:39","modified_gmt":"2025-01-22T11:00:39","slug":"leonhardt","status":"publish","type":"page","link":"https:\/\/www.hsu-hh.de\/hisfnz\/en\/team\/leonhardt\/","title":{"rendered":"Christoph Leonhardt, M.A."},"content":{"rendered":"<div class=\"clearfix\"><\/div>\n<div class=\"ansprechparter-container\">\n<div class=\"row ansprechpartner-item ansprechparter-header\">\n<div class=\"col-md-4 col-lg-3 col-xs-4 ansprechpartner-item floatright img-circle center-block\">\n<div><\/div>\n<div><\/div>\n<div class=\"img-responsive-wrapper\"><img loading=\"lazy\" decoding=\"async\" class=\"img-circle img-responsive center-block  alignnone wp-image-855 size-thumbnail\" src=\"https:\/\/www.hsu-hh.de\/hisfnz\/wp-content\/uploads\/sites\/835\/2024\/10\/Leonhardt-1-150x150.jpg\" alt=\"\" width=\"150\" height=\"150\" data-credit=\"M. Stiebing\" srcset=\"https:\/\/www.hsu-hh.de\/hisfnz\/wp-content\/uploads\/sites\/835\/2024\/10\/Leonhardt-1-150x150.jpg 150w, https:\/\/www.hsu-hh.de\/hisfnz\/wp-content\/uploads\/sites\/835\/2024\/10\/Leonhardt-1-100x100.jpg 100w\" sizes=\"auto, (max-width: 150px) 100vw, 150px\" \/><\/div>\n<\/div>\n<div class=\"col-md-12 col-lg-3 col-xs-12 ansprechpartner-item kontakt floatright\">\n<div class=\"row\">\n<div class=\"col-xs-12 col-sm-6 col-lg-12\">\n<div class=\"row\">\n<div class=\"col-xs-12 col-lg-4 row-text bold\">Room<\/div>\n<div class=\"col-xs-12 col-lg-8 row-text\">2332<\/div>\n<\/div>\n<\/div>\n<div class=\"col-xs-12 col-sm-6 col-lg-12\">\n<div class=\"row\">\n<div class=\"col-xs-12 col-lg-4 row-text bold\">Phone<\/div>\n<div class=\"col-xs-12 col-lg-8 row-text\">(040) 6541-3422<\/div>\n<\/div>\n<\/div>\n<div class=\"col-xs-12 col-sm-6 col-lg-12\">\n<div class=\"row\">\n<div class=\"col-xs-12 col-md-12 row-text bold\">E-Mail<\/div>\n<p><a href=\"mailto:leonharc@hsu-hh.de\" target=\"_blank\" rel=\"noopener\">leonharc@hsu-hh.de<\/a><\/div>\n<\/div>\n<\/div>\n<\/div>\n<div class=\"col-md-6 col-lg-3 col-xs-12 ansprechpartner-item anschrift floatright\">\n<div class=\"row-headline\">Visitor address<\/div>\n<p>Helmut-Schmidt-University<br \/>\nbuilding H1<br \/>\nHolstenhofweg 85<br \/>\n22043 Hamburg<\/p>\n<p><strong>Office hours<br \/>\n<\/strong>by appointment<\/p>\n<\/div>\n<div class=\"col-md-6 col-lg-3 col-xs-12 ansprechpartner-item anschrift floatright\">\n<div class=\"row-headline\">Postal address<\/div>\n<p>Helmut-Schmidt-University<br \/>\nFaculty of Humanities and Social Sciences<br \/>\nEarly Modern History<br \/>\nP.O. Box 70 08 22<br \/>\n22008 Hamburg<\/p>\n<\/div>\n<\/div>\n<\/div>\n<div class=\"clearfix\"><\/div>\n<div><\/div>\n<div><\/div>\n<h3>Curriculum Vitae<\/h3>\n<p>2000\u00a0 born in Rostock<\/p>\n<h3>Wissenschaftlicher Werdegang<\/h3>\n<p>seit 2024<br \/>\nWissenschaftlicher Mitarbeiter an der Professur f\u00fcr Geschichte der Fr\u00fchen Neuzeit, Helmut-Schmidt-Universit\u00e4t\/Universit\u00e4t der Bundeswehr Hamburg<\/p>\n<p>2022-2024<br \/>\nMasterstudium der Mittleren und Neueren Geschichte an der Universit\u00e4t Leipzig und der Universit\u00e0 degli Studi di Milano<br \/>\nMasterarbeit: Kriegsunternehmertum in der Fr\u00fchen Neuzeit Eine biographische Spurensuche zu Peter Ernst II. von Mansfeld<\/p>\n<p>2019-2022<br \/>\nBachelorstudium der Geschichtswissenschaften an der Universit\u00e4t Leipzig und der Friedrich-Schiller-Universit\u00e4t Jena<br \/>\nBachelorarbeit: Frieden Schlie\u00dfen im Zeitalter der Kabinettskriege: Utrecht 1713 im Kontext<\/p>\n<h3>Forschungsschwerpunkte<\/h3>\n<ul>\n<li>Sozial- und Wirtschaftsgeschichte des Sp\u00e4ten Mittelalters und der Fr\u00fchen Neuzeit, Regional- und Landesgeschichte, Milit\u00e4rgeschichte, Unternehmensgeschichte<\/li>\n<\/ul>\n<h3>Aktuelle Forschungsprojekte<\/h3>\n<p>Kriegsunternehmertum in der Fr\u00fchen Neuzeit: Unternehmerische Handlungsfelder in Europ\u00e4ischer Perspektive (Promotionsprojekt, Universit\u00e4t Leipzig)<\/p>\n","protected":false},"excerpt":{"rendered":"<p>Room 2332 Phone (040) 6541-3422 E-Mail leonharc@hsu-hh.de Visitor address Helmut-Schmidt-University building H1 Holstenhofweg 85 22043 Hamburg Office hours by appointment Postal address Helmut-Schmidt-University Faculty of Humanities and Social Sciences Early [&hellip;]<\/p>\n","protected":false},"author":147,"featured_media":0,"parent":110,"menu_order":0,"comment_status":"closed","ping_status":"closed","template":"","meta":{"footnotes":""},"categories":[9],"tags":[],"class_list":["post-631","page","type-page","status-publish","hentry","category-team-en"],"_links":{"self":[{"href":"https:\/\/www.hsu-hh.de\/hisfnz\/wp-json\/wp\/v2\/pages\/631","targetHints":{"allow":["GET"]}}],"collection":[{"href":"https:\/\/www.hsu-hh.de\/hisfnz\/wp-json\/wp\/v2\/pages"}],"about":[{"href":"https:\/\/www.hsu-hh.de\/hisfnz\/wp-json\/wp\/v2\/types\/page"}],"author":[{"embeddable":true,"href":"https:\/\/www.hsu-hh.de\/hisfnz\/wp-json\/wp\/v2\/users\/147"}],"replies":[{"embeddable":true,"href":"https:\/\/www.hsu-hh.de\/hisfnz\/wp-json\/wp\/v2\/comments?post=631"}],"version-history":[{"count":26,"href":"https:\/\/www.hsu-hh.de\/hisfnz\/wp-json\/wp\/v2\/pages\/631\/revisions"}],"predecessor-version":[{"id":858,"href":"https:\/\/www.hsu-hh.de\/hisfnz\/wp-json\/wp\/v2\/pages\/631\/revisions\/858"}],"up":[{"embeddable":true,"href":"https:\/\/www.hsu-hh.de\/hisfnz\/wp-json\/wp\/v2\/pages\/110"}],"wp:attachment":[{"href":"https:\/\/www.hsu-hh.de\/hisfnz\/wp-json\/wp\/v2\/media?parent=631"}],"wp:term":[{"taxonomy":"category","embeddable":true,"href":"https:\/\/www.hsu-hh.de\/hisfnz\/wp-json\/wp\/v2\/categories?post=631"},{"taxonomy":"post_tag","embeddable":true,"href":"https:\/\/www.hsu-hh.de\/hisfnz\/wp-json\/wp\/v2\/tags?post=631"}],"curies":[{"name":"wp","href":"https:\/\/api.w.org\/{rel}","templated":true}]}}