{"id":471,"date":"2021-02-05T13:15:07","date_gmt":"2021-02-05T12:15:07","guid":{"rendered":"https:\/\/www.hsu-hh.de\/hisfnz\/?page_id=471"},"modified":"2021-02-09T09:20:48","modified_gmt":"2021-02-09T08:20:48","slug":"studienexkursion-nach-istanbul","status":"publish","type":"page","link":"https:\/\/www.hsu-hh.de\/hisfnz\/lehre\/studienexkursion-nach-istanbul\/","title":{"rendered":"Studienexkursion nach Istanbul"},"content":{"rendered":"<div>\n<div>\n<p><strong>Zum Ende des Fr\u00fchjahrstrimesters 2012 hat eine Studienreise vom 23. Juni bis zum 2. Juli 2012 mit 23 Teilnehmern nach Istanbul stattgefunden. Vorbereitend wurde eine Kooperations-Lehrveranstaltung mit dem Titel \u201eVon Konstantinopel bis nach Istanbul\u201c durchgef\u00fchrt, die die verschiedenen historischen Epochen der Stadt zum Thema hatten.<\/strong><\/p>\n<p>Die Exkursion wurde kooperativ von den Professuren der <span class=\"link-external\">Alten Geschichte<\/span> (<span class=\"highlightedGlossaryTerm\">Prof.<\/span> <span class=\"highlightedGlossaryTerm\">Dr.<\/span> Mei\u00dfner), der Mittelalterlichen Geschichte (<span class=\"highlightedGlossaryTerm\">Dr.<\/span> Deutschl\u00e4nder), der Geschichte der Fr\u00fchen Neuzeit (<span class=\"highlightedGlossaryTerm\">Prof.<\/span> <span class=\"highlightedGlossaryTerm\">Dr.<\/span> Nowosadtko), der Neueren Mittel- und Osteurop\u00e4ischen Geschichte (<span class=\"highlightedGlossaryTerm\">PD<\/span> <span class=\"highlightedGlossaryTerm\">Dr.<\/span> Penter) und der <span class=\"link-external\">Neueren Geschichte<\/span> (<span class=\"highlightedGlossaryTerm\">Dr.<\/span> Jonas) organisiert.<\/p>\n<p><img decoding=\"async\" class=\"image-inline\" title=\"Hagia Sophia\" src=\"https:\/\/web.hsu-hh.de\/fak\/geiso\/fach\/his-fnz\/forschung\/bilderistanb\/DSC_0091.JPG\/@@images\/0a316865-e35c-4a0f-bd2c-534b00d07ce0.jpeg\" alt=\"Hagia Sophia\" \/>\u00a0\u00a0\u00a0 <img decoding=\"async\" class=\"image-inline\" title=\"Bosporus\" src=\"https:\/\/web.hsu-hh.de\/fak\/geiso\/fach\/his-fnz\/forschung\/bilderistanb\/DSC_0247.JPG\/@@images\/3607ff30-60e8-4553-8f46-6d1c1b84d678.jpeg\" alt=\"Bosporus\" \/>\u00a0\u00a0\u00a0 <img decoding=\"async\" class=\"image-inline\" title=\"Arch\u00e4ologisches Museum\" src=\"https:\/\/web.hsu-hh.de\/fak\/geiso\/fach\/his-fnz\/forschung\/bilderistanb\/DSC_0566.JPG\/@@images\/dfb0313b-9cba-4ea7-bdeb-af05df2fd940.jpeg\" alt=\"Arch\u00e4ologisches Museum\" \/><\/p>\n<div id=\"content-core\">\n<div id=\"parent-fieldname-text-d24454f6c0c74e2d8db21c312fe4ecbf\" class=\"\">\n<p>Die Exkursion wurde von einem vielseitigen Programm begleitet und brachte den Teilnehmern die facettenreichen Seiten Istanbuls n\u00e4her. Die gesamte Reise wurde begleitet und bereichert von einem Istanbuler \u201eLocal\u201c, dessen Kenntnisse es erm\u00f6glichten, intensivere und touristenuntypische Einblicke in die t\u00fcrkische Gesellschaft zu gewinnen.<\/p>\n<p>Ein Programmpunkt besch\u00e4ftigte sich mit kulturellen Sehensw\u00fcrdigkeiten. Hier standen beispielsweise ein Besuch der Hagia Sophia, verschiedener Moscheen, des bunten Basar-Viertels, der Cisterna Basilica sowie des Dolmabahce- und Topkapi-Palastes auf dem Plan.<\/p>\n<p>Ein weiterer Aspekt des Veranstaltungsprogramms konzentrierte sich auf eine intensivere Erkundung einzelner Stadtteile, die u.a. auch von historischer Relevanz sind: Das lebendige Viertel Ortak\u00f6y befindet sich direkt am Bosporus, wo Moschee, Kirche und Synagoge nah beieinanderliegen. Das im 15. Jahrhundert erbaute Viertel Arnavutk\u00f6y (~ Dorf der Albaner) eignete sich gut, um die alte osmanische Architektur zu begutachten. Einen ganzen Tag lang widmete sich die Exkursionsgruppe dem asiatischen Teil Istanbuls: einer 20 Min\u00fctigen Fahrt mit der F\u00e4hre \u00fcber den Bosporus folgten interessante Spazierg\u00e4nge durch den Bezirk Kadik\u00f6y, der f\u00fcr sein weltoffenes und liberales Zusammenleben von Menschen unterschiedlichster Herkunft bekannt ist. Insbesondere Studenten und junge Menschen pr\u00e4gen hier das Stadtbild. Im Rahmen eines gef\u00fchrten Stadtteilrundgangs im Viertel Balat auf der historischen Halbinsel, fr\u00fcher haupts\u00e4chlich von Juden bewohnt, wurde ein traditionelles Hamam besucht. Die Hauptschlagader Istanbuls, die Istiklal Caddesi, die \u00fcber 3km vom gesch\u00e4ftigen Taksim-Platz bis zum etwas ruhigeren und kreativen Tunel-Platz f\u00fchrt, zeigt eher das rastlose sowie tag- und nachtaktive Leben der Istanbuler Stadtbewohner. In zahllosen Nebengassen und Passagen er\u00f6ffnen sich zahllose neue Welten.<\/p>\n<p>Im Rahmen der milit\u00e4rhistorischen Erkundung der Stadt wurde das Milit\u00e4rmuseum besucht, um Einblicke in die Kriegs- und Waffengeschichte zu erlangen. Hier konnte auch einem Auftritt der Mehter-Kapelle beigewohnt werden, die die traditionelle Musik der Janitscharen spielt und einst die Milit\u00e4r-Musikkapelle des Sultans war.<br \/>\nDie Bahcesehir Universit\u00e4t lud die Exkursionsgruppe zu einem Vortrag \u00fcber die milit\u00e4rischen Beziehungen zwischen Deutschland und dem Osmanischen Reich ein und sorgte freundlicherweise auch f\u00fcr ein gemeinsames Mittagessen.<\/p>\n<p>Ein interessanter Austausch hat zudem mit der Friedrich-Ebert-Stiftung in Istanbul stattgefunden, die die Exkursionsgruppe zu einem nachmitt\u00e4glichen Vortrag mit anschlie\u00dfender Diskussion eingeladen hatte. Ihr recht kontroverser Verlauf machte deutlich, in welchem Wandel sich die t\u00fcrkische Gesellschaft derzeit befindet.<\/p>\n<p>Ein Tagesausflug zu den Prinzeninseln im Marmarameer zeigte einerseits die historische sowie die derzeitige Relevanz der Inseln, andererseits erl\u00f6ste es die Gruppe f\u00fcr ein paar Stunden von dem hektischen Treiben der Stadt mit seinen zahlreichen Einfl\u00fcssen und sorgte f\u00fcr Entspannung.<\/p>\n<p>Regelm\u00e4\u00dfige, gemeinsame Mittag- oder Abendessen rundeten die Exkursion ab und gaben Einblicke in die kulinarsiche Kultur der T\u00fcrkei.<\/p>\n<\/div>\n<\/div>\n<\/div>\n<\/div>\n","protected":false},"excerpt":{"rendered":"<p>Zum Ende des Fr\u00fchjahrstrimesters 2012 hat eine Studienreise vom 23. Juni bis zum 2. Juli 2012 mit 23 Teilnehmern nach Istanbul stattgefunden. Vorbereitend wurde eine Kooperations-Lehrveranstaltung mit dem Titel \u201eVon [&hellip;]<\/p>\n","protected":false},"author":147,"featured_media":0,"parent":116,"menu_order":0,"comment_status":"closed","ping_status":"closed","template":"","meta":{"footnotes":""},"categories":[4],"tags":[],"class_list":["post-471","page","type-page","status-publish","hentry","category-forschung"],"_links":{"self":[{"href":"https:\/\/www.hsu-hh.de\/hisfnz\/wp-json\/wp\/v2\/pages\/471","targetHints":{"allow":["GET"]}}],"collection":[{"href":"https:\/\/www.hsu-hh.de\/hisfnz\/wp-json\/wp\/v2\/pages"}],"about":[{"href":"https:\/\/www.hsu-hh.de\/hisfnz\/wp-json\/wp\/v2\/types\/page"}],"author":[{"embeddable":true,"href":"https:\/\/www.hsu-hh.de\/hisfnz\/wp-json\/wp\/v2\/users\/147"}],"replies":[{"embeddable":true,"href":"https:\/\/www.hsu-hh.de\/hisfnz\/wp-json\/wp\/v2\/comments?post=471"}],"version-history":[{"count":4,"href":"https:\/\/www.hsu-hh.de\/hisfnz\/wp-json\/wp\/v2\/pages\/471\/revisions"}],"predecessor-version":[{"id":512,"href":"https:\/\/www.hsu-hh.de\/hisfnz\/wp-json\/wp\/v2\/pages\/471\/revisions\/512"}],"up":[{"embeddable":true,"href":"https:\/\/www.hsu-hh.de\/hisfnz\/wp-json\/wp\/v2\/pages\/116"}],"wp:attachment":[{"href":"https:\/\/www.hsu-hh.de\/hisfnz\/wp-json\/wp\/v2\/media?parent=471"}],"wp:term":[{"taxonomy":"category","embeddable":true,"href":"https:\/\/www.hsu-hh.de\/hisfnz\/wp-json\/wp\/v2\/categories?post=471"},{"taxonomy":"post_tag","embeddable":true,"href":"https:\/\/www.hsu-hh.de\/hisfnz\/wp-json\/wp\/v2\/tags?post=471"}],"curies":[{"name":"wp","href":"https:\/\/api.w.org\/{rel}","templated":true}]}}