{"id":417,"date":"2021-01-28T13:53:57","date_gmt":"2021-01-28T12:53:57","guid":{"rendered":"https:\/\/www.hsu-hh.de\/hisfnz\/?page_id=417"},"modified":"2021-01-28T13:54:37","modified_gmt":"2021-01-28T12:54:37","slug":"administration-logistik-und-infrastrukturen-des-krieges-in-der-fruehen-neuzeit","status":"publish","type":"page","link":"https:\/\/www.hsu-hh.de\/hisfnz\/forschung\/administration-logistik-und-infrastrukturen-des-krieges-in-der-fruehen-neuzeit\/","title":{"rendered":"Administration, Logistik und Infrastrukturen des Krieges in der Fr\u00fchen Neuzeit"},"content":{"rendered":"<div>\n<div>\n<p>Die Organisation und die Praktiken des fr\u00fchneuzeitlichen Milit\u00e4rs sind bis heute allenfalls Randgegenst\u00e4nde der Fr\u00fchneuzeitforschung geblieben. Zwar wurde seit dem 19. Jahrhundert die Verschr\u00e4nkung von fr\u00fchneuzeitlicher Staatsbildung und Milit\u00e4rverwaltung vielfach betont. Otto Hinzes These, dass die sich in der Vormoderne ausbildenden Beh\u00f6rdenstrukturen entweder unmittelbar milit\u00e4rischen Zwecken dienten oder der staatlichen Machtpolitik doch wenigstens verpflichtet waren, f\u00fchrte gleichwohl nicht dazu, dass sich an dieser Stelle ein eigenst\u00e4ndiges Untersuchungsfeld ausgebildet h\u00e4tte. Weder spielt die milit\u00e4rische Administration in der neueren Verwaltungsgeschichte der Fr\u00fchen Neuzeit eine besondere Rolle, noch besch\u00e4ftigen sich die gegenw\u00e4rtigen Arbeiten zum Verkehrswesen bzw. zur Entwicklung der kommunikativen (Infra-)Strukturen zwischen dem 16. und 19. Jahrhundert dezidiert mit Fragen nach kriegs- oder milit\u00e4rhistorischen Korrelationen. Selbst in der Milit\u00e4rgeschichte, zumal in der j\u00fcngeren, sozial- und kulturgeschichtlich ausgerichteten, findet man in der Regel lediglich Teilaspekte der Verzahnungen zwischen der Herausbildung der Stehenden Heere und Flotten in der Fr\u00fchen Neuzeit und Staatsbildungsprozessen behandelt. Und weil die Forschung, sofern sie sich \u00fcberhaupt mit fr\u00fchneuzeitlicher Milit\u00e4rverwaltung besch\u00e4ftigte, \u00fcblicherweise deren Organisation und Praktiken in Friedenszeiten betrachtete, geh\u00f6ren die auf die Kriegsf\u00fchrung bezogenen Bereiche der Logistik und Infrastrukturen zu den gr\u00f6\u00dften Forschungsdesideraten.<\/p>\n<p>An diese Debatte kn\u00fcpft das Projekte <em>Administration, Logistik und Infrastrukturen des Krieges in der Fr\u00fchen Neuzeit <\/em>an. Neben den Fragen nach Alternativen zu der nach wie vor recht traditionell gedachten Relation von Milit\u00e4r und \u201aStaat\u2018 bzw. der heuristischen Reichweite der \u00fcblichen Distinktion von Milit\u00e4r und \u201aZivilgesellschaft\u2018 in der Fr\u00fchen Neuzeit, ist beabsichtigt, dar\u00fcber zu reflektieren und zu diskutieren, was unter (Milit\u00e4r-) Verwaltung in der Vormoderne eigentlich genau zu verstehen ist. Durch praxisorientierte Beispiele milit\u00e4rischer Administration, der Kriegslogistik und der zeitgen\u00f6ssischen Kriegsinfrastrukturen des 16. bis 19. Jahrhunderts sollen die Prozesse der Institutionalisierung, der B\u00fcrokratisierung und Rationalisierung als eine Verflechtungsgeschichte erfasst werden. Ein weiteres Ziel des Projektes ist es, Impulse zur Auseinandersetzung mit den gesellschaftlichen Dynamiken milit\u00e4rischer Konflikte in der Fr\u00fchen Neuzeit beizusteuern, indem ein st\u00e4rkeres Augenmerk auf die ebenfalls noch wenig beleuchteten, von Mobilisierung und Demobilisierung gepr\u00e4gten \u00dcbergangsphasen von Krieg und Frieden gelegt wird. Schlie\u00dflich sollen Einsichten in die zeitgen\u00f6ssische Staatsbildung erm\u00f6glicht werden. Immerhin waren die im Zuge der \u201aModernisierung\u2019 des Milit\u00e4rs und der Kriegsf\u00fchrung entstehenden Funktionseliten, sprich die spezialisierten Verwaltungsbeamten, Controller, Juristen, Mediziner oder Postbedienten, ja nicht nur Produkte, sondern zugleich Triebkr\u00e4fte der sich im Verlauf der Fr\u00fchen Neuzeit verst\u00e4rkt in die staatlichen Strukturen integrierenden Milit\u00e4radministration.<\/p>\n<p>Ein erste Sondierung fand im Rahmen einer durch die <a href=\"https:\/\/www.fritz-thyssen-stiftung.de\/\" target=\"_blank\" rel=\"noopener noreferrer\">Fritz Thyssen Stiftung<\/a> gef\u00f6rderten Tagung statt. Eine Zusammenfassung der Tagungsergebnisse findet sich im <a href=\"http:\/\/portal-militaergeschichte.de\/node\/1917\" target=\"_blank\" rel=\"noopener noreferrer\">Portal Milit\u00e4rgeschichte<\/a> und die Beitr\u00e4ge sollen in \u00fcberarbeiteter Fassung in einem Sammelband erscheinen.<\/p>\n<\/div>\n<\/div>\n","protected":false},"excerpt":{"rendered":"<p>Die Organisation und die Praktiken des fr\u00fchneuzeitlichen Milit\u00e4rs sind bis heute allenfalls Randgegenst\u00e4nde der Fr\u00fchneuzeitforschung geblieben. Zwar wurde seit dem 19. Jahrhundert die Verschr\u00e4nkung von fr\u00fchneuzeitlicher Staatsbildung und Milit\u00e4rverwaltung vielfach [&hellip;]<\/p>\n","protected":false},"author":147,"featured_media":0,"parent":112,"menu_order":0,"comment_status":"closed","ping_status":"closed","template":"","meta":{"footnotes":""},"categories":[4],"tags":[],"class_list":["post-417","page","type-page","status-publish","hentry","category-forschung"],"_links":{"self":[{"href":"https:\/\/www.hsu-hh.de\/hisfnz\/wp-json\/wp\/v2\/pages\/417","targetHints":{"allow":["GET"]}}],"collection":[{"href":"https:\/\/www.hsu-hh.de\/hisfnz\/wp-json\/wp\/v2\/pages"}],"about":[{"href":"https:\/\/www.hsu-hh.de\/hisfnz\/wp-json\/wp\/v2\/types\/page"}],"author":[{"embeddable":true,"href":"https:\/\/www.hsu-hh.de\/hisfnz\/wp-json\/wp\/v2\/users\/147"}],"replies":[{"embeddable":true,"href":"https:\/\/www.hsu-hh.de\/hisfnz\/wp-json\/wp\/v2\/comments?post=417"}],"version-history":[{"count":2,"href":"https:\/\/www.hsu-hh.de\/hisfnz\/wp-json\/wp\/v2\/pages\/417\/revisions"}],"predecessor-version":[{"id":419,"href":"https:\/\/www.hsu-hh.de\/hisfnz\/wp-json\/wp\/v2\/pages\/417\/revisions\/419"}],"up":[{"embeddable":true,"href":"https:\/\/www.hsu-hh.de\/hisfnz\/wp-json\/wp\/v2\/pages\/112"}],"wp:attachment":[{"href":"https:\/\/www.hsu-hh.de\/hisfnz\/wp-json\/wp\/v2\/media?parent=417"}],"wp:term":[{"taxonomy":"category","embeddable":true,"href":"https:\/\/www.hsu-hh.de\/hisfnz\/wp-json\/wp\/v2\/categories?post=417"},{"taxonomy":"post_tag","embeddable":true,"href":"https:\/\/www.hsu-hh.de\/hisfnz\/wp-json\/wp\/v2\/tags?post=417"}],"curies":[{"name":"wp","href":"https:\/\/api.w.org\/{rel}","templated":true}]}}