{"id":409,"date":"2021-01-26T11:18:45","date_gmt":"2021-01-26T10:18:45","guid":{"rendered":"https:\/\/www.hsu-hh.de\/hisfnz\/?page_id=409"},"modified":"2021-01-28T14:05:00","modified_gmt":"2021-01-28T13:05:00","slug":"militar-medizin-und-gesellschaft-in-der-fruhen-neuzeit","status":"publish","type":"page","link":"https:\/\/www.hsu-hh.de\/hisfnz\/forschung\/militar-medizin-und-gesellschaft-in-der-fruhen-neuzeit\/","title":{"rendered":"Milit\u00e4r, Medizin und Gesellschaft in der Fr\u00fchen Neuzeit"},"content":{"rendered":"<div>\n<div>\n<h3>Dr. Sebastian Pranghofer<\/h3>\n<p>Die Untersuchung des Milit\u00e4rmedizinalwesens in der Fr\u00fchen Neuzeit erlaubt es, sich grundlegend mit der Rolle des Milit\u00e4rs in Staat und Gesellschaft zu befassen. Neuere Forschungen, vor allem zu Westeuropa und Nordamerika sowie die Quellen\u00fcberlieferung und Literatur zu Preu\u00dfen, Hannover und anderen Territorien im Reich legen nahe, dass dem Milit\u00e4rmedizinalwesen sowohl operationell als auch bei der Herausbildung eines modernen Gesundheitswesens eine wichtige Rolle zukam (<a href=\"https:\/\/utpjournals.press\/doi\/10.3138\/cjh.ach.51.3.001\" target=\"_blank\" rel=\"noopener noreferrer\">Pranghofer 2016<\/a>). Zudem war der Milit\u00e4rdienst f\u00fcr viele fr\u00fchneuzeitliche \u00c4rzten und Chirurgen ein wichtiger Schritt auf\u00a0 ihrem Karriereweg. Ziel des Projektes ist es, die gesellschaftliche Rolle des Milit\u00e4rs bei der Herausbildung von staatlichen Institutionen und neuer Formen des Zugriffs auf die Bev\u00f6lkerung im 18. Jahrhundert exemplarisch nachzuvollziehen (<a href=\"https:\/\/manchesteruniversitypress.co.uk\/9781526135162\/\" target=\"_blank\" rel=\"noopener noreferrer\">Pranghofer 2018<\/a>).<\/p>\n<p>Diesem Anspruch steht ein fest etablierter Topos in der milit\u00e4rgeschichtlichen Literatur gegen\u00fcber, nachdem das Medizinalwesen f\u00fcr die Armeen des Alten Reichs eine geringe milit\u00e4rische Bedeutung hatte. Diese Einsch\u00e4tzung basiert jedoch im Wesentlichen auf Arbeiten aus dem 19. und fr\u00fchen 20. Jahrhundert. Sie beschreiben vor dem Hintergrund der im 19. Jahrhundert entstandenen Sanit\u00e4tskorps das Milit\u00e4rmedizinalwesen des 17. und 18. Jahrhunderts als schlecht organisiert und ineffizient. In keiner anderen Institution der Fr\u00fchen Neuzeit jedoch hatten \u00c4rzte und Chirurgen mit einer derart gro\u00dfen Zahl an Kranken und Verwundeten zu tun wie in den Milit\u00e4rlazaretten. Zur systematischen Erfassung der Patienten und ihrer Leiden war ein ausgefeiltes Berichtssystem wichtig. Es wurden nicht nur die Patienten mit ihren Krankheiten quantitativ erfasst, sondern auch Krankheitsverlauf und die Behandlungsmethoden aufgezeichnet (<a href=\"https:\/\/manchesteruniversitypress.co.uk\/9781526135162\/\" target=\"_blank\" rel=\"noopener noreferrer\">Pranghofer 2021<\/a>). In Kriegszeiten waren diese Unterlagen die Voraussetzung f\u00fcr das Funktionieren der oft an wechselnden Orten eingerichteten Feldlazarette. Auf ihrer Grundlage wurden nicht nur Diagnosen und Behandlungen von Patienten standardisiert, sondern auch Prognosen \u00fcber die zu erwartende Zahl an Rekonvaleszenten gemacht, wodurch das Milit\u00e4rmedizinalwesen auch eine operationale Bedeutung erlangte.<\/p>\n<\/div>\n<\/div>\n","protected":false},"excerpt":{"rendered":"<p>Dr. Sebastian Pranghofer Die Untersuchung des Milit\u00e4rmedizinalwesens in der Fr\u00fchen Neuzeit erlaubt es, sich grundlegend mit der Rolle des Milit\u00e4rs in Staat und Gesellschaft zu befassen. Neuere Forschungen, vor allem [&hellip;]<\/p>\n","protected":false},"author":147,"featured_media":0,"parent":112,"menu_order":0,"comment_status":"closed","ping_status":"closed","template":"","meta":{"footnotes":""},"categories":[4],"tags":[],"class_list":["post-409","page","type-page","status-publish","hentry","category-forschung"],"_links":{"self":[{"href":"https:\/\/www.hsu-hh.de\/hisfnz\/wp-json\/wp\/v2\/pages\/409","targetHints":{"allow":["GET"]}}],"collection":[{"href":"https:\/\/www.hsu-hh.de\/hisfnz\/wp-json\/wp\/v2\/pages"}],"about":[{"href":"https:\/\/www.hsu-hh.de\/hisfnz\/wp-json\/wp\/v2\/types\/page"}],"author":[{"embeddable":true,"href":"https:\/\/www.hsu-hh.de\/hisfnz\/wp-json\/wp\/v2\/users\/147"}],"replies":[{"embeddable":true,"href":"https:\/\/www.hsu-hh.de\/hisfnz\/wp-json\/wp\/v2\/comments?post=409"}],"version-history":[{"count":2,"href":"https:\/\/www.hsu-hh.de\/hisfnz\/wp-json\/wp\/v2\/pages\/409\/revisions"}],"predecessor-version":[{"id":426,"href":"https:\/\/www.hsu-hh.de\/hisfnz\/wp-json\/wp\/v2\/pages\/409\/revisions\/426"}],"up":[{"embeddable":true,"href":"https:\/\/www.hsu-hh.de\/hisfnz\/wp-json\/wp\/v2\/pages\/112"}],"wp:attachment":[{"href":"https:\/\/www.hsu-hh.de\/hisfnz\/wp-json\/wp\/v2\/media?parent=409"}],"wp:term":[{"taxonomy":"category","embeddable":true,"href":"https:\/\/www.hsu-hh.de\/hisfnz\/wp-json\/wp\/v2\/categories?post=409"},{"taxonomy":"post_tag","embeddable":true,"href":"https:\/\/www.hsu-hh.de\/hisfnz\/wp-json\/wp\/v2\/tags?post=409"}],"curies":[{"name":"wp","href":"https:\/\/api.w.org\/{rel}","templated":true}]}}