{"id":383,"date":"2021-01-22T12:45:07","date_gmt":"2021-01-22T11:45:07","guid":{"rendered":"https:\/\/www.hsu-hh.de\/hisfnz\/?page_id=383"},"modified":"2023-02-24T11:03:02","modified_gmt":"2023-02-24T10:03:02","slug":"todt","status":"publish","type":"page","link":"https:\/\/www.hsu-hh.de\/hisfnz\/mitarbeiter\/todt\/","title":{"rendered":"Dr. Sabine Todt"},"content":{"rendered":"<div>\n<div>\n<div>\n<div>\n<div>\n<div>\n<div>\n<div>\n<div>\n<div>\n<div>\n<div>\n<div>\n<div>\n<div>\n<div>\n<div>\n<div>\n<div>\n<div>\n<div class=\"clearfix\"><\/div>\n<div class=\"ansprechparter-container\">\n<div class=\"row ansprechpartner-item ansprechparter-header\">\n<div class=\"col-xs-8 col-lg-12\">\n<h3 class=\"ansprechparter-headline\"><\/h3>\n<\/div>\n<div class=\"col-md-4 col-lg-3 col-xs-4 ansprechpartner-item floatright img-circle center-block\">\n<div class=\"img-responsive-wrapper\"><img loading=\"lazy\" decoding=\"async\" class=\"img-circle img-responsive center-block  alignnone wp-image-385 size-full\" src=\"https:\/\/www.hsu-hh.de\/hisfnz\/wp-content\/uploads\/sites\/835\/2021\/01\/ST-e1611315026554.jpeg\" alt=\" \" width=\"150\" height=\"150\" data-credit=\"\" srcset=\"https:\/\/www.hsu-hh.de\/hisfnz\/wp-content\/uploads\/sites\/835\/2021\/01\/ST-e1611315026554.jpeg 150w, https:\/\/www.hsu-hh.de\/hisfnz\/wp-content\/uploads\/sites\/835\/2021\/01\/ST-e1611315026554-100x100.jpeg 100w\" sizes=\"auto, (max-width: 150px) 100vw, 150px\" \/><\/div>\n<\/div>\n<div class=\"col-md-12 col-lg-3 col-xs-12 ansprechpartner-item kontakt floatright\">\n<div class=\"row\">\n<div class=\"col-xs-12 col-sm-6 col-lg-12\">\n<div class=\"row\">\n<div class=\"col-xs-12 col-lg-4 row-text bold\"><strong>Raum:<\/strong><\/div>\n<div class=\"col-xs-12 col-lg-8 row-text\">AA 0430<\/div>\n<\/div>\n<\/div>\n<div class=\"col-xs-12 col-sm-6 col-lg-12\">\n<div class=\"row\">\n<div class=\"col-xs-12 col-lg-4 row-text bold\"><strong>Telefon:<\/strong><\/div>\n<div class=\"col-xs-12 col-lg-8 row-text\"><span id=\"parent-fieldname-phone-d0ab2239de40414ca813f27e27d5d145\" class=\"\"> +49 (0)541 969 7303 <\/span><\/div>\n<\/div>\n<\/div>\n<div class=\"col-xs-12 col-sm-6 col-lg-12\">\n<div class=\"row\">\n<div class=\"col-xs-12 col-md-12 row-text bold\"><strong>E-Mail:<\/strong><\/div>\n<div class=\"col-xs-12 col-md-12 row-text\"><a href=\"mailto:s.todt@hs-osnabrueck.de\" target=\"_blank\" rel=\"noopener noreferrer\">s.todt@hs-osnabrueck.de<\/a><\/div>\n<\/div>\n<\/div>\n<\/div>\n<\/div>\n<div class=\"col-md-6 col-lg-3 col-xs-12 ansprechpartner-item anschrift floatright\">\n<div class=\"row-headline\">Besucheranschrift:<\/div>\nHochschule Osnabr\u00fcck\nAlbrechtstrasse 30\n49076 Osnabr\u00fcck\n\n<\/div>\n<div class=\"col-md-6 col-lg-3 col-xs-12 ansprechpartner-item anschrift floatright\">\n<div class=\"row-headline\">Postanschrift<\/div>\nBerufungsbeauftragte\nGB Personalmanagement\nHochschule Osnabr\u00fcck\nUniversity of Applied Sciences\nAlbrechtstr. 30\n49076 Osnabr\u00fcck\n\n<\/div>\n<\/div>\n<\/div>\n<div class=\"clearfix\"><\/div>\n\n<h3>Curriculum Vitae<\/h3>\n<ul>\n \t<li>24.4.1968\ngeboren in Hannover, verheiratet, 2 Kinder (geb. 1999, 2004)<\/li>\n \t<li>1987\nAbitur<\/li>\n \t<li>1987-1995\nStudium der Rechtswissenschaft, Politischen Wissenschaft, Sozial- und Wirtschaftsgeschichte, Iranistik, Kunstgeschichte, Kirchengeschichte, Volkskunde an den Universit\u00e4ten Passau und Hamburg<\/li>\n \t<li>1992-1994\nStudentische Mitarbeiterin in der museumsp\u00e4dagogischen Abteilung des Museums am Kiekeberg, Hamburg<\/li>\n \t<li>1994-1995\nStudentische Mitarbeiterin im Institut f\u00fcr Sozial- und Wirtschaftsgeschichte, Hamburg, bei <abbr title=\"Professor\">Prof.<\/abbr> <abbr title=\"Doktor\">Dr.<\/abbr> Hans-J\u00fcrgen Goertz<\/li>\n \t<li>1995\nAbschluss als Magistra Artium im Hauptfach Sozial- und Wirtschaftsgeschichte, \u00d6ffentliches Recht und Politische Wissenschaft als Nebenf\u00e4cher in Hamburg mit der Note 1,0 &#8222;Ausgezeichnet&#8220;; Titel der Magisterarbeit: &#8222;Stee auff \/ dein glaub hatt dich selig gemacht.&#8220; Andreas Bodenstein von Karlstadt und der Prototyp reformatorischer Bewegungen. Bei <abbr title=\"Professor\">Prof.<\/abbr> <abbr title=\"Doktor\">Dr.<\/abbr> Hans-J\u00fcrgen Goertz<\/li>\n \t<li>1995-1996\nAuslandsaufenthalt in Israel<\/li>\n \t<li>1997-1999\nGraduiertenstipendiatin der Universit\u00e4t Hamburg<\/li>\n \t<li>2001-2006\nWissenschaftliche Mitarbeiterin und Lehrbeauftragte im Institut f\u00fcr Sozial- und Wirtschaftsgeschichte und im Historischen Seminar, Hamburg<\/li>\n \t<li>2001-2004\nStellvertretende Gleichstellungsbeauftragte Fachbereich Sozialwissenschaften, Hamburg<\/li>\n \t<li>2004\nPromotion mit der Note &#8222;magna cum laude&#8220;. Betreuer: <abbr title=\"Professor\">Prof.<\/abbr> <abbr title=\"Doktor\">Dr.<\/abbr> Franklin Kopitzsch, <abbr title=\"Professor\">Prof.<\/abbr> <abbr title=\"Doktor\">Dr.<\/abbr> Arno Herzig; Titel der Dissertation: Kleruskritik, Fr\u00f6mmigkeit und Kommunikation in Worms im Mittelalter und in der Reformation (in der Reihe &#8222;Beitr\u00e4ge zur Wirtschafts- und Sozialgeschichte, <abbr title=\"Band\">Bd.<\/abbr> 103, Franz Steiner Verlag, Stuttgart 2005)<\/li>\n \t<li>2007-2008\nWissenschaftliche Hilfskraft in der <abbr title=\"Helmut Schmidt Universit\u00e4t\">HSU<\/abbr><\/li>\n \t<li>2008-2016\nWissenschaftliche Mitarbeiterin<\/li>\n \t<li>2009-2016\nGleichstellungsbeauftragte der Helmut-Schmidt-Universit\u00e4t \/ Universit\u00e4t der Bundeswehrseit 2012\nWissenschaftlicher Mitarbeiter an der Professur f\u00fcr Geschichte der Fr\u00fchen Neuzeit, Helmut-Schmidt-Universit\u00e4t\/Universit\u00e4t der Bundeswehr Hamburg<\/li>\n \t<li>Seit 2016\nBerufungsbeauftragte an der Hochschule Osnabr\u00fcck<\/li>\n<\/ul>\n<strong>\u00a0<\/strong>\n<h2><strong>Laufende Projekte<\/strong><\/h2>\nDas Herbarium von Lorenz Heister (17. \/ 18. Jahrhundert): Digitalisierung und Auswertung\nFinanzplatz Altona im 18. und 19. Jahrhundert (Habilitationsprojekt)\n\n\n\n<h3>Forschungsprojekte<\/h3>\n\nDas Herbarium von Lorenz Heister (17.\/18. Jahrhundert) (Todt)\n\nFinanzplatz Altona im 18. und 19. Jahrhundert (Todt)\n\n\n\n<h3>Publikationen<\/h3>\n<h2>Monographien\/Herausgeberschaft<\/h2>\n<ul>\n \t<li>Kleruskritik, Fr\u00f6mmigkeit und Reformation in Worms im Mittelalter und in der Reformation (Beitr\u00e4ge zur Wirtschafts- und Sozialgeschichte 103), Stuttgart 2005.<\/li>\n \t<li>Piraterie von der Antike bis zur Gegenwart, Stuttgart 2012, herausgegeben zusammen mit Volker Grieb.<\/li>\n<\/ul>\n<h2>Aufs\u00e4tze<\/h2>\n<ul>\n \t<li>Kontroversen der Forschung. Ein Disput \u00fcber Einheit und Vielfalt der Reformation, in: Mennonitische Geschichtsbl\u00e4tter 53, 1996, S. 111-121.<\/li>\n \t<li>\u00c4u\u00dferes und Inneres Wort in den fr\u00fchen Flugschriften des Andreas Bodenstein von Karlstadt. Das Bild vom Laien, in: Ulrich Bubenheimer \/ Stefan Oehmig (Hg.): Querdenker der Reformation &#8211; Andreas Bodenstein von Karlstadt und seine fr\u00fche Wirkung, W\u00fcrzburg 2001, S. 111-134.<\/li>\n \t<li>Geschlecht und Kommunikation als Untersuchungskategorien in der Sozial- und Wirtschaftsgeschichte. Das Beispiel der Monster- und Wunderdarstellungen auf Bildflugbl\u00e4ttern in der Fr\u00fchen Neuzeit, in: Scripta Mercaturae 37, 2003, S. 34-55.<\/li>\n \t<li>&#8222;auch w\u00fcnschen, die immer Feinde der Priester waren, nichts sehnlicher als die Ausrottung des Klerus&#8220;. Die Darstellung der fr\u00fchen reformatorischen Durchsetzungsprozesse in Worms als Kommunikationsproze\u00df, in: Der Wormsgau 23, 2004, S. 45-76.<\/li>\n \t<li>&#8222;Wissen und Aufkl\u00e4rung ist der beste Schutz gegen Gefahr&#8220;. Gesundheitspolitik und -f\u00fcrsorge in Hamburg im sp\u00e4ten 19. und fr\u00fchen 20. Jahrhundert, in: Elisabeth von D\u00fccker \/ Museum der Arbeit, Hamburg (Hg.): Sexarbeit. Prostitution &#8211; Lebenswelten und Mythen, Bremen 2005, S. 174-178.<\/li>\n \t<li>&#8222;Vnd das es ist die warheyt blosz&#8220; &#8211; Wissensdiskurse in der fr\u00fchen Reformation. Der Drucker Peter Sch\u00f6ffer und die T\u00e4ufer in Worms, in: Mennonitische Geschichtsbl\u00e4tter 62, 2005, S. 21-50.<\/li>\n \t<li>Der Himmel- und H\u00f6llenwagen des Reformators Andreas Bodenstein von Karlstadt und seine Bedeutung f\u00fcr die fr\u00fchneuzeitlichen Kommunikationsprozesse, in: Rudolf W. Keck \/ Sabine Kirk (Hg.): Bildungs- und kulturgeschichtliche Bildforschung. Tagungsergebnisse &#8211; Erschlie\u00dfungshorizonte, Baltmannsweiler 2006, S. 108-123.<\/li>\n \t<li>Das fr\u00fchneuzeitliche Druckgewerbe: Die kommunikative Verbreitung von Wissen durch Druckereiwerkst\u00e4tten und wandernde Drucker, in: Burghart Schmidt (Hg.): Von der Geschichte zur Gegenwart und Zukunft: Mittelst\u00e4ndische Wirtschaft, Handwerk und Kultur im baltischen Raum, Hamburg 2006, S. 153-177.<\/li>\n \t<li>Die Bedeutung des Anti-Onanie-Diskurses f\u00fcr die Volksaufkl\u00e4rung im 18. und fr\u00fchen 19. Jahrhundert, in: Holger B\u00f6ning \/ Reinhart Siegert \/ Hanno Schmitt (Hg.): Volksaufkl\u00e4rung. Eine praktische Reformbewegung des 18. und 19. Jahrhunderts, Bremen 2006, S. 237-260.<\/li>\n \t<li>&#8222;Linguistic turn&#8220; in der Geschichtswissenschaft, in: Hans-J\u00fcrgen Goertz (Hg.): Geschichte. Ein Grundkurs, Reinbek 2007, S, 178-198.<\/li>\n \t<li>&#8222;Seine erstorbenen Augen verkannten alle Gegenst\u00e4nde, die um ihn waren&#8220;. Das Tabu der Onanie und die Bedeutung von Wissen im 18. und 19. Jahrhundert, in: Ute Frietsch (Hg.): Geschlecht als Tabu. Orte, Dynamiken und Funktionen der De\/Thematisierung von Geschlecht, Bielefeld 2007, S. 217-230.<\/li>\n \t<li>Das Eigene und das Fremde. Oder: Was verbindet Edmund Husserl mit der Venus, dem Lymphgef\u00e4\u00dfmann, Jesus und Sting? In: Birgit Steinke \/ Sabine Todt (Hg.): &#8222;Was du erforschet, hast du mit erlebt&#8220;. Alternative Festschrift f\u00fcr <span class=\"highlightedGlossaryTerm\"><abbr title=\"Professor\">Prof.<\/abbr><\/span> <span class=\"highlightedGlossaryTerm\"><abbr title=\"Doktor\">Dr.<\/abbr><\/span> Franklin Kopitzsch zum 60. Geburtstag, Hamburg 2007, S. 108-131.<\/li>\n \t<li>&#8222;Na, denn Gott lof!&#8220;. Die Darstellung der Mennoniten in Hamburg und Altona vom 16. bis zum 20. Jahrhundert als regionale Elite. In: M. Asche \/ M. Stickler \/ M. Denzel (Hg.): Religi\u00f6se und konfessionelle Minderheiten als wirtschaftliche und geistige Eliten (16. bis fr\u00fches 20. Jahrhundert), St. Katharinen 2009, S. 329-369.<\/li>\n \t<li>Onanisten, Lymphgef\u00e4\u00dfmann und Anatomische Venus. K\u00f6rperkonstruktionen im 18. und fr\u00fchen 19. Jahrhundert, in: HMRG 21 (2008), S. 130-152.<\/li>\n \t<li>Die Artikel \u201eGemeindereformation\u201c, \u201eWormser Propheten\u201c, \u201eFlugschriften\u201c f\u00fcr das Mennonitische Lexikon (<span class=\"link-external\"><a href=\"http:\/\/www.mennlex.de\" target=\"_blank\" rel=\"noopener noreferrer\">www.mennlex.de<\/a><\/span>), 2012.<\/li>\n \t<li>K\u00f6rperkonstruktionen in Zedlers Universallexikon. S\u00e4fte, Maschine und Sexuali\u00e4t, in: Die gesammelte Welt. Studien zu Zedlers \u201eUniversal-Lexicon\u201c, hrsg. v. Kai Lohstr\u00e4ter \/ Flemming Schock, Wiesbaden 2013, S. 73-92.<\/li>\n \t<li>&#8218;Der gute rothe Wein und reine Luft waren immer die sichersten Heilmittel und werden es auch bleiben.&#8216; Krieg und Medizin in der Fr\u00fchen Neuzeit&#8220;, in: Michael Jonas, Ulrich Lappenk\u00fcper und Oliver von Wrochem (Hgg.): Dynamiken der Gewalt. Krieg im Spannungsfeld von Politik, Ideologie und Gesellschaft, Paderborn 2015, S. 27-45.<\/li>\n \t<li>&#8218;Stee auff\/ dein glaub hat dich selig gemacht&#8216;. Reformation und radikalreformatorische Bewegungen als Einheit, in: Armin Kohnle u. Manfred Rudersdorf (Hg.): Die Reformation. F\u00fcrsten &#8211; H\u00f6fe &#8211; R\u00e4ume. Stuttgart 2017, S. 379-399.<\/li>\n<\/ul>\n<h2>Rezensionen \/ Tagungsberichte<\/h2>\n<ul>\n \t<li>Volkmar Joestel, Ostth\u00fcringen und Karlstadt, Berlin 1996, in: Mennonitische Geschichtsbl\u00e4tter 53, 1996, S. 126-129.<\/li>\n \t<li>Peter Matheson, The Rhetoric of the Reformation, Edinburgh 1998, in: Mennonitische Geschichtsbl\u00e4tter 58, 2001, S. 181-183. Gerold B\u00f6nnen \/ Burkard Keilmann (Hg.), Der Wormser Bischof Johann von Dalberg (1482-1503) und seine Zeit, Mainz 2005, in: Rheinische Vierteljahrsbl\u00e4tter 71, 2007, S. 362-364.<\/li>\n \t<li>J\u00fcrgen Trabant, Sprache der Geschichte, M\u00fcnchen 2005, in: HSozKult 2008 (http:\/\/hsozkult.geschichte.hu-berlin.de\/rezensionen\/2008-1-172 ). Tagungsber.: 44. und 45. B\u00fcdinger Gespr\u00e4che: Religi\u00f6se Minderheiten als wirtschaftliche und geistige Eliten, in: HSozKult 2008 (http:\/\/hsozkult.geschichte.hu-berlin.de\/tagungsberichte\/id=1911 ). Auch in: HMRG 20 (2007), S. 238-245.<\/li>\n \t<li>Tagungsber.: 46. B\u00fcdinger Gespr\u00e4che: K\u00fcnstler als Elite, in: HSozKult 2008 (http:\/\/hsozkult.geschichte.hu-berlin.de\/tagungsberichte\/id=2259&amp;count=11&amp;recno=1&amp;sort=datum&amp;order=down&amp;search=Todt ). In ver\u00e4nderter Form auch erschienen in: Historische Mitteilungen der Ranke Gesellschaft, <abbr title=\"Band\">Bd.<\/abbr> 21 (2008), S. 273-275.<\/li>\n<\/ul>\n\n\n\n\n<\/div>\n<\/div>\n<\/div>\n<\/div>\n<\/div>\n<\/div>\n<\/div>\n<\/div>\n<\/div>\n<\/div>\n<\/div>\n<\/div>\n<\/div>\n<\/div>\n<\/div>\n<\/div>\n<\/div>\n<\/div>\n\n\n<\/div>\n<\/div><!-- \/wp:post-content -->","protected":false},"excerpt":{"rendered":"<p>Raum: AA 0430 Telefon: +49 (0)541 969 7303 E-Mail: s.todt@hs-osnabrueck.de Besucheranschrift: Hochschule Osnabr\u00fcck Albrechtstrasse 30 49076 Osnabr\u00fcck Postanschrift Berufungsbeauftragte GB Personalmanagement Hochschule Osnabr\u00fcck University of Applied Sciences Albrechtstr. 30 49076 [&hellip;]<\/p>\n","protected":false},"author":147,"featured_media":0,"parent":106,"menu_order":0,"comment_status":"closed","ping_status":"closed","template":"","meta":{"footnotes":""},"categories":[8],"tags":[],"class_list":["post-383","page","type-page","status-publish","hentry","category-team"],"_links":{"self":[{"href":"https:\/\/www.hsu-hh.de\/hisfnz\/wp-json\/wp\/v2\/pages\/383","targetHints":{"allow":["GET"]}}],"collection":[{"href":"https:\/\/www.hsu-hh.de\/hisfnz\/wp-json\/wp\/v2\/pages"}],"about":[{"href":"https:\/\/www.hsu-hh.de\/hisfnz\/wp-json\/wp\/v2\/types\/page"}],"author":[{"embeddable":true,"href":"https:\/\/www.hsu-hh.de\/hisfnz\/wp-json\/wp\/v2\/users\/147"}],"replies":[{"embeddable":true,"href":"https:\/\/www.hsu-hh.de\/hisfnz\/wp-json\/wp\/v2\/comments?post=383"}],"version-history":[{"count":15,"href":"https:\/\/www.hsu-hh.de\/hisfnz\/wp-json\/wp\/v2\/pages\/383\/revisions"}],"predecessor-version":[{"id":748,"href":"https:\/\/www.hsu-hh.de\/hisfnz\/wp-json\/wp\/v2\/pages\/383\/revisions\/748"}],"up":[{"embeddable":true,"href":"https:\/\/www.hsu-hh.de\/hisfnz\/wp-json\/wp\/v2\/pages\/106"}],"wp:attachment":[{"href":"https:\/\/www.hsu-hh.de\/hisfnz\/wp-json\/wp\/v2\/media?parent=383"}],"wp:term":[{"taxonomy":"category","embeddable":true,"href":"https:\/\/www.hsu-hh.de\/hisfnz\/wp-json\/wp\/v2\/categories?post=383"},{"taxonomy":"post_tag","embeddable":true,"href":"https:\/\/www.hsu-hh.de\/hisfnz\/wp-json\/wp\/v2\/tags?post=383"}],"curies":[{"name":"wp","href":"https:\/\/api.w.org\/{rel}","templated":true}]}}