{"id":246,"date":"2020-12-09T15:44:27","date_gmt":"2020-12-09T14:44:27","guid":{"rendered":"https:\/\/www.hsu-hh.de\/hisfnz\/?page_id=246"},"modified":"2021-09-02T10:53:39","modified_gmt":"2021-09-02T08:53:39","slug":"kennaway","status":"publish","type":"page","link":"https:\/\/www.hsu-hh.de\/hisfnz\/mitarbeiter\/kennaway\/","title":{"rendered":"Dr. James Kennaway, MA, PhD"},"content":{"rendered":"<div>\n<div>\n<div class=\"clearfix\"><\/div>\n<div class=\"ansprechparter-container\">\n<div class=\"row ansprechpartner-item ansprechparter-header\">\n<div class=\"col-xs-8 col-lg-12\" style=\"margin-bottom: 30px\">\n<div class=\"mobile-small\"><\/div>\n<\/div>\n<div class=\"col-md-4 col-lg-3 col-xs-4 ansprechpartner-item floatright img-circle center-block\" style=\"margin-bottom: 30px\">\n<div class=\"img-responsive-wrapper\"><img decoding=\"async\" class=\"img-circle img-responsive center-block\" src=\"\/wp-content\/themes\/hsu\/img\/dummy\/dummy_ansprechpartner.png\" alt=\"\" \/><\/div>\n<\/div>\n<div class=\"col-md-12 col-lg-3 col-xs-12 ansprechpartner-item kontakt floatright\" style=\"margin-bottom: 30px\">\n<div class=\"row\">\n<div class=\"col-xs-12 col-sm-6 col-lg-12\">\n<div class=\"row\"><\/div>\n<\/div>\n<div class=\"col-xs-12 col-sm-6 col-lg-12\">\n<div class=\"row\">\n<div class=\"col-xs-12 col-md-12 row-text bold\">E-Mail:<\/div>\n<div class=\"col-xs-12 col-md-12 row-text\"><a href=\"mailto:kennawaj@hsu-hh.de\" target=\"_blank\" rel=\"noopener noreferrer\">kennawaj@hsu-hh.de<\/a><\/div>\n<\/div>\n<\/div>\n<\/div>\n<\/div>\n<div class=\"col-md-6 col-lg-3 col-xs-12 ansprechpartner-item anschrift floatright\">\n<div class=\"row-headline\"><\/div>\n<\/div>\n<div class=\"col-md-6 col-lg-3 col-xs-12 ansprechpartner-item anschrift floatright\">\n<div class=\"row-headline\">Postanschrift<\/div>\n<p>Helmut-Schmidt-Universit\u00e4t<br \/>\nFakult\u00e4t f\u00fcr Geistes- und Sozialwissenschaften<br \/>\nProfessur f\u00fcr Geschichte der Fr\u00fchen Neuzeit<br \/>\nPostfach 70 08 22<br \/>\n22008 Hamburg<\/p>\n<\/div>\n<\/div>\n<\/div>\n<div class=\"clearfix\"><\/div>\n<p>Dr. James Kennaway ist Medizinhistoriker und Senior Research Fellow im Projekt <a href=\"http:\/\/www.surgeryandemotion.com\/\" target=\"_blank\" rel=\"noopener noreferrer\">Surgery and Emotion <\/a> an der University of Roehampton (London). Zuvor hat er unter anderem an den Universit\u00e4ten Oxford, Durham und Wien gearbeitet. Sein Haupinteresse liegt auf den Wechselbeziehungen von Medizin und Kultur, so in seinem Buch <a href=\"https:\/\/www.routledge.com\/Bad-Vibrations-The-History-of-the-Idea-of-Music-as-a-Cause-of-Disease\/Kennaway\/p\/book\/9781138249141\" target=\"_blank\" rel=\"noopener noreferrer\">Bad Vibrations: The History of the Idea of Music as a Cause of Disease<\/a>. Derzeit schlie\u00dft er ein Buchmanuskript ab \u00fcber Vorstellungen vom Zusammenhang von Rasse und Tapferkeit in der britischen Milit\u00e4rmedizin im 19. Jahrhundert.<\/p>\n<\/div>\n<\/div>\n","protected":false},"excerpt":{"rendered":"<p>E-Mail: kennawaj@hsu-hh.de Postanschrift Helmut-Schmidt-Universit\u00e4t Fakult\u00e4t f\u00fcr Geistes- und Sozialwissenschaften Professur f\u00fcr Geschichte der Fr\u00fchen Neuzeit Postfach 70 08 22 22008 Hamburg Dr. James Kennaway ist Medizinhistoriker und Senior Research Fellow [&hellip;]<\/p>\n","protected":false},"author":147,"featured_media":0,"parent":106,"menu_order":0,"comment_status":"closed","ping_status":"closed","template":"","meta":{"footnotes":""},"categories":[8],"tags":[],"class_list":["post-246","page","type-page","status-publish","hentry","category-team"],"_links":{"self":[{"href":"https:\/\/www.hsu-hh.de\/hisfnz\/wp-json\/wp\/v2\/pages\/246","targetHints":{"allow":["GET"]}}],"collection":[{"href":"https:\/\/www.hsu-hh.de\/hisfnz\/wp-json\/wp\/v2\/pages"}],"about":[{"href":"https:\/\/www.hsu-hh.de\/hisfnz\/wp-json\/wp\/v2\/types\/page"}],"author":[{"embeddable":true,"href":"https:\/\/www.hsu-hh.de\/hisfnz\/wp-json\/wp\/v2\/users\/147"}],"replies":[{"embeddable":true,"href":"https:\/\/www.hsu-hh.de\/hisfnz\/wp-json\/wp\/v2\/comments?post=246"}],"version-history":[{"count":10,"href":"https:\/\/www.hsu-hh.de\/hisfnz\/wp-json\/wp\/v2\/pages\/246\/revisions"}],"predecessor-version":[{"id":614,"href":"https:\/\/www.hsu-hh.de\/hisfnz\/wp-json\/wp\/v2\/pages\/246\/revisions\/614"}],"up":[{"embeddable":true,"href":"https:\/\/www.hsu-hh.de\/hisfnz\/wp-json\/wp\/v2\/pages\/106"}],"wp:attachment":[{"href":"https:\/\/www.hsu-hh.de\/hisfnz\/wp-json\/wp\/v2\/media?parent=246"}],"wp:term":[{"taxonomy":"category","embeddable":true,"href":"https:\/\/www.hsu-hh.de\/hisfnz\/wp-json\/wp\/v2\/categories?post=246"},{"taxonomy":"post_tag","embeddable":true,"href":"https:\/\/www.hsu-hh.de\/hisfnz\/wp-json\/wp\/v2\/tags?post=246"}],"curies":[{"name":"wp","href":"https:\/\/api.w.org\/{rel}","templated":true}]}}