{"id":202,"date":"2020-12-09T14:26:01","date_gmt":"2020-12-09T13:26:01","guid":{"rendered":"https:\/\/www.hsu-hh.de\/hisfnz\/?page_id=202"},"modified":"2025-02-11T14:28:34","modified_gmt":"2025-02-11T13:28:34","slug":"froehlich","status":"publish","type":"page","link":"https:\/\/www.hsu-hh.de\/hisfnz\/mitarbeiter\/froehlich\/","title":{"rendered":"Dr. Sabrina Fr\u00f6hlich"},"content":{"rendered":"\n\n<script type=\"application\/ld+json\">[{\"@context\": \"https:\/\/www.schema.org\",\"@type\": \"Person\",\"name\": \"   \",\"worksFor\": [{\t\"@type\": \"Organization\",\t\"name\": \"Helmut-Schmidt-Universit\u00e4t\",\t\"url\": \"https:\/\/www.hsu-hh.de\"\t, \"department\": {\"@type\": \"Organization\",\t\t\t\t\t\"name\": \"Professur f\u00fcr Geschichte der Fr\u00fchen Neuzeit\",\t\t\t\t\t\"location\": {\t\t\t\t\t\t\"@type\": \"PostalAddress\",\t\t\t\t\t\t\"addressLocality\": \"\",        \t\t\t\t\"postalCode\": \"22043\",        \t\t\t\t\"streetAddress\": \"Holstenhofweg 85 , Geb\u00e4ude H1\"\t\t\t\t\t}},\t\"location\": {\t\t\"@type\": \"PostalAddress\",    \t\"addressLocality\": \"\",    \t\"postalCode\": \"22008\",    \t\"postOfficeBoxNumber\": \"700822\"\t}   }],\"image\": \"https:\/\/www.hsu-hh.de\/hisfnz\/wp-content\/uploads\/sites\/835\/2020\/12\/SF-scaled-e1607522937755-150x150.jpg\",\"telephone\": \"+49 (0)406541-2365\",\"faxNumber\": \"\",\"email\": \"froehlis@hsu-hh.de\"}]<\/script><div class=\"clearfix\"><\/div><div class=\"ansprechparter-container \" style=\"margin-top:1em; \"><div class=\"row ansprechpartner-item ansprechparter-header\" ><div class=\"col-xs-8 col-lg-12\" style=\"margin-bottom: 30px;\"><h3 class=\"ansprechparter-headline\">   <\/h3><\/div><\/div><div class=\"col-md-4 col-lg-3 col-xs-4 ansprechpartner-item floatright img-circle center-block\" style=\"margin-bottom: 30px;\"><div class=\"img-responsive-wrapper\"><img decoding=\"async\" src=\"https:\/\/www.hsu-hh.de\/hisfnz\/wp-content\/uploads\/sites\/835\/2020\/12\/SF-scaled-e1607522937755-150x150.jpg\" alt=\"  \" class=\"img-circle img-responsive center-block\" \/><\/div><\/div><div class=\"col-md-12 col-lg-3 col-xs-12 ansprechpartner-item kontakt floatright\" style=\"margin-bottom: 30px; \"><div class=\"row\"><div class=\"col-xs-12 col-sm-6 col-lg-12\"><div class=\"row\"><div class=\"col-xs-4 col-lg-4 row-text bold\" >Raum:<\/div><div class=\" row-text\">2307<\/div><\/div><\/div><div class=\"col-xs-12 col-sm-6 col-lg-12\"><div class=\"row\"><div class=\"col-xs-4 col-lg-4 row-text bold\">Telefon:<\/div><div class=\" row-text\">+49 (0)406541-2365<\/div><\/div><\/div><div class=\"col-xs-12 col-sm-6 col-lg-12\"><div class=\"row\"><div class=\"col-xs-4 col-lg-4 row-text bold\">E-Mail:<\/div><div class=\"row-text\" style=\"overflow:hidden; word-break: break-word\"><a href=\"mailto:froehlis@hsu-hh.de\" rel=\"nofollow\">froehlis@hsu-hh.de<\/a><\/div><\/div><\/div><\/div><\/div><div class=\"col-md-6 col-lg-3 col-xs-12 ansprechpartner-item anschrift floatright\" ><div class=\"row-headline\">Besucheranschrift<\/div><div class=\"dataBesucheranschrift\" style=\"\"><div class=\"row-text\">Helmut-Schmidt-Universit\u00e4t<\/div><div class=\"row-text\">Geb\u00e4ude H1<\/div><div class=\"row-text\">Holstenhofweg 85<\/div><div class=\"row-text\">22043 Hamburg<\/div><\/div><\/div><div class=\"col-md-6 col-lg-3 col-xs-12 ansprechpartner-item anschrift floatright\"><div class=\"row-headline\">Postanschrift<\/div><div class=\"dataPostanschrift\" style=\"\"><div class=\"row-text\">Helmut-Schmidt-Universit\u00e4t<\/div><div class=\"row-text\">Fakult\u00e4t f\u00fcr Geistes- und Sozialwissenschaften<\/div><div class=\"row-text\">Professur f\u00fcr Geschichte der Fr\u00fchen Neuzeit<\/div><div class=\"row-text\">Postfach 70 08 22<\/div><div class=\"row-text\">22008 Hamburg<\/div><\/div><\/div><\/div><div class=\"clearfix\"><\/div>\n\n<p><br \/><h3>Curriculum Vitae<\/h3><\/p>\n<ul>\n<li>\n<p>Januar 2023<br \/>Erfolgreich abgeschlossene Disputation der Promotion &#8222;The Hidden Jewel in Britain&#8217;s Military Crown&#8220; &#8211; die Royal Gunpowder Mills Waltham Abbey und ihre Fachkr\u00e4fte 1787 bis 1815<\/p>\n<p>Ver\u00f6ffentlichung ist in Vorbereitung. Voraussichtlich 2024.<\/p>\n<\/li>\n<li>seit 2018 <br \/>Wissenschaftliche Mitarbeiterin an der Professur f\u00fcr Geschichte der Fr\u00fchen Neuzeit, Helmut-Schmidt-Universit\u00e4t\/Universit\u00e4t der Bundeswehr Hamburg<\/li>\n<li>2016-2019 <br \/>Wissenschaftliche Mitarbeiterin im Programmmodul \u201e\u00d6ffentliche Infrastrukturen: Sichtbarkeit und Unsichtbarkeit\u201c des Sonderforschungsbereich 1187 \u201eMedien der Kooperation\u201c, Universit\u00e4t Siegen<\/li>\n<li>2013-2015 <br \/>Externe Doktorandin, Universit\u00e4t Potsdam<\/li>\n<li>2011-2013 <br \/>Master Neuere Geschichte, Heinrich-Heine-Universit\u00e4t D\u00fcsseldorf<\/li>\n<li>2010-2016 <br \/>Feste freie Journalistin, Rhein-Zeitung, Lokalredaktion Betzdorf<\/li>\n<li>2008-2011 <br \/>Bachelor Geschichte und Sozialwissenschaften, Universit\u00e4t Siegen<\/li>\n<\/ul>\n<p><strong>Forschungsschwerpunkte<\/strong><br \/>Schie\u00dfpulver, Krieg- und Kriegswesen in der Fr\u00fchen Neuzeit, England<\/p>\n<p><br \/><h3>Forschungsprojekte<\/h3><\/p>\n<p>Ein (Staats-)Unternehmen in der Fr\u00fchindustralisierung. Die Royal Gunpowder Mills Waltham Abbey 1787-1815 (Fr\u00f6hlich)<\/p>\n<p><br \/><h3>Publikationen<\/h3><\/p>\n<p><strong>Rezensionen<\/strong><\/p>\n<div id=\"details-0-5\" class=\"panel-collapse in\">\n<div class=\"panel-body\">\n<p>Sabrina Fr\u00f6hlich, Rezension zu: <span class=\"mainEntity\"><i>Droste, Stefan: <\/i><i>Offensive Engines. Projektemacher und Milit\u00e4rtechnik im langen 18. Jahrhundert. <\/i><i> Stuttgart<\/i><i> 2022<\/i> , <abbr title=\"International Standard Book Number\">ISBN<\/abbr> 978-3-515-13242-8<\/span>, In: H-Soz-Kult, 19.12.2023. <a href=\"http:\/\/www.hsozkult.de\/publicationreview\/id\/reb-136464\" target=\"_blank\" rel=\"noopener\">www.hsozkult.de\/publicationreview\/id\/reb-136464<\/a><\/p>\n<p><br \/><\/p>\n<\/div>\n<\/div>","protected":false},"excerpt":{"rendered":"<p>Curriculum Vitae Januar 2023Erfolgreich abgeschlossene Disputation der Promotion &#8222;The Hidden Jewel in Britain&#8217;s Military Crown&#8220; &#8211; die Royal Gunpowder Mills Waltham Abbey und ihre Fachkr\u00e4fte 1787 bis 1815 Ver\u00f6ffentlichung ist [&hellip;]<\/p>\n","protected":false},"author":147,"featured_media":0,"parent":106,"menu_order":0,"comment_status":"closed","ping_status":"closed","template":"","meta":{"footnotes":""},"categories":[4],"tags":[],"class_list":["post-202","page","type-page","status-publish","hentry","category-forschung"],"_links":{"self":[{"href":"https:\/\/www.hsu-hh.de\/hisfnz\/wp-json\/wp\/v2\/pages\/202","targetHints":{"allow":["GET"]}}],"collection":[{"href":"https:\/\/www.hsu-hh.de\/hisfnz\/wp-json\/wp\/v2\/pages"}],"about":[{"href":"https:\/\/www.hsu-hh.de\/hisfnz\/wp-json\/wp\/v2\/types\/page"}],"author":[{"embeddable":true,"href":"https:\/\/www.hsu-hh.de\/hisfnz\/wp-json\/wp\/v2\/users\/147"}],"replies":[{"embeddable":true,"href":"https:\/\/www.hsu-hh.de\/hisfnz\/wp-json\/wp\/v2\/comments?post=202"}],"version-history":[{"count":37,"href":"https:\/\/www.hsu-hh.de\/hisfnz\/wp-json\/wp\/v2\/pages\/202\/revisions"}],"predecessor-version":[{"id":891,"href":"https:\/\/www.hsu-hh.de\/hisfnz\/wp-json\/wp\/v2\/pages\/202\/revisions\/891"}],"up":[{"embeddable":true,"href":"https:\/\/www.hsu-hh.de\/hisfnz\/wp-json\/wp\/v2\/pages\/106"}],"wp:attachment":[{"href":"https:\/\/www.hsu-hh.de\/hisfnz\/wp-json\/wp\/v2\/media?parent=202"}],"wp:term":[{"taxonomy":"category","embeddable":true,"href":"https:\/\/www.hsu-hh.de\/hisfnz\/wp-json\/wp\/v2\/categories?post=202"},{"taxonomy":"post_tag","embeddable":true,"href":"https:\/\/www.hsu-hh.de\/hisfnz\/wp-json\/wp\/v2\/tags?post=202"}],"curies":[{"name":"wp","href":"https:\/\/api.w.org\/{rel}","templated":true}]}}