{"id":162,"date":"2020-12-04T13:01:16","date_gmt":"2020-12-04T12:01:16","guid":{"rendered":"https:\/\/www.hsu-hh.de\/hisfnz\/?page_id=162"},"modified":"2023-02-24T11:04:31","modified_gmt":"2023-02-24T10:04:31","slug":"pranghofer","status":"publish","type":"page","link":"https:\/\/www.hsu-hh.de\/hisfnz\/mitarbeiter\/pranghofer\/","title":{"rendered":"Dr. Sebastian Pranghofer, M.A., PhD"},"content":{"rendered":"<div>\n<div>\n<div>\n<div>\n<div>\n<div>\n<div>\n<div>\n<div>\n<div>\n<div>\n<div>\n<div>\n<div>\n<div>\n<div>\n<div>\n<div>\n<div>\n<div>\n<div>\n<div>\n<div class=\"clearfix\">\u00a0<\/div>\n<div class=\"ansprechparter-container\">\n<div class=\"row ansprechpartner-item ansprechparter-header\">\n<div class=\"col-xs-8 col-lg-12\">\n<h3 class=\"ansprechparter-headline\">\u00a0<\/h3>\n<\/div>\n<div class=\"col-md-4 col-lg-3 col-xs-4 ansprechpartner-item floatright img-circle center-block\">\n<div class=\"img-responsive-wrapper\"><img loading=\"lazy\" decoding=\"async\" class=\"img-circle img-responsive center-block  alignnone wp-image-146 size-thumbnail\" src=\"https:\/\/www.hsu-hh.de\/hisfnz\/wp-content\/uploads\/sites\/835\/2020\/12\/SP-150x150.jpeg\" alt=\" \" width=\"150\" height=\"150\" data-credit=\"\" srcset=\"https:\/\/www.hsu-hh.de\/hisfnz\/wp-content\/uploads\/sites\/835\/2020\/12\/SP-150x150.jpeg 150w, https:\/\/www.hsu-hh.de\/hisfnz\/wp-content\/uploads\/sites\/835\/2020\/12\/SP-100x100.jpeg 100w\" sizes=\"auto, (max-width: 150px) 100vw, 150px\" \/><\/div>\n<\/div>\n<div class=\"col-md-12 col-lg-3 col-xs-12 ansprechpartner-item kontakt floatright\">\n<div class=\"row\">\n<div class=\"col-xs-12 col-sm-6 col-lg-12\">\n<div class=\"row\">\n<div class=\"col-xs-12 col-lg-4 row-text bold\">\u00a0<\/div>\n<div class=\"col-xs-12 col-lg-8 row-text\">\u00a0<\/div>\n<\/div>\n<\/div>\n<div class=\"col-xs-12 col-sm-6 col-lg-12\">\n<div class=\"row\">\n<div class=\"col-xs-12 col-lg-4 row-text bold\"><strong>Telefon:<\/strong><\/div>\n<div class=\"col-xs-12 col-lg-8 row-text\">(040) 6541-2365<\/div>\n<\/div>\n<\/div>\n<div class=\"col-xs-12 col-sm-6 col-lg-12\">\n<div class=\"row\">\n<div class=\"col-xs-12 col-md-12 row-text bold\"><strong>E-Mail:<\/strong><\/div>\n<div class=\"col-xs-12 col-md-12 row-text\"><strong><a href=\"mailto:pranghos@hsu-hh.de\" target=\"_blank\" rel=\"noopener noreferrer\">pranghos@hsu-hh.de<\/a><\/strong><\/div>\n<\/div>\n<\/div>\n<\/div>\n<\/div>\n<div class=\"col-md-6 col-lg-3 col-xs-12 ansprechpartner-item anschrift floatright\">\n<div class=\"row-headline\">\u00a0<\/div>\n<\/div>\n<div class=\"col-md-6 col-lg-3 col-xs-12 ansprechpartner-item anschrift floatright\">\n<div class=\"row-headline\">Postanschrift<\/div>\n<p>Helmut-Schmidt-Universit\u00e4t<br \/>Fakult\u00e4t f\u00fcr Geistes- und Sozialwissenschaften<br \/>Professur f\u00fcr Geschichte der Fr\u00fchen Neuzeit<br \/>Postfach 70 08 22<\/p>\n<\/div>\n<\/div>\n<\/div>\n<div class=\"clearfix\">\u00a0<\/div>\n<p><br \/><h3>Curriculum Vitae<\/h3><\/p>\n<ul>\n<li>seit September 2021 <br \/>Wissenschaftlicher Mitarbeiter in der <a href=\"https:\/\/www.gwlb.de\/ueber_uns\/Abteilungen\/handschriften.htm\" target=\"_blank\" rel=\"noopener\">Abteilung Handschriften und Alte Drucke der Gottfried Wilhelm Leibniz Bibliothek<\/a> &#8211; Nieders\u00e4chsische Landesbibliothek Hannover<\/li>\n<li>2012-2021<br \/>Wissenschaftlicher Mitarbeiter an der Professur f\u00fcr Geschichte der Fr\u00fchen Neuzeit, Helmut-Schmidt-Universit\u00e4t\/Universit\u00e4t der Bundeswehr Hamburg<\/li>\n<li>2004-2011 <br \/>Wissenschaftlicher Mitarbeiter am Centre for the History of Medicine and Disease und Promotion an der Durham University, UK, mit einer Arbeit \u00fcber <a href=\"http:\/\/etheses.dur.ac.uk\/834\/2\/Pranghofer_PhD_2011.pdf\" target=\"_blank\" rel=\"noopener noreferrer\">Visual Representation and the Human Body in Early Modern Anatomy<\/a> bei <abbr title=\"Professor\">Prof.<\/abbr> <abbr title=\"Doktor\">Dr.<\/abbr> Holger Maehle und <abbr title=\"Doktor\">Dr.<\/abbr> Lutz Sauerteig<\/li>\n<li>2003-2004<br \/>Sekretariatsvertretung am Institut f\u00fcr Sozial- und Wirtschaftsgeschichte, Universit\u00e4t Hamburg<\/li>\n<li>2003<br \/>Magister in Sozial- und Wirtschaftsgeschichte, Mittlere und Neuere Geschichte und Kunstgeschichte an der Universit\u00e4t Hamburg mit einer Arbeit \u00fcber Der menschliche K\u00f6rper in fr\u00fchneuzeitlichen Bildquellen am Beispiel von Darstellungen anatomischer Sektionen bei <abbr title=\"Professor\">Prof.<\/abbr> <abbr title=\"Doktor\">Dr.<\/abbr> Hans-J\u00fcrgen Goertz<\/li>\n<li>2002-2003<br \/>Studentische Hilfskraft am Historischen Seminar, Universit\u00e4t Hamburg<\/li>\n<li>2000-2002<br \/>Studentische Hilfskraft am Fachbereich Sozialwissenschaften, Universit\u00e4t Hamburg<\/li>\n<li>1996-2003<br \/>Magisterstudium Sozial- und Wirtschaftsgeschichte, Mittlere und Neuere Geschichte und Kunstgeschichte, Universit\u00e4t Hamburg<\/li>\n<li>1994-1996<br \/>Studium Lehramt\/Magister Englisch und Geschichte, Universit\u00e4t Passau<\/li>\n<li>1993-1994<br \/>Zivildienst bei der Arbeiterwohlfahrt, Kreisverband Passau<\/li>\n<li>1993<br \/>Abitur am Adalbert-Stifter-Gymnasium Passau<\/li>\n<\/ul>\n<p><\/p>\n<h3>Forschungsinteressen<\/h3>\n<ul>\n<li>Medizingeschichte<\/li>\n<li>Milit\u00e4rgeschichte<\/li>\n<li>K\u00f6rpergeschichte<\/li>\n<li>Verwaltungsgeschichte<\/li>\n<\/ul>\n<p><\/p>\n<h3>Forschungsprojekte<\/h3>\n<p class=\"entry-title\"><a href=\"https:\/\/www.hsu-hh.de\/hisfnz\/forschung\/administration-logistik-und-infrastrukturen-des-krieges-in-der-fruehen-neuzeit\/\">Administration, Logistik und Infrastrukturen des Krieges in der Fr\u00fchen Neuzeit (Nowosadtko\/Lohstr\u00e4ter\/Pranghofer)<\/a><\/p>\n<p><a href=\"https:\/\/www.hsu-hh.de\/hisfnz\/forschung\/archivalische-und-administrative-praxis-im-fruehneuzeitlichen-militaer-der-nachlass-des-hannoverschen-generalkriegskommissars-thomas-eberhard-von-ilten-1685-1758\/\" target=\"_blank\" rel=\"noopener noreferrer\">Archivalische und administrative Praxis im fr\u00fchneuzeitlichen Milit\u00e4r: Der Nachlass des hannoverschen Generalkriegskommissars Thomas Eberhard von Ilten (1685-1758) (Nowosadtko\/Pranghofer)<\/a><\/p>\n<p><a href=\"https:\/\/www.hsu-hh.de\/hisfnz\/forschung\/militar-medizin-und-gesellschaft-in-der-fruhen-neuzeit\/\">Milit\u00e4r, Medizin und Gesellschaft in der Fr\u00fchen Neuzeit (Pranghofer)<\/a><\/p>\n<p><\/p>\n<h3>Publikationen<\/h3>\n<p><strong>ORCID ID: <\/strong><a href=\"https:\/\/orcid.org\/0000-0001-5577-7245\" target=\"_blank\" rel=\"noopener noreferrer\">https:\/\/orcid.org\/0000-0001-5577-7245<\/a><\/p>\n<p><strong>ACADEMIA.EDU: <\/strong><a href=\"https:\/\/hsu-hh.academia.edu\/SebastianPranghofer\" target=\"_blank\" rel=\"noopener noreferrer\">https:\/\/hsu-hh.academia.edu\/SebastianPranghofer<\/a><\/p>\n<p><\/p>\n<p><\/p>\n<\/div>\n<\/div>\n<\/div>\n<\/div>\n<\/div>\n<\/div>\n<\/div>\n<\/div>\n<\/div>\n<\/div>\n<\/div>\n<\/div>\n<\/div>\n<\/div>\n<\/div>\n<\/div>\n<\/div>\n<\/div>\n<\/div>\n<\/div>\n<\/div>\n<\/div>\n\n\n<p><\/p>\n","protected":false},"excerpt":{"rendered":"<p>\u00a0 \u00a0 \u00a0 \u00a0 Telefon: (040) 6541-2365 E-Mail: pranghos@hsu-hh.de \u00a0 Postanschrift Helmut-Schmidt-Universit\u00e4tFakult\u00e4t f\u00fcr Geistes- und SozialwissenschaftenProfessur f\u00fcr Geschichte der Fr\u00fchen NeuzeitPostfach 70 08 22 \u00a0 Curriculum Vitae seit September 2021 [&hellip;]<\/p>\n","protected":false},"author":147,"featured_media":0,"parent":106,"menu_order":0,"comment_status":"closed","ping_status":"closed","template":"","meta":{"footnotes":""},"categories":[8],"tags":[],"class_list":["post-162","page","type-page","status-publish","hentry","category-team"],"_links":{"self":[{"href":"https:\/\/www.hsu-hh.de\/hisfnz\/wp-json\/wp\/v2\/pages\/162","targetHints":{"allow":["GET"]}}],"collection":[{"href":"https:\/\/www.hsu-hh.de\/hisfnz\/wp-json\/wp\/v2\/pages"}],"about":[{"href":"https:\/\/www.hsu-hh.de\/hisfnz\/wp-json\/wp\/v2\/types\/page"}],"author":[{"embeddable":true,"href":"https:\/\/www.hsu-hh.de\/hisfnz\/wp-json\/wp\/v2\/users\/147"}],"replies":[{"embeddable":true,"href":"https:\/\/www.hsu-hh.de\/hisfnz\/wp-json\/wp\/v2\/comments?post=162"}],"version-history":[{"count":49,"href":"https:\/\/www.hsu-hh.de\/hisfnz\/wp-json\/wp\/v2\/pages\/162\/revisions"}],"predecessor-version":[{"id":749,"href":"https:\/\/www.hsu-hh.de\/hisfnz\/wp-json\/wp\/v2\/pages\/162\/revisions\/749"}],"up":[{"embeddable":true,"href":"https:\/\/www.hsu-hh.de\/hisfnz\/wp-json\/wp\/v2\/pages\/106"}],"wp:attachment":[{"href":"https:\/\/www.hsu-hh.de\/hisfnz\/wp-json\/wp\/v2\/media?parent=162"}],"wp:term":[{"taxonomy":"category","embeddable":true,"href":"https:\/\/www.hsu-hh.de\/hisfnz\/wp-json\/wp\/v2\/categories?post=162"},{"taxonomy":"post_tag","embeddable":true,"href":"https:\/\/www.hsu-hh.de\/hisfnz\/wp-json\/wp\/v2\/tags?post=162"}],"curies":[{"name":"wp","href":"https:\/\/api.w.org\/{rel}","templated":true}]}}