{"id":116,"date":"2018-01-17T14:07:04","date_gmt":"2018-01-17T13:07:04","guid":{"rendered":"https:\/\/www.hsu-hh.de\/vorlage\/?page_id=116"},"modified":"2021-02-08T14:16:47","modified_gmt":"2021-02-08T13:16:47","slug":"lehre","status":"publish","type":"page","link":"https:\/\/www.hsu-hh.de\/hisfnz\/lehre\/","title":{"rendered":"Lehre"},"content":{"rendered":"<div>\n<div>\n<div>\n<div>\n<div>\n<div>\n<div>\n<div>\n<div>\n<div>\n<div id=\"content-core\">\n<div id=\"parent-fieldname-text-064c8514-7cc7-4fc4-b4d2-8333a201c14e\" class=\"\">\n<h3>Lehrschwerpunkte<\/h3>\n<ul>\n<li>Milit\u00e4rgeschichte<\/li>\n<li>Katastrophen- und Krisengeschichte<\/li>\n<li>Seuchengeschichte<\/li>\n<li>Ehre- und Unehrenkonzepte<\/li>\n<li>Hexenforschung<\/li>\n<li>K\u00f6rpergeschichte<\/li>\n<li>Reformation und Konfessionalisierung<\/li>\n<li>Wissensgeschichte<\/li>\n<li>Medizingeschichte<\/li>\n<li>Wirtschafts- und Bankengeschichte<\/li>\n<li>Medien- und Kommunikationsgeschichte<\/li>\n<li>Stadt- und Regionalgeschichte<\/li>\n<li>Geschichtsvermittlung<\/li>\n<li>Quellenkunde<\/li>\n<\/ul>\n<h3>Exkursionen<\/h3>\n<p>Studienexkursion nach B\u00f6hmen 2018<\/p>\n<p><a href=\"https:\/\/www.hsu-hh.de\/hisfnz\/lehre\/studienexkursion-nach-istanbul\/\">Studienexkursion nach Istanbul im Fr\u00fchjahrstrimester 2012<\/a><\/p>\n<p><a href=\"https:\/\/www.hsu-hh.de\/hisfnz\/lehre\/studienexkursion-mitteldeutschland\/\">Studienexkursion Mitteldeutschland im Fr\u00fchjahrstrimester 2011<\/a><\/p>\n<h3>Fachinformationen<\/h3>\n<p><strong>Zur Einf\u00fchrung<\/strong><\/p>\n<p>Die derzeit umfassendste Einf\u00fchrung in die Digital Humanities ist <a href=\"https:\/\/link.springer.com\/book\/10.1007\/978-3-476-05446-3\" target=\"_blank\" rel=\"noopener noreferrer\">Fotis Jannidis \/ Hubertus Kohle \/ Malte Rehbeitn (Hrsg.): Digital Humanities. Eine Einf\u00fchrung, Stuttgart 2017<\/a> (DOI: 10.1007\/978-3-476-05446-3). Darin werden nicht nur Anwendungsbereiche und spezifische Werkzeuge der digitalen Geisteswissenschaften vorgestellt, sondern auch die informationswissenschaftlichen Grundlagen wie Datenstrukturen- und Modelle, theoretische Grundlagen aus der Informatik und der Programmierung erl\u00e4utert. Einen \u00dcberblick \u00fcber die M\u00f6glichkeiten der Digital Humanities f\u00fcr die und digitalen Ressourcen der Geschichtswissenschaft geben <a href=\"https:\/\/guides.clio-online.de\/\" target=\"_blank\" rel=\"noopener noreferrer\">Laura Busse \/ Wilfried Enderle \/ R\u00fcdiger Hohls \/ Thomas Meyer \/ Jens Prellwitz \/ Annette Schuhmann (Hrsg.): Clio Guide. Ein Handbuch zu digitalen Ressourcen f\u00fcr die Geschichtswissenschaften, 2. erw. und aktualisierte Aufl., Berlin 2018<\/a>. Einen guten \u00dcberblick \u00fcber die aktuellen Entwicklungen in der Digitalen Geschichtswissenschaft vermittelt der <a href=\"https:\/\/digigw.hypotheses.org\/\" target=\"_blank\" rel=\"noopener noreferrer\">Blog der AG Digitale Geschichtswissenschaft<\/a> im Verband der Historiker und Historikerinnen Deutschlands. Eine gute <a href=\"https:\/\/www.uni-muenster.de\/FNZ-Online\/\" target=\"_blank\" rel=\"noopener noreferrer\">Einf\u00fchrung zur Fr\u00fchen Neuzeit<\/a> finden Sie online auf den Seiten der Universit\u00e4t M\u00fcnster<\/p>\n<p><strong>Fachinformationen<\/strong><\/p>\n<p>Zur wichtigsten Informations- und Kommunikationsplattform f\u00fcr Historikerinnen und Historiker in Deutschland hat sich <a href=\"https:\/\/www.hsozkult.de\/\" target=\"_blank\" rel=\"noopener noreferrer\">H-Soz-u-Kult<\/a> in den mehr als 20 Jahren seines Bestehens entwickelt. Dort finden Sie neben Tagungsank\u00fcndigungen und -berichten, Stellenanzeigen und Diskussionsbeitr\u00e4ge vor allem Rezensionen. Letztere haben auch im der Online-Rezensionsjournal sehepunkte eine wichtige Plattform gefunden. Der <a href=\"https:\/\/beta.historicum.net\/home\/\" target=\"_blank\" rel=\"noopener noreferrer\">Fachinformationsdienst Geschichtswissenschaft<\/a> ist das zentrale deutschsprachige Portal f\u00fcr den Zugang zu Fachinformationen wie Themenportalen, Fachdatenbanken und der Deutschen Historischen Bibliografie (vormals <a href=\"http:\/\/www.jdg-online.de\/\" target=\"_blank\" rel=\"noopener noreferrer\">Jahresberichte f\u00fcr deutsche Geschichte<\/a>. Zugang zu online verf\u00fcgbarer Literatur und Quellen zur zur europ\u00e4ischen Geschichte finden Sie \u00fcber das Portal <a href=\"https:\/\/www.europeana.eu\/portal\/de\" target=\"_blank\" rel=\"noopener noreferrer\">Europeana<\/a>, w\u00e4hrend die <a href=\"https:\/\/www.deutsche-digitale-bibliothek.de\/\" target=\"_blank\" rel=\"noopener noreferrer\">Deutsche Digitale Bibliothek<\/a> digitalisierte Best\u00e4nde deutscher Bibliotheken zug\u00e4nglich macht. Das <a href=\"https:\/\/www.archivportal-d.de\/\" target=\"_blank\" rel=\"noopener noreferrer\">Archivportal-D<\/a> erm\u00f6glicht den Zugang zu Informationen \u00fcber Archive und Archivbest\u00e4nde in Deutschland und zu digitalisierten oder digitalen Best\u00e4nden.<\/p>\n<p><strong>Hilfsmittel online<\/strong><\/p>\n<p>Eine sehr gute Einf\u00fchrung zum Umgang mit archivalischen Quellen, inklusive eines Online-Programms f\u00fcr das Erlernen historischer Handschriften und Hilfsmittlen, wie z. B. Umrechnungstabellen f\u00fcr Ma\u00dfe, Gewichte und W\u00e4hrungen finden Sie im Angebot <a href=\"https:\/\/www.adfontes.uzh.ch\/\" target=\"_blank\" rel=\"noopener noreferrer\">Ad Fontes<\/a> der Universit\u00e4t Z\u00fcrich. F\u00fcr die kostenlose Nutzung des Angebot ist eine Anmeldung erforderlich. Mittlerweile gibt es auch leistungsf\u00e4hige Werkzeuge zur Transkription und Auszeichnung von handschriftlichen Quelle, die im Fall von <a href=\"https:\/\/transkribus.eu\/\" target=\"_blank\" rel=\"noopener noreferrer\">Transkribus<\/a> auch f\u00fcr die automatische Handschriftenerkennung genutzt werden k\u00f6nnen. Detailliertere Informationen zu Transkribus finden Sie <a href=\"https:\/\/transkribus.eu\/wikiDe\/index.php\/Hauptseite\" target=\"_blank\" rel=\"noopener noreferrer\">hier<\/a>. Zus\u00e4tzliche Hilfsmittel zur Bearbeitung fr\u00fchneuzeitlicher Quellen bietet Ihnen, mit besonderem Augenmerk auf die Sozial- und Wirtschaftsgeschichte, die leider nicht mehr gepflegte Plattform <a href=\"http:\/\/pierre-marteau.com\/wiki\/index.php?title=A_Platform_of_Research_in_Economic_History\" target=\"_blank\" rel=\"noopener noreferrer\">Pierre Marteau<\/a>. F\u00fcr die Zeitrechnung eignet sich die Online-Fassung des <a href=\"http:\/\/bilder.manuscripta-mediaevalia.de\/gaeste\/\/grotefend\/grotefend.htm\" target=\"_blank\" rel=\"noopener noreferrer\">Grotefend<\/a>. F\u00fcr die Aufschl\u00fcsselung lateinischer Ortsnamen ist <a href=\"http:\/\/www.columbia.edu\/acis\/ets\/Graesse\/contents.html\" target=\"_blank\" rel=\"noopener noreferrer\">Orbis latinus online<\/a> \u00fcberaus hilfreich. Wichtige zeitgen\u00f6ssische Nachschlagewerke f\u00fcr die Geschichte der Fr\u00fchen Neuzeit sind mit dem <a href=\"https:\/\/www.zedler-lexikon.de\/\" target=\"_blank\" rel=\"noopener noreferrer\">Zedler<\/a>, dem <a href=\"http:\/\/www.kruenitz1.uni-trier.de\/\" target=\"_blank\" rel=\"noopener noreferrer\">Kr\u00fcnitz<\/a> und dem <a href=\"http:\/\/dwb.uni-trier.de\/de\/\" target=\"_blank\" rel=\"noopener noreferrer\">grimmschen W\u00f6rterbuch<\/a> online verf\u00fcgbar.<\/p>\n<h3>Lehrveranstaltungen<\/h3>\n<p>Die aktuellen Lehrveranstaltungen finden Sie <span class=\"link-external\"><a class=\"external-link\" title=\"\" href=\"https:\/\/www.hsu-hh.de\/vorlesungsverzeichnis\" target=\"_blank\" rel=\"noopener noreferrer\">hier<\/a><\/span>. Informationen zu den Lehrveranstaltungen fr\u00fcherer Trimester sind f\u00fcr Universit\u00e4tsangeh\u00f6rige nach vorheriger Anmeldung \u00fcber das <a href=\"https:\/\/campus.hsu-hh.de\/qisserver\/rds?state=user&amp;type=0\" target=\"_blank\" rel=\"noopener noreferrer\">Campus-Portal<\/a> zug\u00e4nglich<\/p>\n<\/div>\n<\/div>\n<\/div>\n<\/div>\n<\/div>\n<\/div>\n<\/div>\n<\/div>\n<\/div>\n<\/div>\n<\/div>\n<\/div>\n","protected":false},"excerpt":{"rendered":"<p>Lehrschwerpunkte Milit\u00e4rgeschichte Katastrophen- und Krisengeschichte Seuchengeschichte Ehre- und Unehrenkonzepte Hexenforschung K\u00f6rpergeschichte Reformation und Konfessionalisierung Wissensgeschichte Medizingeschichte Wirtschafts- und Bankengeschichte Medien- und Kommunikationsgeschichte Stadt- und Regionalgeschichte Geschichtsvermittlung Quellenkunde Exkursionen Studienexkursion nach [&hellip;]<\/p>\n","protected":false},"author":26,"featured_media":0,"parent":0,"menu_order":0,"comment_status":"closed","ping_status":"closed","template":"","meta":{"footnotes":""},"categories":[6],"tags":[],"class_list":["post-116","page","type-page","status-publish","hentry","category-lehre"],"_links":{"self":[{"href":"https:\/\/www.hsu-hh.de\/hisfnz\/wp-json\/wp\/v2\/pages\/116","targetHints":{"allow":["GET"]}}],"collection":[{"href":"https:\/\/www.hsu-hh.de\/hisfnz\/wp-json\/wp\/v2\/pages"}],"about":[{"href":"https:\/\/www.hsu-hh.de\/hisfnz\/wp-json\/wp\/v2\/types\/page"}],"author":[{"embeddable":true,"href":"https:\/\/www.hsu-hh.de\/hisfnz\/wp-json\/wp\/v2\/users\/26"}],"replies":[{"embeddable":true,"href":"https:\/\/www.hsu-hh.de\/hisfnz\/wp-json\/wp\/v2\/comments?post=116"}],"version-history":[{"count":13,"href":"https:\/\/www.hsu-hh.de\/hisfnz\/wp-json\/wp\/v2\/pages\/116\/revisions"}],"predecessor-version":[{"id":884,"href":"https:\/\/www.hsu-hh.de\/hisfnz\/wp-json\/wp\/v2\/pages\/116\/revisions\/884"}],"wp:attachment":[{"href":"https:\/\/www.hsu-hh.de\/hisfnz\/wp-json\/wp\/v2\/media?parent=116"}],"wp:term":[{"taxonomy":"category","embeddable":true,"href":"https:\/\/www.hsu-hh.de\/hisfnz\/wp-json\/wp\/v2\/categories?post=116"},{"taxonomy":"post_tag","embeddable":true,"href":"https:\/\/www.hsu-hh.de\/hisfnz\/wp-json\/wp\/v2\/tags?post=116"}],"curies":[{"name":"wp","href":"https:\/\/api.w.org\/{rel}","templated":true}]}}