{"id":9,"date":"2016-06-07T18:09:30","date_gmt":"2016-06-07T16:09:30","guid":{"rendered":"https:\/\/webbox.hsu-hh.de\/vorlage\/?page_id=9"},"modified":"2017-09-01T13:48:05","modified_gmt":"2017-09-01T11:48:05","slug":"impressum","status":"publish","type":"page","link":"https:\/\/www.hsu-hh.de\/hisalt\/impressum","title":{"rendered":"Impressum"},"content":{"rendered":"<h2>Angaben gem. \u00a7 5 Telemediengesetz<\/h2>\n<p><strong>Herausgeber<\/strong><br \/>\nHelmut-Schmidt-Universit\u00e4t<br \/>\nUniversit\u00e4t der Bundeswehr Hamburg<br \/>\nHolstenhofweg 85<br \/>\n22043 Hamburg<\/p>\n<p><strong>Telefon<\/strong><br \/>\n(040) 6541-1<\/p>\n<p><strong>Telefax<\/strong><br \/>\n(040) 6541-2869<\/p>\n<p><strong>E-Mail<\/strong><br \/>\n<a href=\"mailto:pressestelle@hsu-hh.de\" rel='nofollow'>pressestelle@hsu-hh.de<\/a><\/p>\n<p><strong>Inhaltlich Verantwortliche gem\u00e4\u00df \u00a7 7 Telemediengesetz<\/strong><\/p>\n<p>Helmut-Schmidt-Universit\u00e4t<\/p>\n<p>Universit\u00e4t der Bundeswehr Hamburg<br \/>\nFakult\u00e4t f\u00fcr Geistes- und Sozialwissenschaften<br \/>\nProfessur f\u00fcr Alte Geschichte<br \/>\nHolstenhofweg 85<br \/>\n22043 Hamburg<\/p>\n<p>Telefon: +49 (0)40 6541-3396<br \/>\nTelefax: +49 (0)40 6541-2098<br \/>\nE-Mail: bmeissne@hsu-hh.de<\/p>\n<p>Die Professur f\u00fcr Alte Geschichte wird durch Prof. <abbr title=\"Doktor\">Dr.<\/abbr> Mei\u00dfner vertreten.<\/p>\n<p>Herausgeber und inhaltlich Verantwortlicher gem\u00e4\u00df \u00a7 10 Absatz 3 MDStV<br \/>\nProf. <abbr title=\"Doktor\">Dr.<\/abbr> Burkhard Mei\u00dfner (Anschrift wie oben)<br \/>\nTelefon: +49 (0)40 6541-3396<br \/>\nTelefax: +49 (0)40 6541-2098<br \/>\nE-Mail: bmeissne@hsu-hh.de<br \/>\nWeitere Verantwortliche sind auf den einzelnen Seiten des Fachbereiches gesondert benannt.<\/p>\n<p>Haftungsausschluss<br \/>\nTrotz sorgf\u00e4ltiger inhaltlicher Kontrolle \u00fcbernehmen wir keine Haftung f\u00fcr die Richtigkeit, Vollst\u00e4ndigkeit und Aktualit\u00e4t unserer Webseiten sowie f\u00fcr die Inhalte externer Links. F\u00fcr den Inhalt der verlinkten Seiten sind ausschlie\u00dflich deren Betreiber verantwortlich.<\/p>\n<p>Urheberrechtsvermerk<br \/>\nDas Layout, s\u00e4mtliche Grafiken und Fotos sowie die Textbeitr\u00e4ge sind urheberrechtlich gesch\u00fctzt. Es gelten die gesetzlichen Bestimmungen. \u00c4nderungen d\u00fcrfen nicht vorgenommen werden. Bei Anfragen wenden Sie sich an den auf den jeweiligen Seiten erkenntlichen Autor.<\/p>\n","protected":false},"excerpt":{"rendered":"<p>Angaben gem. \u00a7 5 Telemediengesetz Herausgeber Helmut-Schmidt-Universit\u00e4t Universit\u00e4t der Bundeswehr Hamburg Holstenhofweg 85 22043 Hamburg Telefon (040) 6541-1 Telefax (040) 6541-2869 E-Mail pressestelle@hsu-hh.de Inhaltlich Verantwortliche gem\u00e4\u00df \u00a7 7 Telemediengesetz Helmut-Schmidt-Universit\u00e4t [&hellip;]<\/p>\n","protected":false},"author":1,"featured_media":0,"parent":0,"menu_order":0,"comment_status":"closed","ping_status":"closed","template":"","meta":{"footnotes":""},"categories":[],"tags":[],"class_list":["post-9","page","type-page","status-publish","hentry"],"_links":{"self":[{"href":"https:\/\/www.hsu-hh.de\/hisalt\/wp-json\/wp\/v2\/pages\/9","targetHints":{"allow":["GET"]}}],"collection":[{"href":"https:\/\/www.hsu-hh.de\/hisalt\/wp-json\/wp\/v2\/pages"}],"about":[{"href":"https:\/\/www.hsu-hh.de\/hisalt\/wp-json\/wp\/v2\/types\/page"}],"author":[{"embeddable":true,"href":"https:\/\/www.hsu-hh.de\/hisalt\/wp-json\/wp\/v2\/users\/1"}],"replies":[{"embeddable":true,"href":"https:\/\/www.hsu-hh.de\/hisalt\/wp-json\/wp\/v2\/comments?post=9"}],"version-history":[{"count":3,"href":"https:\/\/www.hsu-hh.de\/hisalt\/wp-json\/wp\/v2\/pages\/9\/revisions"}],"predecessor-version":[{"id":106,"href":"https:\/\/www.hsu-hh.de\/hisalt\/wp-json\/wp\/v2\/pages\/9\/revisions\/106"}],"wp:attachment":[{"href":"https:\/\/www.hsu-hh.de\/hisalt\/wp-json\/wp\/v2\/media?parent=9"}],"wp:term":[{"taxonomy":"category","embeddable":true,"href":"https:\/\/www.hsu-hh.de\/hisalt\/wp-json\/wp\/v2\/categories?post=9"},{"taxonomy":"post_tag","embeddable":true,"href":"https:\/\/www.hsu-hh.de\/hisalt\/wp-json\/wp\/v2\/tags?post=9"}],"curies":[{"name":"wp","href":"https:\/\/api.w.org\/{rel}","templated":true}]}}