{"id":744,"date":"2019-03-20T09:42:36","date_gmt":"2019-03-20T08:42:36","guid":{"rendered":"https:\/\/www.hsu-hh.de\/hisalt\/?page_id=744"},"modified":"2025-02-04T20:59:22","modified_gmt":"2025-02-04T19:59:22","slug":"ehemalige-mitarbeiter","status":"publish","type":"page","link":"https:\/\/www.hsu-hh.de\/hisalt\/ehemalige-mitarbeiter","title":{"rendered":"Ehemalige Mitarbeiter"},"content":{"rendered":"\n<p>Hier finden Sie Eintr\u00e4ge zu ehemaligen Mitarbeitern der Professur f\u00fcr Alte Geschichte.<\/p>\n\n\n\n<p>&nbsp;<\/p>\n\n\n<script type=\"application\/ld+json\">[{\"@context\": \"https:\/\/www.schema.org\",\"@type\": \"Person\",\"name\": \"Simon Struck M.A.\",\"worksFor\": [{\t\"@type\": \"Organization\",\t\"name\": \"\",\t\"url\": \"https:\/\/www.hsu-hh.de\"}],\"image\": \"https:\/\/www.hsu-hh.de\/wp-content\/themes\/hsu\/img\/dummy\/dummy_ansprechpartner.png\",\"telephone\": \"---\",\"faxNumber\": \"---\",\"email\": \"strucks@hsu-hh.de\"}]<\/script><div class=\"clearfix\"><\/div><div class=\"ansprechparter-container \" style=\"margin-top:1em; \"><div class=\"row ansprechpartner-item ansprechparter-header\" ><div class=\"col-xs-8 col-lg-12\" style=\"margin-bottom: 30px;\"><h3 class=\"ansprechparter-headline\">Simon Struck M.A.<\/h3><\/div><\/div><div class=\"col-md-4 col-lg-3 col-xs-4 ansprechpartner-item floatright img-circle center-block\" style=\"margin-bottom: 30px;\"><div class=\"img-responsive-wrapper\"><img decoding=\"async\" src=\"\/wp-content\/themes\/hsu\/img\/dummy\/dummy_ansprechpartner.png\" alt=\"Mitarbeiter Symbol-Icon\" class=\"img-circle img-responsive center-block\" \/><\/div><\/div><div class=\"col-md-12 col-lg-3 col-xs-12 ansprechpartner-item kontakt floatright\" style=\"margin-bottom: 30px; \"><div class=\"row\"><div class=\"col-xs-12 col-sm-6 col-lg-12\"><div class=\"row\"><div class=\"col-xs-4 col-lg-4 row-text bold\" >Raum:<\/div><div class=\" row-text\">&#8212;<\/div><\/div><\/div><div class=\"col-xs-12 col-sm-6 col-lg-12\"><div class=\"row\"><div class=\"col-xs-4 col-lg-4 row-text bold\">Telefon:<\/div><div class=\" row-text\">&#8212;<\/div><\/div><\/div><div class=\"col-xs-12 col-sm-6 col-lg-12\"><div class=\"row\"><div class=\"col-xs-4 col-lg-4 row-text bold\">Fax:<\/div><div class=\"row-text\">&#8212;<\/div><\/div><\/div><div class=\"col-xs-12 col-sm-6 col-lg-12\"><div class=\"row\"><div class=\"col-xs-4 col-lg-4 row-text bold\">E-Mail:<\/div><div class=\"row-text\" style=\"overflow:hidden; word-break: break-word\"><a href=\"mailto:strucks@hsu-hh.de\" rel=\"nofollow\">strucks@hsu-hh.de<\/a><\/div><\/div><\/div><\/div><\/div><div class=\"col-md-6 col-lg-3 col-xs-12 ansprechpartner-item anschrift floatright\" ><div class=\"row-headline\">Besucheranschrift<\/div><div class=\"dataBesucheranschrift\" style=\"\"><div class=\"row-text\">Wissenschaftlicher Mitarbeiter am Lehrstuhl f\u00fcr Politikwissenschaft, insbesondere Politische Theorie,<\/div><div class=\"row-text\">Helmut-Schmidt-Universit\u00e4t<\/div><\/div><\/div><div class=\"col-md-6 col-lg-3 col-xs-12 ansprechpartner-item anschrift floatright\"><div class=\"row-headline\">Postanschrift<\/div><div class=\"dataPostanschrift\" style=\"\"><div class=\"row-text\">&#8212;<\/div><\/div><\/div><\/div><div class=\"clearfix\"><\/div>\n\n\n<p>&nbsp;&nbsp;<\/p>\n\n\n<div class=\"background-grey\">\n<h2>Wissenschaftlicher Werdegang \/ Scholarly CV<\/h2>\n<\/div>\n\n\n<div class=\"wp-block-columns is-layout-flex wp-container-core-columns-is-layout-9d6595d7 wp-block-columns-is-layout-flex\">\n<div class=\"wp-block-column is-layout-flow wp-block-column-is-layout-flow\">\n<p><em><strong>Seit November 2022<\/strong><\/em><\/p>\n\n\n\n<p>Promotion am Lehrstuhl f\u00fcr Politikwissenschaft, insbesondere Politische Theorie an der Helmut Schmidt Universit\u00e4t\/Universit\u00e4t der Bundeswehr Hamburg<\/p>\n\n\n\n<p><em><strong>2018 &#8211; 2022<\/strong><\/em><\/p>\n\n\n\n<p><abbr title=\"Magister Artii\">M.A.<\/abbr> Friedensforschung und Internationale Politik, Universit\u00e4t T\u00fcbingen<\/p>\n\n\n\n<p>Abschlussarbeit: &#8222;The Impact of Climate Change on the Disaster relief efforts of the New Zealand Defence Force in the South Pacific.&#8220;<\/p>\n\n\n\n<p><em><strong>2020 &#8211; 2021&nbsp;&nbsp;&nbsp;&nbsp;<\/strong><\/em>&nbsp;&nbsp;&nbsp;&nbsp;&nbsp;&nbsp;&nbsp;&nbsp;&nbsp;&nbsp;&nbsp;&nbsp;&nbsp;&nbsp;&nbsp;&nbsp;<\/p>\n\n\n\n<p>Wissenschaftlicher Mitarbeiter am German Institute for Defence and Strategic Studies (<abbr title=\"German Institute for Defence and Strategic Studies\">GIDS<\/abbr>), F\u00fchrungsakademie der Bundeswehr<\/p>\n\n\n\n<p><strong><em>Februar 2020 \u2013 Juli 2020&nbsp;&nbsp;<\/em><\/strong>&nbsp;&nbsp; &nbsp;&nbsp;&nbsp;&nbsp;<\/p>\n\n\n\n<p>Auslandsstudium, Politikwissenschaften an der Stellenbosch University, S\u00fcdafrika<\/p>\n\n\n\n<p><em><strong>2016 &#8211; 2017&nbsp;&nbsp;<\/strong><\/em>&nbsp;&nbsp;&nbsp;&nbsp;&nbsp;&nbsp;&nbsp;&nbsp;&nbsp;&nbsp;&nbsp;&nbsp;&nbsp;&nbsp;&nbsp;&nbsp;&nbsp;&nbsp;<\/p>\n\n\n\n<p>Student. Hilfskraft am Lehrstuhl f\u00fcr Staat und Innenpolitik an der Universit\u00e4t Osnabr\u00fcck, im Projekt:<\/p>\n\n\n\n<p>&#8222;Governance der deutschen Energiewende.\u201d<\/p>\n\n\n\n<p><strong><em>2015 &#8211; 2018&nbsp;&nbsp;&nbsp; &nbsp;&nbsp;&nbsp;&nbsp;&nbsp;<\/em><\/strong><\/p>\n\n\n\n<p>B. A., Geschichte und Politikwissenschaften, an der Universit\u00e4t Osnabr\u00fcck,<\/p>\n\n\n\n<p>Abschlussarbeit: \u201eDie Rolle der Reichsst\u00e4nde in den internationalen Garantiekonzepten des Westf\u00e4lischen Friedens: Ein allgemeiner Raum der kollektiven Sicherheit oder Sicherung europ\u00e4ische Gro\u00dfmachtinteressen?\u201c<\/p>\n<\/div>\n\n\n\n<div class=\"wp-block-column is-layout-flow wp-block-column-is-layout-flow\">\n<p><strong><em>Since November 2022<\/em><\/strong><\/p>\n\n\n\n<p>PhD Student at the chair of Political Science, in particular, Political Theory at Helmut Schmidt University \/ University of the Federal Armed Forces Hamburg<\/p>\n\n\n\n<p><strong><em>2018 &#8211; 2022<\/em><\/strong><\/p>\n\n\n\n<p><abbr title=\"Magister Artii\">M.A.<\/abbr> Peace Research and International Politics, University of T\u00fcbingen<\/p>\n\n\n\n<p>Thesis: &#8222;The Impact of Climate Change on the Disaster relief efforts of the New Zealand Defence Force in the South Pacific.&#8220;<\/p>\n\n\n\n<p><em><strong>2020 &#8211; 2021&nbsp;&nbsp;&nbsp;&nbsp;&nbsp;<\/strong><\/em>&nbsp;<\/p>\n\n\n\n<p>Research fellow at the German Institute for Defence and Strategic Studies (<abbr title=\"German Institute for Defence and Strategic Studies\">GIDS<\/abbr>), Bundeswehr Command and Staff College, Hamburg<\/p>\n\n\n\n<p><strong><em>February 2020 \u2013 July 2020&nbsp;<\/em><\/strong><\/p>\n\n\n\n<p>Semester abroad, Political Science, Stellenbosch University, South Africa<\/p>\n\n\n\n<p><strong><em>2016 &#8211; 2017&nbsp;&nbsp;&nbsp;&nbsp;&nbsp;&nbsp;<\/em><\/strong><\/p>\n\n\n\n<p>Student Assistant at the Chair of Domestic Politics, University of Osnabr\u00fcck, in the project:<\/p>\n\n\n\n<p>&#8222;Governance of the German energy transition.&#8220;<\/p>\n\n\n\n<p><em><strong>2015 &#8211; 2018&nbsp;&nbsp;<\/strong><\/em><\/p>\n\n\n\n<p>B. A., History and Political Science, University of Osnabr\u00fcck&nbsp; &nbsp;   &nbsp; &nbsp; &nbsp; &nbsp; &nbsp; &nbsp; &nbsp; &nbsp;&nbsp;<\/p>\n\n\n\n<p>Thesis: &#8222;The role of the Imperial Estates in the international guarantee concepts during the Westphalian peace negotiation: A system of collective security or protection of the European great powers` interests?&#8220;<\/p>\n<\/div>\n<\/div>\n\n\n\n<hr class=\"wp-block-separator has-alpha-channel-opacity\" \/>\n\n\n<div class=\"background-grey\">\n<h2>Forschungsinteresse \/ Research Interests<\/h2>\n<\/div>\n\n\n<p><br><\/p>\n\n\n\n<div class=\"wp-block-columns is-layout-flex wp-container-core-columns-is-layout-9d6595d7 wp-block-columns-is-layout-flex\">\n<div class=\"wp-block-column is-layout-flow wp-block-column-is-layout-flow\">\n<p>Klima-Sicherheits-Nexus<\/p>\n\n\n\n<p>Die strategische Ausrichtung von Streitkr\u00e4ften im Klimawandel<\/p>\n\n\n\n<p>Nachhaltige Energiesysteme und ihre milit\u00e4rischen Nutzungsm\u00f6glichkeiten<\/p>\n\n\n\n<p>Computergest\u00fctzte Simulation und Data Analytics<\/p>\n<\/div>\n\n\n\n<div class=\"wp-block-column is-layout-flow wp-block-column-is-layout-flow\">\n<p>Climate and Security<\/p>\n\n\n\n<p>The Strategic Orientation of Armed Forces in Times of Climate Change<\/p>\n\n\n\n<p>Sustainable energy systems for military application<\/p>\n\n\n\n<p>                                                                                                            Computer-aided Simulation and Data Analytics<\/p>\n<\/div>\n<\/div>\n\n\n\n<p><br><\/p>\n\n\n\n<hr class=\"wp-block-separator has-alpha-channel-opacity\" \/>\n\n\n\n<p><br><\/p>\n\n\n<div class=\"background-grey\">\n<h2>Ver\u00f6ffentlichungen \/ Publications<\/h2>\n<\/div>\n\n\n<p>Stefan Bayer \/ Simon Struck (2021): Milit\u00e4r im Risikomanagement? \u2013 Strategische Ausrichtung von Streitkr\u00e4ften im Klimawandel. In: Zeitschrift f\u00fcr Internationale Beziehungen 28 (2), p. 34\u201363.<\/p>\n\n\n\n<p>Thomas Rappuhn \/ Simon Struck (2021): Streitkr\u00e4fte der Zukunft. Energieautonomie durch Wasserstoff und Nukleus f\u00fcr die Entwicklung eines neuen Energiemarktes, #GIDSstatement&nbsp; 12\/2021, Hamburg.<\/p>\n\n\n\n<p>Stefan Bayer \/ Simon Struck (2021): &#8222;Trendszenario Gr\u00fcne Armee: Strategische \u00dcberlegenheit durch Nachhaltigkeit?.&#8220; Stratos 09\/2021, Bern.<\/p>\n\n\n\n<p>Stefan Bayer \/ Simon Struck (2019): The Strategic Orientation of Armed Forces in Times of Climate Change, #GIDSresearch 1\/2019, Hamburg.<\/p>\n\n\n\n<p>Stefan Bayer \/ Simon Struck (2019): Klimaschutzpolitik vor dem Scheitern. In: German Institute for Defence and Strategic Studies (Hg.): Kritische Infrastrukturen und Klimawandel als Herausforderungen f\u00fcr die Sicherheitspolitik: S\u00fcdamerikanische Erfahrungen als Modell f\u00fcr Deutschland? F\u00fchrungsakademie der Bundeswehr, 25.09.2018. Hamburg, p. 15\u201322.<\/p>\n\n\n\n<hr class=\"wp-block-separator has-alpha-channel-opacity\" \/>\n\n\n\n<hr class=\"wp-block-separator has-alpha-channel-opacity\" \/>\n\n\n\n<p><br><br><abbr title=\"Doktorin \/ Doktor\">Dr.<\/abbr> Olga Sturkin<br>Wissenschaftlicher Werdegang<\/p>\n\n\n<script type=\"application\/ld+json\">[{\"@context\": \"https:\/\/www.schema.org\",\"@type\": \"Person\",\"name\": \"Dr. Olga Sturkin\",\"worksFor\": [{\t\"@type\": \"Organization\",\t\"name\": \"\",\t\"url\": \"https:\/\/www.hsu-hh.de\"}],\"image\": \"https:\/\/www.hsu-hh.de\/wp-content\/themes\/hsu\/img\/dummy\/dummy_ansprechpartner.png\",\"telephone\": \"---\",\"faxNumber\": \"---\",\"email\": \"olga.sturkin@uni-hamburg.de\"}]<\/script><div class=\"clearfix\"><\/div><div class=\"ansprechparter-container \" style=\"margin-top:1em; \"><div class=\"row ansprechpartner-item ansprechparter-header\" ><div class=\"col-xs-8 col-lg-12\" style=\"margin-bottom: 30px;\"><h3 class=\"ansprechparter-headline\">Dr. Olga Sturkin<\/h3><\/div><\/div><div class=\"col-md-4 col-lg-3 col-xs-4 ansprechpartner-item floatright img-circle center-block\" style=\"margin-bottom: 30px;\"><div class=\"img-responsive-wrapper\"><img decoding=\"async\" src=\"\/wp-content\/themes\/hsu\/img\/dummy\/dummy_ansprechpartner.png\" alt=\"Mitarbeiter Symbol-Icon\" class=\"img-circle img-responsive center-block\" \/><\/div><\/div><div class=\"col-md-12 col-lg-3 col-xs-12 ansprechpartner-item kontakt floatright\" style=\"margin-bottom: 30px; \"><div class=\"row\"><div class=\"col-xs-12 col-sm-6 col-lg-12\"><div class=\"row\"><div class=\"col-xs-4 col-lg-4 row-text bold\" >Raum:<\/div><div class=\" row-text\">&#8212;<\/div><\/div><\/div><div class=\"col-xs-12 col-sm-6 col-lg-12\"><div class=\"row\"><div class=\"col-xs-4 col-lg-4 row-text bold\">Telefon:<\/div><div class=\" row-text\">&#8212;<\/div><\/div><\/div><div class=\"col-xs-12 col-sm-6 col-lg-12\"><div class=\"row\"><div class=\"col-xs-4 col-lg-4 row-text bold\">Fax:<\/div><div class=\"row-text\">&#8212;<\/div><\/div><\/div><div class=\"col-xs-12 col-sm-6 col-lg-12\"><div class=\"row\"><div class=\"col-xs-4 col-lg-4 row-text bold\">E-Mail:<\/div><div class=\"row-text\" style=\"overflow:hidden; word-break: break-word\"><a href=\"mailto:olga.sturkin@uni-hamburg.de\" rel=\"nofollow\">olga.sturkin@uni-hamburg.de<\/a><\/div><\/div><\/div><\/div><\/div><div class=\"col-md-6 col-lg-3 col-xs-12 ansprechpartner-item anschrift floatright\" ><div class=\"row-headline\">Besucheranschrift<\/div><div class=\"dataBesucheranschrift\" style=\"\"><div class=\"row-text\">Wissenschaftliche Mitarbeiterin in der Forschungsgruppe Gewalt-Zeiten, Universit\u00e4t Hamburg, Fachbereich Geschichte<\/div><\/div><\/div><div class=\"col-md-6 col-lg-3 col-xs-12 ansprechpartner-item anschrift floatright\"><div class=\"row-headline\">Postanschrift<\/div><div class=\"dataPostanschrift\" style=\"\"><div class=\"row-text\">&#8212;<\/div><\/div><\/div><\/div><div class=\"clearfix\"><\/div>\n\n<div class=\"background-grey\">\n<h2>Wissenschaftlicher Werdegang<\/h2>\n<\/div>\n\n\n<p>2003-2008 Studium an der Fakult\u00e4t der Journalistik der Staatlichen Lomonossow-Universit\u00e4t Moskau (Diplom)<\/p>\n\n\n\n<p>2008-2009 Auslandsstudium an der Freien Universit\u00e4t Berlin als Stipendiatin der Stiftung \u201eErinnerung, Verantwortung und Zukunft\u201c<\/p>\n\n\n\n<p>2009-2011 wissenschaftliche Angestellte an der Fakult\u00e4t der Journalistik der Staatlichen Lomonossow-Universit\u00e4t Moskau, 2011 Abschluss der Aspirantur der Lomonossow-Universit\u00e4t (Kandidat der philologischen Wissenschaften)<\/p>\n\n\n\n<p>2011-2017 freie Journalistin, Lektorin beim Bundesverband Deutscher West-Ost-Gesellschaften e.V.<\/p>\n\n\n\n<p>2017 Promotion an der Kultur-, Sozial- und Bildungswissenschaftlichen Fakult\u00e4t der Humboldt Universit\u00e4t zu Berlin im Fach Medienwissenschaft, Dissertationsprojekt \u201eAspekte der antisowjetischen Propaganda im Dritten Reich\u201c<\/p>\n\n\n\n<p>2017-2020 wissenschaftliche Anstellte beim Forschungsverbund SED-Staat der Freien Universit\u00e4t Berlin, <abbr title=\"Bundesministerium f\u00fcr Bildung und Forschung\">BMBF<\/abbr>-Projekt \u201eEhemalige Nationalsozialisten in Bildung und Wissenschaft der DDR\u201c<\/p>\n\n\n\n<p>seit Februar 2021 wissenschaftliche Mitarbeiterin der Forschungsgruppe Gewalt-Zeiten (https:\/\/www.geschichte.uni-hamburg.de\/forschung\/forschungsprojekt-gewalt-zeiten\/team\/team-mitarbeiter\/sturkin.html)<\/p>\n\n\n\n<p><\/p>\n\n\n\n<hr class=\"wp-block-separator has-alpha-channel-opacity\" \/>\n\n\n<div class=\"background-grey\">\n<h2>Forschungsschwerpunkte<\/h2>\n<\/div>\n\n\n<p><br>Gewaltgeschichte des 20. Jahrhunderts, insbes. der Deutsch-Sowjetische Krieg<\/p>\n\n\n\n<p>Mediengeschichte: Pressepolitik im \u201eDritten Reich\u201c, NS-Propaganda im Zweiten Weltkrieg<\/p>\n\n\n\n<p>Die NS-Vergangenheit im geteilten Deutschland: die Entnazifizierungspolitik der Alliierten, ehemalige Nationalsozialisten in der SBZ\/DDR<\/p>\n\n\n\n<p>&nbsp;<\/p>\n\n\n\n<hr class=\"wp-block-separator has-alpha-channel-opacity\" \/>\n\n\n<div class=\"background-grey\">\n<h2>Publikationen<\/h2>\n<\/div>\n<h3>Monografie<\/h3>\n\n\n<p>Mediale Schlachtfelder: Die NS-Propaganda gegen die Sowjetunion (1939-1945). Campus Verlag Frankfurt\/New York 2018<\/p>\n\n\n<h3>Rezensionen<\/h3>\n\n\n<p>S\u00f6semann, Bernd (FU Berlin), in: Bellingradt, Daniel, B\u00f6ning, Holger, Merziger, Patrick, St\u00f6ber, Rudolf (<abbr title=\"Herausgeber\">Hrsg.<\/abbr>). Jahrbuch f\u00fcr Kommunikationsgeschichte 21 (2019), &nbsp;226-227 (https:\/\/elibrary.steiner-verlag.de\/content\/chapter\/99.105010\/9783515125482\/227-228\/1).<\/p>\n\n\n\n<p>Kaplan, Thomas Pegelow (Appalachian State University), in: German History, 37\/ 4 (2019), 603-604 (https:\/\/doi.org\/10.1093\/gerhis\/ghz093 ).<br>Quinkert, Babette, in: H-Soz-Kult, 13.12.2018 (www.hsozkult.de\/publicationreview\/id\/reb27691).<\/p>\n\n\n\n<p>&nbsp;<\/p>\n\n\n\n<hr class=\"wp-block-separator has-alpha-channel-opacity\" \/>\n\n\n<h3>Aufs\u00e4tze<\/h3>\n\n\n<p>Die Belagerung von Leningrad: Dimensionen der Zeitwahrnehmung. In: Milit\u00e4rgeschichtliche Zeitschrift, 82:1, 2023 (im Erscheinen).<\/p>\n\n\n\n<p>Die Kontroversen im Alliierten Kontrollrat 1945\/48 und die Entnazifizierung der Volksbildung aus der Perspektive der sowjetischen Besatzung. In: ZdF Nr. 44\/2019. Berlin: Dreilinden Verlag S. 57-86.<\/p>\n\n\n\n<p>Sekretnye protokoly Jozefa Gebbel\u2019sa. \u0116voljuzija nazistskoj propagandy protiv SSSR. In: Ogonj (\u0451)k (\u201eKommersant\u201c). Nr. 41\/2017. S. 38-40.<\/p>\n\n\n\n<p>Alija Begi\u0161eva, Vladimir Esipov, Ol\u00b4ga Klja\u010dina, Anna Litvinenko, Danil Litvinzev, Ol\u00b4ga \u0160tyrkina. 900 dnej. In: GEO 9\/2011. S. 128-137.<\/p>\n\n\n\n<p>Aspekty antisovetskoj Propagandy v Tret\u2018em rejche v voennyj period. In: Medi@lmanach. Nr. 4. Moskau 2011. S. 18-25.<\/p>\n\n\n\n<p>Nacionalsocialistskaja mediapolitika v Germanii 1933-1945. In: Vestnik Moskovskogo universiteta. Reihe 10. \u017durnalistika. Nr. 3. Moskau 2011. S. 180-195.<\/p>\n\n\n\n<p>Osobennosti soder\u017eanija i oformlenija pe\u010datnych izdanij v 1920-30 gg. v Germanii (na pr. gazety \u201eFelki\u0161er Beobachter\u201c). In: Medi@lmanach. \u21161. Moskau 2011. S. 41-48.<\/p>\n\n\n\n<hr class=\"wp-block-separator has-alpha-channel-opacity\" \/>\n\n\n<h3>Sammelb\u00e4nde<\/h3>\n\n\n<p>Totalitarnyi jazyk v nacistskoj Germanii. In: SMI germanojazycnojo regiona. <abbr title=\"Band\">Bd.<\/abbr> 3. Moskau 2012. S. 15-26.<\/p>\n\n\n\n<p>Sredstva massovoj desinformacii: skonstruirovannaja real\u2018nost\u2018 Tret\u2019ego rejcha. In: SMI Germanii, Avstrii, \u0160vejcarii. <abbr title=\"Band\">Bd.<\/abbr> 2. Moskau 2011. S. 155-173.<\/p>\n\n\n\n<p>Nazysty na puti k vlasti i u rulja: vozdejstvie na massovoe soznanie kak osnovnoj prinzip propagandy. In: SMI Germanii, Avstrii, \u0160vejcarii i Lichten\u0161tejna. Moskau 2008. S. 124-143.<\/p>\n\n\n\n<p>Als wissenschaftliche Redakteurin<br>SMI Germanii, Avstrii, \u0160vejcarii. <abbr title=\"Band\">Bd.<\/abbr> 2. Red. G.F. Voronenkova, O.V. \u0160tyrkina. Moskau. 2011.<\/p>\n\n\n\n<p>Konferenzbeitr\u00e4ge \/ Thesen-Sammelb\u00e4nde<\/p>\n\n\n\n<p>Pakt Molotova-Ribbentropa v nacistskoj presse do i posle 22 ijunja 1941. In: Sredstva massovoj informacii v sovremennom mire. Peterburgskie \u010dtenija. Sankt Petersburg 2012. S. 324-327.<\/p>\n\n\n\n<p>Osobennosti nacional-socialistskoj mediapolitiki. In: Materialy me\u017edunarodnogo nau\u010dnogo foruma \u201eLomonosov 2011\u201c. Moskau 2011.<\/p>\n\n\n\n<p>Nacional-socialistskaja mediapolitika: neiz\u017eitoe pro\u0161loe. In: Sredstva massovoj informacii v sovremennom mire: molodye issledovanteli. Sankt Petersburg 2011.<\/p>\n\n\n\n<p>Ka\u010destvennaja pressa Germanii v Tret\u2019em rejche. In: \u017durnalistika v 2010 godu: SMI v publi\u010dnoj sfere. Moskau 2011. S. 188-189.<\/p>\n\n\n\n<p>Pervye nacistskie gazety. In: \u010cetyre veka gazety. Budet li pjatyj? K \u010detyrechsotletiju s momenta vychoda pervoj pe\u010datnoj gazety \u201eRelation: Aller F\u00fcrnemmen und Gedenckw\u00fcrdigen Historien\u201c (1609) Moskau 2010. S. 92-94.<\/p>\n\n\n\n<p>SMI v Tret\u2019em rejche: vojna za massy. In: Sredstva massovoj informacii v sovremennom mire: Peterburgskie \u010dtenija: tezisy me\u017evuzovskoj nau\u010dno-prakti\u010deskoj konferencii. Sankt Petersburg 2010. S. 77-78.<\/p>\n\n\n\n<p>Pe\u010dat\u2018 v Tret\u2019em rejche: ob\u0161\u010destvennoe soznanie pod pricelom propagandy. In: Materialy me\u017edunarodnogo nau\u010dnogo foruma \u201eLomonosov-2010\u201c. Moskau 2010.<\/p>\n\n\n\n<p>Pe\u010dat\u2018 v Tret\u2019em rejche: vojna za massy. In: Materialy me\u017edunarodnoj nau\u010dnoj konferencii \u201e\u017durnalistika v 2009 godu. Transformacija sistem SMI v sovremennom mire\u201c. Moskau 2010. S. 234-235.<\/p>\n\n\n\n<p>Vozdejstvie propagandy na massovoe soznanie v Tret\u2019em rejche. In: \u017durnalistika v 2009 godu: ob\u0161\u010destvennaja povestka dnja i kommunikativnye praktiki SMI. Moskau 2009. S. 391-392.<\/p>\n\n\n\n<p>SMI v Tret\u2019em rejche i vozdejstvie propagandy na massovoe soznanie. In: Materialy XV me\u017edunarodnoj konferencii \u201eLomonosov\u201c. Moskau 2008.<\/p>\n\n\n\n<p>Manipulirovanie soznaniem mass \u2013 va\u017enej\u0161ij princip nacistskoj propagandy. In: Lomonosow 2007. Materialy lu\u010d\u0161ich dokladov sekcii \u201e\u017durnalistika\u201c. Moskau 2007. S. 215-221.<\/p>\n\n\n\n<p>&nbsp;<\/p>\n\n\n\n<hr class=\"wp-block-separator has-alpha-channel-opacity\" \/>\n\n\n\n<p>&nbsp;<\/p>\n\n\n<h2>Weitere ehemalige Mitarbeiter<\/h2>\n\n\n<p><strong><abbr title=\"Doktorin \/ Doktor\">Dr.<\/abbr> Volker Grieb<\/strong><br>Wissenschaftlicher Mitarbeiter der Karl-Franzens-Universit\u00e4t Graz<br>volker.grieb@uni-graz.at<\/p>\n\n\n\n<p><strong><abbr title=\"Doktorin \/ Doktor\">Dr.<\/abbr> Clemens Koehn<\/strong><br>Lecturer in der University of New England, Armidale, Australia<br>ckoehn2@une.edu.au<\/p>\n\n\n\n<p><strong>Marco Reinhold<\/strong><\/p>\n\n\n\n<hr class=\"wp-block-separator has-alpha-channel-opacity\" \/>\n\n\n\n<hr class=\"wp-block-separator has-alpha-channel-opacity\" \/>\n\n\n\n<h3 class=\"wp-block-heading\"><\/h3>\n\n\n<h2>Ehemalige SHKs<\/h2>\n\n\n<p>Lt. Robin Br\u00e4uer, <abbr title=\"Magister Artii\">M.A.<\/abbr><\/p>\n\n\n\n<p>Lt. z. S. Tristan Drangusch, <abbr title=\"Magister Artii\">M.A.<\/abbr><\/p>\n\n\n\n<p>Lt. Markholf Matschke, <abbr title=\"Magister Artii\">M.A.<\/abbr><\/p>\n\n\n\n<p>Lt. Jonny Obereder, <abbr title=\"Magister Artii\">M.A.<\/abbr><\/p>\n\n\n\n<p>Lt. Paul Rein<\/p>\n\n\n\n<p>Lt. Christoph T\u00e4ger, <abbr title=\"Magister Artii\">M.A.<\/abbr><\/p>\n\n\n\n<p>Lt. Oliver Hoffmann, <abbr title=\"Magister Artii\">M.A.<\/abbr><\/p>\n\n\n\n<p>Lt. Julian Koppenstein, <abbr title=\"Magister Artii\">M.A.<\/abbr><\/p>\n\n\n\n<p>Lt. Rebecca Huppertz, <abbr title=\"Magister Artii\">M.A.<\/abbr><\/p>\n\n\n\n<p>&nbsp;<\/p>\n","protected":false},"excerpt":{"rendered":"<p>Hier finden Sie Eintr\u00e4ge zu ehemaligen Mitarbeitern der Professur f\u00fcr Alte Geschichte. &nbsp; &nbsp;&nbsp; Wissenschaftlicher Werdegang \/ Scholarly CV Seit November 2022 Promotion am Lehrstuhl f\u00fcr Politikwissenschaft, insbesondere Politische Theorie [&hellip;]<\/p>\n","protected":false},"author":1364,"featured_media":0,"parent":0,"menu_order":0,"comment_status":"closed","ping_status":"closed","template":"","meta":{"footnotes":""},"categories":[4],"tags":[],"class_list":["post-744","page","type-page","status-publish","hentry","category-forschung"],"_links":{"self":[{"href":"https:\/\/www.hsu-hh.de\/hisalt\/wp-json\/wp\/v2\/pages\/744","targetHints":{"allow":["GET"]}}],"collection":[{"href":"https:\/\/www.hsu-hh.de\/hisalt\/wp-json\/wp\/v2\/pages"}],"about":[{"href":"https:\/\/www.hsu-hh.de\/hisalt\/wp-json\/wp\/v2\/types\/page"}],"author":[{"embeddable":true,"href":"https:\/\/www.hsu-hh.de\/hisalt\/wp-json\/wp\/v2\/users\/1364"}],"replies":[{"embeddable":true,"href":"https:\/\/www.hsu-hh.de\/hisalt\/wp-json\/wp\/v2\/comments?post=744"}],"version-history":[{"count":15,"href":"https:\/\/www.hsu-hh.de\/hisalt\/wp-json\/wp\/v2\/pages\/744\/revisions"}],"predecessor-version":[{"id":1174,"href":"https:\/\/www.hsu-hh.de\/hisalt\/wp-json\/wp\/v2\/pages\/744\/revisions\/1174"}],"wp:attachment":[{"href":"https:\/\/www.hsu-hh.de\/hisalt\/wp-json\/wp\/v2\/media?parent=744"}],"wp:term":[{"taxonomy":"category","embeddable":true,"href":"https:\/\/www.hsu-hh.de\/hisalt\/wp-json\/wp\/v2\/categories?post=744"},{"taxonomy":"post_tag","embeddable":true,"href":"https:\/\/www.hsu-hh.de\/hisalt\/wp-json\/wp\/v2\/tags?post=744"}],"curies":[{"name":"wp","href":"https:\/\/api.w.org\/{rel}","templated":true}]}}