{"id":656,"date":"2018-11-01T07:49:50","date_gmt":"2018-11-01T06:49:50","guid":{"rendered":"https:\/\/www.hsu-hh.de\/hisalt\/?page_id=656"},"modified":"2018-11-01T07:50:50","modified_gmt":"2018-11-01T06:50:50","slug":"probefahrten-mit-dem-roemerschiff-typ-oberstimm-auf-dem-ratzeburger-see-3-6-mai-2008","status":"publish","type":"page","link":"https:\/\/www.hsu-hh.de\/hisalt\/probefahrten-mit-dem-roemerschiff-typ-oberstimm-auf-dem-ratzeburger-see-3-6-mai-2008","title":{"rendered":"Probefahrten mit dem R\u00f6merschiff Typ &#8222;Oberstimm&#8220; auf dem Ratzeburger See, 3.-6. Mai 2008"},"content":{"rendered":"<p>mit <abbr title=\"Professorin \/ Professor\">Prof.<\/abbr> <abbr title=\"Doktorin \/ Doktor\">Dr.<\/abbr> Christoph Sch\u00e4fer (Universit\u00e4t Trier, Projektleiter) und Lt.z.S. Gerrit Wagener (Helmut-Schmidt-Universit\u00e4t, Bauleitung)<\/p>\n<script>\tvar sosereDefaults = {\"allowfullscreen\":true,\"fit\":\"contain\",\"transition\":\"crossfade\",\"loop\":true,\"autoplay\":\"3000\",\"stopautoplayontouch\":true,\"keyboard\":true,\"nav\":\"thumbs\"}<\/script><div class='sosere--wp' data-ids='657,660,661,658,659,662,663,664,665,666,667,668,669,670,671,672,673,674,675,676,678,679,680,681,682,677'data-link='file'data-itemtag='dl'data-icontag='dt'data-captiontag='dd'data-columns='0'data-size='large'data-width='1024'data-auto='false'data-max-width='100%'data-ratio='1.7777777777778'><div id='gallery-1' class='gallery galleryid-656 gallery-columns-0 gallery-size-thumbnail'><dl class='gallery-item'>\n\t\t\t<dt class='gallery-icon landscape'>\n\t\t\t\t<a href='https:\/\/www.hsu-hh.de\/hisalt\/wp-content\/uploads\/sites\/743\/2018\/11\/bild_I-1024x576.jpg' data-full='https:\/\/www.hsu-hh.de\/hisalt\/wp-content\/uploads\/sites\/743\/2018\/11\/bild_I.jpg' data-credit=\"\"><img loading=\"lazy\" decoding=\"async\" width=\"150\" height=\"150\" src=\"https:\/\/www.hsu-hh.de\/hisalt\/wp-content\/uploads\/sites\/743\/2018\/11\/bild_I-150x150.jpg\" class=\"attachment-thumbnail size-thumbnail\" alt=\"\" srcset=\"https:\/\/www.hsu-hh.de\/hisalt\/wp-content\/uploads\/sites\/743\/2018\/11\/bild_I-150x150.jpg 150w, https:\/\/www.hsu-hh.de\/hisalt\/wp-content\/uploads\/sites\/743\/2018\/11\/bild_I-100x100.jpg 100w\" sizes=\"auto, (max-width: 150px) 100vw, 150px\" \/><\/a>\n\t\t\t<\/dt><\/dl><dl class='gallery-item'>\n\t\t\t<dt class='gallery-icon landscape'>\n\t\t\t\t<a href='https:\/\/www.hsu-hh.de\/hisalt\/wp-content\/uploads\/sites\/743\/2018\/11\/DSC_0011-1024x685.jpg' data-full='https:\/\/www.hsu-hh.de\/hisalt\/wp-content\/uploads\/sites\/743\/2018\/11\/DSC_0011.jpg' data-credit=\"\"><img loading=\"lazy\" decoding=\"async\" width=\"150\" height=\"150\" src=\"https:\/\/www.hsu-hh.de\/hisalt\/wp-content\/uploads\/sites\/743\/2018\/11\/DSC_0011-150x150.jpg\" class=\"attachment-thumbnail size-thumbnail\" alt=\"\" srcset=\"https:\/\/www.hsu-hh.de\/hisalt\/wp-content\/uploads\/sites\/743\/2018\/11\/DSC_0011-150x150.jpg 150w, https:\/\/www.hsu-hh.de\/hisalt\/wp-content\/uploads\/sites\/743\/2018\/11\/DSC_0011-100x100.jpg 100w\" sizes=\"auto, (max-width: 150px) 100vw, 150px\" \/><\/a>\n\t\t\t<\/dt><\/dl><dl class='gallery-item'>\n\t\t\t<dt class='gallery-icon landscape'>\n\t\t\t\t<a href='https:\/\/www.hsu-hh.de\/hisalt\/wp-content\/uploads\/sites\/743\/2018\/11\/DSC_0029-1024x685.jpg' data-full='https:\/\/www.hsu-hh.de\/hisalt\/wp-content\/uploads\/sites\/743\/2018\/11\/DSC_0029.jpg' data-credit=\"\"><img loading=\"lazy\" decoding=\"async\" width=\"150\" height=\"150\" src=\"https:\/\/www.hsu-hh.de\/hisalt\/wp-content\/uploads\/sites\/743\/2018\/11\/DSC_0029-150x150.jpg\" class=\"attachment-thumbnail size-thumbnail\" alt=\"\" srcset=\"https:\/\/www.hsu-hh.de\/hisalt\/wp-content\/uploads\/sites\/743\/2018\/11\/DSC_0029-150x150.jpg 150w, https:\/\/www.hsu-hh.de\/hisalt\/wp-content\/uploads\/sites\/743\/2018\/11\/DSC_0029-100x100.jpg 100w\" sizes=\"auto, (max-width: 150px) 100vw, 150px\" \/><\/a>\n\t\t\t<\/dt><\/dl><dl class='gallery-item'>\n\t\t\t<dt class='gallery-icon landscape'>\n\t\t\t\t<a href='https:\/\/www.hsu-hh.de\/hisalt\/wp-content\/uploads\/sites\/743\/2018\/11\/bild_II-1024x768.jpg' data-full='https:\/\/www.hsu-hh.de\/hisalt\/wp-content\/uploads\/sites\/743\/2018\/11\/bild_II.jpg' data-credit=\"\"><img loading=\"lazy\" decoding=\"async\" width=\"150\" height=\"150\" src=\"https:\/\/www.hsu-hh.de\/hisalt\/wp-content\/uploads\/sites\/743\/2018\/11\/bild_II-150x150.jpg\" class=\"attachment-thumbnail size-thumbnail\" alt=\"\" srcset=\"https:\/\/www.hsu-hh.de\/hisalt\/wp-content\/uploads\/sites\/743\/2018\/11\/bild_II-150x150.jpg 150w, https:\/\/www.hsu-hh.de\/hisalt\/wp-content\/uploads\/sites\/743\/2018\/11\/bild_II-100x100.jpg 100w\" sizes=\"auto, (max-width: 150px) 100vw, 150px\" \/><\/a>\n\t\t\t<\/dt><\/dl><dl class='gallery-item'>\n\t\t\t<dt class='gallery-icon landscape'>\n\t\t\t\t<a href='https:\/\/www.hsu-hh.de\/hisalt\/wp-content\/uploads\/sites\/743\/2018\/11\/bild_IV-1024x768.jpg' data-full='https:\/\/www.hsu-hh.de\/hisalt\/wp-content\/uploads\/sites\/743\/2018\/11\/bild_IV.jpg' data-credit=\"\"><img loading=\"lazy\" decoding=\"async\" width=\"150\" height=\"150\" src=\"https:\/\/www.hsu-hh.de\/hisalt\/wp-content\/uploads\/sites\/743\/2018\/11\/bild_IV-150x150.jpg\" class=\"attachment-thumbnail size-thumbnail\" alt=\"\" srcset=\"https:\/\/www.hsu-hh.de\/hisalt\/wp-content\/uploads\/sites\/743\/2018\/11\/bild_IV-150x150.jpg 150w, https:\/\/www.hsu-hh.de\/hisalt\/wp-content\/uploads\/sites\/743\/2018\/11\/bild_IV-100x100.jpg 100w\" sizes=\"auto, (max-width: 150px) 100vw, 150px\" \/><\/a>\n\t\t\t<\/dt><\/dl><dl class='gallery-item'>\n\t\t\t<dt class='gallery-icon landscape'>\n\t\t\t\t<a href='https:\/\/www.hsu-hh.de\/hisalt\/wp-content\/uploads\/sites\/743\/2018\/11\/DSC_0041-1024x685.jpg' data-full='https:\/\/www.hsu-hh.de\/hisalt\/wp-content\/uploads\/sites\/743\/2018\/11\/DSC_0041.jpg' data-credit=\"\"><img loading=\"lazy\" decoding=\"async\" width=\"150\" height=\"150\" src=\"https:\/\/www.hsu-hh.de\/hisalt\/wp-content\/uploads\/sites\/743\/2018\/11\/DSC_0041-150x150.jpg\" class=\"attachment-thumbnail size-thumbnail\" alt=\"\" srcset=\"https:\/\/www.hsu-hh.de\/hisalt\/wp-content\/uploads\/sites\/743\/2018\/11\/DSC_0041-150x150.jpg 150w, https:\/\/www.hsu-hh.de\/hisalt\/wp-content\/uploads\/sites\/743\/2018\/11\/DSC_0041-100x100.jpg 100w\" sizes=\"auto, (max-width: 150px) 100vw, 150px\" \/><\/a>\n\t\t\t<\/dt><\/dl><dl class='gallery-item'>\n\t\t\t<dt class='gallery-icon landscape'>\n\t\t\t\t<a href='https:\/\/www.hsu-hh.de\/hisalt\/wp-content\/uploads\/sites\/743\/2018\/11\/DSC_0047-1024x685.jpg' data-full='https:\/\/www.hsu-hh.de\/hisalt\/wp-content\/uploads\/sites\/743\/2018\/11\/DSC_0047.jpg' data-credit=\"\"><img loading=\"lazy\" decoding=\"async\" width=\"150\" height=\"150\" src=\"https:\/\/www.hsu-hh.de\/hisalt\/wp-content\/uploads\/sites\/743\/2018\/11\/DSC_0047-150x150.jpg\" class=\"attachment-thumbnail size-thumbnail\" alt=\"\" srcset=\"https:\/\/www.hsu-hh.de\/hisalt\/wp-content\/uploads\/sites\/743\/2018\/11\/DSC_0047-150x150.jpg 150w, https:\/\/www.hsu-hh.de\/hisalt\/wp-content\/uploads\/sites\/743\/2018\/11\/DSC_0047-100x100.jpg 100w\" sizes=\"auto, (max-width: 150px) 100vw, 150px\" \/><\/a>\n\t\t\t<\/dt><\/dl><dl class='gallery-item'>\n\t\t\t<dt class='gallery-icon landscape'>\n\t\t\t\t<a href='https:\/\/www.hsu-hh.de\/hisalt\/wp-content\/uploads\/sites\/743\/2018\/11\/DSC_0049-1024x685.jpg' data-full='https:\/\/www.hsu-hh.de\/hisalt\/wp-content\/uploads\/sites\/743\/2018\/11\/DSC_0049.jpg' data-credit=\"\"><img loading=\"lazy\" decoding=\"async\" width=\"150\" height=\"150\" src=\"https:\/\/www.hsu-hh.de\/hisalt\/wp-content\/uploads\/sites\/743\/2018\/11\/DSC_0049-150x150.jpg\" class=\"attachment-thumbnail size-thumbnail\" alt=\"\" srcset=\"https:\/\/www.hsu-hh.de\/hisalt\/wp-content\/uploads\/sites\/743\/2018\/11\/DSC_0049-150x150.jpg 150w, https:\/\/www.hsu-hh.de\/hisalt\/wp-content\/uploads\/sites\/743\/2018\/11\/DSC_0049-100x100.jpg 100w\" sizes=\"auto, (max-width: 150px) 100vw, 150px\" \/><\/a>\n\t\t\t<\/dt><\/dl><dl class='gallery-item'>\n\t\t\t<dt class='gallery-icon landscape'>\n\t\t\t\t<a href='https:\/\/www.hsu-hh.de\/hisalt\/wp-content\/uploads\/sites\/743\/2018\/11\/DSC_0055-1024x685.jpg' data-full='https:\/\/www.hsu-hh.de\/hisalt\/wp-content\/uploads\/sites\/743\/2018\/11\/DSC_0055.jpg' data-credit=\"\"><img loading=\"lazy\" decoding=\"async\" width=\"150\" height=\"150\" src=\"https:\/\/www.hsu-hh.de\/hisalt\/wp-content\/uploads\/sites\/743\/2018\/11\/DSC_0055-150x150.jpg\" class=\"attachment-thumbnail size-thumbnail\" alt=\"\" srcset=\"https:\/\/www.hsu-hh.de\/hisalt\/wp-content\/uploads\/sites\/743\/2018\/11\/DSC_0055-150x150.jpg 150w, https:\/\/www.hsu-hh.de\/hisalt\/wp-content\/uploads\/sites\/743\/2018\/11\/DSC_0055-100x100.jpg 100w\" sizes=\"auto, (max-width: 150px) 100vw, 150px\" \/><\/a>\n\t\t\t<\/dt><\/dl><dl class='gallery-item'>\n\t\t\t<dt class='gallery-icon portrait'>\n\t\t\t\t<a href='https:\/\/www.hsu-hh.de\/hisalt\/wp-content\/uploads\/sites\/743\/2018\/11\/DSC_0061-685x1024.jpg' data-full='https:\/\/www.hsu-hh.de\/hisalt\/wp-content\/uploads\/sites\/743\/2018\/11\/DSC_0061.jpg' data-credit=\"\"><img loading=\"lazy\" decoding=\"async\" width=\"150\" height=\"150\" src=\"https:\/\/www.hsu-hh.de\/hisalt\/wp-content\/uploads\/sites\/743\/2018\/11\/DSC_0061-150x150.jpg\" class=\"attachment-thumbnail size-thumbnail\" alt=\"\" srcset=\"https:\/\/www.hsu-hh.de\/hisalt\/wp-content\/uploads\/sites\/743\/2018\/11\/DSC_0061-150x150.jpg 150w, https:\/\/www.hsu-hh.de\/hisalt\/wp-content\/uploads\/sites\/743\/2018\/11\/DSC_0061-100x100.jpg 100w\" sizes=\"auto, (max-width: 150px) 100vw, 150px\" \/><\/a>\n\t\t\t<\/dt><\/dl><dl class='gallery-item'>\n\t\t\t<dt class='gallery-icon portrait'>\n\t\t\t\t<a href='https:\/\/www.hsu-hh.de\/hisalt\/wp-content\/uploads\/sites\/743\/2018\/11\/DSC_0063-685x1024.jpg' data-full='https:\/\/www.hsu-hh.de\/hisalt\/wp-content\/uploads\/sites\/743\/2018\/11\/DSC_0063.jpg' data-credit=\"\"><img loading=\"lazy\" decoding=\"async\" width=\"150\" height=\"150\" src=\"https:\/\/www.hsu-hh.de\/hisalt\/wp-content\/uploads\/sites\/743\/2018\/11\/DSC_0063-150x150.jpg\" class=\"attachment-thumbnail size-thumbnail\" alt=\"\" srcset=\"https:\/\/www.hsu-hh.de\/hisalt\/wp-content\/uploads\/sites\/743\/2018\/11\/DSC_0063-150x150.jpg 150w, https:\/\/www.hsu-hh.de\/hisalt\/wp-content\/uploads\/sites\/743\/2018\/11\/DSC_0063-100x100.jpg 100w\" sizes=\"auto, (max-width: 150px) 100vw, 150px\" \/><\/a>\n\t\t\t<\/dt><\/dl><dl class='gallery-item'>\n\t\t\t<dt class='gallery-icon landscape'>\n\t\t\t\t<a href='https:\/\/www.hsu-hh.de\/hisalt\/wp-content\/uploads\/sites\/743\/2018\/11\/DSC_0066-1024x685.jpg' data-full='https:\/\/www.hsu-hh.de\/hisalt\/wp-content\/uploads\/sites\/743\/2018\/11\/DSC_0066.jpg' data-credit=\"\"><img loading=\"lazy\" decoding=\"async\" width=\"150\" height=\"150\" src=\"https:\/\/www.hsu-hh.de\/hisalt\/wp-content\/uploads\/sites\/743\/2018\/11\/DSC_0066-150x150.jpg\" class=\"attachment-thumbnail size-thumbnail\" alt=\"\" srcset=\"https:\/\/www.hsu-hh.de\/hisalt\/wp-content\/uploads\/sites\/743\/2018\/11\/DSC_0066-150x150.jpg 150w, https:\/\/www.hsu-hh.de\/hisalt\/wp-content\/uploads\/sites\/743\/2018\/11\/DSC_0066-100x100.jpg 100w\" sizes=\"auto, (max-width: 150px) 100vw, 150px\" \/><\/a>\n\t\t\t<\/dt><\/dl><dl class='gallery-item'>\n\t\t\t<dt class='gallery-icon portrait'>\n\t\t\t\t<a href='https:\/\/www.hsu-hh.de\/hisalt\/wp-content\/uploads\/sites\/743\/2018\/11\/DSC_0070-685x1024.jpg' data-full='https:\/\/www.hsu-hh.de\/hisalt\/wp-content\/uploads\/sites\/743\/2018\/11\/DSC_0070.jpg' data-credit=\"\"><img loading=\"lazy\" decoding=\"async\" width=\"150\" height=\"150\" src=\"https:\/\/www.hsu-hh.de\/hisalt\/wp-content\/uploads\/sites\/743\/2018\/11\/DSC_0070-150x150.jpg\" class=\"attachment-thumbnail size-thumbnail\" alt=\"\" srcset=\"https:\/\/www.hsu-hh.de\/hisalt\/wp-content\/uploads\/sites\/743\/2018\/11\/DSC_0070-150x150.jpg 150w, https:\/\/www.hsu-hh.de\/hisalt\/wp-content\/uploads\/sites\/743\/2018\/11\/DSC_0070-100x100.jpg 100w\" sizes=\"auto, (max-width: 150px) 100vw, 150px\" \/><\/a>\n\t\t\t<\/dt><\/dl><dl class='gallery-item'>\n\t\t\t<dt class='gallery-icon portrait'>\n\t\t\t\t<a href='https:\/\/www.hsu-hh.de\/hisalt\/wp-content\/uploads\/sites\/743\/2018\/11\/DSC_0072-685x1024.jpg' data-full='https:\/\/www.hsu-hh.de\/hisalt\/wp-content\/uploads\/sites\/743\/2018\/11\/DSC_0072.jpg' data-credit=\"\"><img loading=\"lazy\" decoding=\"async\" width=\"150\" height=\"150\" src=\"https:\/\/www.hsu-hh.de\/hisalt\/wp-content\/uploads\/sites\/743\/2018\/11\/DSC_0072-150x150.jpg\" class=\"attachment-thumbnail size-thumbnail\" alt=\"\" srcset=\"https:\/\/www.hsu-hh.de\/hisalt\/wp-content\/uploads\/sites\/743\/2018\/11\/DSC_0072-150x150.jpg 150w, https:\/\/www.hsu-hh.de\/hisalt\/wp-content\/uploads\/sites\/743\/2018\/11\/DSC_0072-100x100.jpg 100w\" sizes=\"auto, (max-width: 150px) 100vw, 150px\" \/><\/a>\n\t\t\t<\/dt><\/dl><dl class='gallery-item'>\n\t\t\t<dt class='gallery-icon landscape'>\n\t\t\t\t<a href='https:\/\/www.hsu-hh.de\/hisalt\/wp-content\/uploads\/sites\/743\/2018\/11\/DSC_0073-1024x685.jpg' data-full='https:\/\/www.hsu-hh.de\/hisalt\/wp-content\/uploads\/sites\/743\/2018\/11\/DSC_0073.jpg' data-credit=\"\"><img loading=\"lazy\" decoding=\"async\" width=\"150\" height=\"150\" src=\"https:\/\/www.hsu-hh.de\/hisalt\/wp-content\/uploads\/sites\/743\/2018\/11\/DSC_0073-150x150.jpg\" class=\"attachment-thumbnail size-thumbnail\" alt=\"\" srcset=\"https:\/\/www.hsu-hh.de\/hisalt\/wp-content\/uploads\/sites\/743\/2018\/11\/DSC_0073-150x150.jpg 150w, https:\/\/www.hsu-hh.de\/hisalt\/wp-content\/uploads\/sites\/743\/2018\/11\/DSC_0073-100x100.jpg 100w\" sizes=\"auto, (max-width: 150px) 100vw, 150px\" \/><\/a>\n\t\t\t<\/dt><\/dl><dl class='gallery-item'>\n\t\t\t<dt class='gallery-icon portrait'>\n\t\t\t\t<a href='https:\/\/www.hsu-hh.de\/hisalt\/wp-content\/uploads\/sites\/743\/2018\/11\/DSC_0083-685x1024.jpg' data-full='https:\/\/www.hsu-hh.de\/hisalt\/wp-content\/uploads\/sites\/743\/2018\/11\/DSC_0083.jpg' data-credit=\"\"><img loading=\"lazy\" decoding=\"async\" width=\"150\" height=\"150\" src=\"https:\/\/www.hsu-hh.de\/hisalt\/wp-content\/uploads\/sites\/743\/2018\/11\/DSC_0083-150x150.jpg\" class=\"attachment-thumbnail size-thumbnail\" alt=\"\" srcset=\"https:\/\/www.hsu-hh.de\/hisalt\/wp-content\/uploads\/sites\/743\/2018\/11\/DSC_0083-150x150.jpg 150w, https:\/\/www.hsu-hh.de\/hisalt\/wp-content\/uploads\/sites\/743\/2018\/11\/DSC_0083-100x100.jpg 100w\" sizes=\"auto, (max-width: 150px) 100vw, 150px\" \/><\/a>\n\t\t\t<\/dt><\/dl><dl class='gallery-item'>\n\t\t\t<dt class='gallery-icon portrait'>\n\t\t\t\t<a href='https:\/\/www.hsu-hh.de\/hisalt\/wp-content\/uploads\/sites\/743\/2018\/11\/DSC_0096-685x1024.jpg' data-full='https:\/\/www.hsu-hh.de\/hisalt\/wp-content\/uploads\/sites\/743\/2018\/11\/DSC_0096.jpg' data-credit=\"\"><img loading=\"lazy\" decoding=\"async\" width=\"150\" height=\"150\" src=\"https:\/\/www.hsu-hh.de\/hisalt\/wp-content\/uploads\/sites\/743\/2018\/11\/DSC_0096-150x150.jpg\" class=\"attachment-thumbnail size-thumbnail\" alt=\"\" srcset=\"https:\/\/www.hsu-hh.de\/hisalt\/wp-content\/uploads\/sites\/743\/2018\/11\/DSC_0096-150x150.jpg 150w, https:\/\/www.hsu-hh.de\/hisalt\/wp-content\/uploads\/sites\/743\/2018\/11\/DSC_0096-100x100.jpg 100w\" sizes=\"auto, (max-width: 150px) 100vw, 150px\" \/><\/a>\n\t\t\t<\/dt><\/dl><dl class='gallery-item'>\n\t\t\t<dt class='gallery-icon portrait'>\n\t\t\t\t<a href='https:\/\/www.hsu-hh.de\/hisalt\/wp-content\/uploads\/sites\/743\/2018\/11\/DSC_0101-685x1024.jpg' data-full='https:\/\/www.hsu-hh.de\/hisalt\/wp-content\/uploads\/sites\/743\/2018\/11\/DSC_0101.jpg' data-credit=\"\"><img loading=\"lazy\" decoding=\"async\" width=\"150\" height=\"150\" src=\"https:\/\/www.hsu-hh.de\/hisalt\/wp-content\/uploads\/sites\/743\/2018\/11\/DSC_0101-150x150.jpg\" class=\"attachment-thumbnail size-thumbnail\" alt=\"\" srcset=\"https:\/\/www.hsu-hh.de\/hisalt\/wp-content\/uploads\/sites\/743\/2018\/11\/DSC_0101-150x150.jpg 150w, https:\/\/www.hsu-hh.de\/hisalt\/wp-content\/uploads\/sites\/743\/2018\/11\/DSC_0101-100x100.jpg 100w\" sizes=\"auto, (max-width: 150px) 100vw, 150px\" \/><\/a>\n\t\t\t<\/dt><\/dl><dl class='gallery-item'>\n\t\t\t<dt class='gallery-icon portrait'>\n\t\t\t\t<a href='https:\/\/www.hsu-hh.de\/hisalt\/wp-content\/uploads\/sites\/743\/2018\/11\/DSC_0108-685x1024.jpg' data-full='https:\/\/www.hsu-hh.de\/hisalt\/wp-content\/uploads\/sites\/743\/2018\/11\/DSC_0108.jpg' data-credit=\"\"><img loading=\"lazy\" decoding=\"async\" width=\"150\" height=\"150\" src=\"https:\/\/www.hsu-hh.de\/hisalt\/wp-content\/uploads\/sites\/743\/2018\/11\/DSC_0108-150x150.jpg\" class=\"attachment-thumbnail size-thumbnail\" alt=\"\" srcset=\"https:\/\/www.hsu-hh.de\/hisalt\/wp-content\/uploads\/sites\/743\/2018\/11\/DSC_0108-150x150.jpg 150w, https:\/\/www.hsu-hh.de\/hisalt\/wp-content\/uploads\/sites\/743\/2018\/11\/DSC_0108-100x100.jpg 100w\" sizes=\"auto, (max-width: 150px) 100vw, 150px\" \/><\/a>\n\t\t\t<\/dt><\/dl><dl class='gallery-item'>\n\t\t\t<dt class='gallery-icon landscape'>\n\t\t\t\t<a href='https:\/\/www.hsu-hh.de\/hisalt\/wp-content\/uploads\/sites\/743\/2018\/11\/DSC_0114-1024x685.jpg' data-full='https:\/\/www.hsu-hh.de\/hisalt\/wp-content\/uploads\/sites\/743\/2018\/11\/DSC_0114.jpg' data-credit=\"\"><img loading=\"lazy\" decoding=\"async\" width=\"150\" height=\"150\" src=\"https:\/\/www.hsu-hh.de\/hisalt\/wp-content\/uploads\/sites\/743\/2018\/11\/DSC_0114-150x150.jpg\" class=\"attachment-thumbnail size-thumbnail\" alt=\"\" srcset=\"https:\/\/www.hsu-hh.de\/hisalt\/wp-content\/uploads\/sites\/743\/2018\/11\/DSC_0114-150x150.jpg 150w, https:\/\/www.hsu-hh.de\/hisalt\/wp-content\/uploads\/sites\/743\/2018\/11\/DSC_0114-100x100.jpg 100w\" sizes=\"auto, (max-width: 150px) 100vw, 150px\" \/><\/a>\n\t\t\t<\/dt><\/dl><dl class='gallery-item'>\n\t\t\t<dt class='gallery-icon portrait'>\n\t\t\t\t<a href='https:\/\/www.hsu-hh.de\/hisalt\/wp-content\/uploads\/sites\/743\/2018\/11\/DSC_0156-685x1024.jpg' data-full='https:\/\/www.hsu-hh.de\/hisalt\/wp-content\/uploads\/sites\/743\/2018\/11\/DSC_0156.jpg' data-credit=\"\"><img loading=\"lazy\" decoding=\"async\" width=\"150\" height=\"150\" src=\"https:\/\/www.hsu-hh.de\/hisalt\/wp-content\/uploads\/sites\/743\/2018\/11\/DSC_0156-150x150.jpg\" class=\"attachment-thumbnail size-thumbnail\" alt=\"\" srcset=\"https:\/\/www.hsu-hh.de\/hisalt\/wp-content\/uploads\/sites\/743\/2018\/11\/DSC_0156-150x150.jpg 150w, https:\/\/www.hsu-hh.de\/hisalt\/wp-content\/uploads\/sites\/743\/2018\/11\/DSC_0156-100x100.jpg 100w\" sizes=\"auto, (max-width: 150px) 100vw, 150px\" \/><\/a>\n\t\t\t<\/dt><\/dl><dl class='gallery-item'>\n\t\t\t<dt class='gallery-icon landscape'>\n\t\t\t\t<a href='https:\/\/www.hsu-hh.de\/hisalt\/wp-content\/uploads\/sites\/743\/2018\/11\/DSC_0196-1024x685.jpg' data-full='https:\/\/www.hsu-hh.de\/hisalt\/wp-content\/uploads\/sites\/743\/2018\/11\/DSC_0196.jpg' data-credit=\"\"><img loading=\"lazy\" decoding=\"async\" width=\"150\" height=\"150\" src=\"https:\/\/www.hsu-hh.de\/hisalt\/wp-content\/uploads\/sites\/743\/2018\/11\/DSC_0196-150x150.jpg\" class=\"attachment-thumbnail size-thumbnail\" alt=\"\" srcset=\"https:\/\/www.hsu-hh.de\/hisalt\/wp-content\/uploads\/sites\/743\/2018\/11\/DSC_0196-150x150.jpg 150w, https:\/\/www.hsu-hh.de\/hisalt\/wp-content\/uploads\/sites\/743\/2018\/11\/DSC_0196-100x100.jpg 100w\" sizes=\"auto, (max-width: 150px) 100vw, 150px\" \/><\/a>\n\t\t\t<\/dt><\/dl><dl class='gallery-item'>\n\t\t\t<dt class='gallery-icon landscape'>\n\t\t\t\t<a href='https:\/\/www.hsu-hh.de\/hisalt\/wp-content\/uploads\/sites\/743\/2018\/11\/IMG_2652-1024x768.jpg' data-full='https:\/\/www.hsu-hh.de\/hisalt\/wp-content\/uploads\/sites\/743\/2018\/11\/IMG_2652.jpg' data-credit=\"\"><img loading=\"lazy\" decoding=\"async\" width=\"150\" height=\"150\" src=\"https:\/\/www.hsu-hh.de\/hisalt\/wp-content\/uploads\/sites\/743\/2018\/11\/IMG_2652-150x150.jpg\" class=\"attachment-thumbnail size-thumbnail\" alt=\"\" srcset=\"https:\/\/www.hsu-hh.de\/hisalt\/wp-content\/uploads\/sites\/743\/2018\/11\/IMG_2652-150x150.jpg 150w, https:\/\/www.hsu-hh.de\/hisalt\/wp-content\/uploads\/sites\/743\/2018\/11\/IMG_2652-100x100.jpg 100w\" sizes=\"auto, (max-width: 150px) 100vw, 150px\" \/><\/a>\n\t\t\t<\/dt><\/dl><dl class='gallery-item'>\n\t\t\t<dt class='gallery-icon landscape'>\n\t\t\t\t<a href='https:\/\/www.hsu-hh.de\/hisalt\/wp-content\/uploads\/sites\/743\/2018\/11\/IMG_6170-1024x768.jpg' data-full='https:\/\/www.hsu-hh.de\/hisalt\/wp-content\/uploads\/sites\/743\/2018\/11\/IMG_6170.jpg' data-credit=\"\"><img loading=\"lazy\" decoding=\"async\" width=\"150\" height=\"150\" src=\"https:\/\/www.hsu-hh.de\/hisalt\/wp-content\/uploads\/sites\/743\/2018\/11\/IMG_6170-150x150.jpg\" class=\"attachment-thumbnail size-thumbnail\" alt=\"\" srcset=\"https:\/\/www.hsu-hh.de\/hisalt\/wp-content\/uploads\/sites\/743\/2018\/11\/IMG_6170-150x150.jpg 150w, https:\/\/www.hsu-hh.de\/hisalt\/wp-content\/uploads\/sites\/743\/2018\/11\/IMG_6170-100x100.jpg 100w\" sizes=\"auto, (max-width: 150px) 100vw, 150px\" \/><\/a>\n\t\t\t<\/dt><\/dl><dl class='gallery-item'>\n\t\t\t<dt class='gallery-icon portrait'>\n\t\t\t\t<a href='https:\/\/www.hsu-hh.de\/hisalt\/wp-content\/uploads\/sites\/743\/2018\/11\/IMG_6208-768x1024.jpg' data-full='https:\/\/www.hsu-hh.de\/hisalt\/wp-content\/uploads\/sites\/743\/2018\/11\/IMG_6208.jpg' data-credit=\"\"><img loading=\"lazy\" decoding=\"async\" width=\"150\" height=\"150\" src=\"https:\/\/www.hsu-hh.de\/hisalt\/wp-content\/uploads\/sites\/743\/2018\/11\/IMG_6208-150x150.jpg\" class=\"attachment-thumbnail size-thumbnail\" alt=\"\" srcset=\"https:\/\/www.hsu-hh.de\/hisalt\/wp-content\/uploads\/sites\/743\/2018\/11\/IMG_6208-150x150.jpg 150w, https:\/\/www.hsu-hh.de\/hisalt\/wp-content\/uploads\/sites\/743\/2018\/11\/IMG_6208-100x100.jpg 100w\" sizes=\"auto, (max-width: 150px) 100vw, 150px\" \/><\/a>\n\t\t\t<\/dt><\/dl><dl class='gallery-item'>\n\t\t\t<dt class='gallery-icon landscape'>\n\t\t\t\t<a href='https:\/\/www.hsu-hh.de\/hisalt\/wp-content\/uploads\/sites\/743\/2018\/11\/DSC_0134-1024x685.jpg' data-full='https:\/\/www.hsu-hh.de\/hisalt\/wp-content\/uploads\/sites\/743\/2018\/11\/DSC_0134.jpg' data-credit=\"HSU-HH AG\"><img loading=\"lazy\" decoding=\"async\" width=\"150\" height=\"150\" src=\"https:\/\/www.hsu-hh.de\/hisalt\/wp-content\/uploads\/sites\/743\/2018\/11\/DSC_0134-150x150.jpg\" class=\"attachment-thumbnail size-thumbnail\" alt=\"Prof. Sch\u00e4fer, Prof. Mei\u00dfner\" aria-describedby=\"gallery-1-677\" srcset=\"https:\/\/www.hsu-hh.de\/hisalt\/wp-content\/uploads\/sites\/743\/2018\/11\/DSC_0134-150x150.jpg 150w, https:\/\/www.hsu-hh.de\/hisalt\/wp-content\/uploads\/sites\/743\/2018\/11\/DSC_0134-100x100.jpg 100w\" sizes=\"auto, (max-width: 150px) 100vw, 150px\" \/><\/a>\n\t\t\t<\/dt>\n\t\t\t\t<dd class='wp-caption-text gallery-caption' id='gallery-1-677'>\n\t\t\t\tProf. Sch\u00e4fer, Prof. Mei\u00dfner\n\n\n\t\t\t\t<\/dd><\/dl>\n\t\t<\/div>\n<\/div>\n","protected":false},"excerpt":{"rendered":"<p>mit Prof. Dr. Christoph Sch\u00e4fer (Universit\u00e4t Trier, Projektleiter) und Lt.z.S. Gerrit Wagener (Helmut-Schmidt-Universit\u00e4t, Bauleitung)<\/p>\n","protected":false},"author":185,"featured_media":0,"parent":0,"menu_order":0,"comment_status":"closed","ping_status":"closed","template":"","meta":{"footnotes":""},"categories":[],"tags":[],"class_list":["post-656","page","type-page","status-publish","hentry"],"_links":{"self":[{"href":"https:\/\/www.hsu-hh.de\/hisalt\/wp-json\/wp\/v2\/pages\/656","targetHints":{"allow":["GET"]}}],"collection":[{"href":"https:\/\/www.hsu-hh.de\/hisalt\/wp-json\/wp\/v2\/pages"}],"about":[{"href":"https:\/\/www.hsu-hh.de\/hisalt\/wp-json\/wp\/v2\/types\/page"}],"author":[{"embeddable":true,"href":"https:\/\/www.hsu-hh.de\/hisalt\/wp-json\/wp\/v2\/users\/185"}],"replies":[{"embeddable":true,"href":"https:\/\/www.hsu-hh.de\/hisalt\/wp-json\/wp\/v2\/comments?post=656"}],"version-history":[{"count":2,"href":"https:\/\/www.hsu-hh.de\/hisalt\/wp-json\/wp\/v2\/pages\/656\/revisions"}],"predecessor-version":[{"id":684,"href":"https:\/\/www.hsu-hh.de\/hisalt\/wp-json\/wp\/v2\/pages\/656\/revisions\/684"}],"wp:attachment":[{"href":"https:\/\/www.hsu-hh.de\/hisalt\/wp-json\/wp\/v2\/media?parent=656"}],"wp:term":[{"taxonomy":"category","embeddable":true,"href":"https:\/\/www.hsu-hh.de\/hisalt\/wp-json\/wp\/v2\/categories?post=656"},{"taxonomy":"post_tag","embeddable":true,"href":"https:\/\/www.hsu-hh.de\/hisalt\/wp-json\/wp\/v2\/tags?post=656"}],"curies":[{"name":"wp","href":"https:\/\/api.w.org\/{rel}","templated":true}]}}