{"id":640,"date":"2018-11-01T07:30:30","date_gmt":"2018-11-01T06:30:30","guid":{"rendered":"https:\/\/www.hsu-hh.de\/hisalt\/?page_id=640"},"modified":"2018-11-01T07:30:30","modified_gmt":"2018-11-01T06:30:30","slug":"exkursion-der-lehrstuehle-fuer-alte-mittelalterliche-und-fruehneuzeitliche-geschichte-nach-rom-1-12-april-2008","status":"publish","type":"page","link":"https:\/\/www.hsu-hh.de\/hisalt\/exkursion-der-lehrstuehle-fuer-alte-mittelalterliche-und-fruehneuzeitliche-geschichte-nach-rom-1-12-april-2008","title":{"rendered":"Exkursion der Lehrst\u00fchle f\u00fcr Alte, Mittelalterliche und Fr\u00fchneuzeitliche Geschichte nach Rom, 1.-12. April 2008"},"content":{"rendered":"<p>Vom 1. bis 12. April 2008 besuchte eine Gruppe von 13 Studierenden (davon einer unserer Schwesteruniversit\u00e4t in M\u00fcnchen) die \u201cewige Stadt\u201d Rom.<\/p>\n<p>&nbsp;<\/p>\n<script>\tvar sosereDefaults = {\"allowfullscreen\":true,\"fit\":\"contain\",\"transition\":\"crossfade\",\"loop\":true,\"autoplay\":\"3000\",\"stopautoplayontouch\":true,\"keyboard\":true,\"nav\":\"thumbs\"}<\/script><div class='sosere--wp' data-ids='647,643,644,645,648,641,642,646'data-link='file'data-itemtag='dl'data-icontag='dt'data-captiontag='dd'data-columns='0'data-size='large'data-width='1024'data-auto='false'data-max-width='100%'data-ratio='1.8384201077199'><div id='gallery-1' class='gallery galleryid-640 gallery-columns-0 gallery-size-thumbnail'><dl class='gallery-item'>\n\t\t\t<dt class='gallery-icon landscape'>\n\t\t\t\t<a href='https:\/\/www.hsu-hh.de\/hisalt\/wp-content\/uploads\/sites\/743\/2018\/11\/rom_htm_m257c75de-1024x557.jpg' data-full='https:\/\/www.hsu-hh.de\/hisalt\/wp-content\/uploads\/sites\/743\/2018\/11\/rom_htm_m257c75de.jpg' data-credit=\"HSU-HH AG\"><img loading=\"lazy\" decoding=\"async\" width=\"150\" height=\"150\" src=\"https:\/\/www.hsu-hh.de\/hisalt\/wp-content\/uploads\/sites\/743\/2018\/11\/rom_htm_m257c75de-150x150.jpg\" class=\"attachment-thumbnail size-thumbnail\" alt=\"Gruppenphoto vor dem Eingang von Il Ges\u00f9. Hintere Reihe: Philipp T\u00fcngler, Johan Jansen, Burkhard Mei\u00dfner. 3. Reihe: Leonie Hieck, Fr\u00e9d\u00e9ric du Roi, Damian Schneider, Peter Rief. 2. Reihe: Ren\u00e9 Smolinsky, Ramon Berger, Gerrit Huth, Werner Sauerwald, Maik M\u00f6rs. Vordere Reihe: Sabine Schmolinsky, Jutta Nowosadtko, Axel Kistner, Manuel Gosch\" aria-describedby=\"gallery-1-647\" srcset=\"https:\/\/www.hsu-hh.de\/hisalt\/wp-content\/uploads\/sites\/743\/2018\/11\/rom_htm_m257c75de-150x150.jpg 150w, https:\/\/www.hsu-hh.de\/hisalt\/wp-content\/uploads\/sites\/743\/2018\/11\/rom_htm_m257c75de-100x100.jpg 100w\" sizes=\"auto, (max-width: 150px) 100vw, 150px\" \/><\/a>\n\t\t\t<\/dt>\n\t\t\t\t<dd class='wp-caption-text gallery-caption' id='gallery-1-647'>\n\t\t\t\tGruppenphoto vor dem Eingang von Il Ges\u00f9. Hintere Reihe: Philipp T\u00fcngler, Johan Jansen, Burkhard Mei\u00dfner. 3. Reihe: Leonie Hieck, Fr\u00e9d\u00e9ric du Roi, Damian Schneider, Peter Rief. 2. Reihe: Ren\u00e9 Smolinsky, Ramon Berger, Gerrit Huth, Werner Sauerwald, Maik M\u00f6rs. Vordere Reihe: Sabine Schmolinsky, Jutta Nowosadtko, Axel Kistner, Manuel Gosch\n\t\t\t\t<\/dd><\/dl><dl class='gallery-item'>\n\t\t\t<dt class='gallery-icon landscape'>\n\t\t\t\t<a href='https:\/\/www.hsu-hh.de\/hisalt\/wp-content\/uploads\/sites\/743\/2018\/11\/forum1-1024x613.jpg' data-full='https:\/\/www.hsu-hh.de\/hisalt\/wp-content\/uploads\/sites\/743\/2018\/11\/forum1.jpg' data-credit=\"HSU-HH Ag\"><img loading=\"lazy\" decoding=\"async\" width=\"150\" height=\"150\" src=\"https:\/\/www.hsu-hh.de\/hisalt\/wp-content\/uploads\/sites\/743\/2018\/11\/forum1-150x150.jpg\" class=\"attachment-thumbnail size-thumbnail\" alt=\"Blick auf das Forum Romanum vom Palatin aus\" aria-describedby=\"gallery-1-643\" srcset=\"https:\/\/www.hsu-hh.de\/hisalt\/wp-content\/uploads\/sites\/743\/2018\/11\/forum1-150x150.jpg 150w, https:\/\/www.hsu-hh.de\/hisalt\/wp-content\/uploads\/sites\/743\/2018\/11\/forum1-100x100.jpg 100w\" sizes=\"auto, (max-width: 150px) 100vw, 150px\" \/><\/a>\n\t\t\t<\/dt>\n\t\t\t\t<dd class='wp-caption-text gallery-caption' id='gallery-1-643'>\n\t\t\t\tBlick auf das Forum Romanum vom Palatin aus\n\t\t\t\t<\/dd><\/dl><dl class='gallery-item'>\n\t\t\t<dt class='gallery-icon landscape'>\n\t\t\t\t<a href='https:\/\/www.hsu-hh.de\/hisalt\/wp-content\/uploads\/sites\/743\/2018\/11\/ivo-1024x681.jpg' data-full='https:\/\/www.hsu-hh.de\/hisalt\/wp-content\/uploads\/sites\/743\/2018\/11\/ivo.jpg' data-credit=\"HSU-HH AG\"><img loading=\"lazy\" decoding=\"async\" width=\"150\" height=\"150\" src=\"https:\/\/www.hsu-hh.de\/hisalt\/wp-content\/uploads\/sites\/743\/2018\/11\/ivo-150x150.jpg\" class=\"attachment-thumbnail size-thumbnail\" alt=\"Sant&#039;Ivo alla Sapienza, bis in die 20er Jahre des 20. Jhdt.s Sitz der Universit\u00e4t\" aria-describedby=\"gallery-1-644\" srcset=\"https:\/\/www.hsu-hh.de\/hisalt\/wp-content\/uploads\/sites\/743\/2018\/11\/ivo-150x150.jpg 150w, https:\/\/www.hsu-hh.de\/hisalt\/wp-content\/uploads\/sites\/743\/2018\/11\/ivo-100x100.jpg 100w\" sizes=\"auto, (max-width: 150px) 100vw, 150px\" \/><\/a>\n\t\t\t<\/dt>\n\t\t\t\t<dd class='wp-caption-text gallery-caption' id='gallery-1-644'>\n\t\t\t\tSant&#8217;Ivo alla Sapienza, bis in die 20er Jahre des 20. Jhdt.s Sitz der Universit\u00e4t\n\t\t\t\t<\/dd><\/dl><dl class='gallery-item'>\n\t\t\t<dt class='gallery-icon landscape'>\n\t\t\t\t<a href='https:\/\/www.hsu-hh.de\/hisalt\/wp-content\/uploads\/sites\/743\/2018\/11\/ostia-1024x640.jpg' data-full='https:\/\/www.hsu-hh.de\/hisalt\/wp-content\/uploads\/sites\/743\/2018\/11\/ostia.jpg' data-credit=\"HSU-HH AG\"><img loading=\"lazy\" decoding=\"async\" width=\"150\" height=\"150\" src=\"https:\/\/www.hsu-hh.de\/hisalt\/wp-content\/uploads\/sites\/743\/2018\/11\/ostia-150x150.jpg\" class=\"attachment-thumbnail size-thumbnail\" alt=\"Piazzale delle corporazioni in Ostia\" aria-describedby=\"gallery-1-645\" srcset=\"https:\/\/www.hsu-hh.de\/hisalt\/wp-content\/uploads\/sites\/743\/2018\/11\/ostia-150x150.jpg 150w, https:\/\/www.hsu-hh.de\/hisalt\/wp-content\/uploads\/sites\/743\/2018\/11\/ostia-100x100.jpg 100w\" sizes=\"auto, (max-width: 150px) 100vw, 150px\" \/><\/a>\n\t\t\t<\/dt>\n\t\t\t\t<dd class='wp-caption-text gallery-caption' id='gallery-1-645'>\n\t\t\t\tPiazzale delle corporazioni in Ostia\n\t\t\t\t<\/dd><\/dl><dl class='gallery-item'>\n\t\t\t<dt class='gallery-icon landscape'>\n\t\t\t\t<a href='https:\/\/www.hsu-hh.de\/hisalt\/wp-content\/uploads\/sites\/743\/2018\/11\/vatic-1024x659.jpg' data-full='https:\/\/www.hsu-hh.de\/hisalt\/wp-content\/uploads\/sites\/743\/2018\/11\/vatic.jpg' data-credit=\"HSU-HH AG\"><img loading=\"lazy\" decoding=\"async\" width=\"150\" height=\"150\" src=\"https:\/\/www.hsu-hh.de\/hisalt\/wp-content\/uploads\/sites\/743\/2018\/11\/vatic-150x150.jpg\" class=\"attachment-thumbnail size-thumbnail\" alt=\"Vatikanische Museen\" aria-describedby=\"gallery-1-648\" srcset=\"https:\/\/www.hsu-hh.de\/hisalt\/wp-content\/uploads\/sites\/743\/2018\/11\/vatic-150x150.jpg 150w, https:\/\/www.hsu-hh.de\/hisalt\/wp-content\/uploads\/sites\/743\/2018\/11\/vatic-100x100.jpg 100w\" sizes=\"auto, (max-width: 150px) 100vw, 150px\" \/><\/a>\n\t\t\t<\/dt>\n\t\t\t\t<dd class='wp-caption-text gallery-caption' id='gallery-1-648'>\n\t\t\t\tVatikanische Museen\n\t\t\t\t<\/dd><\/dl><dl class='gallery-item'>\n\t\t\t<dt class='gallery-icon landscape'>\n\t\t\t\t<a href='https:\/\/www.hsu-hh.de\/hisalt\/wp-content\/uploads\/sites\/743\/2018\/11\/belager-1024x768.jpg' data-full='https:\/\/www.hsu-hh.de\/hisalt\/wp-content\/uploads\/sites\/743\/2018\/11\/belager.jpg' data-credit=\"HSU-HH AG\"><img loading=\"lazy\" decoding=\"async\" width=\"150\" height=\"150\" src=\"https:\/\/www.hsu-hh.de\/hisalt\/wp-content\/uploads\/sites\/743\/2018\/11\/belager-150x150.jpg\" class=\"attachment-thumbnail size-thumbnail\" alt=\"rof. Dr. B.Mei\u00dfner und Lt. Sauerwald vor einer ballista im Museo della civilt\u00e0 romana in EUR\" aria-describedby=\"gallery-1-641\" srcset=\"https:\/\/www.hsu-hh.de\/hisalt\/wp-content\/uploads\/sites\/743\/2018\/11\/belager-150x150.jpg 150w, https:\/\/www.hsu-hh.de\/hisalt\/wp-content\/uploads\/sites\/743\/2018\/11\/belager-100x100.jpg 100w\" sizes=\"auto, (max-width: 150px) 100vw, 150px\" \/><\/a>\n\t\t\t<\/dt>\n\t\t\t\t<dd class='wp-caption-text gallery-caption' id='gallery-1-641'>\n\t\t\t\tProf. Dr. B.Mei\u00dfner und Lt. Sauerwald vor einer ballista im Museo della civilt\u00e0 romana in EUR\n\t\t\t\t<\/dd><\/dl><dl class='gallery-item'>\n\t\t\t<dt class='gallery-icon landscape'>\n\t\t\t\t<a href='https:\/\/www.hsu-hh.de\/hisalt\/wp-content\/uploads\/sites\/743\/2018\/11\/dominik-1024x676.jpg' data-full='https:\/\/www.hsu-hh.de\/hisalt\/wp-content\/uploads\/sites\/743\/2018\/11\/dominik.jpg' data-credit=\"HSU-HH AG\"><img loading=\"lazy\" decoding=\"async\" width=\"150\" height=\"150\" src=\"https:\/\/www.hsu-hh.de\/hisalt\/wp-content\/uploads\/sites\/743\/2018\/11\/dominik-150x150.jpg\" class=\"attachment-thumbnail size-thumbnail\" alt=\"Vortrag des Erzbischofs von Washington in der Dominikanerhochschule\" aria-describedby=\"gallery-1-642\" srcset=\"https:\/\/www.hsu-hh.de\/hisalt\/wp-content\/uploads\/sites\/743\/2018\/11\/dominik-150x150.jpg 150w, https:\/\/www.hsu-hh.de\/hisalt\/wp-content\/uploads\/sites\/743\/2018\/11\/dominik-100x100.jpg 100w\" sizes=\"auto, (max-width: 150px) 100vw, 150px\" \/><\/a>\n\t\t\t<\/dt>\n\t\t\t\t<dd class='wp-caption-text gallery-caption' id='gallery-1-642'>\n\t\t\t\tVortrag des Erzbischofs von Washington in der Dominikanerhochschule\n\t\t\t\t<\/dd><\/dl><dl class='gallery-item'>\n\t\t\t<dt class='gallery-icon landscape'>\n\t\t\t\t<a href='https:\/\/www.hsu-hh.de\/hisalt\/wp-content\/uploads\/sites\/743\/2018\/11\/papst-1024x498.jpg' data-full='https:\/\/www.hsu-hh.de\/hisalt\/wp-content\/uploads\/sites\/743\/2018\/11\/papst.jpg' data-credit=\"HSU-HH AG\"><img loading=\"lazy\" decoding=\"async\" width=\"150\" height=\"150\" src=\"https:\/\/www.hsu-hh.de\/hisalt\/wp-content\/uploads\/sites\/743\/2018\/11\/papst-150x150.jpg\" class=\"attachment-thumbnail size-thumbnail\" alt=\"Papstaudienz auf dem Petersplatz\" aria-describedby=\"gallery-1-646\" srcset=\"https:\/\/www.hsu-hh.de\/hisalt\/wp-content\/uploads\/sites\/743\/2018\/11\/papst-150x150.jpg 150w, https:\/\/www.hsu-hh.de\/hisalt\/wp-content\/uploads\/sites\/743\/2018\/11\/papst-100x100.jpg 100w\" sizes=\"auto, (max-width: 150px) 100vw, 150px\" \/><\/a>\n\t\t\t<\/dt>\n\t\t\t\t<dd class='wp-caption-text gallery-caption' id='gallery-1-646'>\n\t\t\t\tPapstaudienz auf dem Petersplatz\n\t\t\t\t<\/dd><\/dl>\n\t\t<\/div>\n<\/div>\n<p>&nbsp;<\/p>\n<p>Die Reise bildete den Abschluss eines Seminars, das im Wintertrimester \u201cRom und seine Renaissancen\u201d zum Gegenstand gehabt hatte: Die wiederholten Neuerfindungen der Stadt, ihr Umgang mit der eigenen Vergangenheit und die Br\u00fcche in ihrer st\u00e4dtebaulichen Entwicklung waren zun\u00e4chst historisch nachvollzogen worden. Nun ging es darum, vor Ort die Spuren in Augenschein zu nehmen, welche diese Prozesse hinterlassen haben.\u00a0Thematisch spannte sich der Bogen dabei von Infrastruktur, Be- und Entw\u00e4sserung, Wohnungsbau, politischer Architektur und Sakralbauten bis hin zu Universit\u00e4t, U-Bahn und Stadtm\u00f6blierung, zeitlich reichte die Spanne vom 8. Jhdt. v.Chr. bis zu Walter Veltroni.<\/p>\n<p>Gleich bei ihrer Ankunft am Flughafen sahen sich die Teilnehmer mit ungewohnten Aspekten des Stadtmanagements konfrontiert: Ein wilder Streik von Angestellten der konkursgef\u00e4hrdeten\u00a0Alitaliablockierte die Eisenbahnstrecke in Richtung Innenstadt. Untergebracht war unsere Gruppe in der kloster\u00e4hnlichen Anlage der\u00a0Figlie di Maria Ss. Corredentrice\u00a0bei La Storta, ca. 30 km nordwestlich der Innenstadt. Von diesem St\u00fctzpunkt aus lie\u00dfen sich die Kerne des vergangenen und gegenw\u00e4rtigen Stadtlebens gut erschlie\u00dfen.\u00a0Forum, Capitol und Palatin, Peterskirche und Engelsburg, die vatikanischen Sammlungen, Villa Borghese und Via Veneto geh\u00f6rten zum unverzichtbaren Besichtigungsprogramm. Au\u00dferdem besuchten wir die Ausgrabungen unter Alt-St. Peter, Santa Costanza mit seinen pr\u00e4chtigen Mosaiken und die Katakomben unter Sant&#8217;Agnese, die vom faschistischen Regime geplante Musterstadt EUR und den antiken Hafen von Ostia. Wir vergegenw\u00e4rtigten uns die Entwicklung des Stadtteils Garbatella sowie den Abstieg \u00fcber drei Etagen sakraler Architektur in San Clemente.\u00a0Einen besonderen H\u00f6hepunkt bildete der gemeinsame Besuch der Hochschule der Dominikaner mit einem Vortrag des Erzbischofs von Washington.\u00a0Die verbliebenen offenen Zeitfenster wurden zur Vertiefung der Interessenschwerpunkte genutzt. Dabei verband sich der erneute Besuch in St. Peter f\u00fcr einen Teil der Gruppe aufs Beste mit der Teilnahme an einer Papstaudienz auf dem Petersplatz, w\u00e4hrend andere die Ruhe von Santa Sabina auf dem Aventin und wieder andere das Treiben im Colosseum vorzogen. Als un\u00fcberwindlich erwiesen sich lediglich die Z\u00e4une der Domus Aurea und die \u00d6ffnungszeiten des Trajanshafens.<\/p>\n<p>Des Abends zeigte es sich immer wieder aufs Neue als Gl\u00fccksfall bei La Storta untergekommen zu sein, liegen um die Via Cassia doch viele Wohnsiedlungen gehobenen Standards und daher auch gute Restaurants; der regelm\u00e4\u00dfige Fu\u00dfmarsch vom Ortskern La Storta in die Konventsgeb\u00e4ude kompensierte auf sportliche Weise die S\u00fcnden des Essens \u2013 die wir mit gro\u00dfer Freude an den Abenden gerne begangen haben, und die uns aufs Angenehmste mit dieser, der gastronomischen Seite von\u00a0Lazio\u00a0bekannt machten.<\/p>\n<p><abbr title=\"Professorin \/ Professor\">Prof.<\/abbr> <abbr title=\"Doktorin \/ Doktor\">Dr.<\/abbr> Jutta Nowosadtko<\/p>\n<p><abbr title=\"Professorin \/ Professor\">Prof.<\/abbr> <abbr title=\"Doktorin \/ Doktor\">Dr.<\/abbr> Sabine Schmolinsky (Universit\u00e4t Erfurt)<\/p>\n<p><abbr title=\"Professorin \/ Professor\">Prof.<\/abbr> <abbr title=\"Doktorin \/ Doktor\">Dr.<\/abbr> Burkhard Mei\u00dfner<\/p>\n","protected":false},"excerpt":{"rendered":"<p>Vom 1. bis 12. April 2008 besuchte eine Gruppe von 13 Studierenden (davon einer unserer Schwesteruniversit\u00e4t in M\u00fcnchen) die \u201cewige Stadt\u201d Rom. &nbsp; &nbsp; Die Reise bildete den Abschluss eines [&hellip;]<\/p>\n","protected":false},"author":185,"featured_media":0,"parent":0,"menu_order":0,"comment_status":"closed","ping_status":"closed","template":"","meta":{"footnotes":""},"categories":[],"tags":[],"class_list":["post-640","page","type-page","status-publish","hentry"],"_links":{"self":[{"href":"https:\/\/www.hsu-hh.de\/hisalt\/wp-json\/wp\/v2\/pages\/640","targetHints":{"allow":["GET"]}}],"collection":[{"href":"https:\/\/www.hsu-hh.de\/hisalt\/wp-json\/wp\/v2\/pages"}],"about":[{"href":"https:\/\/www.hsu-hh.de\/hisalt\/wp-json\/wp\/v2\/types\/page"}],"author":[{"embeddable":true,"href":"https:\/\/www.hsu-hh.de\/hisalt\/wp-json\/wp\/v2\/users\/185"}],"replies":[{"embeddable":true,"href":"https:\/\/www.hsu-hh.de\/hisalt\/wp-json\/wp\/v2\/comments?post=640"}],"version-history":[{"count":5,"href":"https:\/\/www.hsu-hh.de\/hisalt\/wp-json\/wp\/v2\/pages\/640\/revisions"}],"predecessor-version":[{"id":653,"href":"https:\/\/www.hsu-hh.de\/hisalt\/wp-json\/wp\/v2\/pages\/640\/revisions\/653"}],"wp:attachment":[{"href":"https:\/\/www.hsu-hh.de\/hisalt\/wp-json\/wp\/v2\/media?parent=640"}],"wp:term":[{"taxonomy":"category","embeddable":true,"href":"https:\/\/www.hsu-hh.de\/hisalt\/wp-json\/wp\/v2\/categories?post=640"},{"taxonomy":"post_tag","embeddable":true,"href":"https:\/\/www.hsu-hh.de\/hisalt\/wp-json\/wp\/v2\/tags?post=640"}],"curies":[{"name":"wp","href":"https:\/\/api.w.org\/{rel}","templated":true}]}}