{"id":158,"date":"2017-11-22T17:42:39","date_gmt":"2017-11-22T16:42:39","guid":{"rendered":"https:\/\/www.hsu-hh.de\/hisalt\/?page_id=158"},"modified":"2023-04-13T11:04:17","modified_gmt":"2023-04-13T09:04:17","slug":"projekte","status":"publish","type":"page","link":"https:\/\/www.hsu-hh.de\/hisalt\/projekte","title":{"rendered":"Projekte"},"content":{"rendered":"<div id=\"category_content_E7qhY15T\" class=\"hsu_category archive-page\"><\/div>\n<h3> Halle-Jena-Leipzig-Papyrusprojekt<\/h3>\n<p><a href=\"https:\/\/papyri.uni-leipzig.de\/content\/start.xml\" rel='nofollow'>Das Papyrusprojekt Halle-Jena-Leipzig<\/a><\/p>\n<p><a href=\"https:\/\/www.hsu-hh.de\/hisalt\/betautf8\">BETAUTF8: Beta Code to Unicode Converter<\/a>\u00a0f\u00fcr das\u00a0Papyrusprojekt Halle-Jena-Leipzig\u00a0und das\u00a0<a href=\"http:\/\/hsu-hh.de\/hisalt\/spitbol-programming-by-for-classicists-accessing-and-analyzing-classical-texts\" rel='nofollow'>View &amp; Find System<\/a>. Nota Bene:\u00a0<a href=\"https:\/\/www.hsu-hh.de\/hisalt\/viewandfind\">View &amp; Find is now in the public domain and can be downloaded here!<\/a><\/p>\n<h3>Altes-Wissen-Extraktionsprojekt<\/h3>\n<p><a href=\"http:\/\/www.eaqua.net\/\" rel='nofollow'>Extraktion von strukturiertem Wissen aus antiken Quellen f\u00fcr die Altertumswissenschaft (Leipzig, Heidelberg, Hamburg)<\/a><\/p>\n<h3>Torsionsgesch\u00fctzprojekt<\/h3>\n<p><img loading=\"lazy\" decoding=\"async\" class=\"size-medium wp-image-977 alignright\" src=\"https:\/\/www.hsu-hh.de\/hisalt\/wp-content\/uploads\/sites\/743\/2023\/02\/balliste12publicpreview-400x200-1-300x150.jpg\" alt=\"Vorf\u00fchrung der zum Lehrstuhl geh\u00f6rigen Balliste auf der Saalburg im Juli 2015.\" width=\"300\" height=\"150\" data-credit=\"HSU\" srcset=\"https:\/\/www.hsu-hh.de\/hisalt\/wp-content\/uploads\/sites\/743\/2023\/02\/balliste12publicpreview-400x200-1-300x150.jpg 300w, https:\/\/www.hsu-hh.de\/hisalt\/wp-content\/uploads\/sites\/743\/2023\/02\/balliste12publicpreview-400x200-1.jpg 400w\" sizes=\"auto, (max-width: 300px) 100vw, 300px\" \/><\/p>\n<p><strong><em>Rekonstruktion r\u00f6mischer Torsionsgesch\u00fctze<\/em> (zusammen mit den Universit\u00e4ten Trier und Osnabr\u00fcck, der Varus-Gesellschaft und dem Gymnasium Schlo\u00df Ising).<\/strong><\/p>\n<p><a href=\"http:\/\/hsu-hh.de\/hisalt\/videosshootingmunsterramsau\" rel='nofollow'>Video describing the torsion artillery project<\/a> (<abbr title=\"Helmut Schmidt Universit\u00e4t\">HSU<\/abbr>\/UniBw-H; University of Trier; University of Osnabrueck; Gymnasium Ising; Varusgesellschaft)<\/p>\n<div class=\"col-xs-12 downloads-item\">\n<div class=\"row border-line\">\n<div class=\"thumbnail-area\"><img decoding=\"async\" class=\"download-image\" src=\"\/wp-content\/themes\/hsu\/img\/dummy\/downloads_dummy.png\" alt=\"\" \/><\/div>\n<div class=\"text-area\"><span class=\"download-text\">Direktdownload Medium quality wma version (<abbr title=\"Wissenschaftlicher Mitarbeiter\">WMA<\/abbr>) 346 MB.<\/span><\/div>\n<div class=\"download-area\"><a class=\"download-link\" href=\"https:\/\/www.hsu-hh.de\/hisalt\/wp-content\/uploads\/sites\/743\/2018\/03\/torsionvideo.mp4\"><span class=\"download-name\">mp4 laden<\/span><span class=\"donwload-icon\"><img decoding=\"async\" class=\"download-icon\" src=\"\/wp-content\/themes\/hsu\/img\/icons\/download_icon.png\" alt=\"download icon\" \/><\/span><span class=\"download-size\">364 MB<\/span><\/a><\/div>\n<\/div>\n<\/div>\n<p><a href=\"http:\/\/hsu-hh.de\/hisalt\/picturesandvideosshootingmunsterramsau\" rel='nofollow'>Pictures from shooting tests at Munster German Army training area (October 2016) and Ramsau-Molln Austrian Army training ground (June 2017)\u00a0<\/a><\/p>\n<p><a href=\"https:\/\/www.hsu-hh.de\/hisalt\/videosshootingmunsterramsau\">Videos from shooting tests at Munster German Army training area (October 2016) and Ramsau-Molln Austrian Army training ground (June 2017).<\/a><\/p>\n<p><a href=\"https:\/\/www.uni-trier.de\/index.php?id=51663&amp;L=0\" rel='nofollow'>Press review of our project, collected by our colleagues at Trier (<abbr title=\"Professorin \/ Professor\">Prof.<\/abbr> <abbr title=\"Doktorin \/ Doktor\">Dr.<\/abbr> Christoph Sch\u00e4fer)\u00a0<\/a><\/p>\n<p><a href=\"https:\/\/www.uni-trier.de\/index.php?id=5109&amp;L=0\" rel='nofollow'>Pictures from testing campaigns at Trier (Wehrtechnische Dienststelle 41), collected by <abbr title=\"Professorin \/ Professor\">Prof.<\/abbr> <abbr title=\"Doktorin \/ Doktor\">Dr.<\/abbr> Christoph Sch\u00e4fer, Trier<\/a><\/p>\n<h2><\/h2>\n<div class=\"col-xs-12 downloads-item\">\n<div class=\"row border-line\">\n<h2 class=\"thumbnail-area\"><img decoding=\"async\" class=\"download-image\" src=\"\/wp-content\/themes\/hsu\/img\/dummy\/downloads_dummy.png\" alt=\"\" \/><\/h2>\n<p class=\"text-area\">\u00a0unix utils (bc, bmore, dc, dirent, errno, getopt, ifne, jot, lam, look, printf, readlink, recode, rs, sponge, TheHesslingEditor, time. truncate, units, unlink, whereis), general utils (ascii, bvi, dosdir, file2c, filebin, hexcomp, hexcurse, hexit, isutf8, mbanner, minibox, ytree), shells (lsh, cmd++\/cli_sh, Dos9, mmish, pilot) and jokes (sl), ported to FreeDOS, and routines written in assembly language (screen, font, file, directory utils) by B.Mei\u00dfner<\/p>\n<div class=\"download-area\"><a class=\"download-link\" href=\"https:\/\/www.hsu-hh.de\/hisalt\/wp-content\/uploads\/sites\/743\/2018\/03\/all.zip\"><span class=\"download-name\">zip laden<\/span><span class=\"donwload-icon\"><img decoding=\"async\" class=\"download-icon\" src=\"\/wp-content\/themes\/hsu\/img\/icons\/download_icon.png\" alt=\"download icon\" \/><\/span><span class=\"download-size\">17 MB<\/span><\/a><\/div>\n<\/div>\n<\/div>\n","protected":false},"excerpt":{"rendered":"<p>Halle-Jena-Leipzig-Papyrusprojekt Das Papyrusprojekt Halle-Jena-Leipzig BETAUTF8: Beta Code to Unicode Converter\u00a0f\u00fcr das\u00a0Papyrusprojekt Halle-Jena-Leipzig\u00a0und das\u00a0View &amp; Find System. Nota Bene:\u00a0View &amp; Find is now in the public domain and can be downloaded [&hellip;]<\/p>\n","protected":false},"author":185,"featured_media":0,"parent":0,"menu_order":0,"comment_status":"closed","ping_status":"closed","template":"","meta":{"footnotes":""},"categories":[4],"tags":[],"class_list":["post-158","page","type-page","status-publish","hentry","category-forschung"],"_links":{"self":[{"href":"https:\/\/www.hsu-hh.de\/hisalt\/wp-json\/wp\/v2\/pages\/158","targetHints":{"allow":["GET"]}}],"collection":[{"href":"https:\/\/www.hsu-hh.de\/hisalt\/wp-json\/wp\/v2\/pages"}],"about":[{"href":"https:\/\/www.hsu-hh.de\/hisalt\/wp-json\/wp\/v2\/types\/page"}],"author":[{"embeddable":true,"href":"https:\/\/www.hsu-hh.de\/hisalt\/wp-json\/wp\/v2\/users\/185"}],"replies":[{"embeddable":true,"href":"https:\/\/www.hsu-hh.de\/hisalt\/wp-json\/wp\/v2\/comments?post=158"}],"version-history":[{"count":16,"href":"https:\/\/www.hsu-hh.de\/hisalt\/wp-json\/wp\/v2\/pages\/158\/revisions"}],"predecessor-version":[{"id":1007,"href":"https:\/\/www.hsu-hh.de\/hisalt\/wp-json\/wp\/v2\/pages\/158\/revisions\/1007"}],"wp:attachment":[{"href":"https:\/\/www.hsu-hh.de\/hisalt\/wp-json\/wp\/v2\/media?parent=158"}],"wp:term":[{"taxonomy":"category","embeddable":true,"href":"https:\/\/www.hsu-hh.de\/hisalt\/wp-json\/wp\/v2\/categories?post=158"},{"taxonomy":"post_tag","embeddable":true,"href":"https:\/\/www.hsu-hh.de\/hisalt\/wp-json\/wp\/v2\/tags?post=158"}],"curies":[{"name":"wp","href":"https:\/\/api.w.org\/{rel}","templated":true}]}}