{"id":156,"date":"2017-11-22T17:42:29","date_gmt":"2017-11-22T16:42:29","guid":{"rendered":"https:\/\/www.hsu-hh.de\/hisalt\/?page_id=156"},"modified":"2026-04-15T11:59:52","modified_gmt":"2026-04-15T09:59:52","slug":"ressourcen","status":"publish","type":"page","link":"https:\/\/www.hsu-hh.de\/hisalt\/ressourcen","title":{"rendered":"Ressourcen"},"content":{"rendered":"<h3>Texte<\/h3>\n<h2>Latein:<\/h2>\n<p><a href=\"http:\/\/latin.packhum.org\/browse\" rel='nofollow'>Classical Latin Texts (Packard Humanities Institute = PHI)<\/a><\/p>\n<p><a href=\"http:\/\/clt.brepolis.net\/lltadfg\/Default.aspx\" rel='nofollow'>Library Of Latin Texts &#8211; A<\/a><\/p>\n<p><a href=\"http:\/\/clt.brepolis.net\/llta\/public\/About.aspx?what=all\" rel='nofollow'>LTT-A: Verzeichnis der Ausgaben<\/a><\/p>\n<p><a href=\"http:\/\/www.mgh.de\/datenbanken\/datenbanken-allgemeines\/\" rel='nofollow'>Monumenta Germaniae Historica<\/a><\/p>\n<p><a href=\"http:\/\/www.tertullian.org\/\" rel='nofollow'>Tertullian.org (Infos und Texte)<\/a><\/p>\n<p><a href=\"https:\/\/www.forumromanum.org\/literature\/index.html\" rel='nofollow'>Corpus Scriptorum Latinorum<\/a><\/p>\n<h2>Griechisch:<\/h2>\n<p><a href=\"http:\/\/dbis.uni-regensburg.de\/einzeln.phtml?bib_id=ubw_hh&amp;colors=15&amp;titel_id=1019\" rel='nofollow'>Thesaurus Linguae Graecae Greek Beta Code Texts<\/a><\/p>\n<h2>Latein und Griechisch:<\/h2>\n<p><a href=\"https:\/\/www.hs-augsburg.de\/~harsch\/augustana.html#la\" rel='nofollow'>Bibliotheca Augustana (<abbr title=\"Professorin \/ Professor\">Prof.<\/abbr> Harsch)<\/a><\/p>\n<p><a href=\"http:\/\/www.unifr.ch\/bkv\/index.htm\" rel='nofollow'>Bibliothek der Kirchenv\u00e4ter (BKV)<\/a><\/p>\n<p><a href=\"http:\/\/www.csad.ox.ac.uk\/CSAD\/\" rel='nofollow'>Centre for the Study of Ancient Documents<\/a><\/p>\n<p><a href=\"http:\/\/www.ccel.org\/fathers.html\" rel='nofollow'>Christian Classics Ethereal Library (CCEL):\u00a0Early Church Fathers<\/a><\/p>\n<p><a href=\"http:\/\/penelope.uchicago.edu\/Thayer\/E\/Roman\/Texts\/home.html\" rel='nofollow'>LacusCurtius (Greek and Roman Authors)<\/a><\/p>\n<p><a href=\"http:\/\/www.perseus.tufts.edu\/hopper\/collection?collection=Perseus:collection:Greco-Roman\" rel='nofollow'>Perseus 4 Collection (Greek and Roman Materials)<\/a><\/p>\n<p><a href=\"https:\/\/scaife.perseus.org\/\" rel='nofollow'>Open Greek and Latin Perseus Digital Library Scaife Viewer<\/a><\/p>\n<h3>Inschriften<\/h3>\n<h2>Latein:<\/h2>\n<p><a href=\"http:\/\/cil.bbaw.de\/dateien\/hilfsmittel.html\" rel='nofollow'>CIL: Corpus Inscriptionum Latinarum<\/a><\/p>\n<p><a href=\"http:\/\/db.edcs.eu\/epigr\/epi.php?s_sprache=de\" rel='nofollow'>Clauss-Slaby (Epigraphik-Datenbank)<\/a><\/p>\n<p><a href=\"http:\/\/edh-www.adw.uni-heidelberg.de\/home\/\" rel='nofollow'>Epigraphische Datenbank Heidelberg<\/a><\/p>\n<p><a href=\"http:\/\/penelope.uchicago.edu\/Thayer\/E\/Roman\/Texts\/Inscriptions\/home.html\" rel='nofollow'>Lacus Curtius: Latin Inscriptions<\/a><\/p>\n<p><a href=\"http:\/\/penelope.uchicago.edu\/Thayer\/E\/Roman\/Texts\/Inscriptions\/links*.html\" rel='nofollow'>Lacus Curtius: Latin Epigraphy &#8211; Major Web Resources<\/a><\/p>\n<p><a href=\"http:\/\/www.romancoins.info\/MilitaryDiploma.html\" rel='nofollow'>Roman Military Diploma<\/a><\/p>\n<p><a href=\"https:\/\/romaninscriptionsofbritain.org\/\" rel='nofollow'>Roman Inscriptions of Britain<\/a><\/p>\n<p><a href=\"https:\/\/romaninscriptionsofbritain.org\/tabvindol\" rel='nofollow'>Roman Inscriptions of Britain &#8211; Vindolanda Tablets<\/a><\/p>\n<p><a href=\"http:\/\/vindolanda.csad.ox.ac.uk\/\" rel='nofollow'>Vindolanda Tablets Online<\/a><\/p>\n<h2>Griechisch:<\/h2>\n<p><a href=\"https:\/\/www.atticinscriptions.com\/\" rel='nofollow'>Attic Inscriptions Online (Englische \u00dcbersetzungen)\u00a0<\/a><\/p>\n<p><a href=\"https:\/\/www.csad.ox.ac.uk\/squeeze-collection-0\" rel='nofollow'>Center for the Study of Ancient Documents (CSAD) &#8211; Abklatsch-Sammlung<\/a><\/p>\n<p><a href=\"https:\/\/epigraphy.packhum.org\/\" rel='nofollow'>Griechische Inschriften (Packard Humanities Institute = PHI; alte Adresse: http:\/\/epigraphy.packhum.org\/inscriptions\/)<\/a><\/p>\n<p><a href=\"http:\/\/telota.bbaw.de\/ig\/index.html\" rel='nofollow'>Inscriptiones Graece (BBAW)<\/a><\/p>\n<p><a href=\"http:\/\/aleshire.berkeley.edu\/resources\" rel='nofollow'>Online Resources for the Study of Greek Epigraphy<\/a><\/p>\n<h3>Papyri<\/h3>\n<p><a href=\"https:\/\/aquila.zaw.uni-heidelberg.de\/texte\/BGU\/BGU_I.html\" rel='nofollow'>Berliner Griechische Urkunden (BGU) I<\/a><\/p>\n<p><a href=\"https:\/\/aquila.zaw.uni-heidelberg.de\/texte\/BGU\/BGU_II.html\" rel='nofollow'>Berliner Griechische Urkunden (BGU) II<\/a><\/p>\n<p><a href=\"http:\/\/berlpap.smb.museum\/\" rel='nofollow'>Berliner Papyrusdatenbank<\/a><\/p>\n<p><a href=\"http:\/\/www.csad.ox.ac.uk\/CSAD\/\" rel='nofollow'>Centre for the Study of Ancient Documents<\/a><\/p>\n<p><a href=\"http:\/\/papyri.info\" rel='nofollow'>Papyri.info (<abbr title=\"inclusive\">inkl.<\/abbr> Duke Database of Documentary Papyri)<\/a><\/p>\n<p><a href=\"http:\/\/www.papyrology.ox.ac.uk\/\" rel='nofollow'>Papyrology at Oxford<\/a><\/p>\n<p><a href=\"http:\/\/www.csntm.org\/Manuscript\" rel='nofollow'>The Center for the Study of New Testament Manuscripts (CSNTM): Database<\/a><\/p>\n<h3>M\u00fcnzen<\/h3>\n<p><a href=\"https:\/\/www.coinarchives.com\/a\/\" rel='nofollow'>Coin Archivs<\/a><\/p>\n<p><a href=\"http:\/\/numismatics.org\/chrr\/\" rel='nofollow'>CHRR: Coin Hoards of the Roman Republic (American Numismatic Society)<\/a><\/p>\n<p><a href=\"http:\/\/numismatics.org\/crro\/\" rel='nofollow'>CRRO: Coinage of the Roman Republic Online (= M. Crawford, Roman Republican Coinage) (American Numismatic Society)<\/a><\/p>\n<p><a href=\"http:\/\/www.forumancientcoins.com\/\" rel='nofollow'>Forum Ancient Coins<\/a><\/p>\n<p><a href=\"http:\/\/numismatics.org\/hrc\/\" rel='nofollow'>HRC: Hellenistic Royal Coinages (American Numismatic Society)<\/a><\/p>\n<p><a href=\"http:\/\/numismatics.org\/search\/\" rel='nofollow'>MANTIS: The ANS Collection Database (American Numismatic Society)<\/a><\/p>\n<p><a href=\"http:\/\/ikmk.smb.museum\/home?lang=de\" rel='nofollow'>M\u00fcnzkabinett Staatliche Museen Berlin<\/a><\/p>\n<p><a href=\"http:\/\/freimore.ruf.uni-freiburg.de\/muenzen\/index.html\" rel='nofollow'>M\u00fcnzsammlung: Seminar f\u00fcr Alte Geschichte Freiburg<\/a><\/p>\n<p><a href=\"http:\/\/www.nbeonline.de\/\" rel='nofollow'>Numismatische Bilddatenbank Eichst\u00e4tt<\/a><\/p>\n<p><a href=\"http:\/\/numismatics.org\/ocre\/\" rel='nofollow'>OCRE: Online Coins of the Roman Empire (American Numismatic Society)<\/a><\/p>\n<p><a href=\"http:\/\/numismatics.org\/pco\/?fbclid=IwAR2sAa31ax3P3vsU_NYTjk5qbxa8S4UcwL9eEAnCTIhj-HyCRsXmylftilU\" rel='nofollow'>PCO: Ptolemaic Coins Online (American Numismatic Society)<\/a><\/p>\n<p><a href=\"http:\/\/numismatics.org\/pella\/\" rel='nofollow'>PELLA: Coinage of the Macedonian Kings of the Argead Dynasty (American Numismatic Society)<\/a><\/p>\n<p><a href=\"http:\/\/rpc.ashmus.ox.ac.uk\/\" rel='nofollow'>Roman Provincial Coinage<\/a><\/p>\n<p><a href=\"http:\/\/numismatics.org\/sco\/\" rel='nofollow'>SCO: Seleucid Coins Online (American Numismatic Society)<\/a><\/p>\n<p><a href=\"http:\/\/www.sylloge-nummorum-graecorum.org\/\" rel='nofollow'>Sylloge Nummorum Graecorum Database<\/a><\/p>\n<p><a href=\"http:\/\/www.wildwinds.com\/coins\/\" rel='nofollow'>Wildwinds<\/a><\/p>\n<h3>Zeitschriften<\/h3>\n<p><a href=\"http:\/\/www.digizeitschriften.de\/zeitschriften\/\" rel='nofollow'>DigiZeitschriften<\/a><\/p>\n<p><a href=\"http:\/\/rzblx1.uni-regensburg.de\/ezeit\/\" rel='nofollow'>Elektronische Zeitschriftenbibliothek (EZB)<\/a><\/p>\n<p><a href=\"https:\/\/gfa.gbv.de\/z\/pages\" rel='nofollow'>G\u00f6ttinger Forum f\u00fcr Altertumswissenschaft<\/a><\/p>\n<p><a href=\"http:\/\/jstor.org\" rel='nofollow'>JSTOR<\/a><\/p>\n<p><a href=\"http:\/\/www.kirke.hu-berlin.de\/kirke\/journal.html\" rel='nofollow'>KIRKE &#8211; Zeitschriften im WWW<\/a><\/p>\n<h3>Rezensionen<\/h3>\n<p><a href=\"https:\/\/bmcr.brynmawr.edu\/archive\" rel='nofollow'>Bryn Mawr Classical Review (BMCR)<\/a><\/p>\n<p><a href=\"https:\/\/www.hsozkult.de\/review\/page\" rel='nofollow'>HSozKult<\/a><\/p>\n<p><a href=\"http:\/\/www.sehepunkte.de\/\" rel='nofollow'>Sehepunkte<\/a><\/p>\n<h3>Links\/Tools<\/h3>\n<h2>Links:<\/h2>\n<p><a href=\"https:\/\/about.brepolis.net\/aph-abreviations\/\" rel='nofollow'>Abk\u00fcrzungsverzeichnis der Ann\u00e9e philologique<\/a> (hier: als <a href=\"https:\/\/www.uni-trier.de\/fileadmin\/fb3\/prof\/GES\/AG1\/Abk%C3%BCrzungen_Zeitschriften.pdf\" rel='nofollow'>PDF<\/a>)<\/p>\n<p><a href=\"https:\/\/classicalstudies.org\/\" rel='nofollow'>American Philological Association<\/a><\/p>\n<p><a href=\"http:\/\/www.clio-online.de\/\" rel='nofollow'>Clio Online (Internetressourcen f\u00fcr Historiker, Berlin)<\/a><\/p>\n<p><a href=\"https:\/\/www.dainst.org\/dai\/meldungen\" rel='nofollow'>Deutsches Arch\u00e4ologisches Institut<\/a><\/p>\n<p><a href=\"http:\/\/www.bildungsserver.de\/onlineressourcen.html?fach=4192\" rel='nofollow'>Deutscher Bildungsserver<\/a><\/p>\n<p><a href=\"https:\/\/www.uni-potsdam.de\/de\/hi-altertum\/popag\/epochen-quizze\" rel='nofollow'>Epochen-Quizze: Antike<\/a><\/p>\n<p><a href=\"https:\/\/www.gbd.digital\/gbd\/?View=gnomon\" rel='nofollow'>Gnomon Online (Gnomon Bibliographische Datenbank)<\/a><\/p>\n<p><a href=\"https:\/\/historicum-estudies.uni-koeln.de\/\" rel='nofollow'>Historicum eStudies (Universit\u00e4t zu K\u00f6ln)<\/a>\u00a0Hier: <a href=\"https:\/\/historicum-estudies.uni-koeln.de\/leitfaeden\/leitfaden-alte-geschichte\" rel='nofollow'>Leitfaden Alte Geschichte<\/a><\/p>\n<p><a href=\"http:\/\/www.hsozkult.de\" rel='nofollow'>HSozKult (Ressourcen)<\/a><\/p>\n<p><a href=\"http:\/\/www.kirke.hu-berlin.de\/ressourc\/ressourc.html\" rel='nofollow'>KIRKE &#8211; Katalog der Internetressourcen f\u00fcr die Klassische Philologie<\/a><\/p>\n<p><a href=\"http:\/\/stephanus.tlg.uci.edu\/index\/resources.html#\" rel='nofollow'>Maria Pantelia&#8217;s Collection of Classics Materials<\/a><\/p>\n<p><a href=\"https:\/\/propylaeum.de\/\" rel='nofollow'>Propylaeum: Fachinformationsdienst Altertumswissenschaften<\/a><\/p>\n<p><a href=\"https:\/\/www.geschichte.hu-berlin.de\/de\/bereiche-und-lehrstuehle\/alte-geschichte\/links\" rel='nofollow'>Werkzeuge f\u00fcr Althistoriker (HU Berlin)<\/a><\/p>\n<h2>Tools (W\u00f6rterb\u00fccher, Lexika <abbr title=\"et cetera\">etc.<\/abbr>):<\/h2>\n<p><a href=\"http:\/\/www.altaycoskun.com\/apr\" rel='nofollow'>Amici Populi Romani: Prosopography of the Foreign Friends of the Romans (3rd Century BCE\u20134th Century CE)<\/a><\/p>\n<p><a href=\"http:\/\/awmc.unc.edu\/wordpress\/\" rel='nofollow'>Ancient World Mapping Center<\/a><\/p>\n<p><a href=\"https:\/\/archive.org\/details\/texts\" rel='nofollow'>Archive.org\u00a0 Volltextsuche in B\u00fcchern<\/a><\/p>\n<p><a href=\"https:\/\/referenceworks.brill.com\/display\/db\/npoe\" rel='nofollow'>Brill&#8217;s New Pauly Online [NUR aus dem HSU-Netz\/mit VPN]<\/a><\/p>\n<p><a href=\"https:\/\/referenceworks.brill.com\/display\/package\/npsb\" rel='nofollow'>Brill&#8217;s New Pauly Supplements Online I [NUR aus dem HSU-Netz\/mit VPN]<\/a><\/p>\n<p><a href=\"https:\/\/referenceworks.brill.com\/display\/db\/npog?language=de\" rel='nofollow'>Der Neue Pauly Online [NUR aus dem HSU-Netz\/mit VPN]<\/a><\/p>\n<p><a href=\"https:\/\/referenceworks.brill.com\/display\/package\/npsb\" rel='nofollow'>Der Neue Pauly Supplemente I Online [NUR aus dem HSU-Netz\/mit VPN]<\/a><\/p>\n<ul>\n<li><a href=\"https:\/\/referenceworks.brill.com\/display\/db\/psg1\" rel='nofollow'>Band 1: Herrscherchronologien der antiken Welt: Namen, Daten, Dynastien<\/a><\/li>\n<li><a href=\"https:\/\/referenceworks.brill.com\/display\/db\/psg2\" rel='nofollow'>Band 2: Geschichte der antiken Texte: Autoren- und Werklexikon<\/a><\/li>\n<li><a href=\"https:\/\/referenceworks.brill.com\/display\/db\/psg3\" rel='nofollow'>Band 3: Historischer Atlas der antiken Welt<\/a><\/li>\n<li><a href=\"https:\/\/referenceworks.brill.com\/display\/db\/psg4\" rel='nofollow'>Band 4: Rezeptions- und Wissenschaftsgeschichte: Register zu den B\u00e4nden 13-15\/3 des Neuen Pauly<\/a><\/li>\n<li><a href=\"https:\/\/referenceworks.brill.com\/display\/db\/psg5\" rel='nofollow'>Band 5: Mythenrezeption: Die antike Mythologie in Literatur, Musik und Kunst von den Anf\u00e4ngen bis zur Gegenwart<\/a><\/li>\n<li><a href=\"https:\/\/referenceworks.brill.com\/display\/db\/psg6\" rel='nofollow'>Band 6: Geschichte der Altertumswissenschaften: Biographisches Lexikon<\/a><\/li>\n<li><a href=\"https:\/\/referenceworks.brill.com\/display\/db\/psg7\" rel='nofollow'>Band 7: Die Rezeption der antiken Literatur<\/a><\/li>\n<\/ul>\n<p><a href=\"http:\/\/www.eaqua.net\/#\" rel='nofollow'>eAQUA:\u00a0Extraktion von strukturiertem Wissen aus Antiken Quellen f\u00fcr die Altertumswissenschaft<\/a><\/p>\n<p><a href=\"https:\/\/logeion.uchicago.edu\/%CE%BB%CF%8C%CE%B3%CE%BF%CF%82\" rel='nofollow'>Liddell-Scott-Jones Greek-English Lexicon (LSJ): The Online Liddell-Scott-Jones Greek-English Lexicon<\/a><\/p>\n<p><a href=\"http:\/\/orbis.stanford.edu\/\" rel='nofollow'>Orbis: The Stanford Geospatial Network Model of the Roman World<\/a><\/p>\n<p><a href=\"http:\/\/www.zeno.org\/Pape-1880\" rel='nofollow'>Pape: Handw\u00f6rterbuch der griechischen Sprache (3. <abbr title=\"Auflage\">Aufl.<\/abbr> 1914)<\/a><\/p>\n<p><a href=\"http:\/\/thelandmarkcaesar.com\/\" rel='nofollow'>Raaflaub Kurt (<abbr title=\"Herausgeber\">Hrsg.<\/abbr>), The Landmark Julius Caesar\u00a0&#8211; Web Essays<\/a><\/p>\n<p><a href=\"http:\/\/www.zeno.org\/Kategorien\/T\/Georges-1913\" rel='nofollow'>Georges: Ausf\u00fchrliches lateinisch-deutsches Handw\u00f6rterbuch (1913-1918) (Zeno.org)<\/a><\/p>\n<p><a href=\"https:\/\/www.navigium.de\/\" rel='nofollow'>Navigium: Latein (W\u00f6rterbuch und Formenerkennung<\/a>)<\/p>\n<p><a href=\"http:\/\/www.perseus.tufts.edu\/hopper\/morph\" rel='nofollow'>Perseus (Greek Word Study Tool: W\u00f6rterbuch und Formenerkennung)<\/a><\/p>\n<p><a href=\"https:\/\/de.wikisource.org\/wiki\/Kategorie:Paulys_Realencyclop%C3%A4die_der_classischen_Altertumswissenschaft\" rel='nofollow'>Realenzyklop\u00e4die der Altertumswissenschaft (RE)<\/a><\/p>\n<h3>Deckblatt des Pr\u00fcfungsamts f\u00fcr Hausarbeit\/Pr\u00fcfung (Stand 10\/2025):<\/h3>\n<div class=\"col-xs-12 downloads-item\">\n<div class=\"row border-line\">\n<div class=\"thumbnail-area\"><img decoding=\"async\" class=\"download-image\" src=\"\/wp-content\/themes\/hsu\/img\/dummy\/downloads_dummy.png\" alt=\"\" \/><\/div>\n<div class=\"text-area\">\u00a0<\/div>\n<div class=\"download-area\"><a class=\"download-link\" href=\"https:\/\/www.hsu-hh.de\/hisalt\/wp-content\/uploads\/sites\/743\/2026\/04\/Deckblatt_Pruefungen-Stand-21.10.2025.pdf\"><span class=\"download-name\">pdf laden<\/span><span class=\"donwload-icon\"><img decoding=\"async\" class=\"download-icon\" src=\"\/wp-content\/themes\/hsu\/img\/icons\/download_icon.png\" alt=\"download icon\" \/><\/span><span class=\"download-size\">507 KB<\/span><\/a><\/div>\n<\/div>\n<\/div>\n<h3>Selbst\u00e4ndigkeitserkl\u00e4rung des Pr\u00fcfungsamts f\u00fcr Hausarbeit\/Pr\u00fcfung:<\/h3>\n<div class=\"col-xs-12 downloads-item\">\n<div class=\"row border-line\">\n<div class=\"thumbnail-area\"><img decoding=\"async\" class=\"download-image\" src=\"\/wp-content\/themes\/hsu\/img\/dummy\/downloads_dummy.png\" alt=\"\" \/><\/div>\n<div class=\"text-area\">\u00a0<\/div>\n<div class=\"download-area\"><a class=\"download-link\" href=\"https:\/\/www.hsu-hh.de\/hisalt\/wp-content\/uploads\/sites\/743\/2017\/12\/Selbstst\u00e4ndigkeiteserkl\u00e4rung_Muster.pdf\"><span class=\"download-name\">pdf laden<\/span><span class=\"donwload-icon\"><img decoding=\"async\" class=\"download-icon\" src=\"\/wp-content\/themes\/hsu\/img\/icons\/download_icon.png\" alt=\"download icon\" \/><\/span><span class=\"download-size\">11 KB<\/span><\/a><\/div>\n<\/div>\n<\/div>\n<h3>Pr\u00fcfungsordnungen und Modulhandb\u00fccher:<\/h3>\n\n\n<div class=\"wp-block-hsu-downloadblock\"><div class=\"thumbnail-area\"><img decoding=\"async\" src=\"\/wp-content\/themes\/hsu\/img\/dummy\/downloads_dummy.png\" alt=\"Download Symbol-Icon\" \/><\/div><div class=\"text-area\"><strong>Allgemeine Pr\u00fcfungsordnung <abbr title=\"Helmut Schmidt Universit\u00e4t\">HSU<\/abbr> mit 2. \u00c4nderung (12\/2025)<\/strong><\/div><div class=\"download-area\"><a class=\"download-link\" href=\"https:\/\/www.hsu-hh.de\/hisalt\/wp-content\/uploads\/sites\/743\/2026\/04\/HSU_Allgemeine_Pruefungsordnung_APO_2023_mit_2.AendO_Stand_23.12.2025.pdf\"><span class=\"download-name\">pdf laden<\/span><span class=\"download-icon\"><img decoding=\"async\" class=\"download-icon\" alt=\"download icon\" src=\"\/wp-content\/themes\/hsu\/img\/icons\/download_icon.png\" \/><\/span><span class=\"download-size\">319 kB<\/span><\/a><\/div><\/div>\n\n\n\n<div class=\"wp-block-hsu-downloadblock\"><div class=\"thumbnail-area\"><img decoding=\"async\" src=\"\/wp-content\/themes\/hsu\/img\/dummy\/downloads_dummy.png\" alt=\"Download Symbol-Icon\" \/><\/div><div class=\"text-area\"><strong>Fachspezifische Pr\u00fcfungsordnung Geschichte mit 3. \u00c4nderung 2024<\/strong><\/div><div class=\"download-area\"><a class=\"download-link\" href=\"https:\/\/www.hsu-hh.de\/hisalt\/wp-content\/uploads\/sites\/743\/2026\/04\/HSU_FSStudien-_und_Pruefungsordnung_Gesch_mit_3._Aenderung_2024.pdf\"><span class=\"download-name\">pdf laden<\/span><span class=\"download-icon\"><img decoding=\"async\" class=\"download-icon\" alt=\"download icon\" src=\"\/wp-content\/themes\/hsu\/img\/icons\/download_icon.png\" \/><\/span><span class=\"download-size\">525 kB<\/span><\/a><\/div><\/div>\n\n\n\n<div class=\"wp-block-hsu-downloadblock\"><div class=\"thumbnail-area\"><img decoding=\"async\" src=\"\/wp-content\/themes\/hsu\/img\/dummy\/downloads_dummy.png\" alt=\"Download Symbol-Icon\" \/><\/div><div class=\"text-area\"><strong>Fachspezifische Pr\u00fcfungsordnung Geschichte 2019 und Modul\u00fcbersicht<\/strong><\/div><div class=\"download-area\"><a class=\"download-link\" href=\"https:\/\/www.hsu-hh.de\/hisalt\/wp-content\/uploads\/sites\/743\/2019\/11\/FSPOGeschichte2019.pdf\"><span class=\"download-name\">pdf laden<\/span><span class=\"download-icon\"><img decoding=\"async\" class=\"download-icon\" alt=\"download icon\" src=\"\/wp-content\/themes\/hsu\/img\/icons\/download_icon.png\" \/><\/span><span class=\"download-size\">584 kB<\/span><\/a><\/div><\/div>\n\n\n\n<div class=\"wp-block-hsu-downloadblock\"><div class=\"thumbnail-area\"><img decoding=\"async\" src=\"\/wp-content\/themes\/hsu\/img\/dummy\/downloads_dummy.png\" alt=\"Download Symbol-Icon\" \/><\/div><div class=\"text-area\"><strong>Fachspezifische Pr\u00fcfungsordnung Geschichte 2017 und Modul\u00fcbersicht<\/strong><\/div><div class=\"download-area\"><a class=\"download-link\" href=\"https:\/\/www.hsu-hh.de\/hisalt\/wp-content\/uploads\/sites\/743\/2019\/03\/HSU_FSPr\u00fcfungsordnung_Geschichte_2017.pdf\"><span class=\"download-name\">pdf laden<\/span><span class=\"download-icon\"><img decoding=\"async\" class=\"download-icon\" alt=\"download icon\" src=\"\/wp-content\/themes\/hsu\/img\/icons\/download_icon.png\" \/><\/span><span class=\"download-size\">383 kB<\/span><\/a><\/div><\/div>\n\n\n\n<div class=\"wp-block-hsu-downloadblock\"><div class=\"thumbnail-area\"><img decoding=\"async\" src=\"\/wp-content\/themes\/hsu\/img\/dummy\/downloads_dummy.png\" alt=\"Download Symbol-Icon\" \/><\/div><div class=\"text-area\"><strong>Modulhandbuch Bachelorstudiengang Geschichte <abbr title=\"Helmut Schmidt Universit\u00e4t\">HSU<\/abbr> 2023 (ab Studienbeginn <abbr title=\"Herbsttrimester\">HT<\/abbr> 2023)<\/strong><\/div><div class=\"download-area\"><a class=\"download-link\" href=\"https:\/\/www.hsu-hh.de\/hisalt\/wp-content\/uploads\/sites\/743\/2026\/04\/HSU_Modulhandbuch-BA-Geschichte-25.08.2023.pdf\"><span class=\"download-name\">pdf laden<\/span><span class=\"download-icon\"><img decoding=\"async\" class=\"download-icon\" alt=\"download icon\" src=\"\/wp-content\/themes\/hsu\/img\/icons\/download_icon.png\" \/><\/span><span class=\"download-size\">1 MB<\/span><\/a><\/div><\/div>\n\n\n\n<div class=\"wp-block-hsu-downloadblock\"><div class=\"thumbnail-area\"><img decoding=\"async\" src=\"\/wp-content\/themes\/hsu\/img\/dummy\/downloads_dummy.png\" alt=\"Download Symbol-Icon\" \/><\/div><div class=\"text-area\"><strong>Modulhandbuch Masterstudiengang Geschichte <abbr title=\"Helmut Schmidt Universit\u00e4t\">HSU<\/abbr> 2023 (ab Jahrgang 2021 &#8211; Beginn Master <abbr title=\"Wintertrimester\">WT<\/abbr> 2024)<\/strong><\/div><div class=\"download-area\"><a class=\"download-link\" href=\"https:\/\/www.hsu-hh.de\/hisalt\/wp-content\/uploads\/sites\/743\/2026\/04\/HSU_Modulhandbuch-MA-Geschichte-25.08.2023.pdf\"><span class=\"download-name\">pdf laden<\/span><span class=\"download-icon\"><img decoding=\"async\" class=\"download-icon\" alt=\"download icon\" src=\"\/wp-content\/themes\/hsu\/img\/icons\/download_icon.png\" \/><\/span><span class=\"download-size\">634 kB<\/span><\/a><\/div><\/div>\n\n\n\n<div class=\"wp-block-hsu-downloadblock\"><div class=\"thumbnail-area\"><img decoding=\"async\" src=\"\/wp-content\/themes\/hsu\/img\/dummy\/downloads_dummy.png\" alt=\"Download Symbol-Icon\" \/><\/div><div class=\"text-area\"><strong>Modulhandbuch Bachelorstudiengang Geschichte <abbr title=\"Helmut Schmidt Universit\u00e4t\">HSU<\/abbr> 2019<\/strong><\/div><div class=\"download-area\"><a class=\"download-link\" href=\"https:\/\/www.hsu-hh.de\/hisalt\/wp-content\/uploads\/sites\/743\/2019\/11\/ModulhandbuchBAGeschichte2019.pdf\"><span class=\"download-name\">pdf laden<\/span><span class=\"download-icon\"><img decoding=\"async\" class=\"download-icon\" alt=\"download icon\" src=\"\/wp-content\/themes\/hsu\/img\/icons\/download_icon.png\" \/><\/span><span class=\"download-size\">992 kB<\/span><\/a><\/div><\/div>\n\n\n\n<div class=\"wp-block-hsu-downloadblock\"><div class=\"thumbnail-area\"><img decoding=\"async\" src=\"\/wp-content\/themes\/hsu\/img\/dummy\/downloads_dummy.png\" alt=\"Download Symbol-Icon\" \/><\/div><div class=\"text-area\"><strong>Modulhandbuch Masterstudiengang Geschichte <abbr title=\"Helmut Schmidt Universit\u00e4t\">HSU<\/abbr> 2019<\/strong><\/div><div class=\"download-area\"><a class=\"download-link\" href=\"https:\/\/www.hsu-hh.de\/hisalt\/wp-content\/uploads\/sites\/743\/2019\/11\/ModulhandbuchMAGeschichte2019.pdf\"><span class=\"download-name\">pdf laden<\/span><span class=\"download-icon\"><img decoding=\"async\" class=\"download-icon\" alt=\"download icon\" src=\"\/wp-content\/themes\/hsu\/img\/icons\/download_icon.png\" \/><\/span><span class=\"download-size\">686 kB<\/span><\/a><\/div><\/div>\n","protected":false},"excerpt":{"rendered":"<p>Texte Latein: Classical Latin Texts (Packard Humanities Institute = PHI) Library Of Latin Texts &#8211; A LTT-A: Verzeichnis der Ausgaben Monumenta Germaniae Historica Tertullian.org (Infos und Texte) Corpus Scriptorum Latinorum [&hellip;]<\/p>\n","protected":false},"author":185,"featured_media":0,"parent":0,"menu_order":0,"comment_status":"closed","ping_status":"closed","template":"","meta":{"footnotes":""},"categories":[4],"tags":[],"class_list":["post-156","page","type-page","status-publish","hentry","category-forschung"],"_links":{"self":[{"href":"https:\/\/www.hsu-hh.de\/hisalt\/wp-json\/wp\/v2\/pages\/156","targetHints":{"allow":["GET"]}}],"collection":[{"href":"https:\/\/www.hsu-hh.de\/hisalt\/wp-json\/wp\/v2\/pages"}],"about":[{"href":"https:\/\/www.hsu-hh.de\/hisalt\/wp-json\/wp\/v2\/types\/page"}],"author":[{"embeddable":true,"href":"https:\/\/www.hsu-hh.de\/hisalt\/wp-json\/wp\/v2\/users\/185"}],"replies":[{"embeddable":true,"href":"https:\/\/www.hsu-hh.de\/hisalt\/wp-json\/wp\/v2\/comments?post=156"}],"version-history":[{"count":59,"href":"https:\/\/www.hsu-hh.de\/hisalt\/wp-json\/wp\/v2\/pages\/156\/revisions"}],"predecessor-version":[{"id":1242,"href":"https:\/\/www.hsu-hh.de\/hisalt\/wp-json\/wp\/v2\/pages\/156\/revisions\/1242"}],"wp:attachment":[{"href":"https:\/\/www.hsu-hh.de\/hisalt\/wp-json\/wp\/v2\/media?parent=156"}],"wp:term":[{"taxonomy":"category","embeddable":true,"href":"https:\/\/www.hsu-hh.de\/hisalt\/wp-json\/wp\/v2\/categories?post=156"},{"taxonomy":"post_tag","embeddable":true,"href":"https:\/\/www.hsu-hh.de\/hisalt\/wp-json\/wp\/v2\/tags?post=156"}],"curies":[{"name":"wp","href":"https:\/\/api.w.org\/{rel}","templated":true}]}}