{"id":139,"date":"2017-11-22T17:34:05","date_gmt":"2017-11-22T16:34:05","guid":{"rendered":"https:\/\/www.hsu-hh.de\/hisalt\/?page_id=139"},"modified":"2019-04-12T16:30:06","modified_gmt":"2019-04-12T14:30:06","slug":"archiv","status":"publish","type":"page","link":"https:\/\/www.hsu-hh.de\/hisalt\/archiv","title":{"rendered":"Archiv"},"content":{"rendered":"<div id=\"category_content_nkhyazgn\" class=\"hsu_category archive-page\"><\/div>\n<p>&nbsp;<\/p>\n<h3>Ehemalige Mitarbeiter<\/h3>\n<p><abbr title=\"Doktorin \/ Doktor\">Dr.<\/abbr> Volker Grieb<\/p>\n<p><abbr title=\"Privatdozent\">PD<\/abbr> <abbr title=\"Doktorin \/ Doktor\">Dr.<\/abbr> Clemens Koehn<\/p>\n<p>Marco Reinhold<\/p>\n<h3>Gastvortr\u00e4ge<\/h3>\n<p><abbr title=\"Professorin \/ Professor\">Prof.<\/abbr> <abbr title=\"Doktorin \/ Doktor\">Dr.<\/abbr> Jon E. Lendon (University of Virginia),\u00a0Explaining Change in Classical Antiquity: the Case of Land Warfare\u00a0(29. November 2005)<\/p>\n<p>&nbsp;<\/p>\n<p><abbr title=\"Doktorin \/ Doktor\">Dr.<\/abbr> Gian-Franco Chiai (Universit\u00e4t Heidelberg),\u00a0Allm\u00e4chtige G\u00f6tter und fromme Menschen im kaiserzeitlichen Kleinasien\u00a0(11. Januar 2007)<\/p>\n<p>&nbsp;<\/p>\n<p><abbr title=\"Professorin \/ Professor\">Prof.<\/abbr> <abbr title=\"Doktorin \/ Doktor\">Dr.<\/abbr> Elizabeth A. Meyer (University of Virginia),\u00a0Slave-Manumission Practice and Roman Influence in Northwest Greece, 300-44 BC\u00a0(23. Mai 2007)<\/p>\n<p>&nbsp;<\/p>\n<p><abbr title=\"Privatdozent\">PD<\/abbr> <abbr title=\"Doktorin \/ Doktor\">Dr.<\/abbr> Michael Sommer (University of Liverpool),\u00a0Imperiale Macht und lokale Identit\u00e4t. Universalhistorische Variationen zu einem regionalhistorischen Thema\u00a0(30. Mai 2007)<\/p>\n<p>&nbsp;<\/p>\n<p>Peter Probst, <abbr title=\"Magister Artii\">M.A.<\/abbr> (Universit\u00e4t Hamburg),\u00a0Vom miles zum centurio. Bef\u00f6rderungschancen und Aufgabenbereiche von unteren Offizierdienstgraden in der r\u00f6mischen Armee\u00a0(06. Juni 2007)<\/p>\n<p>&nbsp;<\/p>\n<p><abbr title=\"Doktorin \/ Doktor\">Dr.<\/abbr> Ted Kaizer (University of Durham):\u00a0Military Forces and Local Religious Life in Dura-Europos\u00a0(11. Dezember 2007)<\/p>\n<p><abbr title=\"Doktorin \/ Doktor\">Dr.<\/abbr> Frank Hildebrandt (Museum f\u00fcr Kunst und Gewerbe, Hamburg):\u00a0K\u00f6nigsg\u00e4ber der Skythen\u00a0(10. M\u00e4rz 2008)<\/p>\n<p><abbr title=\"Privatdozent\">PD<\/abbr> <abbr title=\"Doktorin \/ Doktor\">Dr.<\/abbr> Michael Sommer (University of Liverpool):\u00a0Homo mercator: Handelsv\u00f6lker und interkulturelle Netzwerke zwischen Orient und Okzident\u00a0(19. Mai 2008)<\/p>\n<p>LtzS Gerrit Wagener und Dipl.Phys. Alexander Chr. Wawrzyn:\u00a0Das R\u00f6merschiff. Geschichte-Experiment-Ergebnisse\u00a0(Mittwoch, 18. Juni 2008)<\/p>\n<p>Marius Gerhardt, <abbr title=\"Magister Artii\">M.A.<\/abbr> (Universit\u00e4t Leipzig):\u00a0Velleius Paterculus. Aspekte der Zeitgeschichtsschreibung im Zeitalter des Tiberius\u00a0(Montag, 23. Juni 2008)<\/p>\n<p><abbr title=\"Privatdozent\">PD<\/abbr> <abbr title=\"Doktorin \/ Doktor\">Dr.<\/abbr> Torsten Mattern (Universit\u00e4t Marburg):\u00a0&#8222;2000 Jahre Varusschlacht&#8220; &#8211; Die R\u00f6mer an der Lippe. Arch\u00e4ologische Fundpl\u00e4tze aus der Zeit der augusteischen Okkupation und ihre Interpretation(Montag, 16. Februar 2009)<\/p>\n<p><abbr title=\"Professorin \/ Professor\">Prof.<\/abbr> <abbr title=\"Doktorin \/ Doktor\">Dr.<\/abbr> Boris Dreyer (Universit\u00e4t G\u00f6ttingen):\u00a0Rekonstruktion und historische Bedeutung der Varuskatastrophe\u00a0(Montag, 16. M\u00e4rz 2009)<\/p>\n<p><abbr title=\"Doktorin \/ Doktor\">Dr.<\/abbr> Philip De Souza (University College Dublin):\u00a0Pirates and Politics in the Roman World\u00a0(Dienstag, 5. Mai 2009)<\/p>\n<p><abbr title=\"Professorin \/ Professor\">Prof.<\/abbr> <abbr title=\"Doktorin \/ Doktor\">Dr.<\/abbr> Tassilo Schmitt (Universit\u00e4t Bremen):\u00a0Kein K\u00f6nig im Palast. Zur politischen Ordnung in mykenischer Zeit\u00a0(Montag, 18. Mai 2009)<\/p>\n<p><abbr title=\"Professorin \/ Professor\">Prof.<\/abbr> <abbr title=\"Doktorin \/ Doktor\">Dr.<\/abbr> Kurt A. Raaflaub (Brown Univ., Providence, R.I., USA):\u00a0Der Zauberlehrling: Athen und das Perserreich im 5. Jahrhundert v.Chr.\u00a0(Dienstag, 2. Juni 2009)<\/p>\n<p><abbr title=\"Professorin \/ Professor\">Prof.<\/abbr> <abbr title=\"Doktorin \/ Doktor\">Dr.<\/abbr> Andreas Mehl (Martin-Luther-Universit\u00e4t Halle-Wittenberg):\u00a0Zypern: Nur eine kleine Provinz im R\u00f6mischen Reich?\u00a0(Montag, 12. Oktober 2009)<\/p>\n<p><abbr title=\"Doktorin \/ Doktor\">Dr.<\/abbr> Maxim Kholod (Staatliche Universit\u00e4t St. Petersburg):\u00a0Two Notes on the Relations between Alexander the Great and the Greek Cities of Asia Minor\u00a0(Dienstag, 02. Februar 2010)<\/p>\n<p><abbr title=\"Doktorin \/ Doktor\">Dr.<\/abbr> Marianne Elster (Hannover):\u00a0Die r\u00f6mischen B\u00fcrgerrechtsgesetze &#8211; Von den Gracchen bis zum Ende des Bundesgenossenkrieges\u00a0(Dienstag, 23. M\u00e4rz 2010)<\/p>\n<p>Tagung: <a href=\"https:\/\/www.hsu-hh.de\/hisalt\/wp-content\/uploads\/sites\/743\/2018\/08\/Polybios.pdf\">Polybios<\/a>\u00a0und seine Historien\u00a0(Vortragsprogramm)\u00a0(Freitag, 16. April 2010, bis Sonntag, 18. April 2010)<\/p>\n<p><abbr title=\"Privatdozent\">PD<\/abbr> <abbr title=\"Doktorin \/ Doktor\">Dr.<\/abbr> Michael Sommer (University of Liverpool):\u00a0Civis romanus sum: B\u00fcrgerrecht und Integration unter dem r\u00f6mischen Adler\u00a0(Donnerstag, 3. Juni 2010)<\/p>\n<p><abbr title=\"Privatdozent\">PD<\/abbr> <abbr title=\"Doktorin \/ Doktor\">Dr.<\/abbr> Hilmar Klinkott (Universit\u00e4t Hamburg):\u00a0Xerxes und die Expansion des Perserreiches\u00a0(Dienstag, 15. Juni 2010)<\/p>\n<p><abbr title=\"Professorin \/ Professor\">Prof.<\/abbr> <abbr title=\"Doktorin \/ Doktor\">Dr.<\/abbr> Joachim Molthagen (Universit\u00e4t Hamburg):\u00a0Marc Aurel und die Christen\u00a0(Dienstag, 29. M\u00e4rz 2011)<\/p>\n<p>Tagung:\u00a0Mark <a href=\"https:\/\/www.hsu-hh.de\/hisalt\/wp-content\/uploads\/sites\/743\/2018\/08\/aurel.pdf\">Aurel<\/a> (Vortragsgsprogramm)\u00a0(Freitag, 8. April 2011, bis Sonntag, 10. April 2011)<\/p>\n<p><abbr title=\"Professorin \/ Professor\">Prof.<\/abbr> <abbr title=\"Doktorin \/ Doktor\">Dr.<\/abbr> Linda-Marie G\u00fcnther (Ruhr-Universit\u00e4t Bochum):\u00a0Alexanders des Gro\u00dfen Agone: Entertainment &#8211; Hellenisierungspolitik &#8211; M\u00e4nnlichkeitsritual\u00a0(Montag, 26. November 2012)<\/p>\n<p><abbr title=\"Professorin \/ Professor\">Prof.<\/abbr> <abbr title=\"Doktorin \/ Doktor\">Dr.<\/abbr> Christoph Sch\u00e4fer (Universit\u00e4t Trier):\u00a0\u00d6l f\u00fcr Germanien: \u00dcberlegungen zum r\u00f6mischen Seehandel\u00a0(Dienstag, 11. Februar 2014)<\/p>\n<p><abbr title=\"Doktorin \/ Doktor\">Dr.<\/abbr> Sven Schipporeit (Universit\u00e4t Wien):\u00a0Trajans posthumer Triumph \u00fcber die Parther: Fl\u00fcchtiger Sieg und dauerhafter Ertrag\u00a0(Dienstag, 29. April 2014)<\/p>\n<p>Lunchtime Workshops<\/p>\n<p><abbr title=\"Doktorin \/ Doktor\">Dr.<\/abbr> V. Grieb, <abbr title=\"Magister Artii\">M.A.<\/abbr>,\u00a0Das Mosaik der Alexanderschlacht aus der Casa del fauno (Pompeji): makedonische, griechische oder \u00e4gyptische Vorlagen?\u00a0(21. Juli 2006)<\/p>\n<p>&nbsp;<\/p>\n<p><abbr title=\"Doktorin \/ Doktor\">Dr.<\/abbr> C. Koehn, <abbr title=\"Magister Artii\">M.A.<\/abbr>,\u00a0Eumenes&#8216; Rede und die Neuordnung Kleinasiens 189\/188 v.Chr.\u00a0(20. November 2006)<\/p>\n<p><abbr title=\"Doktorin \/ Doktor\">Dr.<\/abbr> C. Koehn, <abbr title=\"Magister Artii\">M.A.<\/abbr>,\u00a0Diavortrag: Eine halbj\u00e4hrige Reise im Mittelmeerraum\u00a0(19. M\u00e4rz 2009, abends)<\/p>\n<h3>Vergangene Veranstaltungen<\/h3>\n<p><a href=\"http:\/\/www.hsu-hh.de\/hisalt\/antrittsvorlesung-prof-dr-burkhard-meissner-21-10-2005\">Antrittsvorlesung <abbr title=\"Professorin \/ Professor\">Prof.<\/abbr> <abbr title=\"Doktorin \/ Doktor\">Dr.<\/abbr> Burkhard Mei\u00dfner, 21.10.2005<\/a><\/p>\n<p><a href=\"http:\/\/www.hsu-hh.de\/hisalt\/probefahrten-mit-dem-roemerschiff-typ-oberstimm-auf-dem-ratzeburger-see-3-6-mai-2008\">Probefahrten mit dem R\u00f6merschiff Typ &#8222;Oberstimm&#8220; auf dem Ratzeburger See, 3.-6. Mai 2008<\/a><\/p>\n<p><a href=\"https:\/\/www.hsu-hh.de\/hisalt\/exkursion-der-lehrstuehle-fuer-alte-mittelalterliche-und-fruehneuzeitliche-geschichte-nach-rom-1-12-april-2008\">Exkursion der Lehrst\u00fchle f\u00fcr Alte, Mittelalterliche und Fr\u00fchneuzeitliche Geschichte nach Rom, 1.-12. April 2008<\/a><\/p>\n<p><a href=\"http:\/\/www.hsu-hh.de\/hisalt\/historikerexkursion-nach-mitteldeutschland-3-6-juli-2010\">Historikerexkursion nach Mitteldeutschland 3.-6. Juli 2010<\/a><\/p>\n","protected":false},"excerpt":{"rendered":"<p>&nbsp; Ehemalige Mitarbeiter Dr. Volker Grieb PD Dr. Clemens Koehn Marco Reinhold Gastvortr\u00e4ge Prof. Dr. Jon E. Lendon (University of Virginia),\u00a0Explaining Change in Classical Antiquity: the Case of Land Warfare\u00a0(29. [&hellip;]<\/p>\n","protected":false},"author":185,"featured_media":0,"parent":0,"menu_order":0,"comment_status":"closed","ping_status":"closed","template":"","meta":{"footnotes":""},"categories":[],"tags":[],"class_list":["post-139","page","type-page","status-publish","hentry"],"_links":{"self":[{"href":"https:\/\/www.hsu-hh.de\/hisalt\/wp-json\/wp\/v2\/pages\/139","targetHints":{"allow":["GET"]}}],"collection":[{"href":"https:\/\/www.hsu-hh.de\/hisalt\/wp-json\/wp\/v2\/pages"}],"about":[{"href":"https:\/\/www.hsu-hh.de\/hisalt\/wp-json\/wp\/v2\/types\/page"}],"author":[{"embeddable":true,"href":"https:\/\/www.hsu-hh.de\/hisalt\/wp-json\/wp\/v2\/users\/185"}],"replies":[{"embeddable":true,"href":"https:\/\/www.hsu-hh.de\/hisalt\/wp-json\/wp\/v2\/comments?post=139"}],"version-history":[{"count":15,"href":"https:\/\/www.hsu-hh.de\/hisalt\/wp-json\/wp\/v2\/pages\/139\/revisions"}],"predecessor-version":[{"id":982,"href":"https:\/\/www.hsu-hh.de\/hisalt\/wp-json\/wp\/v2\/pages\/139\/revisions\/982"}],"wp:attachment":[{"href":"https:\/\/www.hsu-hh.de\/hisalt\/wp-json\/wp\/v2\/media?parent=139"}],"wp:term":[{"taxonomy":"category","embeddable":true,"href":"https:\/\/www.hsu-hh.de\/hisalt\/wp-json\/wp\/v2\/categories?post=139"},{"taxonomy":"post_tag","embeddable":true,"href":"https:\/\/www.hsu-hh.de\/hisalt\/wp-json\/wp\/v2\/tags?post=139"}],"curies":[{"name":"wp","href":"https:\/\/api.w.org\/{rel}","templated":true}]}}