{"id":540,"date":"2023-12-15T06:50:01","date_gmt":"2023-12-15T05:50:01","guid":{"rendered":"https:\/\/www.hsu-hh.de\/hilfenetz\/?page_id=540"},"modified":"2025-05-16T12:10:29","modified_gmt":"2025-05-16T10:10:29","slug":"peers","status":"publish","type":"page","link":"https:\/\/www.hsu-hh.de\/hilfenetz\/startseite\/peers","title":{"rendered":"Peers"},"content":{"rendered":"\n<p>Die Peers sind speziell ausgebildete Soldaten, die gem\u00e4\u00df der Trainingsbeschreibung die \u201eGrundlagen der sozialen Wahrnehmung sowie des Stressmanagements und der psychischen Traumafolgen [sowie] Grunds\u00e4tze der Gespr\u00e4chsf\u00fchrung im Bereich der psychosozialen Notfallversorgung kennen und anwenden k\u00f6nnen.&#8220; Sie stehen den studierenden Offizieren und Offizieranw\u00e4rtern <abbr title=\"beziehungsweise\">bzw.<\/abbr> Offizieranw\u00e4rterinnen (StudOffz\/OA) sowie dem milit\u00e4rischen Stammpersonal au\u00dferhalb der disziplinaren Verantwortungsstrukturen bei etwaigen Problemen rat- und tatkr\u00e4ftig zur Verf\u00fcgung. Die Peers sind f\u00fcr den gesamten Studierendenbereich zust\u00e4ndig, hei\u00dft: Es ist v\u00f6llig irrelevant, wer welchen Peer aufsucht. Wichtig ist, dass den Kameradinnen und Kameraden niederschwellig und auf Augenh\u00f6he geholfen wird.<\/p>\n\n\n\n<div style=\"height:50px\" aria-hidden=\"true\" class=\"wp-block-spacer\"><\/div>\n\n\n\n<div class=\"wp-block-columns is-layout-flex wp-container-core-columns-is-layout-9d6595d7 wp-block-columns-is-layout-flex\">\n<div class=\"wp-block-column is-vertically-aligned-center is-layout-flow wp-block-column-is-layout-flow\"><div class=\"wp-block-image\">\n<figure class=\"aligncenter size-medium is-resized\"><img loading=\"lazy\" decoding=\"async\" width=\"200\" height=\"300\" src=\"https:\/\/www.hsu-hh.de\/hilfenetz\/wp-content\/uploads\/sites\/795\/2023\/12\/2023_11_23_Peer_Hptm_Borchert-18-200x300.jpg\" data-credit=\"Jannik Peiser\" alt=\"\" class=\"wp-image-547\" style=\"aspect-ratio:3\/4;object-fit:cover;width:150px;height:undefinedpx\" srcset=\"https:\/\/www.hsu-hh.de\/hilfenetz\/wp-content\/uploads\/sites\/795\/2023\/12\/2023_11_23_Peer_Hptm_Borchert-18-200x300.jpg 200w, https:\/\/www.hsu-hh.de\/hilfenetz\/wp-content\/uploads\/sites\/795\/2023\/12\/2023_11_23_Peer_Hptm_Borchert-18-682x1024.jpg 682w, https:\/\/www.hsu-hh.de\/hilfenetz\/wp-content\/uploads\/sites\/795\/2023\/12\/2023_11_23_Peer_Hptm_Borchert-18-768x1154.jpg 768w, https:\/\/www.hsu-hh.de\/hilfenetz\/wp-content\/uploads\/sites\/795\/2023\/12\/2023_11_23_Peer_Hptm_Borchert-18-1023x1536.jpg 1023w, https:\/\/www.hsu-hh.de\/hilfenetz\/wp-content\/uploads\/sites\/795\/2023\/12\/2023_11_23_Peer_Hptm_Borchert-18-1364x2048.jpg 1364w, https:\/\/www.hsu-hh.de\/hilfenetz\/wp-content\/uploads\/sites\/795\/2023\/12\/2023_11_23_Peer_Hptm_Borchert-18-1100x1652.jpg 1100w, https:\/\/www.hsu-hh.de\/hilfenetz\/wp-content\/uploads\/sites\/795\/2023\/12\/2023_11_23_Peer_Hptm_Borchert-18.jpg 1508w\" sizes=\"auto, (max-width: 200px) 100vw, 200px\" \/><figcaption class=\"wp-element-caption\">Hauptmann<br>Yannik Borchert<\/figcaption><\/figure>\n<\/div><\/div>\n\n\n\n<div class=\"wp-block-column is-vertically-aligned-center is-layout-flow wp-block-column-is-layout-flow\">\n<p>Tel.: (040) 6541- 4750<br>E-Mail: <a href=\"mailto:borchery@hsu-hh.de\" rel='nofollow'>borchery@hsu-hh.de<\/a><\/p>\n<\/div>\n\n\n\n<div class=\"wp-block-column is-vertically-aligned-center is-layout-flow wp-block-column-is-layout-flow\">\n<p><strong>Postanschrift:<br><\/strong>Helmut-Schmidt-Universit\u00e4t<br>Studierendenfachbereich C<br>Postfach 70 08 22<br>22008 Hamburg<\/p>\n<\/div>\n\n\n\n<div class=\"wp-block-column is-vertically-aligned-center is-layout-flow wp-block-column-is-layout-flow\">\n<p><strong>Besucheranschrift:<br><\/strong>Helmut-Schmidt-Universit\u00e4t<br>Geb\u00e4ude 4<br>Stoltenstra\u00dfe 13<br>22119 Hamburg<\/p>\n<\/div>\n<\/div>\n\n\n\n<hr class=\"wp-block-separator has-alpha-channel-opacity\"\/>\n\n\n\n<div class=\"wp-block-columns is-layout-flex wp-container-core-columns-is-layout-9d6595d7 wp-block-columns-is-layout-flex\">\n<div class=\"wp-block-column is-vertically-aligned-center is-layout-flow wp-block-column-is-layout-flow\"><div class=\"wp-block-image\">\n<figure class=\"aligncenter size-medium is-resized\"><img loading=\"lazy\" decoding=\"async\" width=\"200\" height=\"300\" src=\"https:\/\/www.hsu-hh.de\/hilfenetz\/wp-content\/uploads\/sites\/795\/2023\/12\/2023_11_23_Peer_Lt_Marsen-1-200x300.jpg\" data-credit=\"Jannik Peiser\" alt=\"\" class=\"wp-image-548\" style=\"aspect-ratio:3\/4;object-fit:cover;width:150px;height:undefinedpx\" srcset=\"https:\/\/www.hsu-hh.de\/hilfenetz\/wp-content\/uploads\/sites\/795\/2023\/12\/2023_11_23_Peer_Lt_Marsen-1-200x300.jpg 200w, https:\/\/www.hsu-hh.de\/hilfenetz\/wp-content\/uploads\/sites\/795\/2023\/12\/2023_11_23_Peer_Lt_Marsen-1-682x1024.jpg 682w, https:\/\/www.hsu-hh.de\/hilfenetz\/wp-content\/uploads\/sites\/795\/2023\/12\/2023_11_23_Peer_Lt_Marsen-1-768x1154.jpg 768w, https:\/\/www.hsu-hh.de\/hilfenetz\/wp-content\/uploads\/sites\/795\/2023\/12\/2023_11_23_Peer_Lt_Marsen-1-1023x1536.jpg 1023w, https:\/\/www.hsu-hh.de\/hilfenetz\/wp-content\/uploads\/sites\/795\/2023\/12\/2023_11_23_Peer_Lt_Marsen-1-1363x2048.jpg 1363w, https:\/\/www.hsu-hh.de\/hilfenetz\/wp-content\/uploads\/sites\/795\/2023\/12\/2023_11_23_Peer_Lt_Marsen-1-1100x1652.jpg 1100w, https:\/\/www.hsu-hh.de\/hilfenetz\/wp-content\/uploads\/sites\/795\/2023\/12\/2023_11_23_Peer_Lt_Marsen-1-scaled.jpg 1704w\" sizes=\"auto, (max-width: 200px) 100vw, 200px\" \/><figcaption class=\"wp-element-caption\">Leutnant<br>Yannic Marsen<\/figcaption><\/figure>\n<\/div><\/div>\n\n\n\n<div class=\"wp-block-column is-vertically-aligned-center is-layout-flow wp-block-column-is-layout-flow\">\n<p>Tel.: (040) 6541- 4011<br>E-Mail: <a href=\"mailto:marseny@hsu-hh.de\" rel='nofollow'>marseny@hsu-hh.de<\/a><\/p>\n<\/div>\n\n\n\n<div class=\"wp-block-column is-vertically-aligned-center is-layout-flow wp-block-column-is-layout-flow\">\n<p><strong>Postanschrift:<br><\/strong>Helmut-Schmidt-Universit\u00e4t<br>Stab<br>Postfach 70 08 22<br>22008 Hamburg<\/p>\n<\/div>\n\n\n\n<div class=\"wp-block-column is-vertically-aligned-center is-layout-flow wp-block-column-is-layout-flow\">\n<p><strong>Besucheranschrift:<br><\/strong>Helmut-Schmidt-Universit\u00e4t<br>Geb\u00e4ude H04<br>Holstenhofweg 85<br>22043 Hamburg<\/p>\n<\/div>\n<\/div>\n\n\n\n<hr class=\"wp-block-separator has-alpha-channel-opacity\"\/>\n\n\n\n<div class=\"wp-block-columns is-layout-flex wp-container-core-columns-is-layout-9d6595d7 wp-block-columns-is-layout-flex\">\n<div class=\"wp-block-column is-vertically-aligned-center is-layout-flow wp-block-column-is-layout-flow\"><div class=\"wp-block-image\">\n<figure class=\"aligncenter size-medium is-resized\"><img loading=\"lazy\" decoding=\"async\" width=\"225\" height=\"300\" src=\"https:\/\/www.hsu-hh.de\/hilfenetz\/wp-content\/uploads\/sites\/795\/2023\/12\/2023_12_04_Peer_SF_Kroeber-15-225x300.jpg\" data-credit=\"Michael Schinner\" alt=\"\" class=\"wp-image-550\" style=\"aspect-ratio:3\/4;object-fit:cover;width:150px;height:undefinedpx\" srcset=\"https:\/\/www.hsu-hh.de\/hilfenetz\/wp-content\/uploads\/sites\/795\/2023\/12\/2023_12_04_Peer_SF_Kroeber-15-225x300.jpg 225w, https:\/\/www.hsu-hh.de\/hilfenetz\/wp-content\/uploads\/sites\/795\/2023\/12\/2023_12_04_Peer_SF_Kroeber-15-768x1024.jpg 768w, https:\/\/www.hsu-hh.de\/hilfenetz\/wp-content\/uploads\/sites\/795\/2023\/12\/2023_12_04_Peer_SF_Kroeber-15-1152x1536.jpg 1152w, https:\/\/www.hsu-hh.de\/hilfenetz\/wp-content\/uploads\/sites\/795\/2023\/12\/2023_12_04_Peer_SF_Kroeber-15-1536x2048.jpg 1536w, https:\/\/www.hsu-hh.de\/hilfenetz\/wp-content\/uploads\/sites\/795\/2023\/12\/2023_12_04_Peer_SF_Kroeber-15-1100x1467.jpg 1100w, https:\/\/www.hsu-hh.de\/hilfenetz\/wp-content\/uploads\/sites\/795\/2023\/12\/2023_12_04_Peer_SF_Kroeber-15.jpg 1919w\" sizes=\"auto, (max-width: 225px) 100vw, 225px\" \/><figcaption class=\"wp-element-caption\">Oberstabs-feldwebel<br>Jens Kr\u00f6ber<\/figcaption><\/figure>\n<\/div><\/div>\n\n\n\n<div class=\"wp-block-column is-vertically-aligned-center is-layout-flow wp-block-column-is-layout-flow\">\n<p>Tel.: (040) 6541- 4201<br>E-Mail: <a href=\"mailto:kroeberj@hsu-hh.de\" rel='nofollow'>kroeberj@hsu-hh.de<\/a><\/p>\n<\/div>\n\n\n\n<div class=\"wp-block-column is-vertically-aligned-center is-layout-flow wp-block-column-is-layout-flow\">\n<p><strong>Postanschrift:<br><\/strong>Helmut-Schmidt-Universit\u00e4t<br>Studierendenfachbereich B<br>Postfach 70 08 22<br>22008 Hamburg<\/p>\n<\/div>\n\n\n\n<div class=\"wp-block-column is-vertically-aligned-center is-layout-flow wp-block-column-is-layout-flow\">\n<p><strong>Besucheranschrift:<br><\/strong>Helmut-Schmidt-Universit\u00e4t<br>Geb\u00e4ude 50<br>Stoltenstra\u00dfe 13<br>22119 Hamburg<\/p>\n<\/div>\n<\/div>\n","protected":false},"excerpt":{"rendered":"<p>Die Peers sind speziell ausgebildete Soldaten, die gem\u00e4\u00df der Trainingsbeschreibung die \u201eGrundlagen der sozialen Wahrnehmung sowie des Stressmanagements und der psychischen Traumafolgen [sowie] Grunds\u00e4tze der Gespr\u00e4chsf\u00fchrung im Bereich der psychosozialen [&hellip;]<\/p>\n","protected":false},"author":2503,"featured_media":0,"parent":73,"menu_order":0,"comment_status":"closed","ping_status":"closed","template":"","meta":{"footnotes":""},"categories":[4],"tags":[],"class_list":["post-540","page","type-page","status-publish","hentry","category-forschung"],"_links":{"self":[{"href":"https:\/\/www.hsu-hh.de\/hilfenetz\/wp-json\/wp\/v2\/pages\/540","targetHints":{"allow":["GET"]}}],"collection":[{"href":"https:\/\/www.hsu-hh.de\/hilfenetz\/wp-json\/wp\/v2\/pages"}],"about":[{"href":"https:\/\/www.hsu-hh.de\/hilfenetz\/wp-json\/wp\/v2\/types\/page"}],"author":[{"embeddable":true,"href":"https:\/\/www.hsu-hh.de\/hilfenetz\/wp-json\/wp\/v2\/users\/2503"}],"replies":[{"embeddable":true,"href":"https:\/\/www.hsu-hh.de\/hilfenetz\/wp-json\/wp\/v2\/comments?post=540"}],"version-history":[{"count":28,"href":"https:\/\/www.hsu-hh.de\/hilfenetz\/wp-json\/wp\/v2\/pages\/540\/revisions"}],"predecessor-version":[{"id":624,"href":"https:\/\/www.hsu-hh.de\/hilfenetz\/wp-json\/wp\/v2\/pages\/540\/revisions\/624"}],"up":[{"embeddable":true,"href":"https:\/\/www.hsu-hh.de\/hilfenetz\/wp-json\/wp\/v2\/pages\/73"}],"wp:attachment":[{"href":"https:\/\/www.hsu-hh.de\/hilfenetz\/wp-json\/wp\/v2\/media?parent=540"}],"wp:term":[{"taxonomy":"category","embeddable":true,"href":"https:\/\/www.hsu-hh.de\/hilfenetz\/wp-json\/wp\/v2\/categories?post=540"},{"taxonomy":"post_tag","embeddable":true,"href":"https:\/\/www.hsu-hh.de\/hilfenetz\/wp-json\/wp\/v2\/tags?post=540"}],"curies":[{"name":"wp","href":"https:\/\/api.w.org\/{rel}","templated":true}]}}