{"id":511,"date":"2023-10-19T12:51:05","date_gmt":"2023-10-19T10:51:05","guid":{"rendered":"https:\/\/www.hsu-hh.de\/hilfenetz\/?page_id=511"},"modified":"2025-11-12T08:45:28","modified_gmt":"2025-11-12T07:45:28","slug":"standortbetreuungsbuero","status":"publish","type":"page","link":"https:\/\/www.hsu-hh.de\/hilfenetz\/startseite\/standortbetreuungsbuero","title":{"rendered":"Standortbetreuungsb\u00fcro"},"content":{"rendered":"\n<p>Als zweitgr\u00f6\u00dfte Stadt Deutschlands mit seinen 1,75 Mio. Einwohnern und weit \u00fcber seine Grenzen hinaus bekannten Sehensw\u00fcrdigkeiten bietet Hamburg ein gro\u00dfartiges Freizeit- und Vergn\u00fcgungsangebot f\u00fcr jeden Geschmack. F\u00fcr Sie sorgf\u00e4ltig recherchierten Webangebote sollen Ihnen dabei helfen, Ihre kostbaren freien Stunden optimal zu gestalten und in unvergesslich sch\u00f6ne Momente zu verwandeln. Angesichts der F\u00fclle an Freizeitm\u00f6glichkeiten in unserer wundersch\u00f6nen Stadt haben wir uns f\u00fcr eine kleine, aber durchaus besuchenswerte Auswahl entschieden.<\/p>\n\n\n\n<p>Nutzen Sie Ihre Zeit, kommen Sie mit und erleben Sie Hamburgs einzigartige Vielfalt!<\/p>\n\n\n\n<p>Weitere Informationen im Intranet Bw:<\/p>\n\n\n\n<p>\u00a0<a href=\"https:\/\/wiki.bundeswehr.org\/spaces\/InfoPunktHamburg\/pages\/1487495314\/Standortbetreuungsb%C3%BCro+Hamburg\" rel='nofollow'>https:\/\/wiki.bundeswehr.org\/spaces\/InfoPunktHamburg\/pages\/1487495314\/Standortbetreuungsb%C3%BCro+Hamburg<\/a><\/p>\n\n\n\n<p><strong>Erreichbarkeit:<\/strong><br>Reichpr\u00e4sident-Ebert-Kaserne<br>Landeskommando Hamburg<br>Geb\u00e4ude 30, Raum 15<br>Osdorfer Landstra\u00dfe 365<br>22589 Hamburg<\/p>\n\n\n\n<p>T: 040 86648-4802<br>M:&nbsp;<a href=\"mailto:betreuungsbuero-hamburg@bundeswehr.org\" target=\"_blank\" rel=\"noreferrer noopener\">betreuungsbuero-hamburg@bundeswehr.org<\/a><\/p>\n","protected":false},"excerpt":{"rendered":"<p>Als zweitgr\u00f6\u00dfte Stadt Deutschlands mit seinen 1,75 Mio. Einwohnern und weit \u00fcber seine Grenzen hinaus bekannten Sehensw\u00fcrdigkeiten bietet Hamburg ein gro\u00dfartiges Freizeit- und Vergn\u00fcgungsangebot f\u00fcr jeden Geschmack. F\u00fcr Sie sorgf\u00e4ltig [&hellip;]<\/p>\n","protected":false},"author":2503,"featured_media":0,"parent":73,"menu_order":17,"comment_status":"closed","ping_status":"closed","template":"","meta":{"footnotes":""},"categories":[4],"tags":[],"class_list":["post-511","page","type-page","status-publish","hentry","category-forschung"],"_links":{"self":[{"href":"https:\/\/www.hsu-hh.de\/hilfenetz\/wp-json\/wp\/v2\/pages\/511","targetHints":{"allow":["GET"]}}],"collection":[{"href":"https:\/\/www.hsu-hh.de\/hilfenetz\/wp-json\/wp\/v2\/pages"}],"about":[{"href":"https:\/\/www.hsu-hh.de\/hilfenetz\/wp-json\/wp\/v2\/types\/page"}],"author":[{"embeddable":true,"href":"https:\/\/www.hsu-hh.de\/hilfenetz\/wp-json\/wp\/v2\/users\/2503"}],"replies":[{"embeddable":true,"href":"https:\/\/www.hsu-hh.de\/hilfenetz\/wp-json\/wp\/v2\/comments?post=511"}],"version-history":[{"count":3,"href":"https:\/\/www.hsu-hh.de\/hilfenetz\/wp-json\/wp\/v2\/pages\/511\/revisions"}],"predecessor-version":[{"id":659,"href":"https:\/\/www.hsu-hh.de\/hilfenetz\/wp-json\/wp\/v2\/pages\/511\/revisions\/659"}],"up":[{"embeddable":true,"href":"https:\/\/www.hsu-hh.de\/hilfenetz\/wp-json\/wp\/v2\/pages\/73"}],"wp:attachment":[{"href":"https:\/\/www.hsu-hh.de\/hilfenetz\/wp-json\/wp\/v2\/media?parent=511"}],"wp:term":[{"taxonomy":"category","embeddable":true,"href":"https:\/\/www.hsu-hh.de\/hilfenetz\/wp-json\/wp\/v2\/categories?post=511"},{"taxonomy":"post_tag","embeddable":true,"href":"https:\/\/www.hsu-hh.de\/hilfenetz\/wp-json\/wp\/v2\/tags?post=511"}],"curies":[{"name":"wp","href":"https:\/\/api.w.org\/{rel}","templated":true}]}}