{"id":509,"date":"2023-10-19T12:50:45","date_gmt":"2023-10-19T10:50:45","guid":{"rendered":"https:\/\/www.hsu-hh.de\/hilfenetz\/?page_id=509"},"modified":"2023-10-19T12:50:46","modified_gmt":"2023-10-19T10:50:46","slug":"info-punkt","status":"publish","type":"page","link":"https:\/\/www.hsu-hh.de\/hilfenetz\/startseite\/info-punkt","title":{"rendered":"Info-Punkt"},"content":{"rendered":"\n<p>Sie werden versetzt und ziehen um? Sie gehen in einen Einsatz? Sie wollen etwas \u00fcber Sport- oder Freizeitm\u00f6glichkeiten in den Kasernen wissen oder planen einen Besuch Ihrer Familie in Hamburg? Sie suchen einen Kita-Platz oder ben\u00f6tigen kurzfristig eine Tagesmutter? Wenn Sie unverhofft in Notlagen aller Art geraten und schnelle Beratung und Hilfe,&nbsp;<abbr title=\"zum Beispiel\">z.B.<\/abbr>&nbsp;in famili\u00e4ren, &nbsp;versorgungsrechtlichen, finanziellen und weiteren sozialen Fragen brauchen: Wir wissen, wo Sie innerhalb und au\u00dferhalb oder Bundeswehr Institutionen finden, die Ihnen mit Rat und Tat zur Seite stehen. Und wenn wir es nicht sofort wissen: Wir helfen Ihnen gern bei der Suche!<\/p>\n\n\n\n<p>Egal ob aktive Soldatin oder Soldat, egal ob Zivilangestellte, Zivilangestellter oder Ehemalige(r), egal ob Hinterbliebene(r), ob am Standort wohnend oder nicht: rufen Sie uns an oder schreiben Sie uns!<\/p>\n\n\n\n<p>Weitere Informationen unter&nbsp;<a href=\"https:\/\/www.bundeswehr-kinderbetreuung.de\/kp\/Standort\/\" target=\"_blank\" rel=\"noreferrer noopener\">www.bundeswehr-kinderbetreuung.de\/kp\/Standort\/<\/a><\/p>\n\n\n\n<p><strong>Freizeitangebot-Hamburg<\/strong><br>Mo. \u2013 Do. 7:00 \u201315:50 Uhr<br>Reichpr\u00e4sident-Ebert-Kaserne<br>Landeskommando Hamburg<br>Geb\u00e4ude 30, Raum 15<br>Osdorfer Landstra\u00dfe 365<br>22589 Hamburg<\/p>\n\n\n\n<p>T: 040 86648-4321<br>M:&nbsp;<a href=\"mailto:Info-PunktHamburg@bundeswehr.org\" target=\"_blank\" rel=\"noreferrer noopener\">Info-PunktHamburg@bundeswehr.org<\/a><\/p>\n","protected":false},"excerpt":{"rendered":"<p>Sie werden versetzt und ziehen um? Sie gehen in einen Einsatz? Sie wollen etwas \u00fcber Sport- oder Freizeitm\u00f6glichkeiten in den Kasernen wissen oder planen einen Besuch Ihrer Familie in Hamburg? [&hellip;]<\/p>\n","protected":false},"author":2503,"featured_media":0,"parent":73,"menu_order":16,"comment_status":"closed","ping_status":"closed","template":"","meta":{"footnotes":""},"categories":[4],"tags":[],"class_list":["post-509","page","type-page","status-publish","hentry","category-forschung"],"_links":{"self":[{"href":"https:\/\/www.hsu-hh.de\/hilfenetz\/wp-json\/wp\/v2\/pages\/509","targetHints":{"allow":["GET"]}}],"collection":[{"href":"https:\/\/www.hsu-hh.de\/hilfenetz\/wp-json\/wp\/v2\/pages"}],"about":[{"href":"https:\/\/www.hsu-hh.de\/hilfenetz\/wp-json\/wp\/v2\/types\/page"}],"author":[{"embeddable":true,"href":"https:\/\/www.hsu-hh.de\/hilfenetz\/wp-json\/wp\/v2\/users\/2503"}],"replies":[{"embeddable":true,"href":"https:\/\/www.hsu-hh.de\/hilfenetz\/wp-json\/wp\/v2\/comments?post=509"}],"version-history":[{"count":1,"href":"https:\/\/www.hsu-hh.de\/hilfenetz\/wp-json\/wp\/v2\/pages\/509\/revisions"}],"predecessor-version":[{"id":510,"href":"https:\/\/www.hsu-hh.de\/hilfenetz\/wp-json\/wp\/v2\/pages\/509\/revisions\/510"}],"up":[{"embeddable":true,"href":"https:\/\/www.hsu-hh.de\/hilfenetz\/wp-json\/wp\/v2\/pages\/73"}],"wp:attachment":[{"href":"https:\/\/www.hsu-hh.de\/hilfenetz\/wp-json\/wp\/v2\/media?parent=509"}],"wp:term":[{"taxonomy":"category","embeddable":true,"href":"https:\/\/www.hsu-hh.de\/hilfenetz\/wp-json\/wp\/v2\/categories?post=509"},{"taxonomy":"post_tag","embeddable":true,"href":"https:\/\/www.hsu-hh.de\/hilfenetz\/wp-json\/wp\/v2\/tags?post=509"}],"curies":[{"name":"wp","href":"https:\/\/api.w.org\/{rel}","templated":true}]}}