{"id":505,"date":"2023-10-19T12:49:57","date_gmt":"2023-10-19T10:49:57","guid":{"rendered":"https:\/\/www.hsu-hh.de\/hilfenetz\/?page_id=505"},"modified":"2025-11-12T08:27:39","modified_gmt":"2025-11-12T07:27:39","slug":"studentischer-konvent","status":"publish","type":"page","link":"https:\/\/www.hsu-hh.de\/hilfenetz\/startseite\/studentischer-konvent","title":{"rendered":"Studentischer Konvent"},"content":{"rendered":"\n<p>Der Studentische Konvent ist die gew\u00e4hlte Studierendenvertretung an der Helmut-Schmidt-Universit\u00e4t\/Universit\u00e4t der Bundeswehr Hamburg und ist inhaltlich in sieben Referate aufgeteilt.<\/p>\n\n\n\n<p>Das Referat f\u00fcr Familie und Soziales ist die Ansprechstelle f\u00fcr (werdende) Eltern, die allgemeine Informationen, Beratung oder die richtigen Ansprechpartner:innen an der Dienststelle suchen. Wir beraten auch gerne Studierende mit pflegebed\u00fcrftigen Angeh\u00f6rigen, die Informationen oder Unterst\u00fctzung ben\u00f6tigen.<\/p>\n\n\n\n<p>Dar\u00fcber hinaus f\u00fchren wir Wohlt\u00e4tigkeitsprojekte durch oder unterst\u00fctzen externe Aktionen.<\/p>\n\n\n\n<p><strong>Ansprechpartner sind aktuell:<\/strong><\/p>\n\n\n\n<p><strong>Leon B\u00e4r<\/strong> (Vorsitz)<\/p>\n\n\n\n<p><strong>Bendix Bibow (Stellvertreter)<\/strong><\/p>\n\n\n\n<p>M:&nbsp;<a href=\"mailto:konvent@hsu-hh.de\" target=\"_blank\" rel=\"noreferrer noopener\">konvent@hsu-hh.de<\/a><\/p>\n\n\n\n<p><\/p>\n","protected":false},"excerpt":{"rendered":"<p>Der Studentische Konvent ist die gew\u00e4hlte Studierendenvertretung an der Helmut-Schmidt-Universit\u00e4t\/Universit\u00e4t der Bundeswehr Hamburg und ist inhaltlich in sieben Referate aufgeteilt. Das Referat f\u00fcr Familie und Soziales ist die Ansprechstelle f\u00fcr [&hellip;]<\/p>\n","protected":false},"author":2503,"featured_media":0,"parent":73,"menu_order":14,"comment_status":"closed","ping_status":"closed","template":"","meta":{"footnotes":""},"categories":[4],"tags":[],"class_list":["post-505","page","type-page","status-publish","hentry","category-forschung"],"_links":{"self":[{"href":"https:\/\/www.hsu-hh.de\/hilfenetz\/wp-json\/wp\/v2\/pages\/505","targetHints":{"allow":["GET"]}}],"collection":[{"href":"https:\/\/www.hsu-hh.de\/hilfenetz\/wp-json\/wp\/v2\/pages"}],"about":[{"href":"https:\/\/www.hsu-hh.de\/hilfenetz\/wp-json\/wp\/v2\/types\/page"}],"author":[{"embeddable":true,"href":"https:\/\/www.hsu-hh.de\/hilfenetz\/wp-json\/wp\/v2\/users\/2503"}],"replies":[{"embeddable":true,"href":"https:\/\/www.hsu-hh.de\/hilfenetz\/wp-json\/wp\/v2\/comments?post=505"}],"version-history":[{"count":3,"href":"https:\/\/www.hsu-hh.de\/hilfenetz\/wp-json\/wp\/v2\/pages\/505\/revisions"}],"predecessor-version":[{"id":655,"href":"https:\/\/www.hsu-hh.de\/hilfenetz\/wp-json\/wp\/v2\/pages\/505\/revisions\/655"}],"up":[{"embeddable":true,"href":"https:\/\/www.hsu-hh.de\/hilfenetz\/wp-json\/wp\/v2\/pages\/73"}],"wp:attachment":[{"href":"https:\/\/www.hsu-hh.de\/hilfenetz\/wp-json\/wp\/v2\/media?parent=505"}],"wp:term":[{"taxonomy":"category","embeddable":true,"href":"https:\/\/www.hsu-hh.de\/hilfenetz\/wp-json\/wp\/v2\/categories?post=505"},{"taxonomy":"post_tag","embeddable":true,"href":"https:\/\/www.hsu-hh.de\/hilfenetz\/wp-json\/wp\/v2\/tags?post=505"}],"curies":[{"name":"wp","href":"https:\/\/api.w.org\/{rel}","templated":true}]}}