{"id":499,"date":"2023-10-19T12:48:27","date_gmt":"2023-10-19T10:48:27","guid":{"rendered":"https:\/\/www.hsu-hh.de\/hilfenetz\/?page_id=499"},"modified":"2024-10-07T10:12:55","modified_gmt":"2024-10-07T08:12:55","slug":"konfliktberatung-des-personalrates","status":"publish","type":"page","link":"https:\/\/www.hsu-hh.de\/hilfenetz\/startseite\/konfliktberatung-des-personalrates","title":{"rendered":"Konfliktberatung des Personalrates"},"content":{"rendered":"\n<p>Sie f\u00fchlen sich an Ihrem Arbeitsplatz systematisch ausgegrenzt und\/oder erniedrigt?<br>Sie f\u00fchlen sich gemobbt oder leiden unter den dominierenden Konflikten in Ihrem Arbeitsumfeld?<br>Sprechen Sie uns an!<\/p>\n\n\n\n<p>Als Konfliktberaterin des Personalrates stehe ich Ihnen als seelische St\u00fctze und Gespr\u00e4chspartner zur Verf\u00fcgung. Wenn ich auch nicht die Patentl\u00f6sung f\u00fcr jeden Konflikt habe, so arbeite ich dennoch gern gemeinsam mit Ihnen an der Bew\u00e4ltigung der belastenden Situation, zeige m\u00f6gliche L\u00f6sungsans\u00e4tze auf, f\u00fchre Gespr\u00e4che oder leite eine professionelle Mediation und leiste bedarfsorientierte Hilfestellung. Nichts geschieht ohne vorherige Absprache mit Ihnen!<\/p>\n\n\n\n<p>Ich behandele Ihre pers\u00f6nlichen Angelegenheiten vertraulich!<\/p>\n\n\n\n<p><strong>Melanie Schnackenbeck<\/strong><br>ausgebildete Mediatorin<br>Douaumont-Bereich<br>Geb\u00e4ude W4, Raum 027<br>T: 040 6541-2305<br>M:\u00a0<a href=\"mailto:konfliktberatung@hsu-hh.de\" target=\"_blank\" rel=\"noreferrer noopener\">konfliktberatung@hsu-hh.de<\/a><\/p>\n\n\n\n<p>\u201eDie H\u00f6lle, das sind die anderen\u201c<br>(Jean-Paul Sartre)<br>Wenn aus Kollegen Feinde werden \u2026<\/p>\n","protected":false},"excerpt":{"rendered":"<p>Sie f\u00fchlen sich an Ihrem Arbeitsplatz systematisch ausgegrenzt und\/oder erniedrigt?Sie f\u00fchlen sich gemobbt oder leiden unter den dominierenden Konflikten in Ihrem Arbeitsumfeld?Sprechen Sie uns an! Als Konfliktberaterin des Personalrates stehe [&hellip;]<\/p>\n","protected":false},"author":2503,"featured_media":0,"parent":73,"menu_order":11,"comment_status":"closed","ping_status":"closed","template":"","meta":{"footnotes":""},"categories":[4],"tags":[],"class_list":["post-499","page","type-page","status-publish","hentry","category-forschung"],"_links":{"self":[{"href":"https:\/\/www.hsu-hh.de\/hilfenetz\/wp-json\/wp\/v2\/pages\/499","targetHints":{"allow":["GET"]}}],"collection":[{"href":"https:\/\/www.hsu-hh.de\/hilfenetz\/wp-json\/wp\/v2\/pages"}],"about":[{"href":"https:\/\/www.hsu-hh.de\/hilfenetz\/wp-json\/wp\/v2\/types\/page"}],"author":[{"embeddable":true,"href":"https:\/\/www.hsu-hh.de\/hilfenetz\/wp-json\/wp\/v2\/users\/2503"}],"replies":[{"embeddable":true,"href":"https:\/\/www.hsu-hh.de\/hilfenetz\/wp-json\/wp\/v2\/comments?post=499"}],"version-history":[{"count":4,"href":"https:\/\/www.hsu-hh.de\/hilfenetz\/wp-json\/wp\/v2\/pages\/499\/revisions"}],"predecessor-version":[{"id":603,"href":"https:\/\/www.hsu-hh.de\/hilfenetz\/wp-json\/wp\/v2\/pages\/499\/revisions\/603"}],"up":[{"embeddable":true,"href":"https:\/\/www.hsu-hh.de\/hilfenetz\/wp-json\/wp\/v2\/pages\/73"}],"wp:attachment":[{"href":"https:\/\/www.hsu-hh.de\/hilfenetz\/wp-json\/wp\/v2\/media?parent=499"}],"wp:term":[{"taxonomy":"category","embeddable":true,"href":"https:\/\/www.hsu-hh.de\/hilfenetz\/wp-json\/wp\/v2\/categories?post=499"},{"taxonomy":"post_tag","embeddable":true,"href":"https:\/\/www.hsu-hh.de\/hilfenetz\/wp-json\/wp\/v2\/tags?post=499"}],"curies":[{"name":"wp","href":"https:\/\/api.w.org\/{rel}","templated":true}]}}