{"id":497,"date":"2023-10-19T12:48:02","date_gmt":"2023-10-19T10:48:02","guid":{"rendered":"https:\/\/www.hsu-hh.de\/hilfenetz\/?page_id=497"},"modified":"2024-10-07T10:09:09","modified_gmt":"2024-10-07T08:09:09","slug":"personalrat","status":"publish","type":"page","link":"https:\/\/www.hsu-hh.de\/hilfenetz\/startseite\/personalrat","title":{"rendered":"Personalrat"},"content":{"rendered":"\n<p>Der Personalrat wird alle vier Jahre von den Besch\u00e4ftigen der Universit\u00e4t gew\u00e4hlt. Er stellt sich aus allen Besch\u00e4ftigungsgruppen (Arbeitnehmer, Beamte, Soldaten) zusammen und hat weitreichende Mitbestimmungs-, Informations- und Mitwirkungsrechte, beispielsweise bei Einstellungen, Versetzungen, Beurteilungen, K\u00fcndigungen und bei der Personalplanung.<\/p>\n\n\n\n<p><strong>Die Aufgaben des Personalrates sind vielf\u00e4ltig:<\/strong><br>Er steht daf\u00fcr ein, die Interessen der Besch\u00e4ftigten gegen\u00fcber der Dienststelle und der Vorgesetzten zu vertreten (z. B. bei Fragen zur Telearbeit).<\/p>\n\n\n\n<p>Auch bei anderen Belangen ist der Personalrat Ansprechpartner und Unterst\u00fctzer. Er gibt konstruktive Auskunft zu Rechten und Pflichten, Hilfestellung bei Problemen jeglicher Art (bspw. bei Mobbing, sexueller Bel\u00e4stigung <abbr title=\"et cetera\">etc.<\/abbr>).<\/p>\n\n\n\n<p>Grunds\u00e4tzlich kann sich <strong>jede\/r Besch\u00e4ftigte<\/strong> vertrauensvoll an den Personalrat wenden. Jedes Anliegen wird vertraulich behandelt.<\/p>\n\n\n\n<p>Wir helfen gern!<\/p>\n\n\n\n<p>Die Vorsitzende des Personalrates erreichen Sie im Geb\u00e4ude W4, Raum 27, Durchwahl 2305.<\/p>\n\n\n\n<p>Weitere Informationen auf der Intranetseite der <abbr title=\"Helmut Schmidt Universit\u00e4t\">HSU<\/abbr>\/UniBw Hamburg: <a href=\"https:\/\/webbox.hsu-hh.de\/personalrat\/\" rel='nofollow'>https:\/\/webbox.hsu-hh.de\/personalrat\/<\/a><\/p>\n\n\n\n<p><strong>Melanie Schnackenbeck<\/strong><br>Vorsitzende<br>Douaumont-Bereich<br>Geb\u00e4ude W4, Raum 027<br>T: 040 6541-2305<br>M:\u00a0<a href=\"mailto:persrat@hsu-hh.de\" target=\"_blank\" rel=\"noreferrer noopener\">persrat@hsu-hh.de<\/a><\/p>\n\n\n\n<p>Grunds\u00e4tzlich kann jedes Mitglied bei Fragen, W\u00fcnschen oder Problemen angesprochen werden. Kontaktieren Sie uns gern.<\/p>\n\n\n\n<p><strong>Gruppe der Soldaten und Soldatinnen<\/strong><br>\u0083\u0083StFw Tobias Kossiski (2. stellv. Vorsitzende) T: 040-6541-3388<br>\u0083\u0083L Yannic Marsen T: 040-6541-4011<\/p>\n\n\n\n<p>Weiterf\u00fchrende Informationen erhalten Universit\u00e4tsangeh\u00f6rige unter folgendem Link (Login erforderlich):<br><a href=\"https:\/\/webbox.hsu-hh.de\/personalrat\/\" target=\"_blank\" rel=\"noreferrer noopener\">https:\/\/webbox.hsu-hh.de\/personalrat\/<\/a><\/p>\n","protected":false},"excerpt":{"rendered":"<p>Der Personalrat wird alle vier Jahre von den Besch\u00e4ftigen der Universit\u00e4t gew\u00e4hlt. Er stellt sich aus allen Besch\u00e4ftigungsgruppen (Arbeitnehmer, Beamte, Soldaten) zusammen und hat weitreichende Mitbestimmungs-, Informations- und Mitwirkungsrechte, beispielsweise [&hellip;]<\/p>\n","protected":false},"author":2503,"featured_media":0,"parent":73,"menu_order":10,"comment_status":"closed","ping_status":"closed","template":"","meta":{"footnotes":""},"categories":[4],"tags":[],"class_list":["post-497","page","type-page","status-publish","hentry","category-forschung"],"_links":{"self":[{"href":"https:\/\/www.hsu-hh.de\/hilfenetz\/wp-json\/wp\/v2\/pages\/497","targetHints":{"allow":["GET"]}}],"collection":[{"href":"https:\/\/www.hsu-hh.de\/hilfenetz\/wp-json\/wp\/v2\/pages"}],"about":[{"href":"https:\/\/www.hsu-hh.de\/hilfenetz\/wp-json\/wp\/v2\/types\/page"}],"author":[{"embeddable":true,"href":"https:\/\/www.hsu-hh.de\/hilfenetz\/wp-json\/wp\/v2\/users\/2503"}],"replies":[{"embeddable":true,"href":"https:\/\/www.hsu-hh.de\/hilfenetz\/wp-json\/wp\/v2\/comments?post=497"}],"version-history":[{"count":2,"href":"https:\/\/www.hsu-hh.de\/hilfenetz\/wp-json\/wp\/v2\/pages\/497\/revisions"}],"predecessor-version":[{"id":598,"href":"https:\/\/www.hsu-hh.de\/hilfenetz\/wp-json\/wp\/v2\/pages\/497\/revisions\/598"}],"up":[{"embeddable":true,"href":"https:\/\/www.hsu-hh.de\/hilfenetz\/wp-json\/wp\/v2\/pages\/73"}],"wp:attachment":[{"href":"https:\/\/www.hsu-hh.de\/hilfenetz\/wp-json\/wp\/v2\/media?parent=497"}],"wp:term":[{"taxonomy":"category","embeddable":true,"href":"https:\/\/www.hsu-hh.de\/hilfenetz\/wp-json\/wp\/v2\/categories?post=497"},{"taxonomy":"post_tag","embeddable":true,"href":"https:\/\/www.hsu-hh.de\/hilfenetz\/wp-json\/wp\/v2\/tags?post=497"}],"curies":[{"name":"wp","href":"https:\/\/api.w.org\/{rel}","templated":true}]}}