{"id":493,"date":"2023-10-19T12:37:31","date_gmt":"2023-10-19T10:37:31","guid":{"rendered":"https:\/\/www.hsu-hh.de\/hilfenetz\/?page_id=493"},"modified":"2025-11-12T08:17:01","modified_gmt":"2025-11-12T07:17:01","slug":"zivile-gleichstellungsbeauftragte","status":"publish","type":"page","link":"https:\/\/www.hsu-hh.de\/hilfenetz\/startseite\/zivile-gleichstellungsbeauftragte","title":{"rendered":"Zivile Gleichstellungsbeauftragte"},"content":{"rendered":"\n<p>Der Arbeitsbereich einer zivilen Gleichstellungsbeauftragten an der Uni gestaltet sich sehr unterschiedlich, da sie f\u00fcr das ganze zivile Personal in Sachen Chancengleichheit, Frauenf\u00f6rderung und Vereinbarkeit von Beruf und Familie zust\u00e4ndig ist. Die gesetzlichen Grundlagen f\u00fcr ihre T\u00e4tigkeit und Beteiligung bei allen personellen, sozialen und organisatorischen Ma\u00dfnahmen in diesem Bereich bilden das Bundesgleichstellungsgesetz sowie das Allgemeine Gleichbehandlungsgesetz. Es sind aber h\u00e4ufig die ganz individuellen Fragen zu sexueller Bel\u00e4stigung, zur Beseitigung von beruflicher Benachteiligung oder auch zu Familienpflichten \u2013 selbstverst\u00e4ndlich auch f\u00fcr M\u00e4nner. Kommen Sie gern vorbei!<\/p>\n\n\n\n<p><\/p>\n\n\n\n<p><strong>RR\u2019in Ass. iur. Rebecca Stehling<br><\/strong>GleiBziv<br>Douaumont-Bereich<br>Geb\u00e4ude H1, Raum 1506<br>T: 040 6541-3822<br>M OBK:&nbsp;<a href=\"mailto:gleibziv@hsu-hh.de\" target=\"_blank\" rel=\"noreferrer noopener\">gleibziv@hsu-hh.de<\/a><br>M:&nbsp;<a href=\"mailto:rebecca.stehling@hsu-hh.de\" rel='nofollow'>rebecca.stehling@hsu-hh.de<\/a><\/p>\n\n\n\n<p><strong><strong>ORR&#8217;in Ass. iur. Nadine Rauschenberger<\/strong><\/strong><br>Stellvertretende zivile Gleichstellungsbeauftragte<br>Douaumont-Bereich<br>Geb\u00e4ude H1, Raum 1141<br>M OBK:\u00a0<a href=\"mailto:gleibziv@hsu-hh.de\" target=\"_blank\" rel=\"noreferrer noopener\">gleibziv@hsu-hh.de<\/a>\u00a0\u00a0 \u00a0\u00a0 \u00a0\u00a0 \u00a0\u00a0 \u00a0\u00a0 \u00a0\u00a0 \u00a0\u00a0 \u00a0\u00a0 \u00a0\u00a0 \u00a0\u00a0<br><\/p>\n\n\n\n<p><strong><strong><abbr title=\"Doktor\">Dr.<\/abbr>&#8218;in Maximiliane G\u00fcrth<\/strong><\/strong><br>Stellvertretende zivile Gleichstellungsbeauftragte<br>Douaumont-Bereich<br>Geb\u00e4ude H5, Raum 0126<br>M OBK:\u00a0<a href=\"mailto:gleibziv@hsu-hh.de\" target=\"_blank\" rel=\"noreferrer noopener\">gleibziv@hsu-hh.de<\/a><br><\/p>\n\n\n\n<p><strong>Katja Ebert<\/strong><\/p>\n\n\n\n<p><strong>Kirsten Finn<\/strong><br>Gesch\u00e4ftszimmer<br>Douaumont-Bereich<br>Geb\u00e4ude H1, Raum 1141<br>T: 040 6541-2325 \/ 2160<br>M OBK: <a href=\"mailto:gleibziv@hsu-hh.de\" target=\"_blank\" rel=\"noreferrer noopener\">gleibziv@hsu-hh.de<\/a><br>M: <a href=\"mailto:ebert@hsu-hh.de\" rel='nofollow'>ebert@hsu-hh.de<\/a>\u00a0\u00a0 \u00a0\u00a0 \u00a0\u00a0 \u00a0\u00a0 \u00a0\u00a0 \u00a0\u00a0 \u00a0\u00a0 \u00a0\u00a0 \u00a0\u00a0<br><\/p>\n\n\n\n<p>Weiterf\u00fchrende Informationen erhalten Universit\u00e4tsangeh\u00f6rige unter folgendem Link:&nbsp;<a href=\"https:\/\/www.hsu-hh.de\/gleibziv\/\" target=\"_blank\" rel=\"noreferrer noopener\">https:\/\/www.hsu-hh.de\/gleibziv\/<\/a><\/p>\n","protected":false},"excerpt":{"rendered":"<p>Der Arbeitsbereich einer zivilen Gleichstellungsbeauftragten an der Uni gestaltet sich sehr unterschiedlich, da sie f\u00fcr das ganze zivile Personal in Sachen Chancengleichheit, Frauenf\u00f6rderung und Vereinbarkeit von Beruf und Familie zust\u00e4ndig [&hellip;]<\/p>\n","protected":false},"author":2503,"featured_media":0,"parent":73,"menu_order":8,"comment_status":"closed","ping_status":"closed","template":"","meta":{"footnotes":""},"categories":[4],"tags":[],"class_list":["post-493","page","type-page","status-publish","hentry","category-forschung"],"_links":{"self":[{"href":"https:\/\/www.hsu-hh.de\/hilfenetz\/wp-json\/wp\/v2\/pages\/493","targetHints":{"allow":["GET"]}}],"collection":[{"href":"https:\/\/www.hsu-hh.de\/hilfenetz\/wp-json\/wp\/v2\/pages"}],"about":[{"href":"https:\/\/www.hsu-hh.de\/hilfenetz\/wp-json\/wp\/v2\/types\/page"}],"author":[{"embeddable":true,"href":"https:\/\/www.hsu-hh.de\/hilfenetz\/wp-json\/wp\/v2\/users\/2503"}],"replies":[{"embeddable":true,"href":"https:\/\/www.hsu-hh.de\/hilfenetz\/wp-json\/wp\/v2\/comments?post=493"}],"version-history":[{"count":6,"href":"https:\/\/www.hsu-hh.de\/hilfenetz\/wp-json\/wp\/v2\/pages\/493\/revisions"}],"predecessor-version":[{"id":649,"href":"https:\/\/www.hsu-hh.de\/hilfenetz\/wp-json\/wp\/v2\/pages\/493\/revisions\/649"}],"up":[{"embeddable":true,"href":"https:\/\/www.hsu-hh.de\/hilfenetz\/wp-json\/wp\/v2\/pages\/73"}],"wp:attachment":[{"href":"https:\/\/www.hsu-hh.de\/hilfenetz\/wp-json\/wp\/v2\/media?parent=493"}],"wp:term":[{"taxonomy":"category","embeddable":true,"href":"https:\/\/www.hsu-hh.de\/hilfenetz\/wp-json\/wp\/v2\/categories?post=493"},{"taxonomy":"post_tag","embeddable":true,"href":"https:\/\/www.hsu-hh.de\/hilfenetz\/wp-json\/wp\/v2\/tags?post=493"}],"curies":[{"name":"wp","href":"https:\/\/api.w.org\/{rel}","templated":true}]}}