{"id":491,"date":"2023-10-19T12:36:52","date_gmt":"2023-10-19T10:36:52","guid":{"rendered":"https:\/\/www.hsu-hh.de\/hilfenetz\/?page_id=491"},"modified":"2023-10-19T12:36:52","modified_gmt":"2023-10-19T10:36:52","slug":"sozialdienst","status":"publish","type":"page","link":"https:\/\/www.hsu-hh.de\/hilfenetz\/startseite\/sozialdienst","title":{"rendered":"Sozialdienst"},"content":{"rendered":"\n<p><strong>Der Sozialdienst bietet:<\/strong><br>vertrauliche Einzelgespr\u00e4che, Familien- und Gruppengespr\u00e4che, Hausbesuche. Dar\u00fcber hinaus halten sie Vortr\u00e4ge im Rahmen von Unterrichten (beispielweise Rekrutenunterricht, Einsatzvorbereitung) und Veranstaltungen, arbeiten sie mit Dienststellen sowohl innerhalb als auch au\u00dferhalb der Bundeswehr sowie mit Einrichtungen und Netzwerken zusammen, beraten sie Vorgesetzte und geben sie fachliche Stellungnahmen ab.<\/p>\n\n\n\n<p>Weitere Informationen unter<br><a href=\"http:\/\/www.personal.bundeswehr.de\/portal\/a\/pers\/start\/soziales\/sozdst\/!ut\/p\/z1\/04_Sj9CPykssy0xPLMnMz0vMAfIjo8zinSx8QnyMLI2MQsyMXAwcAxydPE3dXI3cPc30wwkpiAJKG-AAjgb6wSmp-pFAM8xxmgFSpB-lH5WVWJZYoVeQX1SSk1qil5gMcqF-ZEZiXkpOakB-siNEoCA3otyg3FERAAed9MM!\/dz\/d5\/L2dBISEvZ0FBIS9nQSEh\/#Z7_B8LTL2922T62D0APABI5FE2GA0\" target=\"_blank\" rel=\"noreferrer noopener\">www.sozialdienst.bundeswehr.de<\/a><\/p>\n\n\n\n<p>Der Sozialdienst wird t\u00e4tig in Fragen:<\/p>\n\n\n\n<p>des Sozial-, Sozialversicherungs- und Versorgungsrechts (beispielweise Arbeitslosen-, Kranken-, Renten- und Pflegeversicherung), des Arbeitsplatzschutzgesetzes sowie der Unterhaltssicherung f\u00fcr Wehrdienstleistende,&nbsp; der Versorgung infolge einer Dienstunf\u00e4higkeit, der Einsatzversorgung oder der Versorgung bei Wehrdienstbesch\u00e4digung, der Regelung von Anspr\u00fcchen bei Todesf\u00e4llen.<\/p>\n\n\n\n<p>Der Sozialdienst ist zur Verschwiegenheit verpflichtet!<\/p>\n\n\n\n<p><strong>Sozialberatung:<br><abbr title=\"Diplom\">Dipl.<\/abbr>-Verw. Nicole Schl\u00fcter<br><\/strong>TUU-Jenfeld, Raum A 53<br>T: 040 6541-3227<br>M: NicoleSchlueter@Bundeswehr.org<strong><\/strong><\/p>\n\n\n\n<p><strong>Ansprechstelle:<\/strong><br><strong>N.N.<\/strong><br>TUU-Jenfeld, Raum A 55<br>T: 040 6541-3245<br>M: BwDLZHamburgSozialdienst@Bundeswehr.org<\/p>\n\n\n\n<p><strong>TUU \u2013 Jenfeld<\/strong><br>Wilson Stra\u00dfe 68 \u2013 Eingang 2\/2<br>Zufahrt \u00fcber Hermine-Albers-Stra\u00dfe<\/p>\n\n\n\n<p><strong>Allgemein ist der Sozialdienst auch unter der folgenden Telefonnummer erreichbar.<\/strong><\/p>\n\n\n\n<p><strong>BwDLZ&nbsp;<abbr title=\"Hamburg\">HH<\/abbr><\/strong><br>T: 040 86648-5170<\/p>\n\n\n\n<p>Reichspr\u00e4sident-Ebert-Kaserne<br>Osdorfer Landstra\u00dfe 365<br>22589 Hamburg<\/p>\n\n\n\n<p><strong>Der Sozialarbeiter \/ die Sozialarbeiterin der Bundeswehr wird t\u00e4tig bei:<\/strong><br>\u0083Problemen im dienstlichen Alltag (Versetzung, Konflikten am Arbeitsplatz), pers\u00f6nlichen, psychosozialen und wirtschaftlichen<br>Schwierigkeiten, Konflikten im privaten Bereich (Ehe, Kindererziehung und mehr), Krankheiten (auch Suchterkrankungen),<br>\u0083der Vor- und Nachbereitung sowie der Begleitung besonderer Auslandseins\u00e4tze der Bundeswehr.<\/p>\n\n\n\n<p>Der Sozialarbeiter \/ Sozialarbeiterin unterliegt der gesetzlichen Schweigepflicht nach Paragraph 203 Strafgesetzbuch!<\/p>\n\n\n\n<p><strong>Clara Sonntag<br>Soz.-Arb. B.A.<br><\/strong>TUU \u2013 Jenfeld, Raum A 54<br>Wilson Stra\u00dfe 68 \u2013 Eingang 2\/2<br>Zufahrt \u00fcber Hermine-Albers-Stra\u00dfe<\/p>\n\n\n\n<p>T: 040 6541-3226 (Mi, Do und nach Vereinbarung)<br>Bundeswehr-Dienstleistungszentrum Hamburg<br>Osdorfer Landstra\u00dfe 365<br>22589 Hamburg<br>T: 040 86648-5173 (Mo, Di, Fr)<br>T: 90 7910-5173<br>M:&nbsp;<a href=\"mailto:ClaraSonntag@bundeswehr.org\" target=\"_blank\" rel=\"noreferrer noopener\">ClaraSonntag@bundeswehr.org<\/a><\/p>\n","protected":false},"excerpt":{"rendered":"<p>Der Sozialdienst bietet:vertrauliche Einzelgespr\u00e4che, Familien- und Gruppengespr\u00e4che, Hausbesuche. Dar\u00fcber hinaus halten sie Vortr\u00e4ge im Rahmen von Unterrichten (beispielweise Rekrutenunterricht, Einsatzvorbereitung) und Veranstaltungen, arbeiten sie mit Dienststellen sowohl innerhalb als auch [&hellip;]<\/p>\n","protected":false},"author":2503,"featured_media":0,"parent":73,"menu_order":7,"comment_status":"closed","ping_status":"closed","template":"","meta":{"footnotes":""},"categories":[4],"tags":[],"class_list":["post-491","page","type-page","status-publish","hentry","category-forschung"],"_links":{"self":[{"href":"https:\/\/www.hsu-hh.de\/hilfenetz\/wp-json\/wp\/v2\/pages\/491","targetHints":{"allow":["GET"]}}],"collection":[{"href":"https:\/\/www.hsu-hh.de\/hilfenetz\/wp-json\/wp\/v2\/pages"}],"about":[{"href":"https:\/\/www.hsu-hh.de\/hilfenetz\/wp-json\/wp\/v2\/types\/page"}],"author":[{"embeddable":true,"href":"https:\/\/www.hsu-hh.de\/hilfenetz\/wp-json\/wp\/v2\/users\/2503"}],"replies":[{"embeddable":true,"href":"https:\/\/www.hsu-hh.de\/hilfenetz\/wp-json\/wp\/v2\/comments?post=491"}],"version-history":[{"count":1,"href":"https:\/\/www.hsu-hh.de\/hilfenetz\/wp-json\/wp\/v2\/pages\/491\/revisions"}],"predecessor-version":[{"id":492,"href":"https:\/\/www.hsu-hh.de\/hilfenetz\/wp-json\/wp\/v2\/pages\/491\/revisions\/492"}],"up":[{"embeddable":true,"href":"https:\/\/www.hsu-hh.de\/hilfenetz\/wp-json\/wp\/v2\/pages\/73"}],"wp:attachment":[{"href":"https:\/\/www.hsu-hh.de\/hilfenetz\/wp-json\/wp\/v2\/media?parent=491"}],"wp:term":[{"taxonomy":"category","embeddable":true,"href":"https:\/\/www.hsu-hh.de\/hilfenetz\/wp-json\/wp\/v2\/categories?post=491"},{"taxonomy":"post_tag","embeddable":true,"href":"https:\/\/www.hsu-hh.de\/hilfenetz\/wp-json\/wp\/v2\/tags?post=491"}],"curies":[{"name":"wp","href":"https:\/\/api.w.org\/{rel}","templated":true}]}}