{"id":489,"date":"2023-10-19T12:36:23","date_gmt":"2023-10-19T10:36:23","guid":{"rendered":"https:\/\/www.hsu-hh.de\/hilfenetz\/?page_id=489"},"modified":"2024-11-22T14:52:33","modified_gmt":"2024-11-22T13:52:33","slug":"katholische-militaerseelsorge","status":"publish","type":"page","link":"https:\/\/www.hsu-hh.de\/hilfenetz\/startseite\/katholische-militaerseelsorge","title":{"rendered":"Katholische Milit\u00e4rseelsorge"},"content":{"rendered":"\n<p>Wir sind f\u00fcr alle Angeh\u00f6rigen der Bundeswehr da. Beratung, Betreuung und Begleitung in allen Lebenslagen verstehen wir als selbstverst\u00e4ndlich. Zu unserem Arbeitsfeld geh\u00f6ren die Erm\u00f6glichung der kameradschsftlichen Begegnungen, des Austausches, sowie Gottesdienste im Haus der KHG (Katholische Hochschulgemeinde, Oktaviostra\u00dfe 76). Jeden Dienstag (ab 19:15 Uhr) laden wir herzlich zum Gemeindeabend ein.<\/p>\n\n\n\n<p><strong><abbr title=\"Doktor\">Dr.<\/abbr>&nbsp;Peter Henrich OP<\/strong><br><strong>Milit\u00e4rdekan<\/strong><\/p>\n\n\n\n<p>Douaumont-Bereich<br>Geb\u00e4ude H4, Raum 015<br>T: 0406541-2729<br>H: 0151-16137039<br>M:&nbsp;<a href=\"mailto:peterhenrich@hsu-hh.de\" target=\"_blank\" rel=\"noreferrer noopener\">peterhenrich@hsu-hh.de<\/a><\/p>\n\n\n\n<p><strong>Pfarrhelferin Martina Drese<\/strong><br>Douaumont-Bereich<br>Geb\u00e4ude H4, Raum 013<br>T: 040 6541-2338<br>M:&nbsp;<a href=\"mailto:tina@hsu-hh.de\" target=\"_blank\" rel=\"noreferrer noopener\">tina@hsu-hh.de<\/a><\/p>\n\n\n\n<p><strong>Stanka Trilcke<\/strong><br>Oktaviostra\u00dfe 76<br>22043 Hamburg<br>T: 040 6566-035<br>M:\u00a0<a href=\"mailto:mkh@katholische-soldatenseelsorge.de\" target=\"_blank\" rel=\"noreferrer noopener\">mkh@katholische-soldatenseelsorge.de<\/a><\/p>\n\n\n\n<p><strong>&#8222;BALU&#8220;<\/strong><br>Therapiebegleithund in Ausbildung<br>Geb\u00e4ude H4, Raum 013<br>M:\u00a0<a href=\"balu@hsu-hh.de\" target=\"_blank\" rel=\"noreferrer noopener\">balu@hsu-hh.de<\/a><\/p>\n\n\n\n<p>Weiterf\u00fchrende Informationen erhalten Universit\u00e4tsangeh\u00f6rige unter folgendem Link:&nbsp;<a href=\"https:\/\/www.hsu-hh.de\/kath\/\" target=\"_blank\" rel=\"noreferrer noopener\">https:\/\/www.hsu-hh.de\/kath\/<\/a><\/p>\n","protected":false},"excerpt":{"rendered":"<p>Wir sind f\u00fcr alle Angeh\u00f6rigen der Bundeswehr da. Beratung, Betreuung und Begleitung in allen Lebenslagen verstehen wir als selbstverst\u00e4ndlich. Zu unserem Arbeitsfeld geh\u00f6ren die Erm\u00f6glichung der kameradschsftlichen Begegnungen, des Austausches, [&hellip;]<\/p>\n","protected":false},"author":2503,"featured_media":0,"parent":73,"menu_order":6,"comment_status":"closed","ping_status":"closed","template":"","meta":{"footnotes":""},"categories":[4],"tags":[],"class_list":["post-489","page","type-page","status-publish","hentry","category-forschung"],"_links":{"self":[{"href":"https:\/\/www.hsu-hh.de\/hilfenetz\/wp-json\/wp\/v2\/pages\/489","targetHints":{"allow":["GET"]}}],"collection":[{"href":"https:\/\/www.hsu-hh.de\/hilfenetz\/wp-json\/wp\/v2\/pages"}],"about":[{"href":"https:\/\/www.hsu-hh.de\/hilfenetz\/wp-json\/wp\/v2\/types\/page"}],"author":[{"embeddable":true,"href":"https:\/\/www.hsu-hh.de\/hilfenetz\/wp-json\/wp\/v2\/users\/2503"}],"replies":[{"embeddable":true,"href":"https:\/\/www.hsu-hh.de\/hilfenetz\/wp-json\/wp\/v2\/comments?post=489"}],"version-history":[{"count":4,"href":"https:\/\/www.hsu-hh.de\/hilfenetz\/wp-json\/wp\/v2\/pages\/489\/revisions"}],"predecessor-version":[{"id":615,"href":"https:\/\/www.hsu-hh.de\/hilfenetz\/wp-json\/wp\/v2\/pages\/489\/revisions\/615"}],"up":[{"embeddable":true,"href":"https:\/\/www.hsu-hh.de\/hilfenetz\/wp-json\/wp\/v2\/pages\/73"}],"wp:attachment":[{"href":"https:\/\/www.hsu-hh.de\/hilfenetz\/wp-json\/wp\/v2\/media?parent=489"}],"wp:term":[{"taxonomy":"category","embeddable":true,"href":"https:\/\/www.hsu-hh.de\/hilfenetz\/wp-json\/wp\/v2\/categories?post=489"},{"taxonomy":"post_tag","embeddable":true,"href":"https:\/\/www.hsu-hh.de\/hilfenetz\/wp-json\/wp\/v2\/tags?post=489"}],"curies":[{"name":"wp","href":"https:\/\/api.w.org\/{rel}","templated":true}]}}