{"id":485,"date":"2023-10-19T12:35:36","date_gmt":"2023-10-19T10:35:36","guid":{"rendered":"https:\/\/www.hsu-hh.de\/hilfenetz\/?page_id=485"},"modified":"2023-10-19T12:35:36","modified_gmt":"2023-10-19T10:35:36","slug":"psychologische-beratung","status":"publish","type":"page","link":"https:\/\/www.hsu-hh.de\/hilfenetz\/startseite\/psychologische-beratung","title":{"rendered":"Psychologische Beratung"},"content":{"rendered":"\n<p>Die Psychologische Beratungsstelle bietet allen Studierenden der&nbsp;<abbr title=\"Helmut Schmidt Universit\u00e4t\">HSU<\/abbr>&nbsp;kostenlos und unb\u00fcrokratisch Unterst\u00fctzung an.<br>Die Ratsuchenden k\u00f6nnen sich mit allen studienbezogenen, pers\u00f6nlichen oder milit\u00e4rischen Anliegen an die Beratungsstelle wenden.<br>Die Beratung ist individuell an den Belangen jedes*r Einzelnen orientiert und kann einen bis mehrere Termin\/e umfassen. Es werden neben Einzelberatungen auch Paargespr\u00e4che, Familiengespr\u00e4che oder Gespr\u00e4che gemeinsam mit Vorgesetzten, Lehrenden oder Kameraden*innen angeboten. Die Gespr\u00e4che unterliegen der gesetzlichen Schweigepflicht. Auf Anfrage k\u00f6nnen auch Gruppenberatungen (Workshops) zu einzelnen Themen in Anspruch genommen werden.<\/p>\n\n\n\n<p><strong>Susanne Witte<br>Diplompsychologin und Psychologische Psychotherapeutin<\/strong><br>Telefonische Sprechzeit:<br>Dienstag, 13:00 \u2013 13:30 Uhr<\/p>\n\n\n\n<p>Douaumont-Bereich<br>Geb\u00e4ude H 5, Raum 20 b<br>T: 040 6541-2255<br>M:&nbsp;<a href=\"mailto:witte@hsu-hh.de\" target=\"_blank\" rel=\"noreferrer noopener\">witte@hsu-hh.de<\/a><\/p>\n\n\n\n<p><strong>Alla Rudolph<\/strong><br><strong>Master of Science Psychologie<br><\/strong>Telefonische Sprechzeit:<br>Dienstag , 13:00 \u2013 13:30 Uhr<\/p>\n\n\n\n<p>Douaumont-Bereich<br>Geb\u00e4ude W4, Raum 0037<br>T: 040 6541-2385<br>M:&nbsp;<a href=\"mailto:rudolpha@hsu-hh.de\" target=\"_blank\" rel=\"noreferrer noopener\">rudolpha@hsu-hh.de<\/a><\/p>\n\n\n\n<p><strong>Nicolas Hees<\/strong><br><strong>Master of Science Psychologie<\/strong><br>Telefonische Sprechzeit:<br>Dienstag , 13:00 \u2013 13:30 Uhr<\/p>\n\n\n\n<p>Douaumont-Bereich<br>Geb\u00e4ude W4, Raum 0036<br>T: 040 6541-2581<br>M:&nbsp;<a href=\"mailto:heesn@hsu-hh.de\" rel='nofollow'>heesn@hsu-hh.de<\/a><\/p>\n\n\n\n<p>Weiterf\u00fchrende Informationen f\u00fcr Universit\u00e4tsangeh\u00f6rige erhalten Sie unter folgendem Link (Login erforderlich):<br><a href=\"https:\/\/www.hsu-hh.de\/psychbst\/\" target=\"_blank\" rel=\"noreferrer noopener\">https:\/\/www.hsu-hh.de\/psychbst\/<\/a><br><a href=\"https:\/\/webbox.hsu-hh.de\/psychbst\/\" target=\"_blank\" rel=\"noreferrer noopener\">https:\/\/webbox.hsu-hh.de\/psychbst\/<\/a><\/p>\n","protected":false},"excerpt":{"rendered":"<p>Die Psychologische Beratungsstelle bietet allen Studierenden der&nbsp;HSU&nbsp;kostenlos und unb\u00fcrokratisch Unterst\u00fctzung an.Die Ratsuchenden k\u00f6nnen sich mit allen studienbezogenen, pers\u00f6nlichen oder milit\u00e4rischen Anliegen an die Beratungsstelle wenden.Die Beratung ist individuell an den [&hellip;]<\/p>\n","protected":false},"author":2503,"featured_media":0,"parent":73,"menu_order":4,"comment_status":"closed","ping_status":"closed","template":"","meta":{"footnotes":""},"categories":[4],"tags":[],"class_list":["post-485","page","type-page","status-publish","hentry","category-forschung"],"_links":{"self":[{"href":"https:\/\/www.hsu-hh.de\/hilfenetz\/wp-json\/wp\/v2\/pages\/485","targetHints":{"allow":["GET"]}}],"collection":[{"href":"https:\/\/www.hsu-hh.de\/hilfenetz\/wp-json\/wp\/v2\/pages"}],"about":[{"href":"https:\/\/www.hsu-hh.de\/hilfenetz\/wp-json\/wp\/v2\/types\/page"}],"author":[{"embeddable":true,"href":"https:\/\/www.hsu-hh.de\/hilfenetz\/wp-json\/wp\/v2\/users\/2503"}],"replies":[{"embeddable":true,"href":"https:\/\/www.hsu-hh.de\/hilfenetz\/wp-json\/wp\/v2\/comments?post=485"}],"version-history":[{"count":1,"href":"https:\/\/www.hsu-hh.de\/hilfenetz\/wp-json\/wp\/v2\/pages\/485\/revisions"}],"predecessor-version":[{"id":486,"href":"https:\/\/www.hsu-hh.de\/hilfenetz\/wp-json\/wp\/v2\/pages\/485\/revisions\/486"}],"up":[{"embeddable":true,"href":"https:\/\/www.hsu-hh.de\/hilfenetz\/wp-json\/wp\/v2\/pages\/73"}],"wp:attachment":[{"href":"https:\/\/www.hsu-hh.de\/hilfenetz\/wp-json\/wp\/v2\/media?parent=485"}],"wp:term":[{"taxonomy":"category","embeddable":true,"href":"https:\/\/www.hsu-hh.de\/hilfenetz\/wp-json\/wp\/v2\/categories?post=485"},{"taxonomy":"post_tag","embeddable":true,"href":"https:\/\/www.hsu-hh.de\/hilfenetz\/wp-json\/wp\/v2\/tags?post=485"}],"curies":[{"name":"wp","href":"https:\/\/api.w.org\/{rel}","templated":true}]}}