{"id":481,"date":"2023-10-19T12:34:39","date_gmt":"2023-10-19T10:34:39","guid":{"rendered":"https:\/\/www.hsu-hh.de\/hilfenetz\/?page_id=481"},"modified":"2025-11-12T08:19:51","modified_gmt":"2025-11-12T07:19:51","slug":"schwerbehindertenvertretung","status":"publish","type":"page","link":"https:\/\/www.hsu-hh.de\/hilfenetz\/startseite\/schwerbehindertenvertretung","title":{"rendered":"Schwerbehindertenvertretung"},"content":{"rendered":"\n<p>Die Vertrauensperson schwerbehinderter Menschen ist die gew\u00e4hlte Interessenvertretung der Schwerbehinderten und<br>Gleichgestellten Besch\u00e4ftigten der&nbsp;<abbr title=\"Helmut Schmidt Universit\u00e4t\">HSU<\/abbr>. Sie ist behilflich bei der Wiedereingliederung, verhandelt mit der Dienststelle, gibt Anregungen zur Verbesserung des Arbeitsplatzes und ist behilflich bei Antragstellung gegen\u00fcber \u00c4mtern&nbsp;<abbr title=\"et cetera\">etc.<\/abbr>&nbsp;Sie achtet auf die Einhaltung der gesetzlichen Bestimmungen schwerbehinderter Menschen.<\/p>\n\n\n\n<p><strong>Susanne Hofmann<br>VPschwbM<\/strong><br>Douaumont-Bereich<br>Geb\u00e4ude H1, Raum 2514<br>T: 040 6541-2951<br>M:&nbsp;<a href=\"mailto:vpschwbm@hsu-hh.de\" target=\"_blank\" rel=\"noreferrer noopener\">vpschwbm@hsu-hh.de<\/a><\/p>\n\n\n\n<p><\/p>\n\n\n\n<p><\/p>\n\n\n\n<p>Weiterf\u00fchrende Informationen erhalten Universit\u00e4tsangeh\u00f6rige unter folgendem Link (Login erforderlich):<br><a href=\"https:\/\/webbox.hsu-hh.de\/schwbv\/index_pc2sOhYvcqF5G5en.html\" target=\"_blank\" rel=\"noreferrer noopener\">https:\/\/www.hsu-hh.de\/schwbv\/index.php<\/a><\/p>\n","protected":false},"excerpt":{"rendered":"<p>Die Vertrauensperson schwerbehinderter Menschen ist die gew\u00e4hlte Interessenvertretung der Schwerbehinderten undGleichgestellten Besch\u00e4ftigten der&nbsp;HSU. Sie ist behilflich bei der Wiedereingliederung, verhandelt mit der Dienststelle, gibt Anregungen zur Verbesserung des Arbeitsplatzes und [&hellip;]<\/p>\n","protected":false},"author":2503,"featured_media":0,"parent":73,"menu_order":2,"comment_status":"closed","ping_status":"closed","template":"","meta":{"footnotes":""},"categories":[4],"tags":[],"class_list":["post-481","page","type-page","status-publish","hentry","category-forschung"],"_links":{"self":[{"href":"https:\/\/www.hsu-hh.de\/hilfenetz\/wp-json\/wp\/v2\/pages\/481","targetHints":{"allow":["GET"]}}],"collection":[{"href":"https:\/\/www.hsu-hh.de\/hilfenetz\/wp-json\/wp\/v2\/pages"}],"about":[{"href":"https:\/\/www.hsu-hh.de\/hilfenetz\/wp-json\/wp\/v2\/types\/page"}],"author":[{"embeddable":true,"href":"https:\/\/www.hsu-hh.de\/hilfenetz\/wp-json\/wp\/v2\/users\/2503"}],"replies":[{"embeddable":true,"href":"https:\/\/www.hsu-hh.de\/hilfenetz\/wp-json\/wp\/v2\/comments?post=481"}],"version-history":[{"count":4,"href":"https:\/\/www.hsu-hh.de\/hilfenetz\/wp-json\/wp\/v2\/pages\/481\/revisions"}],"predecessor-version":[{"id":650,"href":"https:\/\/www.hsu-hh.de\/hilfenetz\/wp-json\/wp\/v2\/pages\/481\/revisions\/650"}],"up":[{"embeddable":true,"href":"https:\/\/www.hsu-hh.de\/hilfenetz\/wp-json\/wp\/v2\/pages\/73"}],"wp:attachment":[{"href":"https:\/\/www.hsu-hh.de\/hilfenetz\/wp-json\/wp\/v2\/media?parent=481"}],"wp:term":[{"taxonomy":"category","embeddable":true,"href":"https:\/\/www.hsu-hh.de\/hilfenetz\/wp-json\/wp\/v2\/categories?post=481"},{"taxonomy":"post_tag","embeddable":true,"href":"https:\/\/www.hsu-hh.de\/hilfenetz\/wp-json\/wp\/v2\/tags?post=481"}],"curies":[{"name":"wp","href":"https:\/\/api.w.org\/{rel}","templated":true}]}}