{"id":520,"date":"2023-02-08T13:22:10","date_gmt":"2023-02-08T12:22:10","guid":{"rendered":"https:\/\/www.hsu-hh.de\/hfm\/?page_id=520"},"modified":"2023-02-14T10:01:15","modified_gmt":"2023-02-14T09:01:15","slug":"der-vorstand","status":"publish","type":"page","link":"https:\/\/www.hsu-hh.de\/hfm\/der-vorstand","title":{"rendered":"Der Vorstand"},"content":{"rendered":"\n<p>Der Vorstand<br>Vorsitzender: <abbr title=\"Professor\">Prof.<\/abbr>&nbsp; <abbr title=\"Doktor\">Dr.<\/abbr>&nbsp;Ralf Dewenter<\/p>\n\n\n\n<p>Stellv. Vorsitzender:\u00a0<abbr title=\"Doktor\">Dr.<\/abbr> Hendrik L\u00fcth<\/p>\n\n\n\n<p>Schatzmeisterin: &nbsp;<abbr title=\"Professor\">Prof.<\/abbr>&nbsp; <abbr title=\"Doktor\">Dr.<\/abbr>&nbsp;Claudia Fantapi\u00e9 Altobelli<\/p>\n\n\n\n<p>Kassenpr\u00fcfer: <abbr title=\"Professor\">Prof.<\/abbr>&nbsp; <abbr title=\"Doktor\">Dr.<\/abbr>&nbsp;Hans Koller<\/p>\n","protected":false},"excerpt":{"rendered":"<p>Der VorstandVorsitzender: Prof.&nbsp; Dr.&nbsp;Ralf Dewenter Stellv. Vorsitzender:\u00a0Dr. Hendrik L\u00fcth Schatzmeisterin: &nbsp;Prof.&nbsp; Dr.&nbsp;Claudia Fantapi\u00e9 Altobelli Kassenpr\u00fcfer: Prof.&nbsp; Dr.&nbsp;Hans Koller<\/p>\n","protected":false},"author":37,"featured_media":0,"parent":0,"menu_order":0,"comment_status":"closed","ping_status":"closed","template":"","meta":{"_EventAllDay":false,"_EventTimezone":"","_EventStartDate":"","_EventEndDate":"","_EventStartDateUTC":"","_EventEndDateUTC":"","_EventShowMap":false,"_EventShowMapLink":false,"_EventURL":"","_EventCost":"","_EventCostDescription":"","_EventCurrencySymbol":"","_EventCurrencyCode":"","_EventCurrencyPosition":"","_EventDateTimeSeparator":"","_EventTimeRangeSeparator":"","_EventOrganizerID":[],"_EventVenueID":[],"_OrganizerEmail":"","_OrganizerPhone":"","_OrganizerWebsite":"","_VenueAddress":"","_VenueCity":"","_VenueCountry":"","_VenueProvince":"","_VenueState":"","_VenueZip":"","_VenuePhone":"","_VenueURL":"","_VenueStateProvince":"","_VenueLat":"","_VenueLng":"","_VenueShowMap":false,"_VenueShowMapLink":false,"footnotes":""},"categories":[4],"tags":[],"class_list":["post-520","page","type-page","status-publish","hentry","category-forschung"],"_links":{"self":[{"href":"https:\/\/www.hsu-hh.de\/hfm\/wp-json\/wp\/v2\/pages\/520","targetHints":{"allow":["GET"]}}],"collection":[{"href":"https:\/\/www.hsu-hh.de\/hfm\/wp-json\/wp\/v2\/pages"}],"about":[{"href":"https:\/\/www.hsu-hh.de\/hfm\/wp-json\/wp\/v2\/types\/page"}],"author":[{"embeddable":true,"href":"https:\/\/www.hsu-hh.de\/hfm\/wp-json\/wp\/v2\/users\/37"}],"replies":[{"embeddable":true,"href":"https:\/\/www.hsu-hh.de\/hfm\/wp-json\/wp\/v2\/comments?post=520"}],"version-history":[{"count":2,"href":"https:\/\/www.hsu-hh.de\/hfm\/wp-json\/wp\/v2\/pages\/520\/revisions"}],"predecessor-version":[{"id":531,"href":"https:\/\/www.hsu-hh.de\/hfm\/wp-json\/wp\/v2\/pages\/520\/revisions\/531"}],"wp:attachment":[{"href":"https:\/\/www.hsu-hh.de\/hfm\/wp-json\/wp\/v2\/media?parent=520"}],"wp:term":[{"taxonomy":"category","embeddable":true,"href":"https:\/\/www.hsu-hh.de\/hfm\/wp-json\/wp\/v2\/categories?post=520"},{"taxonomy":"post_tag","embeddable":true,"href":"https:\/\/www.hsu-hh.de\/hfm\/wp-json\/wp\/v2\/tags?post=520"}],"curies":[{"name":"wp","href":"https:\/\/api.w.org\/{rel}","templated":true}]}}