{"id":477,"date":"2021-12-13T07:14:15","date_gmt":"2021-12-13T06:14:15","guid":{"rendered":"https:\/\/www.hsu-hh.de\/hfm\/?page_id=477"},"modified":"2022-02-21T13:48:53","modified_gmt":"2022-02-21T12:48:53","slug":"kartellrechtsdurchsetzung-in-plattformmaerkten","status":"publish","type":"page","link":"https:\/\/www.hsu-hh.de\/hfm\/kartellrechtsdurchsetzung-in-plattformmaerkten","title":{"rendered":"Kartellrechtsdurchsetzung in Plattformm\u00e4rkten"},"content":{"rendered":"\n<p class=\"has-medium-font-size\">4. M\u00e4rz 2022<\/p>\n\n\n\n<p><\/p>\n\n\n\n<p><\/p>\n\n\n\n<p class=\"has-large-font-size\"><strong>Programm<\/strong><\/p>\n\n\n\n<p class=\"has-medium-font-size\"><br>9.00 Uhr <strong>Wettbewerbsbeschr\u00e4nkenden Ma\u00dfnahmen von Plattforme<\/strong>n<br>Prof. Dr. J\u00fcrgen R\u00f6sch, Universit\u00e4t Weimar und e.DEAS economics<br>Prof. Dr. Florian Wagner von Papp, Helmut-Schmidt-Universit\u00e4t Hamburg<\/p>\n\n\n\n<p class=\"has-medium-font-size\"><br>10.30 Uhr <strong>Strukturelle und funktionale Entflechtung von Plattformen<\/strong><br>Lea Bernhardt, Helmut-Schmidt-Universit\u00e4t Hamburg<br>Paul Voges, Helmut-Schmidt-Universit\u00e4t Hamburg<br><\/p>\n\n\n\n<p class=\"has-medium-font-size\">12.00 Uhr Mittagspause<br><\/p>\n\n\n\n<p class=\"has-medium-font-size\">13.00 Uhr <strong>Der Wert von Daten: Plattformwettbewerb und Datenzugang<\/strong><br>Prof. Dr. Ralf Dewenter, Helmut-Schmidt-Universit\u00e4t Hamburg und e.DEAS economics<br>Dr. Sebastian Louven, Louven Legal<br><\/p>\n\n\n\n<p class=\"has-medium-font-size\">14.30 Uhr Kaffeepause<br><\/p>\n\n\n\n<p class=\"has-medium-font-size\">15.00 Uhr <strong>Generelle Messans\u00e4tze f\u00fcr Sch\u00e4den aus antikompetitivem Verhalten von Plattforme<\/strong>n<br>Prof. Dr. Gordon Klein, Universit\u00e4t M\u00fcnster, HSU Hamburg und e.DEAS economics<br>Dr. Philipp Schliffke, HE | Hamburg Economics<\/p>\n\n\n\n<p><\/p>\n\n\n\n<p><\/p>\n\n\n\n<p class=\"has-medium-font-size\">Der interdisziplin\u00e4re Workshop adressiert verschiedene Probleme der Kartellrechtsdurchsetzung in Plattformm\u00e4rkten aus \u00f6konomischer und juristischer Sicht. <\/p>\n\n\n\n<p class=\"has-medium-font-size\">Die Veranstaltung findet nach 3GRegeln statt im Park Hyatt Hotel Hamburg, Bugenhagenstr. 8-10, 20095 Hamburg<\/p>\n\n\n\n<p class=\"has-medium-font-size\"><a href=\"https:\/\/www.hsu-hh.de\/hfm\/wp-content\/uploads\/sites\/598\/2022\/02\/Einladung_Workshop.pdf\">Programm-download<\/a><br><a href=\"https:\/\/www.hsu-hh.de\/hfm\/wp-content\/uploads\/sites\/598\/2022\/01\/Workshop.pdf\"><br><\/a><br>Prof. Dr. Ralf Dewenter<br>Helmut-Schmidt-Universit\u00e4t Hamburg<br>Holstenhofweg 85<br>22043 Hamburg<br>Tel.: 040\/6541-2789<br>dewenter@hsu-hh.de<\/p>\n\n\n\n<p><\/p>\n","protected":false},"excerpt":{"rendered":"<p>4. M\u00e4rz 2022 Programm 9.00 Uhr Wettbewerbsbeschr\u00e4nkenden Ma\u00dfnahmen von PlattformenProf. Dr. J\u00fcrgen R\u00f6sch, Universit\u00e4t Weimar und e.DEAS economicsProf. Dr. Florian Wagner von Papp, Helmut-Schmidt-Universit\u00e4t Hamburg 10.30 Uhr Strukturelle und funktionale [&hellip;]<\/p>\n","protected":false},"author":37,"featured_media":0,"parent":0,"menu_order":0,"comment_status":"closed","ping_status":"closed","template":"","meta":{"_EventAllDay":false,"_EventTimezone":"","_EventStartDate":"","_EventEndDate":"","_EventStartDateUTC":"","_EventEndDateUTC":"","_EventShowMap":false,"_EventShowMapLink":false,"_EventURL":"","_EventCost":"","_EventCostDescription":"","_EventCurrencySymbol":"","_EventCurrencyCode":"","_EventCurrencyPosition":"","_EventDateTimeSeparator":"","_EventTimeRangeSeparator":"","_EventOrganizerID":[],"_EventVenueID":[],"_OrganizerEmail":"","_OrganizerPhone":"","_OrganizerWebsite":"","_VenueAddress":"","_VenueCity":"","_VenueCountry":"","_VenueProvince":"","_VenueState":"","_VenueZip":"","_VenuePhone":"","_VenueURL":"","_VenueStateProvince":"","_VenueLat":"","_VenueLng":"","_VenueShowMap":false,"_VenueShowMapLink":false,"footnotes":""},"categories":[4],"tags":[],"class_list":["post-477","page","type-page","status-publish","hentry","category-forschung"],"_links":{"self":[{"href":"https:\/\/www.hsu-hh.de\/hfm\/wp-json\/wp\/v2\/pages\/477","targetHints":{"allow":["GET"]}}],"collection":[{"href":"https:\/\/www.hsu-hh.de\/hfm\/wp-json\/wp\/v2\/pages"}],"about":[{"href":"https:\/\/www.hsu-hh.de\/hfm\/wp-json\/wp\/v2\/types\/page"}],"author":[{"embeddable":true,"href":"https:\/\/www.hsu-hh.de\/hfm\/wp-json\/wp\/v2\/users\/37"}],"replies":[{"embeddable":true,"href":"https:\/\/www.hsu-hh.de\/hfm\/wp-json\/wp\/v2\/comments?post=477"}],"version-history":[{"count":14,"href":"https:\/\/www.hsu-hh.de\/hfm\/wp-json\/wp\/v2\/pages\/477\/revisions"}],"predecessor-version":[{"id":518,"href":"https:\/\/www.hsu-hh.de\/hfm\/wp-json\/wp\/v2\/pages\/477\/revisions\/518"}],"wp:attachment":[{"href":"https:\/\/www.hsu-hh.de\/hfm\/wp-json\/wp\/v2\/media?parent=477"}],"wp:term":[{"taxonomy":"category","embeddable":true,"href":"https:\/\/www.hsu-hh.de\/hfm\/wp-json\/wp\/v2\/categories?post=477"},{"taxonomy":"post_tag","embeddable":true,"href":"https:\/\/www.hsu-hh.de\/hfm\/wp-json\/wp\/v2\/tags?post=477"}],"curies":[{"name":"wp","href":"https:\/\/api.w.org\/{rel}","templated":true}]}}