{"id":424,"date":"2019-02-05T08:16:28","date_gmt":"2019-02-05T07:16:28","guid":{"rendered":"https:\/\/www.hsu-hh.de\/hfm\/?page_id=424"},"modified":"2021-12-13T07:28:54","modified_gmt":"2021-12-13T06:28:54","slug":"gesellschaftliche-spannungen-die-rolle-der-medien","status":"publish","type":"page","link":"https:\/\/www.hsu-hh.de\/hfm\/gesellschaftliche-spannungen-die-rolle-der-medien","title":{"rendered":"Gesellschaftliche Spannungen: Die Rolle der Medien"},"content":{"rendered":"<h2>Gesellschaftliche Spannungen: Die Rolle der Medien<br \/>\n29. Januar 2019<\/h2>\n<p>I<strong>mpulsvortr\u00e4ge mit anschlie\u00dfender Podiumsdiskussion:<\/strong><\/p>\n<ul>\n<li><abbr title=\"Doktor\">Dr.<\/abbr> Kai Gniffke, Chefredakteur ARD-aktuell<\/li>\n<li>Astrid Maier, Chefreporterin &amp; Produktentwicklung Ada\/Handelsblatt Media Group<\/li>\n<li>Gerrit Rabenstein, Head of Strategic Relations, News &amp; Publishers DACH at Google<\/li>\n<li><strong>Moderation<\/strong><br \/>\nProf. <abbr title=\"Doktor\">Dr.<\/abbr> Ralf Dewenter, Helmut-Schmidt-Universit\u00e4t Hamburg<br \/>\n<abbr title=\"Doktor\">Dr.<\/abbr> J\u00f6rn Quitzau, Berenberg<\/li>\n<\/ul>\n<p><strong>Veranstaltungsort HSBA Innovationscampus, Adolphsplatz 6, 20457 Hamburg<\/strong><\/p>\n<p>Viele L\u00e4nder leiden aktuell unter gesellschaftlichen Spannungen. Die Medien werden f\u00fcr die Entwicklung mitverantwortlich gemacht. Soziale Netzwerke und das Internet f\u00f6rdern das Entstehen von Echokammern und Filterblasen. Ist die Fragmentierung der Gesellschaft also auf die heutige Medienvielfalt zur\u00fcckzuf\u00fchren? Welche Rolle spielt der \u00d6ffentlich-Rechtliche Rundfunk, der in Teilen unter dem Verdacht steht, nicht objektiv zu berichten? Wie lassen sich Informationen wieder so veredeln, dass echte, wertfreie Informationen von Verschw\u00f6rungstheorien oder \u201eFake News\u201c zu unterscheiden sind? Sollen Medien in einer pluralisierten Gesellschaft \u00fcberhaupt dazu beitragen, dass so etwas wie ein gesellschaftlicher \u201eCommon sense\u201c geformt und in die \u00d6ffentlichkeit transportiert wird?<\/p>\n<p>Wir m\u00f6chten diesen und weiteren Fragen mit einer Vortrags- und Diskussionsveranstaltung auf den Grund gehen.<\/p>\n","protected":false},"excerpt":{"rendered":"<p>Gesellschaftliche Spannungen: Die Rolle der Medien 29. Januar 2019 Impulsvortr\u00e4ge mit anschlie\u00dfender Podiumsdiskussion: Dr. Kai Gniffke, Chefredakteur ARD-aktuell Astrid Maier, Chefreporterin &amp; Produktentwicklung Ada\/Handelsblatt Media Group Gerrit Rabenstein, Head of [&hellip;]<\/p>\n","protected":false},"author":37,"featured_media":0,"parent":0,"menu_order":0,"comment_status":"closed","ping_status":"closed","template":"","meta":{"_EventAllDay":false,"_EventTimezone":"","_EventStartDate":"","_EventEndDate":"","_EventStartDateUTC":"","_EventEndDateUTC":"","_EventShowMap":false,"_EventShowMapLink":false,"_EventURL":"","_EventCost":"","_EventCostDescription":"","_EventCurrencySymbol":"","_EventCurrencyCode":"","_EventCurrencyPosition":"","_EventDateTimeSeparator":"","_EventTimeRangeSeparator":"","_EventOrganizerID":[],"_EventVenueID":[],"_OrganizerEmail":"","_OrganizerPhone":"","_OrganizerWebsite":"","_VenueAddress":"","_VenueCity":"","_VenueCountry":"","_VenueProvince":"","_VenueState":"","_VenueZip":"","_VenuePhone":"","_VenueURL":"","_VenueStateProvince":"","_VenueLat":"","_VenueLng":"","_VenueShowMap":false,"_VenueShowMapLink":false,"footnotes":""},"categories":[4],"tags":[],"class_list":["post-424","page","type-page","status-publish","hentry","category-forschung"],"_links":{"self":[{"href":"https:\/\/www.hsu-hh.de\/hfm\/wp-json\/wp\/v2\/pages\/424","targetHints":{"allow":["GET"]}}],"collection":[{"href":"https:\/\/www.hsu-hh.de\/hfm\/wp-json\/wp\/v2\/pages"}],"about":[{"href":"https:\/\/www.hsu-hh.de\/hfm\/wp-json\/wp\/v2\/types\/page"}],"author":[{"embeddable":true,"href":"https:\/\/www.hsu-hh.de\/hfm\/wp-json\/wp\/v2\/users\/37"}],"replies":[{"embeddable":true,"href":"https:\/\/www.hsu-hh.de\/hfm\/wp-json\/wp\/v2\/comments?post=424"}],"version-history":[{"count":5,"href":"https:\/\/www.hsu-hh.de\/hfm\/wp-json\/wp\/v2\/pages\/424\/revisions"}],"predecessor-version":[{"id":488,"href":"https:\/\/www.hsu-hh.de\/hfm\/wp-json\/wp\/v2\/pages\/424\/revisions\/488"}],"wp:attachment":[{"href":"https:\/\/www.hsu-hh.de\/hfm\/wp-json\/wp\/v2\/media?parent=424"}],"wp:term":[{"taxonomy":"category","embeddable":true,"href":"https:\/\/www.hsu-hh.de\/hfm\/wp-json\/wp\/v2\/categories?post=424"},{"taxonomy":"post_tag","embeddable":true,"href":"https:\/\/www.hsu-hh.de\/hfm\/wp-json\/wp\/v2\/tags?post=424"}],"curies":[{"name":"wp","href":"https:\/\/api.w.org\/{rel}","templated":true}]}}