{"id":312,"date":"2018-08-24T10:33:22","date_gmt":"2018-08-24T08:33:22","guid":{"rendered":"https:\/\/www.hsu-hh.de\/hfm\/?page_id=312"},"modified":"2019-02-05T08:35:58","modified_gmt":"2019-02-05T07:35:58","slug":"algorithmen-kuenstliche-intelligenz-und-wettbewerb-interdisziplinaerer-workshop-23-november-2018","status":"publish","type":"page","link":"https:\/\/www.hsu-hh.de\/hfm\/algorithmen-kuenstliche-intelligenz-und-wettbewerb-interdisziplinaerer-workshop-23-november-2018","title":{"rendered":"Algorithmen, K\u00fcnstliche Intelligenz und Wettbewerb"},"content":{"rendered":"<h2>Interdisziplin\u00e4rer Workshop, 23. November 2018<\/h2>\n<p>K\u00fcnstliche Intelligenz, Maschinelles Lernen und Algorithmen treten neben dem Komplex der Relevanz von Daten immer mehr in den Fokus der \u00f6konomischen und juristischen Diskussion. Tats\u00e4chlich ist der Besitz von Daten zwar eine Voraussetzung f\u00fcr die Anwendung Maschinellen Lernens und K\u00fcnstlicher Intelligenz, letztendlich bestimmt die Art der verwendeten Algorithmen jedoch \u00fcber den Erfolg der Analyse und damit \u00fcber das Ergebnis.<\/p>\n<p>Im Zentrum der wettbewerbspolitischen Diskussion steht derzeit vor allem die algorithmische Preissetzung. Preisalgorithmen stehen zum einen im Verdacht, Preisdiskriminierung zu erleichtern, zum anderen werden die Algorithmen immer wieder im Zusammen\u00adhang mit kollusiver Preissetzung genannt. Letztere ist grunds\u00e4tzlich sowohl in Form von Kollusion mithilfe von Algorithmen als auch als Kollusion von Algorithmen m\u00f6glich.<\/p>\n<p>Die Referenten des Workshops beleuchten diese Themen aus dem Blickwinkel unterschiedlicher Disziplinen. Es sollen dabei sowohl die technischen M\u00f6glichkeiten algorithmischer Preissetzung diskutiert werden, als auch deren \u00f6konomischen Auswirkungen und m\u00f6gliche wettbewerbsrechtliche<br \/>\nGegen\u00adma\u00df\u00adnah\u00admen.<\/p>\n<h3><strong>Referenten:<\/strong><\/h3>\n<p>Maximilian Bank (Patagona)<br \/>\nDaniel Hennes, Ph. D. (Universit\u00e4t Stuttgart)<br \/>\n<abbr title=\"Doktor\">Dr.<\/abbr> Klaus Holthoff-Frank (Monopolkommission)<br \/>\n<abbr title=\"Doktor\">Dr.<\/abbr> Daniel F\u00fclling\u00a0 (BMWi)<br \/>\n<abbr title=\"Doktor\">Dr.<\/abbr> Kim Manual K\u00fcnstner (Schulte Riesenkampff)<br \/>\nProf. <abbr title=\"Doktor\">Dr.<\/abbr> Ulrich Schwalbe (Universit\u00e4t Hohenheim)<br \/>\n<abbr title=\"Doktor\">Dr.<\/abbr> Sebastian Wismer (Bundeskartellamt)<\/p>\n<h3><strong>Leitung:<\/strong><\/h3>\n<p>Prof. <abbr title=\"Doktor\">Dr.<\/abbr> Ralf Dewenter (Helmut-Schmidt-Universit\u00e4t Hamburg)<br \/>\nProf. <abbr title=\"Doktor\">Dr.<\/abbr> Ulrich Schwalbe (Universit\u00e4t Hohenheim)<\/p>\n<h3 style=\"text-align: left\"><a href=\"https:\/\/www.hsu-hh.de\/hfm\/wp-content\/uploads\/sites\/598\/2018\/11\/HFM_workshop_2018Einladung-1.pdf\" target=\"_blank\" rel=\"noopener\">Programm als download<\/a><\/h3>\n<h3><\/h3>\n<p>&nbsp;<\/p>\n<p>&nbsp;<\/p>\n<p>&nbsp;<\/p>\n","protected":false},"excerpt":{"rendered":"<p>Interdisziplin\u00e4rer Workshop, 23. November 2018 K\u00fcnstliche Intelligenz, Maschinelles Lernen und Algorithmen treten neben dem Komplex der Relevanz von Daten immer mehr in den Fokus der \u00f6konomischen und juristischen Diskussion. Tats\u00e4chlich [&hellip;]<\/p>\n","protected":false},"author":37,"featured_media":0,"parent":0,"menu_order":0,"comment_status":"closed","ping_status":"closed","template":"","meta":{"_EventAllDay":false,"_EventTimezone":"","_EventStartDate":"","_EventEndDate":"","_EventStartDateUTC":"","_EventEndDateUTC":"","_EventShowMap":false,"_EventShowMapLink":false,"_EventURL":"","_EventCost":"","_EventCostDescription":"","_EventCurrencySymbol":"","_EventCurrencyCode":"","_EventCurrencyPosition":"","_EventDateTimeSeparator":"","_EventTimeRangeSeparator":"","_EventOrganizerID":[],"_EventVenueID":[],"_OrganizerEmail":"","_OrganizerPhone":"","_OrganizerWebsite":"","_VenueAddress":"","_VenueCity":"","_VenueCountry":"","_VenueProvince":"","_VenueState":"","_VenueZip":"","_VenuePhone":"","_VenueURL":"","_VenueStateProvince":"","_VenueLat":"","_VenueLng":"","_VenueShowMap":false,"_VenueShowMapLink":false,"footnotes":""},"categories":[],"tags":[],"class_list":["post-312","page","type-page","status-publish","hentry"],"_links":{"self":[{"href":"https:\/\/www.hsu-hh.de\/hfm\/wp-json\/wp\/v2\/pages\/312","targetHints":{"allow":["GET"]}}],"collection":[{"href":"https:\/\/www.hsu-hh.de\/hfm\/wp-json\/wp\/v2\/pages"}],"about":[{"href":"https:\/\/www.hsu-hh.de\/hfm\/wp-json\/wp\/v2\/types\/page"}],"author":[{"embeddable":true,"href":"https:\/\/www.hsu-hh.de\/hfm\/wp-json\/wp\/v2\/users\/37"}],"replies":[{"embeddable":true,"href":"https:\/\/www.hsu-hh.de\/hfm\/wp-json\/wp\/v2\/comments?post=312"}],"version-history":[{"count":42,"href":"https:\/\/www.hsu-hh.de\/hfm\/wp-json\/wp\/v2\/pages\/312\/revisions"}],"predecessor-version":[{"id":405,"href":"https:\/\/www.hsu-hh.de\/hfm\/wp-json\/wp\/v2\/pages\/312\/revisions\/405"}],"wp:attachment":[{"href":"https:\/\/www.hsu-hh.de\/hfm\/wp-json\/wp\/v2\/media?parent=312"}],"wp:term":[{"taxonomy":"category","embeddable":true,"href":"https:\/\/www.hsu-hh.de\/hfm\/wp-json\/wp\/v2\/categories?post=312"},{"taxonomy":"post_tag","embeddable":true,"href":"https:\/\/www.hsu-hh.de\/hfm\/wp-json\/wp\/v2\/tags?post=312"}],"curies":[{"name":"wp","href":"https:\/\/api.w.org\/{rel}","templated":true}]}}