{"id":153,"date":"2017-08-30T12:06:11","date_gmt":"2017-08-30T10:06:11","guid":{"rendered":"https:\/\/www.hsu-hh.de\/hfm\/?page_id=153"},"modified":"2019-03-14T13:58:17","modified_gmt":"2019-03-14T12:58:17","slug":"vortraege","status":"publish","type":"page","link":"https:\/\/www.hsu-hh.de\/hfm\/vortraege","title":{"rendered":"Vortr\u00e4ge"},"content":{"rendered":"<p>26.4.2006 \/\/\u00a0<abbr title=\"Doktor\">Dr.<\/abbr>\u00a0Jens M\u00fcffelmann (Axel-Springer-Verlag)<br \/>\n&#8222;Axel-Springer &#8211; zwischen Restrukturierung und Expansion&#8220;<\/p>\n<p>13.11.2003 \/\/\u00a0<abbr title=\"Doktor\">Dr.<\/abbr>\u00a0Silvia Rottenbiller (Deutsche Telekom AG)<br \/>\n&#8222;Wettbewerb im Ortsnetz&#8220;<\/p>\n<p>13.3.2001 \/\/ J\u00f6rn Quitzau (Financial Times Deutschland)<br \/>\n&#8222;Multimediale Expansionsstrategien im Internet&#8220;<\/p>\n<p>14.3.2001 \/\/\u00a0<abbr title=\"Doktor\">Dr.<\/abbr>\u00a0Vitali Klitschko<br \/>\n&#8222;Die Bestimmung der F\u00e4higkeiten und des Talents im Sport&#8220;<\/p>\n<p>6.9.2001 \/\/\u00a0Peter Becker (<abbr title=\"Informationstechnologie\">IT<\/abbr>-Fachjournalist, Pr\u00e4sident High-Tech-Presseclub und Gesch\u00e4ftsf\u00fchrer MediaCityPort\u00a0<abbr title=\"Gesellschaft mit beschr\u00e4nkter Haftung\">GmbH<\/abbr>)<br \/>\n&#8222;Medien, Macht &amp; Moneten. New Media-Haupstadt Hamburg und die Konvergenz der Medien&#8220;<\/p>\n<p>10.10.2001 \/\/\u00a0Ralf Dewenter (Universit\u00e4t Essen)<br \/>\n&#8222;Kartellstabilit\u00e4t und Wettbewerb auf dem markt f\u00fcr regionale Tageszeiten&#8220;<\/p>\n<p>4.12.2001 \/\/\u00a0Klaus Winkler (MCI WorldCom Deutschland)<br \/>\n&#8222;Marktzutrittsbarrieren auf dem deutschen Telekommunikationsmarkt&#8220;<\/p>\n<p>2.3.2000 \/\/\u00a0Martin Ewers (RWE-Telliance, Essen)<br \/>\n&#8222;Zwei Jahre nach der Liberalisierung der Telekommunikation &#8211; vor welchen Aufgaben steht die<br \/>\nRegulierung&#8220;<\/p>\n<p>27.6.2000 \/\/\u00a0<abbr title=\"Doktor\">Dr.<\/abbr>\u00a0Stefan Gl\u00e4nzer (Gr\u00fcnder und Vorstand der ricardo.de AG)<br \/>\n&#8222;ricardo.de &#8211; alles hat seinen Preis. Deutschlands Marktf\u00fchrer bei Internet-Auktionen&#8220;<\/p>\n<p>7.11.2000 \/\/\u00a0<abbr title=\"Doktor\">Dr.<\/abbr>\u00a0Klaus Schweinsberg (Director Financial Times Deutschland online)<br \/>\n&#8222;Die Zukunft der Zeitung liegt im Internet&#8220;<\/p>\n<p>14.12.2000 \/\/\u00a0Prof.\u00a0<abbr title=\"Doktor\">Dr.<\/abbr>\u00a0Schumann und\u00a0<abbr title=\"Doktor\">Dr.<\/abbr>\u00a0Hess (Universit\u00e4t G\u00f6ttingen, Institut f\u00fcr Wirtschaftsinformatik)<br \/>\n&#8222;Printing on Demand &#8211; eine erste \u00f6konomisch-informationstechnische Analyse&#8220;<\/p>\n<p>4.6.1999 \/\/\u00a0Medien-Kolloquium: 3 Vortr\u00e4ge mit Diskussion<\/p>\n<p>&#8222;Netzwerkstrategien im Bereich neuer Medien&#8220;<br \/>\nTobias Hacker (Arthur D. Little, Berlin und\u00a0<abbr title=\"Technische Universit\u00e4t\">TU<\/abbr>\u00a0M\u00fcnchen)<br \/>\n&#8222;Erfolgsfaktoren bei der Spielfilmproduktion&#8220;<br \/>\nProf.\u00a0<abbr title=\"Doktor\">Dr.<\/abbr>\u00a0Michael Gaitanides (<abbr title=\"Helmut-Schmidt-Universit\u00e4t\">HSU<\/abbr>)<br \/>\n&#8222;Projektnetzwerke f\u00fcr die Fernsehproduktion&#8220;<br \/>\nProf.\u00a0<abbr title=\"Doktor\">Dr.<\/abbr>\u00a0J\u00f6rg Sydow (Freie Universit\u00e4t Berlin)<br \/>\n2. Juni 1999 \/\/\u00a0Vortrag und Podiumsdiskussion<\/p>\n<p>Vortrag des Hamburger Wirtschaftssenators\u00a0<abbr title=\"Doktor\">Dr.<\/abbr>\u00a0Thomas Mirow<br \/>\n&#8222;Hamburg als Medien-Standort&#8220;<\/p>\n<p>Prodiumsdiskussion<br \/>\n&#8222;F\u00e4llt Hamburg im Medien-Standort-Wettbewerb zur\u00fcck?&#8220;<br \/>\n<abbr title=\"Doktor\">Dr.<\/abbr>\u00a0Thomas Mirow, Hamburger Wirtschaftssenator<br \/>\n<abbr title=\"Doktor\">Dr.<\/abbr>\u00a0Ralf Kogeler, Mitglied des Vorstandes, Axel-Springer-Verlag<br \/>\nArnold Kulbatzki, Pressesprecher, Premiere<br \/>\nProf.\u00a0<abbr title=\"Doktor\">Dr.<\/abbr>\u00a0J\u00f6rn Kruse,\u00a0<abbr title=\"Helmut-Schmidt-Universit\u00e4t\">HSU<\/abbr><br \/>\n<abbr title=\"Doktor\">Dr.<\/abbr>\u00a0Bernhard Blohm, stv. Chefredaktur, Welt am Sonntag<\/p>\n<p>22.6.1999 \/\/\u00a0Mark Nicklas (Deutsche Telekom AG)<br \/>\n&#8222;Standardisierung beim digitalen Fernsehen&#8220;<\/p>\n<p>30.11.1999 \/\/\u00a0Vicky Robertson (Regulatory Economics Directorate New Zealand Treasury)<br \/>\n&#8222;Competition Policy and Regulation in\u00a0 New Zealand&#8220;<\/p>\n<p>15.12.1999 \/\/\u00a0Reinhard Wieck (Deutsche Telekom AG)<br \/>\n&#8222;De-Regulierung des deutschen Telekommunikationsmarktes &#8211; aus der Sicht der Deutschen Telekom AG&#8220;<\/p>\n","protected":false},"excerpt":{"rendered":"<p>26.4.2006 \/\/\u00a0Dr.\u00a0Jens M\u00fcffelmann (Axel-Springer-Verlag) &#8222;Axel-Springer &#8211; zwischen Restrukturierung und Expansion&#8220; 13.11.2003 \/\/\u00a0Dr.\u00a0Silvia Rottenbiller (Deutsche Telekom AG) &#8222;Wettbewerb im Ortsnetz&#8220; 13.3.2001 \/\/ J\u00f6rn Quitzau (Financial Times Deutschland) &#8222;Multimediale Expansionsstrategien im Internet&#8220; [&hellip;]<\/p>\n","protected":false},"author":37,"featured_media":0,"parent":0,"menu_order":0,"comment_status":"closed","ping_status":"closed","template":"","meta":{"_EventAllDay":false,"_EventTimezone":"","_EventStartDate":"","_EventEndDate":"","_EventStartDateUTC":"","_EventEndDateUTC":"","_EventShowMap":false,"_EventShowMapLink":false,"_EventURL":"","_EventCost":"","_EventCostDescription":"","_EventCurrencySymbol":"","_EventCurrencyCode":"","_EventCurrencyPosition":"","_EventDateTimeSeparator":"","_EventTimeRangeSeparator":"","_EventOrganizerID":[],"_EventVenueID":[],"_OrganizerEmail":"","_OrganizerPhone":"","_OrganizerWebsite":"","_VenueAddress":"","_VenueCity":"","_VenueCountry":"","_VenueProvince":"","_VenueState":"","_VenueZip":"","_VenuePhone":"","_VenueURL":"","_VenueStateProvince":"","_VenueLat":"","_VenueLng":"","_VenueShowMap":false,"_VenueShowMapLink":false,"footnotes":""},"categories":[],"tags":[],"class_list":["post-153","page","type-page","status-publish","hentry"],"_links":{"self":[{"href":"https:\/\/www.hsu-hh.de\/hfm\/wp-json\/wp\/v2\/pages\/153","targetHints":{"allow":["GET"]}}],"collection":[{"href":"https:\/\/www.hsu-hh.de\/hfm\/wp-json\/wp\/v2\/pages"}],"about":[{"href":"https:\/\/www.hsu-hh.de\/hfm\/wp-json\/wp\/v2\/types\/page"}],"author":[{"embeddable":true,"href":"https:\/\/www.hsu-hh.de\/hfm\/wp-json\/wp\/v2\/users\/37"}],"replies":[{"embeddable":true,"href":"https:\/\/www.hsu-hh.de\/hfm\/wp-json\/wp\/v2\/comments?post=153"}],"version-history":[{"count":4,"href":"https:\/\/www.hsu-hh.de\/hfm\/wp-json\/wp\/v2\/pages\/153\/revisions"}],"predecessor-version":[{"id":439,"href":"https:\/\/www.hsu-hh.de\/hfm\/wp-json\/wp\/v2\/pages\/153\/revisions\/439"}],"wp:attachment":[{"href":"https:\/\/www.hsu-hh.de\/hfm\/wp-json\/wp\/v2\/media?parent=153"}],"wp:term":[{"taxonomy":"category","embeddable":true,"href":"https:\/\/www.hsu-hh.de\/hfm\/wp-json\/wp\/v2\/categories?post=153"},{"taxonomy":"post_tag","embeddable":true,"href":"https:\/\/www.hsu-hh.de\/hfm\/wp-json\/wp\/v2\/tags?post=153"}],"curies":[{"name":"wp","href":"https:\/\/api.w.org\/{rel}","templated":true}]}}