{"id":147,"date":"2017-08-30T12:04:21","date_gmt":"2017-08-30T10:04:21","guid":{"rendered":"https:\/\/www.hsu-hh.de\/hfm\/?page_id=147"},"modified":"2025-02-03T13:26:43","modified_gmt":"2025-02-03T12:26:43","slug":"aktuelles","status":"publish","type":"page","link":"https:\/\/www.hsu-hh.de\/hfm\/aktuelles","title":{"rendered":"Aktuelles"},"content":{"rendered":"\n<p>HFM Paper No. 4: Dewenter, R. (2024), <a href=\"http:\/\/Sch\u00e4den durch die Erstellung von Privatkopien von H\u00f6rfunk- und Fernsehsendungen\" target=\"_blank\" rel=\"noreferrer noopener\">Sch\u00e4den durch die Erstellung von Privatkopien von H\u00f6rfunk- und Fernsendungen<\/a><\/p>\n\n\n\n<p>HFM Paper No. 3: Dewenter, R.&nbsp; (2024), <a href=\"https:\/\/www.hsu-hh.de\/hfm\/wp-content\/uploads\/sites\/598\/2024\/06\/Paper_003.pdf\" target=\"_blank\" rel=\"noreferrer noopener\">F\u00fchrt das Verbot regionaler Fernsehwerbung auf bundesweiten Programm zu einer F\u00f6rderung von lokalen\/regionalen Programmen?<\/a><\/p>\n\n\n\n<hr class=\"wp-block-separator has-alpha-channel-opacity\" \/>\n\n\n\n<h2 class=\"wp-block-heading\"><\/h2>\n","protected":false},"excerpt":{"rendered":"<p>HFM Paper No. 4: Dewenter, R. (2024), Sch\u00e4den durch die Erstellung von Privatkopien von H\u00f6rfunk- und Fernsendungen HFM Paper No. 3: Dewenter, R.&nbsp; (2024), F\u00fchrt das Verbot regionaler Fernsehwerbung auf [&hellip;]<\/p>\n","protected":false},"author":37,"featured_media":0,"parent":0,"menu_order":0,"comment_status":"closed","ping_status":"closed","template":"","meta":{"_EventAllDay":false,"_EventTimezone":"","_EventStartDate":"","_EventEndDate":"","_EventStartDateUTC":"","_EventEndDateUTC":"","_EventShowMap":false,"_EventShowMapLink":false,"_EventURL":"","_EventCost":"","_EventCostDescription":"","_EventCurrencySymbol":"","_EventCurrencyCode":"","_EventCurrencyPosition":"","_EventDateTimeSeparator":"","_EventTimeRangeSeparator":"","_EventOrganizerID":[],"_EventVenueID":[],"_OrganizerEmail":"","_OrganizerPhone":"","_OrganizerWebsite":"","_VenueAddress":"","_VenueCity":"","_VenueCountry":"","_VenueProvince":"","_VenueState":"","_VenueZip":"","_VenuePhone":"","_VenueURL":"","_VenueStateProvince":"","_VenueLat":"","_VenueLng":"","_VenueShowMap":false,"_VenueShowMapLink":false,"footnotes":""},"categories":[4],"tags":[],"class_list":["post-147","page","type-page","status-publish","hentry","category-forschung"],"_links":{"self":[{"href":"https:\/\/www.hsu-hh.de\/hfm\/wp-json\/wp\/v2\/pages\/147","targetHints":{"allow":["GET"]}}],"collection":[{"href":"https:\/\/www.hsu-hh.de\/hfm\/wp-json\/wp\/v2\/pages"}],"about":[{"href":"https:\/\/www.hsu-hh.de\/hfm\/wp-json\/wp\/v2\/types\/page"}],"author":[{"embeddable":true,"href":"https:\/\/www.hsu-hh.de\/hfm\/wp-json\/wp\/v2\/users\/37"}],"replies":[{"embeddable":true,"href":"https:\/\/www.hsu-hh.de\/hfm\/wp-json\/wp\/v2\/comments?post=147"}],"version-history":[{"count":15,"href":"https:\/\/www.hsu-hh.de\/hfm\/wp-json\/wp\/v2\/pages\/147\/revisions"}],"predecessor-version":[{"id":563,"href":"https:\/\/www.hsu-hh.de\/hfm\/wp-json\/wp\/v2\/pages\/147\/revisions\/563"}],"wp:attachment":[{"href":"https:\/\/www.hsu-hh.de\/hfm\/wp-json\/wp\/v2\/media?parent=147"}],"wp:term":[{"taxonomy":"category","embeddable":true,"href":"https:\/\/www.hsu-hh.de\/hfm\/wp-json\/wp\/v2\/categories?post=147"},{"taxonomy":"post_tag","embeddable":true,"href":"https:\/\/www.hsu-hh.de\/hfm\/wp-json\/wp\/v2\/tags?post=147"}],"curies":[{"name":"wp","href":"https:\/\/api.w.org\/{rel}","templated":true}]}}