{"id":73,"date":"2017-09-22T15:52:08","date_gmt":"2017-09-22T13:52:08","guid":{"rendered":"https:\/\/www.hsu-hh.de\/vorlage\/?page_id=73"},"modified":"2025-06-25T13:08:24","modified_gmt":"2025-06-25T11:08:24","slug":"startseite","status":"publish","type":"page","link":"https:\/\/www.hsu-hh.de\/gleibmil\/","title":{"rendered":"Milit\u00e4rische Gleichstellungsbeauftragte der Helmut Schmidt Universit\u00e4t"},"content":{"rendered":"\n<p class=\"has-text-align-center\" style=\"font-size:40px\"><strong>Universit\u00e4t der Bundeswehr Hamburg<\/strong><\/p>\n\n\n\n<p><\/p>\n\n\n\n<p><\/p>\n\n\n<div>\n<p style=\"text-align: center\">Die milit\u00e4rische Gleichstellungsbeauftragte wirkt bei allen organisatorischen, sozialen und personellen Ma\u00dfnahmen der Dienststelle mit,<br \/>welche die Gleichstellung von Soldatinnen und Soldaten, die Vereinbarkeit von Familie und Dienst<br \/>sowie den Schutz vor sexueller Bel\u00e4stigung am Arbeitsplatz betreffen.<\/p>\n<p style=\"text-align: center\"><strong>T\u00e4tigkeitsfelder<\/strong><\/p>\n<p style=\"text-align: center\">Gleichstellung von Soldatinnen und Soldaten<\/p>\n<p style=\"text-align: center\">Gender Mainstream<\/p>\n<p style=\"text-align: center\">Vereinbarkeit von Familie und Dienst<\/p>\n<p style=\"text-align: center\">Vereinbarkeit von Pflege und Dienst<\/p>\n<p style=\"text-align: center\">Schutz vor sexueller Bel\u00e4stigung und Diskriminierung am Arbeitsplatz sowie auf dem Campus<\/p>\n<p style=\"text-align: center\">Weiterf\u00fchrende Informationen zu den einzelnen T\u00e4tigkeitsfeldern erhalten Angeh\u00f6rige der <abbr title=\"Helmut Schmidt Universit\u00e4t\">HSU<\/abbr> unter folgendem Link<\/p>\n<p style=\"text-align: center\">(<abbr title=\"Rechenzentrum\">RZ<\/abbr> Kennung erforderlich)<\/p>\n<blockquote>\n<h2 style=\"text-align: center\">Milit\u00e4rische Gleichstellungsbeauftragte<\/h2>\n<\/blockquote>\n<p style=\"text-align: center\"><a href=\"https:\/\/intranet.hsu-hh.de\/ilias.php?baseClass=ilrepositorygui&amp;ref_id=13049\" rel='nofollow'>Zum ILIAS<\/a><\/p>\n<\/div>\n\n\n<p><\/p>\n","protected":false},"excerpt":{"rendered":"<p>Universit\u00e4t der Bundeswehr Hamburg Die milit\u00e4rische Gleichstellungsbeauftragte wirkt bei allen organisatorischen, sozialen und personellen Ma\u00dfnahmen der Dienststelle mit,welche die Gleichstellung von Soldatinnen und Soldaten, die Vereinbarkeit von Familie und Dienstsowie [&hellip;]<\/p>\n","protected":false},"author":1,"featured_media":278,"parent":0,"menu_order":0,"comment_status":"open","ping_status":"closed","template":"","meta":{"footnotes":""},"categories":[38,35],"tags":[],"class_list":["post-73","page","type-page","status-publish","has-post-thumbnail","hentry","category-allgemein","category-startseite"],"_links":{"self":[{"href":"https:\/\/www.hsu-hh.de\/gleibmil\/wp-json\/wp\/v2\/pages\/73","targetHints":{"allow":["GET"]}}],"collection":[{"href":"https:\/\/www.hsu-hh.de\/gleibmil\/wp-json\/wp\/v2\/pages"}],"about":[{"href":"https:\/\/www.hsu-hh.de\/gleibmil\/wp-json\/wp\/v2\/types\/page"}],"author":[{"embeddable":true,"href":"https:\/\/www.hsu-hh.de\/gleibmil\/wp-json\/wp\/v2\/users\/1"}],"replies":[{"embeddable":true,"href":"https:\/\/www.hsu-hh.de\/gleibmil\/wp-json\/wp\/v2\/comments?post=73"}],"version-history":[{"count":48,"href":"https:\/\/www.hsu-hh.de\/gleibmil\/wp-json\/wp\/v2\/pages\/73\/revisions"}],"predecessor-version":[{"id":481,"href":"https:\/\/www.hsu-hh.de\/gleibmil\/wp-json\/wp\/v2\/pages\/73\/revisions\/481"}],"wp:featuredmedia":[{"embeddable":true,"href":"https:\/\/www.hsu-hh.de\/gleibmil\/wp-json\/wp\/v2\/media\/278"}],"wp:attachment":[{"href":"https:\/\/www.hsu-hh.de\/gleibmil\/wp-json\/wp\/v2\/media?parent=73"}],"wp:term":[{"taxonomy":"category","embeddable":true,"href":"https:\/\/www.hsu-hh.de\/gleibmil\/wp-json\/wp\/v2\/categories?post=73"},{"taxonomy":"post_tag","embeddable":true,"href":"https:\/\/www.hsu-hh.de\/gleibmil\/wp-json\/wp\/v2\/tags?post=73"}],"curies":[{"name":"wp","href":"https:\/\/api.w.org\/{rel}","templated":true}]}}