{"id":73,"date":"2017-07-03T15:52:08","date_gmt":"2017-07-03T13:52:08","guid":{"rendered":"https:\/\/www.hsu-hh.de\/vorlage\/?page_id=73"},"modified":"2020-02-27T12:19:24","modified_gmt":"2020-02-27T11:19:24","slug":"startseite","status":"publish","type":"page","link":"https:\/\/www.hsu-hh.de\/gids\/","title":{"rendered":"Netzwerk Interdisziplin\u00e4re Konfliktanalysen"},"content":{"rendered":"<p><img loading=\"lazy\" decoding=\"async\" class=\"alignnone size-full wp-image-128\" src=\"https:\/\/www.hsu-hh.de\/gids\/wp-content\/uploads\/sites\/838\/2020\/02\/cropped-GIDS_logo-1-1.png\" alt=\"Logo GIDS\" width=\"265\" height=\"90\" data-credit=\"\" \/><\/p>\n<p>Auf dieser Website erfahren Sie alles \u00fcber das Netzwerk Interdisziplin\u00e4rer Konfliktanalysen (<abbr title=\"Netzwerk Interdisziplin\u00e4rer Konfliktanalysen\">NIKA<\/abbr> ).<\/p>\n<p>Das <abbr title=\"German Institute for Defence and Strategic Studies\">GIDS<\/abbr> ist ein Kooperationsprojekt zwischen der F\u00fchrungsakademie der Bundeswehr (<abbr title=\"F\u00fchrungsakademie der Bundeswehr\">F\u00fcAkBw<\/abbr> ) und der Helmut-Schmidt Universit\u00e4t \/ Universit\u00e4t der Bundeswehr Hamburg (<abbr title=\"Helmut-Schmidt-Universit\u00e4t\">HSU<\/abbr>). Beim <abbr title=\"Netzwerk Interdisziplin\u00e4rer Konfliktanalysen\">NIKA<\/abbr> handelt es sich um einen Forschungsverbund der Helmut-Schmidt-Universit\u00e4t\/Universit\u00e4t der Bundeswehr Hamburg. Sprecher des <abbr title=\"Netzwerk Interdisziplin\u00e4rer Konfliktanalysen\">NIKA<\/abbr> und als solcher Mitglied im parit\u00e4tisch besetzten Vorstand des <abbr title=\"German Institute for Defence and Strategic Studies\">GIDS<\/abbr>\u00a0 ist <abbr title=\"Professor\">Prof<\/abbr> . <abbr title=\"Doktor\">Dr.<\/abbr> Burkhard Mei\u00dfner. Als Vertreter der F\u00fchrungsakademie der Bundeswehr ist sein Kollege im Vorstand des <abbr title=\"German Institute for Defence and Strategic Studies\">GIDS<\/abbr> der Oberst <abbr title=\"Im Generalstab\">i.G<\/abbr> . <abbr title=\"Professor\">Prof<\/abbr>. <abbr title=\"Doktor\">Dr.<\/abbr> Matthias Rogg.<\/p>\n<p>&nbsp;<\/p>\n<p>Aus dem Gr\u00fcndungsvertrag (<a href=\"https:\/\/www.hsu-hh.de\/gids\/wp-content\/uploads\/sites\/838\/2020\/02\/gids_vertrag-1.pdf\">Download<\/a>) \u00fcber das German Institute for Defence and<br \/>\nStrategic Studies <abbr title=\"German Institute for Defence and Strategic Studies\">GIDS<\/abbr>:<\/p>\n<p>&#8222;Das <abbr title=\"German Institute for Defence and Strategic Studies\">GIDS<\/abbr> untersucht Probleme und Ph\u00e4nomene, die f\u00fcr die sicherheitspolitische Strategief\u00e4higkeit Deutschlands bestimmend sind und schafft damit Grundlagen f\u00fcr die Beratung der Entscheidungstr\u00e4ger in Bundeswehr und Bundesregierung. Die Forschungsschwerpunkte des <abbr title=\"German Institute for Defence and Strategic Studies\">GIDS<\/abbr> werden bedarfsorientiert festgelegt, dynamisch angepasst und orientieren sich an der Prozesslandkarte der Bundeswehr (Eins\u00e4tze der Bundeswehr sicherstellen, einsatzbereite Kr\u00e4fte bereitstellen, politische Positionen einbringen).&#8220;<\/p>\n<p>&nbsp;<\/p>\n<p>Die Mitglieder des Beirates:<br \/>\n<abbr title=\"Professor\">Prof<\/abbr>. <abbr title=\"Doktor\">Dr.<\/abbr> Sven Gareis, NATO, Br\u00fcssel (Vorsitzender)<br \/>\nGeneralleutnant a.D. Rainer Glatz. SWP, Berlin (stv. Vorsitzender)<br \/>\n<abbr title=\"Professor\">Prof<\/abbr>. <abbr title=\"Doktor\">Dr.<\/abbr> Eilert Herms, Eberhard-Karls-Universit\u00e4t, T\u00fcbingen<br \/>\n<abbr title=\"Professor\">Prof<\/abbr>. <abbr title=\"Doktor\">Dr.<\/abbr> Christian Leuprecht, Royal Military College of Canada,<br \/>\nKingston\/Ontario<br \/>\nGeneraloberstabsarzt a.D. <abbr title=\"Doktor\">Dr.<\/abbr> Ingo Patschke, M.A., EAS, Berlin<br \/>\n<abbr title=\"Professor\">Prof<\/abbr>. <abbr title=\"Doktor\">Dr.<\/abbr> Christina Schaefer, <abbr title=\"Helmut-Schmidt-Universit\u00e4t\">HSU<\/abbr>\/UniBw-H, Hamburg<\/p>\n<p>&nbsp;<\/p>\n<div class=\"col-xs-12 downloads-item\">\n<div class=\"row border-line\">\n<div class=\"thumbnail-area\"><img decoding=\"async\" class=\"download-image\" src=\"\/wp-content\/themes\/hsu\/img\/dummy\/downloads_dummy.png\" alt=\"\" \/><\/div>\n<div class=\"text-area\"><span class=\"download-text\"><abbr title=\"German Institute for Defence and Strategic Studies\">GIDS<\/abbr>-Gr\u00fcndungsvertrag<\/span><\/div>\n<div class=\"download-area\"><a class=\"download-link\" href=\"https:\/\/www.hsu-hh.de\/gids\/wp-content\/uploads\/sites\/838\/2020\/02\/gids_vertrag-1.pdf\"><span class=\"download-name\">pdf laden<\/span><span class=\"donwload-icon\"><img decoding=\"async\" class=\"download-icon\" src=\"\/wp-content\/themes\/hsu\/img\/icons\/download_icon.png\" alt=\"download icon\" \/><\/span><span class=\"download-size\">582 KB<\/span><\/a><\/div>\n<\/div>\n<\/div>\n<p>&nbsp;<\/p>\n","protected":false},"excerpt":{"rendered":"<p>Auf dieser Website erfahren Sie alles \u00fcber das Netzwerk Interdisziplin\u00e4rer Konfliktanalysen (NIKA ). Das GIDS ist ein Kooperationsprojekt zwischen der F\u00fchrungsakademie der Bundeswehr (F\u00fcAkBw ) und der Helmut-Schmidt Universit\u00e4t \/ [&hellip;]<\/p>\n","protected":false},"author":26,"featured_media":0,"parent":0,"menu_order":0,"comment_status":"closed","ping_status":"closed","template":"","meta":{"footnotes":""},"categories":[35],"tags":[],"class_list":["post-73","page","type-page","status-publish","hentry","category-startseite"],"_links":{"self":[{"href":"https:\/\/www.hsu-hh.de\/gids\/wp-json\/wp\/v2\/pages\/73","targetHints":{"allow":["GET"]}}],"collection":[{"href":"https:\/\/www.hsu-hh.de\/gids\/wp-json\/wp\/v2\/pages"}],"about":[{"href":"https:\/\/www.hsu-hh.de\/gids\/wp-json\/wp\/v2\/types\/page"}],"author":[{"embeddable":true,"href":"https:\/\/www.hsu-hh.de\/gids\/wp-json\/wp\/v2\/users\/26"}],"replies":[{"embeddable":true,"href":"https:\/\/www.hsu-hh.de\/gids\/wp-json\/wp\/v2\/comments?post=73"}],"version-history":[{"count":19,"href":"https:\/\/www.hsu-hh.de\/gids\/wp-json\/wp\/v2\/pages\/73\/revisions"}],"predecessor-version":[{"id":186,"href":"https:\/\/www.hsu-hh.de\/gids\/wp-json\/wp\/v2\/pages\/73\/revisions\/186"}],"wp:attachment":[{"href":"https:\/\/www.hsu-hh.de\/gids\/wp-json\/wp\/v2\/media?parent=73"}],"wp:term":[{"taxonomy":"category","embeddable":true,"href":"https:\/\/www.hsu-hh.de\/gids\/wp-json\/wp\/v2\/categories?post=73"},{"taxonomy":"post_tag","embeddable":true,"href":"https:\/\/www.hsu-hh.de\/gids\/wp-json\/wp\/v2\/tags?post=73"}],"curies":[{"name":"wp","href":"https:\/\/api.w.org\/{rel}","templated":true}]}}